{"id":606430,"date":"2025-10-24T13:50:57","date_gmt":"2025-10-24T11:50:57","guid":{"rendered":"https:\/\/selleetools.com\/?post_type=product&#038;p=606430"},"modified":"2026-02-25T19:12:58","modified_gmt":"2026-02-25T18:12:58","slug":"abib-jericho-rose-pha-toner-skin-booster-200-ml-nawilzajacy-tonik-do-twarzy","status":"publish","type":"product","link":"https:\/\/admincentral.selleetools.com\/pl\/product\/abib-jericho-rose-pha-toner-skin-booster-200-ml-nawilzajacy-tonik-do-twarzy\/","title":{"rendered":"Abib Jericho rose PHA toner skin booster 200 ml &#8211; nawil\u017caj\u0105cy tonik do twarzy"},"content":{"rendered":"<p>Abib Jericho Rose PHA Toner Skin Booster to wielofunkcyjny toner, kt\u00f3ry delikatnie z\u0142uszcza, nawil\u017ca i wzmacnia sk\u00f3r\u0119, przygotowuj\u0105c j\u0105 na kolejne etapy piel\u0119gnacji. Formu\u0142a oparta na PHA (gluconolactone) dzia\u0142a \u0142agodnie eksfoliuj\u0105co, wspieraj\u0105c odnow\u0119 kom\u00f3rkow\u0105 bez podra\u017cnie\u0144. Zawiera tak\u017ce ekstrakt z r\u00f3\u017cy jerycho\u0144skiej, bakuchiol, centell\u0119 oraz peptydy, kt\u00f3re regeneruj\u0105, wyg\u0142adzaj\u0105 i uj\u0119drniaj\u0105 sk\u00f3r\u0119.<\/p>\n<p>Korzy\u015bci dla sk\u00f3ry:<br \/>\nDelikatnie z\u0142uszcza martwe kom\u00f3rki nask\u00f3rka<br \/>\nNawil\u017ca i wspomaga regeneracj\u0119 sk\u00f3ry<br \/>\nWyg\u0142adza struktur\u0119 sk\u00f3ry i poprawia jej elastyczno\u015b\u0107<br \/>\nWzmacnia barier\u0119 ochronn\u0105 i koi podra\u017cnienia<br \/>\nIdealny dla sk\u00f3ry wra\u017cliwej, suchej i wymagaj\u0105cej odnowy<\/p>\n<p>Spos\u00f3b u\u017cycia: Po oczyszczeniu sk\u00f3ry nanie\u015b toner na wacik lub d\u0142onie i delikatnie rozprowad\u017a na twarzy, omijaj\u0105c okolice oczu. Stosuj rano i\/lub wieczorem. W ci\u0105gu dnia pami\u0119taj o ochronie przeciws\u0142onecznej.<\/p>\n","protected":false},"excerpt":{"rendered":"<p>Abib Jericho Rose PHA Toner Skin Booster to wielofunkcyjny toner, kt\u00f3ry delikatnie z\u0142uszcza, nawil\u017ca i wzmacnia sk\u00f3r\u0119, przygotowuj\u0105c j\u0105 na kolejne etapy piel\u0119gnacji. Formu\u0142a oparta na PHA (gluconolactone) dzia\u0142a \u0142agodnie eksfoliuj\u0105co, wspieraj\u0105c odnow\u0119 kom\u00f3rkow\u0105 bez podra\u017cnie\u0144. Zawiera tak\u017ce ekstrakt z r\u00f3\u017cy jerycho\u0144skiej, bakuchiol, centell\u0119 oraz peptydy, kt\u00f3re regeneruj\u0105, wyg\u0142adzaj\u0105 i uj\u0119drniaj\u0105 sk\u00f3r\u0119. Korzy\u015bci dla sk\u00f3ry: &#8230; <a title=\"Abib Jericho rose PHA toner skin booster 200 ml &#8211; nawil\u017caj\u0105cy tonik do twarzy\" class=\"read-more\" href=\"https:\/\/admincentral.selleetools.com\/pl\/product\/abib-jericho-rose-pha-toner-skin-booster-200-ml-nawilzajacy-tonik-do-twarzy\/\">Read more<span class=\"screen-reader-text\">Abib Jericho rose PHA toner skin booster 200 ml &#8211; nawil\u017caj\u0105cy tonik do twarzy<\/span><\/a><\/p>\n","protected":false},"featured_media":606428,"comment_status":"open","ping_status":"closed","template":"","meta":{"_links_to":"","_links_to_target":""},"yoast_head":"<!-- This site is optimized with the Yoast SEO plugin v19.4 - https:\/\/yoast.com\/wordpress\/plugins\/seo\/ -->\n<title>Abib Jericho rose PHA toner skin booster 200 ml - nawil\u017caj\u0105cy tonik do twarzy - Selleetools.com<\/title>\n<meta name=\"robots\" content=\"index, follow, max-snippet:-1, max-image-preview:large, max-video-preview:-1\" \/>\n<link rel=\"canonical\" href=\"https:\/\/selleetools.com\/product\/abib-jericho-rose-pha-toner-skin-booster-200-ml-nawilzajacy-tonik-do-twarzy\/\" \/>\n<meta property=\"og:locale\" content=\"pl_PL\" \/>\n<meta property=\"og:type\" content=\"article\" \/>\n<meta property=\"og:title\" content=\"Abib Jericho rose PHA toner skin booster 200 ml - nawil\u017caj\u0105cy tonik do twarzy - Selleetools.com\" \/>\n<meta property=\"og:description\" content=\"Abib Jericho Rose PHA Toner Skin Booster to wielofunkcyjny toner, kt\u00f3ry delikatnie z\u0142uszcza, nawil\u017ca i wzmacnia sk\u00f3r\u0119, przygotowuj\u0105c j\u0105 na kolejne etapy piel\u0119gnacji. Formu\u0142a oparta na PHA (gluconolactone) dzia\u0142a \u0142agodnie eksfoliuj\u0105co, wspieraj\u0105c odnow\u0119 kom\u00f3rkow\u0105 bez podra\u017cnie\u0144. Zawiera tak\u017ce ekstrakt z r\u00f3\u017cy jerycho\u0144skiej, bakuchiol, centell\u0119 oraz peptydy, kt\u00f3re regeneruj\u0105, wyg\u0142adzaj\u0105 i uj\u0119drniaj\u0105 sk\u00f3r\u0119. Korzy\u015bci dla sk\u00f3ry: ... Read moreAbib Jericho rose PHA toner skin booster 200 ml &#8211; nawil\u017caj\u0105cy tonik do twarzy\" \/>\n<meta property=\"og:url\" content=\"https:\/\/selleetools.com\/product\/abib-jericho-rose-pha-toner-skin-booster-200-ml-nawilzajacy-tonik-do-twarzy\/\" \/>\n<meta property=\"og:site_name\" content=\"Selleetools.com\" \/>\n<meta property=\"article:modified_time\" content=\"2026-02-25T18:12:58+00:00\" \/>\n<meta property=\"og:image\" content=\"https:\/\/selleetools.com\/wp-content\/uploads\/2025\/10\/af07d55c9eb2f85c040ddccabffabf8c.jpg\" \/>\n\t<meta property=\"og:image:width\" content=\"1200\" \/>\n\t<meta property=\"og:image:height\" content=\"1200\" \/>\n\t<meta property=\"og:image:type\" content=\"image\/jpeg\" \/>\n<meta name=\"twitter:card\" content=\"summary_large_image\" \/>\n<meta name=\"twitter:label1\" content=\"Est. reading time\" \/>\n\t<meta name=\"twitter:data1\" content=\"1 minuta\" \/>\n<!-- \/ Yoast SEO plugin. -->","yoast_head_json":{"title":"Abib Jericho rose PHA toner skin booster 200 ml - nawil\u017caj\u0105cy tonik do twarzy - Selleetools.com","robots":{"index":"index","follow":"follow","max-snippet":"max-snippet:-1","max-image-preview":"max-image-preview:large","max-video-preview":"max-video-preview:-1"},"canonical":"https:\/\/selleetools.com\/product\/abib-jericho-rose-pha-toner-skin-booster-200-ml-nawilzajacy-tonik-do-twarzy\/","og_locale":"pl_PL","og_type":"article","og_title":"Abib Jericho rose PHA toner skin booster 200 ml - nawil\u017caj\u0105cy tonik do twarzy - Selleetools.com","og_description":"Abib Jericho Rose PHA Toner Skin Booster to wielofunkcyjny toner, kt\u00f3ry delikatnie z\u0142uszcza, nawil\u017ca i wzmacnia sk\u00f3r\u0119, przygotowuj\u0105c j\u0105 na kolejne etapy piel\u0119gnacji. Formu\u0142a oparta na PHA (gluconolactone) dzia\u0142a \u0142agodnie eksfoliuj\u0105co, wspieraj\u0105c odnow\u0119 kom\u00f3rkow\u0105 bez podra\u017cnie\u0144. Zawiera tak\u017ce ekstrakt z r\u00f3\u017cy jerycho\u0144skiej, bakuchiol, centell\u0119 oraz peptydy, kt\u00f3re regeneruj\u0105, wyg\u0142adzaj\u0105 i uj\u0119drniaj\u0105 sk\u00f3r\u0119. Korzy\u015bci dla sk\u00f3ry: ... Read moreAbib Jericho rose PHA toner skin booster 200 ml &#8211; nawil\u017caj\u0105cy tonik do twarzy","og_url":"https:\/\/selleetools.com\/product\/abib-jericho-rose-pha-toner-skin-booster-200-ml-nawilzajacy-tonik-do-twarzy\/","og_site_name":"Selleetools.com","article_modified_time":"2026-02-25T18:12:58+00:00","og_image":[{"width":1200,"height":1200,"url":"https:\/\/selleetools.com\/wp-content\/uploads\/2025\/10\/af07d55c9eb2f85c040ddccabffabf8c.jpg","type":"image\/jpeg"}],"twitter_card":"summary_large_image","twitter_misc":{"Est. reading time":"1 minuta"},"schema":{"@context":"https:\/\/schema.org","@graph":[{"@type":"Organization","@id":"https:\/\/selleetools.com\/#organization","name":"Selleetools","url":"https:\/\/selleetools.com\/","sameAs":[],"logo":{"@type":"ImageObject","inLanguage":"pl-PL","@id":"https:\/\/selleetools.com\/#\/schema\/logo\/image\/","url":"https:\/\/selleetools.com\/wp-content\/uploads\/2021\/10\/logo-dark.png","contentUrl":"https:\/\/selleetools.com\/wp-content\/uploads\/2021\/10\/logo-dark.png","width":320,"height":76,"caption":"Selleetools"},"image":{"@id":"https:\/\/selleetools.com\/#\/schema\/logo\/image\/"}},{"@type":"WebSite","@id":"https:\/\/selleetools.com\/#website","url":"https:\/\/selleetools.com\/","name":"Selleetools.com","description":"","publisher":{"@id":"https:\/\/selleetools.com\/#organization"},"potentialAction":[{"@type":"SearchAction","target":{"@type":"EntryPoint","urlTemplate":"https:\/\/selleetools.com\/?s={search_term_string}"},"query-input":"required name=search_term_string"}],"inLanguage":"pl-PL"},{"@type":"WebPage","@id":"https:\/\/selleetools.com\/product\/abib-jericho-rose-pha-toner-skin-booster-200-ml-nawilzajacy-tonik-do-twarzy\/","url":"https:\/\/selleetools.com\/product\/abib-jericho-rose-pha-toner-skin-booster-200-ml-nawilzajacy-tonik-do-twarzy\/","name":"Abib Jericho rose PHA toner skin booster 200 ml - nawil\u017caj\u0105cy tonik do twarzy - Selleetools.com","isPartOf":{"@id":"https:\/\/selleetools.com\/#website"},"datePublished":"2025-10-24T11:50:57+00:00","dateModified":"2026-02-25T18:12:58+00:00","breadcrumb":{"@id":"https:\/\/selleetools.com\/product\/abib-jericho-rose-pha-toner-skin-booster-200-ml-nawilzajacy-tonik-do-twarzy\/#breadcrumb"},"inLanguage":"pl-PL","potentialAction":[{"@type":"ReadAction","target":["https:\/\/selleetools.com\/product\/abib-jericho-rose-pha-toner-skin-booster-200-ml-nawilzajacy-tonik-do-twarzy\/"]}]},{"@type":"BreadcrumbList","@id":"https:\/\/selleetools.com\/product\/abib-jericho-rose-pha-toner-skin-booster-200-ml-nawilzajacy-tonik-do-twarzy\/#breadcrumb","itemListElement":[{"@type":"ListItem","position":1,"name":"Home","item":"https:\/\/selleetools.com\/pl\/"},{"@type":"ListItem","position":2,"name":"Katalog","item":"https:\/\/selleetools.com\/pl\/katalog\/"},{"@type":"ListItem","position":3,"name":"Abib Jericho rose PHA toner skin booster 200 ml &#8211; nawil\u017caj\u0105cy tonik do twarzy"}]}]}},"_links":{"self":[{"href":"https:\/\/admincentral.selleetools.com\/pl\/wp-json\/wp\/v2\/product\/606430"}],"collection":[{"href":"https:\/\/admincentral.selleetools.com\/pl\/wp-json\/wp\/v2\/product"}],"about":[{"href":"https:\/\/admincentral.selleetools.com\/pl\/wp-json\/wp\/v2\/types\/product"}],"replies":[{"embeddable":true,"href":"https:\/\/admincentral.selleetools.com\/pl\/wp-json\/wp\/v2\/comments?post=606430"}],"wp:featuredmedia":[{"embeddable":true,"href":"https:\/\/admincentral.selleetools.com\/pl\/wp-json\/wp\/v2\/media\/606428"}],"wp:attachment":[{"href":"https:\/\/admincentral.selleetools.com\/pl\/wp-json\/wp\/v2\/media?parent=606430"}],"curies":[{"name":"wp","href":"https:\/\/api.w.org\/{rel}","templated":true}]}}