{"id":606495,"date":"2025-10-24T13:51:52","date_gmt":"2025-10-24T11:51:52","guid":{"rendered":"https:\/\/selleetools.com\/?post_type=product&#038;p=606495"},"modified":"2025-11-04T21:02:34","modified_gmt":"2025-11-04T20:02:34","slug":"fwee-lipcheek-blurry-pudding-pot-pk03-cherry-5-g-2w1-pomadka-i-roz-do-policzkow","status":"publish","type":"product","link":"https:\/\/admincentral.selleetools.com\/pl\/product\/fwee-lipcheek-blurry-pudding-pot-pk03-cherry-5-g-2w1-pomadka-i-roz-do-policzkow\/","title":{"rendered":"FWEE Lip&#038;Cheek Blurry Pudding Pot PK03 Cherry 5 g &#8211; 2w1 pomadka i r\u00f3\u017c do policzk\u00f3w"},"content":{"rendered":"<p>FWEE Lip&#038;Cheek Blurry Pudding Pot PK03 Cherry to wyj\u0105tkowy produkt 2w1, kt\u00f3ry \u0142\u0105czy funkcj\u0119 pomadki do ust oraz r\u00f3\u017cu do policzk\u00f3w. Ten wielozadaniowy kosmetyk zosta\u0142 stworzony z my\u015bl\u0105 o wygodzie i szybko\u015bci aplikacji, oferuj\u0105c delikatny, kremowy odcie\u0144 wi\u015bni, kt\u00f3ry idealnie pasuje do r\u00f3\u017cnych typ\u00f3w urody.<\/p>\n<p>Korzy\u015bci dla sk\u00f3ry:<br \/>\nNawil\u017cenie i wyg\u0142adzenie: Kremowa formu\u0142a zapewnia intensywne nawil\u017cenie, dzi\u0119ki czemu sk\u00f3ra wygl\u0105da na zdrow\u0105 i promienn\u0105, a usta staj\u0105 si\u0119 mi\u0119kkie i g\u0142adkie.<br \/>\nNaturalny blask: Odcie\u0144 PK03 Cherry delikatnie podkre\u015bla naturalny kolor ust i policzk\u00f3w, nadaj\u0105c im \u015bwie\u017cy i zdrowy wygl\u0105d.<br \/>\nLekka konsystencja: Dzi\u0119ki jedwabistej, puszystej formule &#8220;blurry pudding&#8221; produkt \u0142atwo si\u0119 rozprowadza, nie obci\u0105\u017caj\u0105c sk\u00f3ry.<br \/>\nUniwersalno\u015b\u0107: Idealny na co dzie\u0144, ale r\u00f3wnie\u017c na specjalne okazje, kiedy chcesz doda\u0107 subtelnego koloru zar\u00f3wno ustom, jak i policzkom.<\/p>\n<p>Spos\u00f3b u\u017cycia:<br \/>\nNa policzki: Opuszkami palc\u00f3w lub g\u0105beczk\u0105 na\u0142\u00f3\u017c niewielk\u0105 ilo\u015b\u0107 produktu na ko\u015bci policzkowe, delikatnie wklepuj\u0105c, aby uzyska\u0107 naturalny, roz\u015bwietlony efekt. W razie potrzeby mo\u017cesz doda\u0107 kolejn\u0105 warstw\u0119 dla bardziej intensywnego koloru.<br \/>\nNa usta: Za pomoc\u0105 palca lub p\u0119dzelka r\u00f3wnomiernie rozprowad\u017a produkt na ustach, aby uzyska\u0107 mi\u0119kki, rozmyty efekt. Mo\u017cesz budowa\u0107 intensywno\u015b\u0107 koloru, dok\u0142adaj\u0105c wi\u0119cej warstw.<\/p>\n<p>FWEE Lip&#038;Cheek Blurry Pudding Pot PK03 Cherry to idealny wyb\u00f3r dla tych, kt\u00f3rzy ceni\u0105 sobie prostot\u0119 i funkcjonalno\u015b\u0107, a jednocze\u015bnie pragn\u0105 uzyska\u0107 \u015bwie\u017cy, naturalny look w kilka chwil.<\/p>\n","protected":false},"excerpt":{"rendered":"<p>FWEE Lip&#038;Cheek Blurry Pudding Pot PK03 Cherry to wyj\u0105tkowy produkt 2w1, kt\u00f3ry \u0142\u0105czy funkcj\u0119 pomadki do ust oraz r\u00f3\u017cu do policzk\u00f3w. Ten wielozadaniowy kosmetyk zosta\u0142 stworzony z my\u015bl\u0105 o wygodzie i szybko\u015bci aplikacji, oferuj\u0105c delikatny, kremowy odcie\u0144 wi\u015bni, kt\u00f3ry idealnie pasuje do r\u00f3\u017cnych typ\u00f3w urody. Korzy\u015bci dla sk\u00f3ry: Nawil\u017cenie i wyg\u0142adzenie: Kremowa formu\u0142a zapewnia intensywne &#8230; <a title=\"FWEE Lip&#038;Cheek Blurry Pudding Pot PK03 Cherry 5 g &#8211; 2w1 pomadka i r\u00f3\u017c do policzk\u00f3w\" class=\"read-more\" href=\"https:\/\/admincentral.selleetools.com\/pl\/product\/fwee-lipcheek-blurry-pudding-pot-pk03-cherry-5-g-2w1-pomadka-i-roz-do-policzkow\/\">Read more<span class=\"screen-reader-text\">FWEE Lip&#038;Cheek Blurry Pudding Pot PK03 Cherry 5 g &#8211; 2w1 pomadka i r\u00f3\u017c do policzk\u00f3w<\/span><\/a><\/p>\n","protected":false},"featured_media":606493,"comment_status":"open","ping_status":"closed","template":"","meta":{"_links_to":"","_links_to_target":""},"yoast_head":"<!-- This site is optimized with the Yoast SEO plugin v19.4 - https:\/\/yoast.com\/wordpress\/plugins\/seo\/ -->\n<title>FWEE Lip&amp;Cheek Blurry Pudding Pot PK03 Cherry 5 g - 2w1 pomadka i r\u00f3\u017c do policzk\u00f3w - Selleetools.com<\/title>\n<meta name=\"robots\" content=\"index, follow, max-snippet:-1, max-image-preview:large, max-video-preview:-1\" \/>\n<link rel=\"canonical\" href=\"https:\/\/admincentral.selleetools.com\/pl\/product\/fwee-lipcheek-blurry-pudding-pot-pk03-cherry-5-g-2w1-pomadka-i-roz-do-policzkow\/\" \/>\n<meta property=\"og:locale\" content=\"pl_PL\" \/>\n<meta property=\"og:type\" content=\"article\" \/>\n<meta property=\"og:title\" content=\"FWEE Lip&amp;Cheek Blurry Pudding Pot PK03 Cherry 5 g - 2w1 pomadka i r\u00f3\u017c do policzk\u00f3w - Selleetools.com\" \/>\n<meta property=\"og:description\" content=\"FWEE Lip&#038;Cheek Blurry Pudding Pot PK03 Cherry to wyj\u0105tkowy produkt 2w1, kt\u00f3ry \u0142\u0105czy funkcj\u0119 pomadki do ust oraz r\u00f3\u017cu do policzk\u00f3w. Ten wielozadaniowy kosmetyk zosta\u0142 stworzony z my\u015bl\u0105 o wygodzie i szybko\u015bci aplikacji, oferuj\u0105c delikatny, kremowy odcie\u0144 wi\u015bni, kt\u00f3ry idealnie pasuje do r\u00f3\u017cnych typ\u00f3w urody. Korzy\u015bci dla sk\u00f3ry: Nawil\u017cenie i wyg\u0142adzenie: Kremowa formu\u0142a zapewnia intensywne ... Read moreFWEE Lip&#038;Cheek Blurry Pudding Pot PK03 Cherry 5 g &#8211; 2w1 pomadka i r\u00f3\u017c do policzk\u00f3w\" \/>\n<meta property=\"og:url\" content=\"https:\/\/admincentral.selleetools.com\/pl\/product\/fwee-lipcheek-blurry-pudding-pot-pk03-cherry-5-g-2w1-pomadka-i-roz-do-policzkow\/\" \/>\n<meta property=\"og:site_name\" content=\"Selleetools.com\" \/>\n<meta property=\"article:modified_time\" content=\"2025-11-04T20:02:34+00:00\" \/>\n<meta property=\"og:image\" content=\"https:\/\/selleetools.com\/wp-content\/uploads\/2025\/10\/b4dc054b7377d78910d988da67c854e9.jpg\" \/>\n\t<meta property=\"og:image:width\" content=\"1500\" \/>\n\t<meta property=\"og:image:height\" content=\"1500\" \/>\n\t<meta property=\"og:image:type\" content=\"image\/jpeg\" \/>\n<meta name=\"twitter:card\" content=\"summary_large_image\" \/>\n<meta name=\"twitter:label1\" content=\"Est. reading time\" \/>\n\t<meta name=\"twitter:data1\" content=\"1 minuta\" \/>\n<!-- \/ Yoast SEO plugin. -->","yoast_head_json":{"title":"FWEE Lip&Cheek Blurry Pudding Pot PK03 Cherry 5 g - 2w1 pomadka i r\u00f3\u017c do policzk\u00f3w - Selleetools.com","robots":{"index":"index","follow":"follow","max-snippet":"max-snippet:-1","max-image-preview":"max-image-preview:large","max-video-preview":"max-video-preview:-1"},"canonical":"https:\/\/admincentral.selleetools.com\/pl\/product\/fwee-lipcheek-blurry-pudding-pot-pk03-cherry-5-g-2w1-pomadka-i-roz-do-policzkow\/","og_locale":"pl_PL","og_type":"article","og_title":"FWEE Lip&Cheek Blurry Pudding Pot PK03 Cherry 5 g - 2w1 pomadka i r\u00f3\u017c do policzk\u00f3w - Selleetools.com","og_description":"FWEE Lip&#038;Cheek Blurry Pudding Pot PK03 Cherry to wyj\u0105tkowy produkt 2w1, kt\u00f3ry \u0142\u0105czy funkcj\u0119 pomadki do ust oraz r\u00f3\u017cu do policzk\u00f3w. Ten wielozadaniowy kosmetyk zosta\u0142 stworzony z my\u015bl\u0105 o wygodzie i szybko\u015bci aplikacji, oferuj\u0105c delikatny, kremowy odcie\u0144 wi\u015bni, kt\u00f3ry idealnie pasuje do r\u00f3\u017cnych typ\u00f3w urody. Korzy\u015bci dla sk\u00f3ry: Nawil\u017cenie i wyg\u0142adzenie: Kremowa formu\u0142a zapewnia intensywne ... Read moreFWEE Lip&#038;Cheek Blurry Pudding Pot PK03 Cherry 5 g &#8211; 2w1 pomadka i r\u00f3\u017c do policzk\u00f3w","og_url":"https:\/\/admincentral.selleetools.com\/pl\/product\/fwee-lipcheek-blurry-pudding-pot-pk03-cherry-5-g-2w1-pomadka-i-roz-do-policzkow\/","og_site_name":"Selleetools.com","article_modified_time":"2025-11-04T20:02:34+00:00","og_image":[{"width":1500,"height":1500,"url":"https:\/\/selleetools.com\/wp-content\/uploads\/2025\/10\/b4dc054b7377d78910d988da67c854e9.jpg","type":"image\/jpeg"}],"twitter_card":"summary_large_image","twitter_misc":{"Est. reading time":"1 minuta"},"schema":{"@context":"https:\/\/schema.org","@graph":[{"@type":"Organization","@id":"https:\/\/selleetools.com\/#organization","name":"Selleetools","url":"https:\/\/selleetools.com\/","sameAs":[],"logo":{"@type":"ImageObject","inLanguage":"pl-PL","@id":"https:\/\/selleetools.com\/#\/schema\/logo\/image\/","url":"https:\/\/selleetools.com\/wp-content\/uploads\/2021\/10\/logo-dark.png","contentUrl":"https:\/\/selleetools.com\/wp-content\/uploads\/2021\/10\/logo-dark.png","width":320,"height":76,"caption":"Selleetools"},"image":{"@id":"https:\/\/selleetools.com\/#\/schema\/logo\/image\/"}},{"@type":"WebSite","@id":"https:\/\/selleetools.com\/#website","url":"https:\/\/selleetools.com\/","name":"Selleetools.com","description":"","publisher":{"@id":"https:\/\/selleetools.com\/#organization"},"potentialAction":[{"@type":"SearchAction","target":{"@type":"EntryPoint","urlTemplate":"https:\/\/selleetools.com\/?s={search_term_string}"},"query-input":"required name=search_term_string"}],"inLanguage":"pl-PL"},{"@type":"WebPage","@id":"https:\/\/admincentral.selleetools.com\/pl\/product\/fwee-lipcheek-blurry-pudding-pot-pk03-cherry-5-g-2w1-pomadka-i-roz-do-policzkow\/","url":"https:\/\/admincentral.selleetools.com\/pl\/product\/fwee-lipcheek-blurry-pudding-pot-pk03-cherry-5-g-2w1-pomadka-i-roz-do-policzkow\/","name":"FWEE Lip&Cheek Blurry Pudding Pot PK03 Cherry 5 g - 2w1 pomadka i r\u00f3\u017c do policzk\u00f3w - Selleetools.com","isPartOf":{"@id":"https:\/\/selleetools.com\/#website"},"datePublished":"2025-10-24T11:51:52+00:00","dateModified":"2025-11-04T20:02:34+00:00","breadcrumb":{"@id":"https:\/\/admincentral.selleetools.com\/pl\/product\/fwee-lipcheek-blurry-pudding-pot-pk03-cherry-5-g-2w1-pomadka-i-roz-do-policzkow\/#breadcrumb"},"inLanguage":"pl-PL","potentialAction":[{"@type":"ReadAction","target":["https:\/\/admincentral.selleetools.com\/pl\/product\/fwee-lipcheek-blurry-pudding-pot-pk03-cherry-5-g-2w1-pomadka-i-roz-do-policzkow\/"]}]},{"@type":"BreadcrumbList","@id":"https:\/\/admincentral.selleetools.com\/pl\/product\/fwee-lipcheek-blurry-pudding-pot-pk03-cherry-5-g-2w1-pomadka-i-roz-do-policzkow\/#breadcrumb","itemListElement":[{"@type":"ListItem","position":1,"name":"Home","item":"https:\/\/selleetools.com\/pl\/"},{"@type":"ListItem","position":2,"name":"Katalog","item":"https:\/\/selleetools.com\/pl\/katalog\/"},{"@type":"ListItem","position":3,"name":"FWEE Lip&#038;Cheek Blurry Pudding Pot PK03 Cherry 5 g &#8211; 2w1 pomadka i r\u00f3\u017c do policzk\u00f3w"}]}]}},"_links":{"self":[{"href":"https:\/\/admincentral.selleetools.com\/pl\/wp-json\/wp\/v2\/product\/606495"}],"collection":[{"href":"https:\/\/admincentral.selleetools.com\/pl\/wp-json\/wp\/v2\/product"}],"about":[{"href":"https:\/\/admincentral.selleetools.com\/pl\/wp-json\/wp\/v2\/types\/product"}],"replies":[{"embeddable":true,"href":"https:\/\/admincentral.selleetools.com\/pl\/wp-json\/wp\/v2\/comments?post=606495"}],"wp:featuredmedia":[{"embeddable":true,"href":"https:\/\/admincentral.selleetools.com\/pl\/wp-json\/wp\/v2\/media\/606493"}],"wp:attachment":[{"href":"https:\/\/admincentral.selleetools.com\/pl\/wp-json\/wp\/v2\/media?parent=606495"}],"curies":[{"name":"wp","href":"https:\/\/api.w.org\/{rel}","templated":true}]}}