{"id":606519,"date":"2025-10-24T13:52:23","date_gmt":"2025-10-24T11:52:23","guid":{"rendered":"https:\/\/selleetools.com\/?post_type=product&#038;p=606519"},"modified":"2025-11-04T21:02:51","modified_gmt":"2025-11-04T20:02:51","slug":"romnd-better-than-eyes-n02-dry-violet-7-g-paleta-cieni-do-powiek","status":"publish","type":"product","link":"https:\/\/admincentral.selleetools.com\/pl\/product\/romnd-better-than-eyes-n02-dry-violet-7-g-paleta-cieni-do-powiek\/","title":{"rendered":"rom&#038;nd Better Than Eyes N02.DRY VIOLET 7 g &#8211; Paleta cieni do powiek"},"content":{"rendered":"<p>Paleta cieni do powiek Rom&#038;nd Better Than Eyes N02 Dry Violet to subtelna kompozycja fioletowych odcieni idealnie zaprojektowanych, by podkre\u015bli\u0107 naturalne pi\u0119kno oczu. Te cztery odcienie w jednej palecie pozwalaj\u0105 na stworzenie zar\u00f3wno delikatnych, jak i bardziej intensywnych, wieczorowych makija\u017cy. Cienie maj\u0105 jedwabist\u0105, \u0142atw\u0105 do rozcierania formu\u0142\u0119, kt\u00f3ra daje efekt lekko matowego wyko\u0144czenia, pasuj\u0105cego zar\u00f3wno do dziennego, jak i wieczorowego looku. Paleta ta charakteryzuje si\u0119 przyjemnymi, stonowanymi odcieniami, kt\u00f3re \u015bwietnie komponuj\u0105 si\u0119 z r\u00f3\u017cnymi karnacjami.<\/p>\n<p>Korzy\u015bci dla sk\u00f3ry<br \/>\nFormu\u0142a przyjazna sk\u00f3rze: Cienie Rom&#038;nd Better Than Eyes s\u0105 delikatne dla sk\u00f3ry, dzi\u0119ki czemu nie powoduj\u0105 podra\u017cnie\u0144 ani uczucia sucho\u015bci powiek.<br \/>\nMinimalizacja osypywania: Dzi\u0119ki jedwabistej formule cienie minimalizuj\u0105 osypywanie si\u0119, co pomaga unikn\u0105\u0107 zb\u0119dnych poprawek w ci\u0105gu dnia.<br \/>\nD\u0142ugotrwa\u0142y efekt: Intensywno\u015b\u0107 koloru i trwa\u0142o\u015b\u0107 formu\u0142y sprawiaj\u0105, \u017ce makija\u017c pozostaje \u015bwie\u017cy przez d\u0142ugi czas, nawet w warunkach wilgotno\u015bci.<\/p>\n<p>Spos\u00f3b u\u017cycia<br \/>\nPrzygotowanie powieki: Na\u0142\u00f3\u017c baz\u0119 pod cienie, aby uzyska\u0107 lepsz\u0105 trwa\u0142o\u015b\u0107 i bardziej intensywny efekt kolor\u00f3w.<br \/>\nNak\u0142adanie podstawy: U\u017cyj najja\u015bniejszego cienia, aby roz\u015bwietli\u0107 ca\u0142\u0105 powiek\u0119 i stworzy\u0107 r\u00f3wn\u0105 baz\u0119.<br \/>\nDefiniowanie kontur\u00f3w: Na\u0142\u00f3\u017c \u015bredni odcie\u0144 na zewn\u0119trzny k\u0105cik oka oraz za\u0142amanie powieki, delikatnie rozcieraj\u0105c granice.<br \/>\nIntensyfikacja spojrzenia: Ciemniejszy cie\u0144 aplikuj przy linii rz\u0119s i na zewn\u0119trzn\u0105 cz\u0119\u015b\u0107 powieki, aby stworzy\u0107 g\u0142\u0119bi\u0119.<br \/>\nWyko\u0144czenie: Dodaj odrobin\u0119 po\u0142ysku lub ja\u015bniejszego koloru na \u015brodek powieki, aby uzyska\u0107 efekt tr\u00f3jwymiarowo\u015bci.<br \/>\nPaleta Rom&#038;nd Better Than Eyes N02 Dry Violet doskonale sprawdzi si\u0119 dla os\u00f3b poszukuj\u0105cych subtelnych fioletowych odcieni o trwa\u0142ej i przyjaznej sk\u00f3rze formule.<\/p>\n","protected":false},"excerpt":{"rendered":"<p>Paleta cieni do powiek Rom&#038;nd Better Than Eyes N02 Dry Violet to subtelna kompozycja fioletowych odcieni idealnie zaprojektowanych, by podkre\u015bli\u0107 naturalne pi\u0119kno oczu. Te cztery odcienie w jednej palecie pozwalaj\u0105 na stworzenie zar\u00f3wno delikatnych, jak i bardziej intensywnych, wieczorowych makija\u017cy. Cienie maj\u0105 jedwabist\u0105, \u0142atw\u0105 do rozcierania formu\u0142\u0119, kt\u00f3ra daje efekt lekko matowego wyko\u0144czenia, pasuj\u0105cego zar\u00f3wno &#8230; <a title=\"rom&#038;nd Better Than Eyes N02.DRY VIOLET 7 g &#8211; Paleta cieni do powiek\" class=\"read-more\" href=\"https:\/\/admincentral.selleetools.com\/pl\/product\/romnd-better-than-eyes-n02-dry-violet-7-g-paleta-cieni-do-powiek\/\">Read more<span class=\"screen-reader-text\">rom&#038;nd Better Than Eyes N02.DRY VIOLET 7 g &#8211; Paleta cieni do powiek<\/span><\/a><\/p>\n","protected":false},"featured_media":606517,"comment_status":"open","ping_status":"closed","template":"","meta":{"_links_to":"","_links_to_target":""},"yoast_head":"<!-- This site is optimized with the Yoast SEO plugin v19.4 - https:\/\/yoast.com\/wordpress\/plugins\/seo\/ -->\n<title>rom&amp;nd Better Than Eyes N02.DRY VIOLET 7 g - Paleta cieni do powiek - Selleetools.com<\/title>\n<meta name=\"robots\" content=\"index, follow, max-snippet:-1, max-image-preview:large, max-video-preview:-1\" \/>\n<link rel=\"canonical\" href=\"https:\/\/selleetools.com\/pl\/product\/romnd-better-than-eyes-n02-dry-violet-7-g-paleta-cieni-do-powiek\/\" \/>\n<meta property=\"og:locale\" content=\"pl_PL\" \/>\n<meta property=\"og:type\" content=\"article\" \/>\n<meta property=\"og:title\" content=\"rom&amp;nd Better Than Eyes N02.DRY VIOLET 7 g - Paleta cieni do powiek - Selleetools.com\" \/>\n<meta property=\"og:description\" content=\"Paleta cieni do powiek Rom&#038;nd Better Than Eyes N02 Dry Violet to subtelna kompozycja fioletowych odcieni idealnie zaprojektowanych, by podkre\u015bli\u0107 naturalne pi\u0119kno oczu. Te cztery odcienie w jednej palecie pozwalaj\u0105 na stworzenie zar\u00f3wno delikatnych, jak i bardziej intensywnych, wieczorowych makija\u017cy. Cienie maj\u0105 jedwabist\u0105, \u0142atw\u0105 do rozcierania formu\u0142\u0119, kt\u00f3ra daje efekt lekko matowego wyko\u0144czenia, pasuj\u0105cego zar\u00f3wno ... Read morerom&#038;nd Better Than Eyes N02.DRY VIOLET 7 g &#8211; Paleta cieni do powiek\" \/>\n<meta property=\"og:url\" content=\"https:\/\/selleetools.com\/pl\/product\/romnd-better-than-eyes-n02-dry-violet-7-g-paleta-cieni-do-powiek\/\" \/>\n<meta property=\"og:site_name\" content=\"Selleetools.com\" \/>\n<meta property=\"article:modified_time\" content=\"2025-11-04T20:02:51+00:00\" \/>\n<meta property=\"og:image\" content=\"https:\/\/selleetools.com\/wp-content\/uploads\/2025\/10\/cdf2c04119cd61012159ca8a8f974281.png\" \/>\n\t<meta property=\"og:image:width\" content=\"3000\" \/>\n\t<meta property=\"og:image:height\" content=\"3000\" \/>\n\t<meta property=\"og:image:type\" content=\"image\/png\" \/>\n<meta name=\"twitter:card\" content=\"summary_large_image\" \/>\n<meta name=\"twitter:label1\" content=\"Est. reading time\" \/>\n\t<meta name=\"twitter:data1\" content=\"1 minuta\" \/>\n<!-- \/ Yoast SEO plugin. -->","yoast_head_json":{"title":"rom&nd Better Than Eyes N02.DRY VIOLET 7 g - Paleta cieni do powiek - Selleetools.com","robots":{"index":"index","follow":"follow","max-snippet":"max-snippet:-1","max-image-preview":"max-image-preview:large","max-video-preview":"max-video-preview:-1"},"canonical":"https:\/\/selleetools.com\/pl\/product\/romnd-better-than-eyes-n02-dry-violet-7-g-paleta-cieni-do-powiek\/","og_locale":"pl_PL","og_type":"article","og_title":"rom&nd Better Than Eyes N02.DRY VIOLET 7 g - Paleta cieni do powiek - Selleetools.com","og_description":"Paleta cieni do powiek Rom&#038;nd Better Than Eyes N02 Dry Violet to subtelna kompozycja fioletowych odcieni idealnie zaprojektowanych, by podkre\u015bli\u0107 naturalne pi\u0119kno oczu. Te cztery odcienie w jednej palecie pozwalaj\u0105 na stworzenie zar\u00f3wno delikatnych, jak i bardziej intensywnych, wieczorowych makija\u017cy. Cienie maj\u0105 jedwabist\u0105, \u0142atw\u0105 do rozcierania formu\u0142\u0119, kt\u00f3ra daje efekt lekko matowego wyko\u0144czenia, pasuj\u0105cego zar\u00f3wno ... Read morerom&#038;nd Better Than Eyes N02.DRY VIOLET 7 g &#8211; Paleta cieni do powiek","og_url":"https:\/\/selleetools.com\/pl\/product\/romnd-better-than-eyes-n02-dry-violet-7-g-paleta-cieni-do-powiek\/","og_site_name":"Selleetools.com","article_modified_time":"2025-11-04T20:02:51+00:00","og_image":[{"width":3000,"height":3000,"url":"https:\/\/selleetools.com\/wp-content\/uploads\/2025\/10\/cdf2c04119cd61012159ca8a8f974281.png","type":"image\/png"}],"twitter_card":"summary_large_image","twitter_misc":{"Est. reading time":"1 minuta"},"schema":{"@context":"https:\/\/schema.org","@graph":[{"@type":"Organization","@id":"https:\/\/selleetools.com\/#organization","name":"Selleetools","url":"https:\/\/selleetools.com\/","sameAs":[],"logo":{"@type":"ImageObject","inLanguage":"pl-PL","@id":"https:\/\/selleetools.com\/#\/schema\/logo\/image\/","url":"https:\/\/selleetools.com\/wp-content\/uploads\/2021\/10\/logo-dark.png","contentUrl":"https:\/\/selleetools.com\/wp-content\/uploads\/2021\/10\/logo-dark.png","width":320,"height":76,"caption":"Selleetools"},"image":{"@id":"https:\/\/selleetools.com\/#\/schema\/logo\/image\/"}},{"@type":"WebSite","@id":"https:\/\/selleetools.com\/#website","url":"https:\/\/selleetools.com\/","name":"Selleetools.com","description":"","publisher":{"@id":"https:\/\/selleetools.com\/#organization"},"potentialAction":[{"@type":"SearchAction","target":{"@type":"EntryPoint","urlTemplate":"https:\/\/selleetools.com\/?s={search_term_string}"},"query-input":"required name=search_term_string"}],"inLanguage":"pl-PL"},{"@type":"WebPage","@id":"https:\/\/selleetools.com\/pl\/product\/romnd-better-than-eyes-n02-dry-violet-7-g-paleta-cieni-do-powiek\/","url":"https:\/\/selleetools.com\/pl\/product\/romnd-better-than-eyes-n02-dry-violet-7-g-paleta-cieni-do-powiek\/","name":"rom&nd Better Than Eyes N02.DRY VIOLET 7 g - Paleta cieni do powiek - Selleetools.com","isPartOf":{"@id":"https:\/\/selleetools.com\/#website"},"datePublished":"2025-10-24T11:52:23+00:00","dateModified":"2025-11-04T20:02:51+00:00","breadcrumb":{"@id":"https:\/\/selleetools.com\/pl\/product\/romnd-better-than-eyes-n02-dry-violet-7-g-paleta-cieni-do-powiek\/#breadcrumb"},"inLanguage":"pl-PL","potentialAction":[{"@type":"ReadAction","target":["https:\/\/selleetools.com\/pl\/product\/romnd-better-than-eyes-n02-dry-violet-7-g-paleta-cieni-do-powiek\/"]}]},{"@type":"BreadcrumbList","@id":"https:\/\/selleetools.com\/pl\/product\/romnd-better-than-eyes-n02-dry-violet-7-g-paleta-cieni-do-powiek\/#breadcrumb","itemListElement":[{"@type":"ListItem","position":1,"name":"Home","item":"https:\/\/selleetools.com\/pl\/"},{"@type":"ListItem","position":2,"name":"Katalog","item":"https:\/\/selleetools.com\/pl\/katalog\/"},{"@type":"ListItem","position":3,"name":"rom&#038;nd Better Than Eyes N02.DRY VIOLET 7 g &#8211; Paleta cieni do powiek"}]}]}},"_links":{"self":[{"href":"https:\/\/admincentral.selleetools.com\/pl\/wp-json\/wp\/v2\/product\/606519"}],"collection":[{"href":"https:\/\/admincentral.selleetools.com\/pl\/wp-json\/wp\/v2\/product"}],"about":[{"href":"https:\/\/admincentral.selleetools.com\/pl\/wp-json\/wp\/v2\/types\/product"}],"replies":[{"embeddable":true,"href":"https:\/\/admincentral.selleetools.com\/pl\/wp-json\/wp\/v2\/comments?post=606519"}],"wp:featuredmedia":[{"embeddable":true,"href":"https:\/\/admincentral.selleetools.com\/pl\/wp-json\/wp\/v2\/media\/606517"}],"wp:attachment":[{"href":"https:\/\/admincentral.selleetools.com\/pl\/wp-json\/wp\/v2\/media?parent=606519"}],"curies":[{"name":"wp","href":"https:\/\/api.w.org\/{rel}","templated":true}]}}