{"id":606531,"date":"2025-10-24T13:52:33","date_gmt":"2025-10-24T11:52:33","guid":{"rendered":"https:\/\/selleetools.com\/?post_type=product&#038;p=606531"},"modified":"2026-01-23T16:43:08","modified_gmt":"2026-01-23T15:43:08","slug":"tirtir-hydro-boost-enzyme-cleansing-balm-120-ml-balsam-do-demakijazu-i-oczyszczania-twarzy","status":"publish","type":"product","link":"https:\/\/admincentral.selleetools.com\/pl\/product\/tirtir-hydro-boost-enzyme-cleansing-balm-120-ml-balsam-do-demakijazu-i-oczyszczania-twarzy\/","title":{"rendered":"TIRTIR Hydro Boost Enzyme Cleansing Balm 120 ml &#8211; Balsam do demakija\u017cu i oczyszczania twarzy"},"content":{"rendered":"<p>TIRTIR Hydro Boost Enzyme Cleansing Balm to luksusowy balsam do demakija\u017cu i oczyszczania twarzy, kt\u00f3ry zaspokaja potrzeby nawet najbardziej wymagaj\u0105cej sk\u00f3ry. Dzi\u0119ki zawarto\u015bci naturalnych ekstrakt\u00f3w i sk\u0142adnik\u00f3w fermentowanych, balsam nie tylko dog\u0142\u0119bnie oczyszcza sk\u00f3r\u0119, ale te\u017c intensywnie j\u0105 nawil\u017ca i od\u017cywia. Produkt ten \u0142\u0105czy w sobie w\u0142a\u015bciwo\u015bci oczyszczaj\u0105ce i piel\u0119gnacyjne, zapewniaj\u0105c sk\u00f3rze uczucie mi\u0119kko\u015bci, \u015bwie\u017co\u015bci i d\u0142ugotrwa\u0142ego komfortu.<\/p>\n<p>Korzy\u015bci dla sk\u00f3ry:<br \/>\nG\u0142\u0119bokie oczyszczenie i nawil\u017cenie \u2013 Ethylhexyl Palmitate oraz Oryza Sativa (Rice) Bran Oil doskonale rozpuszczaj\u0105 zanieczyszczenia i makija\u017c, jednocze\u015bnie zapobiegaj\u0105c przesuszaniu sk\u00f3ry.<br \/>\nRegeneracja i ukojenie \u2013 Sk\u0142adniki takie jak niacynamid, pantenol i ekstrakty z zielonej herbaty i w\u0105kroty azjatyckiej dzia\u0142aj\u0105 koj\u0105co, redukuj\u0105c podra\u017cnienia oraz przyspieszaj\u0105c procesy regeneracyjne.<br \/>\nOchrona przed wolnymi rodnikami \u2013 Witamina E (Tocopheryl Acetate) i ekstrakt z rozmarynu to silne antyoksydanty, kt\u00f3re chroni\u0105 sk\u00f3r\u0119 przed negatywnym dzia\u0142aniem czynnik\u00f3w zewn\u0119trznych.<br \/>\nWsparcie mikrobiomu sk\u00f3ry \u2013 Zawarto\u015b\u0107 fermentowanych sk\u0142adnik\u00f3w, takich jak Bifida Ferment Lysate oraz Lactobacillus Ferment Lysate, wspomaga r\u00f3wnowag\u0119 mikroflory sk\u00f3ry, dzi\u0119ki czemu staje si\u0119 ona bardziej odporna i zdrowa.<br \/>\nDelikatne z\u0142uszczanie enzymatyczne \u2013 Proteazy delikatnie usuwaj\u0105 martwe kom\u00f3rki nask\u00f3rka, ods\u0142aniaj\u0105c \u015bwie\u017csz\u0105, g\u0142adsz\u0105 cer\u0119.<\/p>\n<p>Spos\u00f3b u\u017cycia:<br \/>\nNa\u0142\u00f3\u017c niewielk\u0105 ilo\u015b\u0107 balsamu na such\u0105 sk\u00f3r\u0119 twarzy.<br \/>\nDelikatnie masuj sk\u00f3r\u0119 kolistymi ruchami, aby rozpu\u015bci\u0107 makija\u017c i zanieczyszczenia.<br \/>\nDodaj odrobin\u0119 ciep\u0142ej wody, kontynuuj\u0105c masa\u017c \u2013 balsam przekszta\u0142ci si\u0119 w mleczn\u0105 emulsj\u0119.<br \/>\nDok\u0142adnie sp\u0142ucz wod\u0105 i przejd\u017a do kolejnych krok\u00f3w piel\u0119gnacyjnych.<\/p>\n<p>TIRTIR Hydro Boost Enzyme Cleansing Balm to idealne rozwi\u0105zanie dla os\u00f3b poszukuj\u0105cych wielofunkcyjnego, delikatnego i efektywnego produktu do demakija\u017cu oraz oczyszczania, kt\u00f3re zadba o pi\u0119kno i zdrowie sk\u00f3ry na co dzie\u0144.<\/p>\n","protected":false},"excerpt":{"rendered":"<p>TIRTIR Hydro Boost Enzyme Cleansing Balm to luksusowy balsam do demakija\u017cu i oczyszczania twarzy, kt\u00f3ry zaspokaja potrzeby nawet najbardziej wymagaj\u0105cej sk\u00f3ry. Dzi\u0119ki zawarto\u015bci naturalnych ekstrakt\u00f3w i sk\u0142adnik\u00f3w fermentowanych, balsam nie tylko dog\u0142\u0119bnie oczyszcza sk\u00f3r\u0119, ale te\u017c intensywnie j\u0105 nawil\u017ca i od\u017cywia. Produkt ten \u0142\u0105czy w sobie w\u0142a\u015bciwo\u015bci oczyszczaj\u0105ce i piel\u0119gnacyjne, zapewniaj\u0105c sk\u00f3rze uczucie mi\u0119kko\u015bci, \u015bwie\u017co\u015bci &#8230; <a title=\"TIRTIR Hydro Boost Enzyme Cleansing Balm 120 ml &#8211; Balsam do demakija\u017cu i oczyszczania twarzy\" class=\"read-more\" href=\"https:\/\/admincentral.selleetools.com\/pl\/product\/tirtir-hydro-boost-enzyme-cleansing-balm-120-ml-balsam-do-demakijazu-i-oczyszczania-twarzy\/\">Read more<span class=\"screen-reader-text\">TIRTIR Hydro Boost Enzyme Cleansing Balm 120 ml &#8211; Balsam do demakija\u017cu i oczyszczania twarzy<\/span><\/a><\/p>\n","protected":false},"featured_media":606529,"comment_status":"open","ping_status":"closed","template":"","meta":{"_links_to":"","_links_to_target":""},"yoast_head":"<!-- This site is optimized with the Yoast SEO plugin v19.4 - https:\/\/yoast.com\/wordpress\/plugins\/seo\/ -->\n<title>TIRTIR Hydro Boost Enzyme Cleansing Balm 120 ml - Balsam do demakija\u017cu i oczyszczania twarzy - Selleetools.com<\/title>\n<meta name=\"robots\" content=\"index, follow, max-snippet:-1, max-image-preview:large, max-video-preview:-1\" \/>\n<link rel=\"canonical\" href=\"https:\/\/admincentral.selleetools.com\/pl\/product\/tirtir-hydro-boost-enzyme-cleansing-balm-120-ml-balsam-do-demakijazu-i-oczyszczania-twarzy\/\" \/>\n<meta property=\"og:locale\" content=\"pl_PL\" \/>\n<meta property=\"og:type\" content=\"article\" \/>\n<meta property=\"og:title\" content=\"TIRTIR Hydro Boost Enzyme Cleansing Balm 120 ml - Balsam do demakija\u017cu i oczyszczania twarzy - Selleetools.com\" \/>\n<meta property=\"og:description\" content=\"TIRTIR Hydro Boost Enzyme Cleansing Balm to luksusowy balsam do demakija\u017cu i oczyszczania twarzy, kt\u00f3ry zaspokaja potrzeby nawet najbardziej wymagaj\u0105cej sk\u00f3ry. Dzi\u0119ki zawarto\u015bci naturalnych ekstrakt\u00f3w i sk\u0142adnik\u00f3w fermentowanych, balsam nie tylko dog\u0142\u0119bnie oczyszcza sk\u00f3r\u0119, ale te\u017c intensywnie j\u0105 nawil\u017ca i od\u017cywia. Produkt ten \u0142\u0105czy w sobie w\u0142a\u015bciwo\u015bci oczyszczaj\u0105ce i piel\u0119gnacyjne, zapewniaj\u0105c sk\u00f3rze uczucie mi\u0119kko\u015bci, \u015bwie\u017co\u015bci ... Read moreTIRTIR Hydro Boost Enzyme Cleansing Balm 120 ml &#8211; Balsam do demakija\u017cu i oczyszczania twarzy\" \/>\n<meta property=\"og:url\" content=\"https:\/\/admincentral.selleetools.com\/pl\/product\/tirtir-hydro-boost-enzyme-cleansing-balm-120-ml-balsam-do-demakijazu-i-oczyszczania-twarzy\/\" \/>\n<meta property=\"og:site_name\" content=\"Selleetools.com\" \/>\n<meta property=\"article:modified_time\" content=\"2026-01-23T15:43:08+00:00\" \/>\n<meta property=\"og:image\" content=\"https:\/\/selleetools.com\/wp-content\/uploads\/2025\/10\/1a9c9a309d9b0c383976218472da6418.jpg\" \/>\n\t<meta property=\"og:image:width\" content=\"1280\" \/>\n\t<meta property=\"og:image:height\" content=\"1280\" \/>\n\t<meta property=\"og:image:type\" content=\"image\/jpeg\" \/>\n<meta name=\"twitter:card\" content=\"summary_large_image\" \/>\n<meta name=\"twitter:label1\" content=\"Est. reading time\" \/>\n\t<meta name=\"twitter:data1\" content=\"2 minuty\" \/>\n<!-- \/ Yoast SEO plugin. -->","yoast_head_json":{"title":"TIRTIR Hydro Boost Enzyme Cleansing Balm 120 ml - Balsam do demakija\u017cu i oczyszczania twarzy - Selleetools.com","robots":{"index":"index","follow":"follow","max-snippet":"max-snippet:-1","max-image-preview":"max-image-preview:large","max-video-preview":"max-video-preview:-1"},"canonical":"https:\/\/admincentral.selleetools.com\/pl\/product\/tirtir-hydro-boost-enzyme-cleansing-balm-120-ml-balsam-do-demakijazu-i-oczyszczania-twarzy\/","og_locale":"pl_PL","og_type":"article","og_title":"TIRTIR Hydro Boost Enzyme Cleansing Balm 120 ml - Balsam do demakija\u017cu i oczyszczania twarzy - Selleetools.com","og_description":"TIRTIR Hydro Boost Enzyme Cleansing Balm to luksusowy balsam do demakija\u017cu i oczyszczania twarzy, kt\u00f3ry zaspokaja potrzeby nawet najbardziej wymagaj\u0105cej sk\u00f3ry. Dzi\u0119ki zawarto\u015bci naturalnych ekstrakt\u00f3w i sk\u0142adnik\u00f3w fermentowanych, balsam nie tylko dog\u0142\u0119bnie oczyszcza sk\u00f3r\u0119, ale te\u017c intensywnie j\u0105 nawil\u017ca i od\u017cywia. Produkt ten \u0142\u0105czy w sobie w\u0142a\u015bciwo\u015bci oczyszczaj\u0105ce i piel\u0119gnacyjne, zapewniaj\u0105c sk\u00f3rze uczucie mi\u0119kko\u015bci, \u015bwie\u017co\u015bci ... Read moreTIRTIR Hydro Boost Enzyme Cleansing Balm 120 ml &#8211; Balsam do demakija\u017cu i oczyszczania twarzy","og_url":"https:\/\/admincentral.selleetools.com\/pl\/product\/tirtir-hydro-boost-enzyme-cleansing-balm-120-ml-balsam-do-demakijazu-i-oczyszczania-twarzy\/","og_site_name":"Selleetools.com","article_modified_time":"2026-01-23T15:43:08+00:00","og_image":[{"width":1280,"height":1280,"url":"https:\/\/selleetools.com\/wp-content\/uploads\/2025\/10\/1a9c9a309d9b0c383976218472da6418.jpg","type":"image\/jpeg"}],"twitter_card":"summary_large_image","twitter_misc":{"Est. reading time":"2 minuty"},"schema":{"@context":"https:\/\/schema.org","@graph":[{"@type":"Organization","@id":"https:\/\/selleetools.com\/#organization","name":"Selleetools","url":"https:\/\/selleetools.com\/","sameAs":[],"logo":{"@type":"ImageObject","inLanguage":"pl-PL","@id":"https:\/\/selleetools.com\/#\/schema\/logo\/image\/","url":"https:\/\/selleetools.com\/wp-content\/uploads\/2021\/10\/logo-dark.png","contentUrl":"https:\/\/selleetools.com\/wp-content\/uploads\/2021\/10\/logo-dark.png","width":320,"height":76,"caption":"Selleetools"},"image":{"@id":"https:\/\/selleetools.com\/#\/schema\/logo\/image\/"}},{"@type":"WebSite","@id":"https:\/\/selleetools.com\/#website","url":"https:\/\/selleetools.com\/","name":"Selleetools.com","description":"","publisher":{"@id":"https:\/\/selleetools.com\/#organization"},"potentialAction":[{"@type":"SearchAction","target":{"@type":"EntryPoint","urlTemplate":"https:\/\/selleetools.com\/?s={search_term_string}"},"query-input":"required name=search_term_string"}],"inLanguage":"pl-PL"},{"@type":"WebPage","@id":"https:\/\/admincentral.selleetools.com\/pl\/product\/tirtir-hydro-boost-enzyme-cleansing-balm-120-ml-balsam-do-demakijazu-i-oczyszczania-twarzy\/","url":"https:\/\/admincentral.selleetools.com\/pl\/product\/tirtir-hydro-boost-enzyme-cleansing-balm-120-ml-balsam-do-demakijazu-i-oczyszczania-twarzy\/","name":"TIRTIR Hydro Boost Enzyme Cleansing Balm 120 ml - Balsam do demakija\u017cu i oczyszczania twarzy - Selleetools.com","isPartOf":{"@id":"https:\/\/selleetools.com\/#website"},"datePublished":"2025-10-24T11:52:33+00:00","dateModified":"2026-01-23T15:43:08+00:00","breadcrumb":{"@id":"https:\/\/admincentral.selleetools.com\/pl\/product\/tirtir-hydro-boost-enzyme-cleansing-balm-120-ml-balsam-do-demakijazu-i-oczyszczania-twarzy\/#breadcrumb"},"inLanguage":"pl-PL","potentialAction":[{"@type":"ReadAction","target":["https:\/\/admincentral.selleetools.com\/pl\/product\/tirtir-hydro-boost-enzyme-cleansing-balm-120-ml-balsam-do-demakijazu-i-oczyszczania-twarzy\/"]}]},{"@type":"BreadcrumbList","@id":"https:\/\/admincentral.selleetools.com\/pl\/product\/tirtir-hydro-boost-enzyme-cleansing-balm-120-ml-balsam-do-demakijazu-i-oczyszczania-twarzy\/#breadcrumb","itemListElement":[{"@type":"ListItem","position":1,"name":"Home","item":"https:\/\/selleetools.com\/pl\/"},{"@type":"ListItem","position":2,"name":"Katalog","item":"https:\/\/selleetools.com\/pl\/katalog\/"},{"@type":"ListItem","position":3,"name":"TIRTIR Hydro Boost Enzyme Cleansing Balm 120 ml &#8211; Balsam do demakija\u017cu i oczyszczania twarzy"}]}]}},"_links":{"self":[{"href":"https:\/\/admincentral.selleetools.com\/pl\/wp-json\/wp\/v2\/product\/606531"}],"collection":[{"href":"https:\/\/admincentral.selleetools.com\/pl\/wp-json\/wp\/v2\/product"}],"about":[{"href":"https:\/\/admincentral.selleetools.com\/pl\/wp-json\/wp\/v2\/types\/product"}],"replies":[{"embeddable":true,"href":"https:\/\/admincentral.selleetools.com\/pl\/wp-json\/wp\/v2\/comments?post=606531"}],"wp:featuredmedia":[{"embeddable":true,"href":"https:\/\/admincentral.selleetools.com\/pl\/wp-json\/wp\/v2\/media\/606529"}],"wp:attachment":[{"href":"https:\/\/admincentral.selleetools.com\/pl\/wp-json\/wp\/v2\/media?parent=606531"}],"curies":[{"name":"wp","href":"https:\/\/api.w.org\/{rel}","templated":true}]}}