{"id":606570,"date":"2025-10-24T13:53:03","date_gmt":"2025-10-24T11:53:03","guid":{"rendered":"https:\/\/selleetools.com\/?post_type=product&#038;p=606570"},"modified":"2025-11-04T21:03:37","modified_gmt":"2025-11-04T20:03:37","slug":"iunik-centella-green-fresh-cleansing-oil-25-ml-mini-olejek-do-demakijazu","status":"publish","type":"product","link":"https:\/\/admincentral.selleetools.com\/pl\/product\/iunik-centella-green-fresh-cleansing-oil-25-ml-mini-olejek-do-demakijazu\/","title":{"rendered":"iUNIK Centella Green Fresh Cleansing Oil 25 ml mini &#8211; olejek do demakija\u017cu"},"content":{"rendered":"<p>iUNIK Centella Green Fresh Cleansing Oil to delikatny, ale skuteczny olejek do demakija\u017cu, kt\u00f3ry dog\u0142\u0119bnie oczyszcza sk\u00f3r\u0119 z zanieczyszcze\u0144 i makija\u017cu, jednocze\u015bnie dbaj\u0105c o jej nawil\u017cenie i ukojenie. Produkt jest stworzony na bazie naturalnych olej\u00f3w ro\u015blinnych, takich jak olej s\u0142onecznikowy, sojowy, jojoba i moringa, kt\u00f3re zapewniaj\u0105 sk\u00f3rze intensywne nawil\u017cenie oraz wyg\u0142adzenie. Zawarto\u015b\u0107 oleju z w\u0105kroty azjatyckiej (centella asiatica) dodatkowo wzmacnia dzia\u0142anie koj\u0105ce, sprawiaj\u0105c, \u017ce olejek idealnie sprawdza si\u0119 w piel\u0119gnacji cery wra\u017cliwej i problematycznej.<\/p>\n<p>Korzy\u015bci dla sk\u00f3ry:<br \/>\nSkuteczne oczyszczenie \u2013 Olejek skutecznie rozpuszcza makija\u017c, zanieczyszczenia i nadmiar sebum, jednocze\u015bnie nie naruszaj\u0105c bariery ochronnej sk\u00f3ry. Jest idealnym wyborem do demakija\u017cu, nawet dla sk\u00f3ry wra\u017cliwej.<br \/>\nNawil\u017cenie i od\u017cywienie \u2013 Dzi\u0119ki obecno\u015bci oleju jojoba, moringa oraz skwalanu, produkt dba o utrzymanie odpowiedniego poziomu nawil\u017cenia, pozostawiaj\u0105c sk\u00f3r\u0119 g\u0142adk\u0105 i mi\u0119kk\u0105 po ka\u017cdym u\u017cyciu.<br \/>\nDzia\u0142anie koj\u0105ce \u2013 Ekstrakty z w\u0105kroty azjatyckiej oraz kurkumy pomagaj\u0105 \u0142agodzi\u0107 podra\u017cnienia i zaczerwienienia, dzi\u0119ki czemu olejek jest idealny dla sk\u00f3ry sk\u0142onnej do reakcji alergicznych lub tr\u0105dziku.<br \/>\nAntyoksydacyjne w\u0142a\u015bciwo\u015bci \u2013 Zawarto\u015b\u0107 ekstrakt\u00f3w z bazylii azjatyckiej i owoc\u00f3w melongena dostarcza sk\u00f3rze przeciwutleniaczy, kt\u00f3re wspomagaj\u0105 ochron\u0119 przed wolnymi rodnikami i spowalniaj\u0105 proces starzenia si\u0119 sk\u00f3ry.<\/p>\n<p>Spos\u00f3b u\u017cycia:<br \/>\nDemakija\u017c \u2013 Na\u0142\u00f3\u017c niewielk\u0105 ilo\u015b\u0107 olejku na such\u0105 sk\u00f3r\u0119 twarzy i masuj kolistymi ruchami, aby rozpu\u015bci\u0107 makija\u017c oraz zanieczyszczenia.<br \/>\nEmulgacja \u2013 Dodaj odrobin\u0119 wody, aby stworzy\u0107 mleczn\u0105 emulsj\u0119, a nast\u0119pnie dok\u0142adnie sp\u0142ucz wod\u0105.<br \/>\nDwuetapowe oczyszczanie \u2013 W przypadku ci\u0119\u017ckiego makija\u017cu lub cery t\u0142ustej, po olejku u\u017cyj delikatnego \u017celu oczyszczaj\u0105cego, aby dog\u0142\u0119bnie oczy\u015bci\u0107 pory i od\u015bwie\u017cy\u0107 sk\u00f3r\u0119.<br \/>\nSk\u0142adniki:<\/p>\n<p>W pe\u0142ni naturalny sk\u0142ad, zawieraj\u0105cy m.in. olej s\u0142onecznikowy, sojowy, z w\u0105kroty azjatyckiej i jojoba, czyni ten olejek bezpiecznym dla sk\u00f3ry i przyjaznym dla \u015brodowiska.<\/p>\n","protected":false},"excerpt":{"rendered":"<p>iUNIK Centella Green Fresh Cleansing Oil to delikatny, ale skuteczny olejek do demakija\u017cu, kt\u00f3ry dog\u0142\u0119bnie oczyszcza sk\u00f3r\u0119 z zanieczyszcze\u0144 i makija\u017cu, jednocze\u015bnie dbaj\u0105c o jej nawil\u017cenie i ukojenie. Produkt jest stworzony na bazie naturalnych olej\u00f3w ro\u015blinnych, takich jak olej s\u0142onecznikowy, sojowy, jojoba i moringa, kt\u00f3re zapewniaj\u0105 sk\u00f3rze intensywne nawil\u017cenie oraz wyg\u0142adzenie. Zawarto\u015b\u0107 oleju z w\u0105kroty &#8230; <a title=\"iUNIK Centella Green Fresh Cleansing Oil 25 ml mini &#8211; olejek do demakija\u017cu\" class=\"read-more\" href=\"https:\/\/admincentral.selleetools.com\/pl\/product\/iunik-centella-green-fresh-cleansing-oil-25-ml-mini-olejek-do-demakijazu\/\">Read more<span class=\"screen-reader-text\">iUNIK Centella Green Fresh Cleansing Oil 25 ml mini &#8211; olejek do demakija\u017cu<\/span><\/a><\/p>\n","protected":false},"featured_media":606568,"comment_status":"open","ping_status":"closed","template":"","meta":{"_links_to":"","_links_to_target":""},"yoast_head":"<!-- This site is optimized with the Yoast SEO plugin v19.4 - https:\/\/yoast.com\/wordpress\/plugins\/seo\/ -->\n<title>iUNIK Centella Green Fresh Cleansing Oil 25 ml mini - olejek do demakija\u017cu - Selleetools.com<\/title>\n<meta name=\"robots\" content=\"index, follow, max-snippet:-1, max-image-preview:large, max-video-preview:-1\" \/>\n<link rel=\"canonical\" href=\"https:\/\/selleetools.com\/pl\/product\/iunik-centella-green-fresh-cleansing-oil-25-ml-mini-olejek-do-demakijazu\/\" \/>\n<meta property=\"og:locale\" content=\"pl_PL\" \/>\n<meta property=\"og:type\" content=\"article\" \/>\n<meta property=\"og:title\" content=\"iUNIK Centella Green Fresh Cleansing Oil 25 ml mini - olejek do demakija\u017cu - Selleetools.com\" \/>\n<meta property=\"og:description\" content=\"iUNIK Centella Green Fresh Cleansing Oil to delikatny, ale skuteczny olejek do demakija\u017cu, kt\u00f3ry dog\u0142\u0119bnie oczyszcza sk\u00f3r\u0119 z zanieczyszcze\u0144 i makija\u017cu, jednocze\u015bnie dbaj\u0105c o jej nawil\u017cenie i ukojenie. Produkt jest stworzony na bazie naturalnych olej\u00f3w ro\u015blinnych, takich jak olej s\u0142onecznikowy, sojowy, jojoba i moringa, kt\u00f3re zapewniaj\u0105 sk\u00f3rze intensywne nawil\u017cenie oraz wyg\u0142adzenie. Zawarto\u015b\u0107 oleju z w\u0105kroty ... Read moreiUNIK Centella Green Fresh Cleansing Oil 25 ml mini &#8211; olejek do demakija\u017cu\" \/>\n<meta property=\"og:url\" content=\"https:\/\/selleetools.com\/pl\/product\/iunik-centella-green-fresh-cleansing-oil-25-ml-mini-olejek-do-demakijazu\/\" \/>\n<meta property=\"og:site_name\" content=\"Selleetools.com\" \/>\n<meta property=\"article:modified_time\" content=\"2025-11-04T20:03:37+00:00\" \/>\n<meta property=\"og:image\" content=\"https:\/\/selleetools.com\/wp-content\/uploads\/2025\/10\/6592bc65bfabd94c3103a4d28abcce11.jpg\" \/>\n\t<meta property=\"og:image:width\" content=\"1000\" \/>\n\t<meta property=\"og:image:height\" content=\"1000\" \/>\n\t<meta property=\"og:image:type\" content=\"image\/jpeg\" \/>\n<meta name=\"twitter:card\" content=\"summary_large_image\" \/>\n<meta name=\"twitter:label1\" content=\"Est. reading time\" \/>\n\t<meta name=\"twitter:data1\" content=\"2 minuty\" \/>\n<!-- \/ Yoast SEO plugin. -->","yoast_head_json":{"title":"iUNIK Centella Green Fresh Cleansing Oil 25 ml mini - olejek do demakija\u017cu - Selleetools.com","robots":{"index":"index","follow":"follow","max-snippet":"max-snippet:-1","max-image-preview":"max-image-preview:large","max-video-preview":"max-video-preview:-1"},"canonical":"https:\/\/selleetools.com\/pl\/product\/iunik-centella-green-fresh-cleansing-oil-25-ml-mini-olejek-do-demakijazu\/","og_locale":"pl_PL","og_type":"article","og_title":"iUNIK Centella Green Fresh Cleansing Oil 25 ml mini - olejek do demakija\u017cu - Selleetools.com","og_description":"iUNIK Centella Green Fresh Cleansing Oil to delikatny, ale skuteczny olejek do demakija\u017cu, kt\u00f3ry dog\u0142\u0119bnie oczyszcza sk\u00f3r\u0119 z zanieczyszcze\u0144 i makija\u017cu, jednocze\u015bnie dbaj\u0105c o jej nawil\u017cenie i ukojenie. Produkt jest stworzony na bazie naturalnych olej\u00f3w ro\u015blinnych, takich jak olej s\u0142onecznikowy, sojowy, jojoba i moringa, kt\u00f3re zapewniaj\u0105 sk\u00f3rze intensywne nawil\u017cenie oraz wyg\u0142adzenie. Zawarto\u015b\u0107 oleju z w\u0105kroty ... Read moreiUNIK Centella Green Fresh Cleansing Oil 25 ml mini &#8211; olejek do demakija\u017cu","og_url":"https:\/\/selleetools.com\/pl\/product\/iunik-centella-green-fresh-cleansing-oil-25-ml-mini-olejek-do-demakijazu\/","og_site_name":"Selleetools.com","article_modified_time":"2025-11-04T20:03:37+00:00","og_image":[{"width":1000,"height":1000,"url":"https:\/\/selleetools.com\/wp-content\/uploads\/2025\/10\/6592bc65bfabd94c3103a4d28abcce11.jpg","type":"image\/jpeg"}],"twitter_card":"summary_large_image","twitter_misc":{"Est. reading time":"2 minuty"},"schema":{"@context":"https:\/\/schema.org","@graph":[{"@type":"Organization","@id":"https:\/\/selleetools.com\/#organization","name":"Selleetools","url":"https:\/\/selleetools.com\/","sameAs":[],"logo":{"@type":"ImageObject","inLanguage":"pl-PL","@id":"https:\/\/selleetools.com\/#\/schema\/logo\/image\/","url":"https:\/\/selleetools.com\/wp-content\/uploads\/2021\/10\/logo-dark.png","contentUrl":"https:\/\/selleetools.com\/wp-content\/uploads\/2021\/10\/logo-dark.png","width":320,"height":76,"caption":"Selleetools"},"image":{"@id":"https:\/\/selleetools.com\/#\/schema\/logo\/image\/"}},{"@type":"WebSite","@id":"https:\/\/selleetools.com\/#website","url":"https:\/\/selleetools.com\/","name":"Selleetools.com","description":"","publisher":{"@id":"https:\/\/selleetools.com\/#organization"},"potentialAction":[{"@type":"SearchAction","target":{"@type":"EntryPoint","urlTemplate":"https:\/\/selleetools.com\/?s={search_term_string}"},"query-input":"required name=search_term_string"}],"inLanguage":"pl-PL"},{"@type":"WebPage","@id":"https:\/\/selleetools.com\/pl\/product\/iunik-centella-green-fresh-cleansing-oil-25-ml-mini-olejek-do-demakijazu\/","url":"https:\/\/selleetools.com\/pl\/product\/iunik-centella-green-fresh-cleansing-oil-25-ml-mini-olejek-do-demakijazu\/","name":"iUNIK Centella Green Fresh Cleansing Oil 25 ml mini - olejek do demakija\u017cu - Selleetools.com","isPartOf":{"@id":"https:\/\/selleetools.com\/#website"},"datePublished":"2025-10-24T11:53:03+00:00","dateModified":"2025-11-04T20:03:37+00:00","breadcrumb":{"@id":"https:\/\/selleetools.com\/pl\/product\/iunik-centella-green-fresh-cleansing-oil-25-ml-mini-olejek-do-demakijazu\/#breadcrumb"},"inLanguage":"pl-PL","potentialAction":[{"@type":"ReadAction","target":["https:\/\/selleetools.com\/pl\/product\/iunik-centella-green-fresh-cleansing-oil-25-ml-mini-olejek-do-demakijazu\/"]}]},{"@type":"BreadcrumbList","@id":"https:\/\/selleetools.com\/pl\/product\/iunik-centella-green-fresh-cleansing-oil-25-ml-mini-olejek-do-demakijazu\/#breadcrumb","itemListElement":[{"@type":"ListItem","position":1,"name":"Home","item":"https:\/\/selleetools.com\/pl\/"},{"@type":"ListItem","position":2,"name":"Katalog","item":"https:\/\/selleetools.com\/pl\/katalog\/"},{"@type":"ListItem","position":3,"name":"iUNIK Centella Green Fresh Cleansing Oil 25 ml mini &#8211; olejek do demakija\u017cu"}]}]}},"_links":{"self":[{"href":"https:\/\/admincentral.selleetools.com\/pl\/wp-json\/wp\/v2\/product\/606570"}],"collection":[{"href":"https:\/\/admincentral.selleetools.com\/pl\/wp-json\/wp\/v2\/product"}],"about":[{"href":"https:\/\/admincentral.selleetools.com\/pl\/wp-json\/wp\/v2\/types\/product"}],"replies":[{"embeddable":true,"href":"https:\/\/admincentral.selleetools.com\/pl\/wp-json\/wp\/v2\/comments?post=606570"}],"wp:featuredmedia":[{"embeddable":true,"href":"https:\/\/admincentral.selleetools.com\/pl\/wp-json\/wp\/v2\/media\/606568"}],"wp:attachment":[{"href":"https:\/\/admincentral.selleetools.com\/pl\/wp-json\/wp\/v2\/media?parent=606570"}],"curies":[{"name":"wp","href":"https:\/\/api.w.org\/{rel}","templated":true}]}}