{"id":606896,"date":"2025-10-24T13:57:00","date_gmt":"2025-10-24T11:57:00","guid":{"rendered":"https:\/\/selleetools.com\/?post_type=product&#038;p=606896"},"modified":"2025-11-04T21:04:19","modified_gmt":"2025-11-04T20:04:19","slug":"heimish-rx-retinol-bakuchiol-booster-oil-35-ml-olejek-pielegnacyjny-do-twarzy-z-retinolem-i-bakuchiolem","status":"publish","type":"product","link":"https:\/\/admincentral.selleetools.com\/pl\/product\/heimish-rx-retinol-bakuchiol-booster-oil-35-ml-olejek-pielegnacyjny-do-twarzy-z-retinolem-i-bakuchiolem\/","title":{"rendered":"Heimish RX Retinol Bakuchiol Booster Oil 35 ml &#8211; olejek piel\u0119gnacyjny do twarzy z retinolem i bakuchiolem"},"content":{"rendered":"<p>Heimish RX Retinol Bakuchiol Booster Oil to intensywnie piel\u0119gnuj\u0105cy olejek do twarzy, \u0142\u0105cz\u0105cy moc retinolu i bakuchiolu. Jego lekka, szybko wch\u0142aniaj\u0105ca si\u0119 formu\u0142a wspiera regeneracj\u0119 sk\u00f3ry, redukuje oznaki starzenia i poprawia jej j\u0119drno\u015b\u0107.<\/p>\n<p>Korzy\u015bci dla sk\u00f3ry:<br \/>\nWyg\u0142adza drobne linie i zmarszczki<br \/>\nPoprawia elastyczno\u015b\u0107 i j\u0119drno\u015b\u0107 sk\u00f3ry<br \/>\nRozja\u015bnia i wyr\u00f3wnuje koloryt cery<br \/>\nNawil\u017ca i wspomaga barier\u0119 ochronn\u0105 sk\u00f3ry<br \/>\nIdealny dla sk\u00f3ry wra\u017cliwej \u2013 \u0142agodniejsza alternatywa dla retinolu<\/p>\n<p>Spos\u00f3b u\u017cycia:<br \/>\nNanie\u015b 2-3 krople olejku na oczyszczon\u0105 i osuszon\u0105 sk\u00f3r\u0119 twarzy, delikatnie wmasowuj\u0105c.<br \/>\nStosuj wieczorem, a w ci\u0105gu dnia pami\u0119taj o aplikacji kremu z filtrem SPF.<br \/>\nWprowadzaj stopniowo do piel\u0119gnacji, aby unikn\u0105\u0107 podra\u017cnie\u0144.<\/p>\n","protected":false},"excerpt":{"rendered":"<p>Heimish RX Retinol Bakuchiol Booster Oil to intensywnie piel\u0119gnuj\u0105cy olejek do twarzy, \u0142\u0105cz\u0105cy moc retinolu i bakuchiolu. Jego lekka, szybko wch\u0142aniaj\u0105ca si\u0119 formu\u0142a wspiera regeneracj\u0119 sk\u00f3ry, redukuje oznaki starzenia i poprawia jej j\u0119drno\u015b\u0107. Korzy\u015bci dla sk\u00f3ry: Wyg\u0142adza drobne linie i zmarszczki Poprawia elastyczno\u015b\u0107 i j\u0119drno\u015b\u0107 sk\u00f3ry Rozja\u015bnia i wyr\u00f3wnuje koloryt cery Nawil\u017ca i wspomaga barier\u0119 &#8230; <a title=\"Heimish RX Retinol Bakuchiol Booster Oil 35 ml &#8211; olejek piel\u0119gnacyjny do twarzy z retinolem i bakuchiolem\" class=\"read-more\" href=\"https:\/\/admincentral.selleetools.com\/pl\/product\/heimish-rx-retinol-bakuchiol-booster-oil-35-ml-olejek-pielegnacyjny-do-twarzy-z-retinolem-i-bakuchiolem\/\">Read more<span class=\"screen-reader-text\">Heimish RX Retinol Bakuchiol Booster Oil 35 ml &#8211; olejek piel\u0119gnacyjny do twarzy z retinolem i bakuchiolem<\/span><\/a><\/p>\n","protected":false},"featured_media":606894,"comment_status":"open","ping_status":"closed","template":"","meta":{"_links_to":"","_links_to_target":""},"yoast_head":"<!-- This site is optimized with the Yoast SEO plugin v19.4 - https:\/\/yoast.com\/wordpress\/plugins\/seo\/ -->\n<title>Heimish RX Retinol Bakuchiol Booster Oil 35 ml - olejek piel\u0119gnacyjny do twarzy z retinolem i bakuchiolem - Selleetools.com<\/title>\n<meta name=\"robots\" content=\"index, follow, max-snippet:-1, max-image-preview:large, max-video-preview:-1\" \/>\n<link rel=\"canonical\" href=\"https:\/\/selleetools.com\/pl\/product\/heimish-rx-retinol-bakuchiol-booster-oil-35-ml-olejek-pielegnacyjny-do-twarzy-z-retinolem-i-bakuchiolem\/\" \/>\n<meta property=\"og:locale\" content=\"pl_PL\" \/>\n<meta property=\"og:type\" content=\"article\" \/>\n<meta property=\"og:title\" content=\"Heimish RX Retinol Bakuchiol Booster Oil 35 ml - olejek piel\u0119gnacyjny do twarzy z retinolem i bakuchiolem - Selleetools.com\" \/>\n<meta property=\"og:description\" content=\"Heimish RX Retinol Bakuchiol Booster Oil to intensywnie piel\u0119gnuj\u0105cy olejek do twarzy, \u0142\u0105cz\u0105cy moc retinolu i bakuchiolu. Jego lekka, szybko wch\u0142aniaj\u0105ca si\u0119 formu\u0142a wspiera regeneracj\u0119 sk\u00f3ry, redukuje oznaki starzenia i poprawia jej j\u0119drno\u015b\u0107. Korzy\u015bci dla sk\u00f3ry: Wyg\u0142adza drobne linie i zmarszczki Poprawia elastyczno\u015b\u0107 i j\u0119drno\u015b\u0107 sk\u00f3ry Rozja\u015bnia i wyr\u00f3wnuje koloryt cery Nawil\u017ca i wspomaga barier\u0119 ... Read moreHeimish RX Retinol Bakuchiol Booster Oil 35 ml &#8211; olejek piel\u0119gnacyjny do twarzy z retinolem i bakuchiolem\" \/>\n<meta property=\"og:url\" content=\"https:\/\/selleetools.com\/pl\/product\/heimish-rx-retinol-bakuchiol-booster-oil-35-ml-olejek-pielegnacyjny-do-twarzy-z-retinolem-i-bakuchiolem\/\" \/>\n<meta property=\"og:site_name\" content=\"Selleetools.com\" \/>\n<meta property=\"article:modified_time\" content=\"2025-11-04T20:04:19+00:00\" \/>\n<meta property=\"og:image\" content=\"https:\/\/selleetools.com\/wp-content\/uploads\/2025\/10\/2327a74bd34ecc8a466dca5a8bc99994.jpg\" \/>\n\t<meta property=\"og:image:width\" content=\"1200\" \/>\n\t<meta property=\"og:image:height\" content=\"1200\" \/>\n\t<meta property=\"og:image:type\" content=\"image\/jpeg\" \/>\n<meta name=\"twitter:card\" content=\"summary_large_image\" \/>\n<meta name=\"twitter:label1\" content=\"Est. reading time\" \/>\n\t<meta name=\"twitter:data1\" content=\"1 minuta\" \/>\n<!-- \/ Yoast SEO plugin. -->","yoast_head_json":{"title":"Heimish RX Retinol Bakuchiol Booster Oil 35 ml - olejek piel\u0119gnacyjny do twarzy z retinolem i bakuchiolem - Selleetools.com","robots":{"index":"index","follow":"follow","max-snippet":"max-snippet:-1","max-image-preview":"max-image-preview:large","max-video-preview":"max-video-preview:-1"},"canonical":"https:\/\/selleetools.com\/pl\/product\/heimish-rx-retinol-bakuchiol-booster-oil-35-ml-olejek-pielegnacyjny-do-twarzy-z-retinolem-i-bakuchiolem\/","og_locale":"pl_PL","og_type":"article","og_title":"Heimish RX Retinol Bakuchiol Booster Oil 35 ml - olejek piel\u0119gnacyjny do twarzy z retinolem i bakuchiolem - Selleetools.com","og_description":"Heimish RX Retinol Bakuchiol Booster Oil to intensywnie piel\u0119gnuj\u0105cy olejek do twarzy, \u0142\u0105cz\u0105cy moc retinolu i bakuchiolu. Jego lekka, szybko wch\u0142aniaj\u0105ca si\u0119 formu\u0142a wspiera regeneracj\u0119 sk\u00f3ry, redukuje oznaki starzenia i poprawia jej j\u0119drno\u015b\u0107. Korzy\u015bci dla sk\u00f3ry: Wyg\u0142adza drobne linie i zmarszczki Poprawia elastyczno\u015b\u0107 i j\u0119drno\u015b\u0107 sk\u00f3ry Rozja\u015bnia i wyr\u00f3wnuje koloryt cery Nawil\u017ca i wspomaga barier\u0119 ... Read moreHeimish RX Retinol Bakuchiol Booster Oil 35 ml &#8211; olejek piel\u0119gnacyjny do twarzy z retinolem i bakuchiolem","og_url":"https:\/\/selleetools.com\/pl\/product\/heimish-rx-retinol-bakuchiol-booster-oil-35-ml-olejek-pielegnacyjny-do-twarzy-z-retinolem-i-bakuchiolem\/","og_site_name":"Selleetools.com","article_modified_time":"2025-11-04T20:04:19+00:00","og_image":[{"width":1200,"height":1200,"url":"https:\/\/selleetools.com\/wp-content\/uploads\/2025\/10\/2327a74bd34ecc8a466dca5a8bc99994.jpg","type":"image\/jpeg"}],"twitter_card":"summary_large_image","twitter_misc":{"Est. reading time":"1 minuta"},"schema":{"@context":"https:\/\/schema.org","@graph":[{"@type":"Organization","@id":"https:\/\/selleetools.com\/#organization","name":"Selleetools","url":"https:\/\/selleetools.com\/","sameAs":[],"logo":{"@type":"ImageObject","inLanguage":"pl-PL","@id":"https:\/\/selleetools.com\/#\/schema\/logo\/image\/","url":"https:\/\/selleetools.com\/wp-content\/uploads\/2021\/10\/logo-dark.png","contentUrl":"https:\/\/selleetools.com\/wp-content\/uploads\/2021\/10\/logo-dark.png","width":320,"height":76,"caption":"Selleetools"},"image":{"@id":"https:\/\/selleetools.com\/#\/schema\/logo\/image\/"}},{"@type":"WebSite","@id":"https:\/\/selleetools.com\/#website","url":"https:\/\/selleetools.com\/","name":"Selleetools.com","description":"","publisher":{"@id":"https:\/\/selleetools.com\/#organization"},"potentialAction":[{"@type":"SearchAction","target":{"@type":"EntryPoint","urlTemplate":"https:\/\/selleetools.com\/?s={search_term_string}"},"query-input":"required name=search_term_string"}],"inLanguage":"pl-PL"},{"@type":"WebPage","@id":"https:\/\/selleetools.com\/pl\/product\/heimish-rx-retinol-bakuchiol-booster-oil-35-ml-olejek-pielegnacyjny-do-twarzy-z-retinolem-i-bakuchiolem\/","url":"https:\/\/selleetools.com\/pl\/product\/heimish-rx-retinol-bakuchiol-booster-oil-35-ml-olejek-pielegnacyjny-do-twarzy-z-retinolem-i-bakuchiolem\/","name":"Heimish RX Retinol Bakuchiol Booster Oil 35 ml - olejek piel\u0119gnacyjny do twarzy z retinolem i bakuchiolem - Selleetools.com","isPartOf":{"@id":"https:\/\/selleetools.com\/#website"},"datePublished":"2025-10-24T11:57:00+00:00","dateModified":"2025-11-04T20:04:19+00:00","breadcrumb":{"@id":"https:\/\/selleetools.com\/pl\/product\/heimish-rx-retinol-bakuchiol-booster-oil-35-ml-olejek-pielegnacyjny-do-twarzy-z-retinolem-i-bakuchiolem\/#breadcrumb"},"inLanguage":"pl-PL","potentialAction":[{"@type":"ReadAction","target":["https:\/\/selleetools.com\/pl\/product\/heimish-rx-retinol-bakuchiol-booster-oil-35-ml-olejek-pielegnacyjny-do-twarzy-z-retinolem-i-bakuchiolem\/"]}]},{"@type":"BreadcrumbList","@id":"https:\/\/selleetools.com\/pl\/product\/heimish-rx-retinol-bakuchiol-booster-oil-35-ml-olejek-pielegnacyjny-do-twarzy-z-retinolem-i-bakuchiolem\/#breadcrumb","itemListElement":[{"@type":"ListItem","position":1,"name":"Home","item":"https:\/\/selleetools.com\/pl\/"},{"@type":"ListItem","position":2,"name":"Katalog","item":"https:\/\/selleetools.com\/pl\/katalog\/"},{"@type":"ListItem","position":3,"name":"Heimish RX Retinol Bakuchiol Booster Oil 35 ml &#8211; olejek piel\u0119gnacyjny do twarzy z retinolem i bakuchiolem"}]}]}},"_links":{"self":[{"href":"https:\/\/admincentral.selleetools.com\/pl\/wp-json\/wp\/v2\/product\/606896"}],"collection":[{"href":"https:\/\/admincentral.selleetools.com\/pl\/wp-json\/wp\/v2\/product"}],"about":[{"href":"https:\/\/admincentral.selleetools.com\/pl\/wp-json\/wp\/v2\/types\/product"}],"replies":[{"embeddable":true,"href":"https:\/\/admincentral.selleetools.com\/pl\/wp-json\/wp\/v2\/comments?post=606896"}],"wp:featuredmedia":[{"embeddable":true,"href":"https:\/\/admincentral.selleetools.com\/pl\/wp-json\/wp\/v2\/media\/606894"}],"wp:attachment":[{"href":"https:\/\/admincentral.selleetools.com\/pl\/wp-json\/wp\/v2\/media?parent=606896"}],"curies":[{"name":"wp","href":"https:\/\/api.w.org\/{rel}","templated":true}]}}