{"id":606905,"date":"2025-10-24T13:57:07","date_gmt":"2025-10-24T11:57:07","guid":{"rendered":"https:\/\/selleetools.com\/?post_type=product&#038;p=606905"},"modified":"2025-11-04T21:04:55","modified_gmt":"2025-11-04T20:04:55","slug":"fwee-lipcheek-blurry-pudding-pot-rs05-film-5-g-2w1-pomadka-i-roz-do-policzkow","status":"publish","type":"product","link":"https:\/\/admincentral.selleetools.com\/pl\/product\/fwee-lipcheek-blurry-pudding-pot-rs05-film-5-g-2w1-pomadka-i-roz-do-policzkow\/","title":{"rendered":"FWEE Lip&#038;Cheek Blurry Pudding Pot RS05 Film 5 g &#8211; 2w1 pomadka i r\u00f3\u017c do policzk\u00f3w"},"content":{"rendered":"<p>FWEE Lip &#038; Cheek Blurry Pudding Pot to innowacyjny kosmetyk 2w1, kt\u00f3ry \u0142\u0105czy funkcj\u0119 pomadki do ust i r\u00f3\u017cu do policzk\u00f3w. Jego aksamitna, kremowa formu\u0142a o lekkiej konsystencji zapewnia subtelne, naturalne wyko\u0144czenie z efektem soft-focus. Odcie\u0144 RS05 Film to romantyczny, ciep\u0142y r\u00f3\u017c, kt\u00f3ry pi\u0119knie podkre\u015bla naturalne pi\u0119kno sk\u00f3ry.<\/p>\n<p>Korzy\u015bci dla sk\u00f3ry:<br \/>\nOd\u017cywienie i nawil\u017cenie \u2013 Mas\u0142o kakaowe oraz ekstrakt z agawy wspomagaj\u0105 regeneracj\u0119 i wyg\u0142adzaj\u0105 sk\u00f3r\u0119.<br \/>\nLekka, komfortowa formu\u0142a \u2013 Dzi\u0119ki silikonowym polimerom kosmetyk doskonale si\u0119 rozprowadza, nie obci\u0105\u017caj\u0105c sk\u00f3ry.<br \/>\nD\u0142ugotrwa\u0142y efekt \u2013 Pigmenty mineralne zapewniaj\u0105 trwa\u0142y, \u015bwie\u017cy wygl\u0105d przez ca\u0142y dzie\u0144.<br \/>\nUniwersalne zastosowanie \u2013 Mo\u017ce by\u0107 stosowany zar\u00f3wno na usta, jak i policzki, co sprawia, \u017ce jest idealnym produktem do szybkiego makija\u017cu.<\/p>\n<p>Spos\u00f3b u\u017cycia:<br \/>\nJako r\u00f3\u017c \u2013 Nanie\u015b odrobin\u0119 produktu na policzki i delikatnie wklep palcami lub rozetrzyj p\u0119dzlem.<br \/>\nJako pomadka \u2013 Aplikuj bezpo\u015brednio na usta, r\u00f3wnomiernie rozprowadzaj\u0105c kolor dla efektu naturalnie zar\u00f3\u017cowionych warg.<\/p>\n<p>Idealny do codziennego makija\u017cu \u2013 podkre\u015bl sw\u00f3j naturalny blask z FWEE Lip &#038; Cheek Blurry Pudding Pot!<\/p>\n","protected":false},"excerpt":{"rendered":"<p>FWEE Lip &#038; Cheek Blurry Pudding Pot to innowacyjny kosmetyk 2w1, kt\u00f3ry \u0142\u0105czy funkcj\u0119 pomadki do ust i r\u00f3\u017cu do policzk\u00f3w. Jego aksamitna, kremowa formu\u0142a o lekkiej konsystencji zapewnia subtelne, naturalne wyko\u0144czenie z efektem soft-focus. Odcie\u0144 RS05 Film to romantyczny, ciep\u0142y r\u00f3\u017c, kt\u00f3ry pi\u0119knie podkre\u015bla naturalne pi\u0119kno sk\u00f3ry. Korzy\u015bci dla sk\u00f3ry: Od\u017cywienie i nawil\u017cenie \u2013 &#8230; <a title=\"FWEE Lip&#038;Cheek Blurry Pudding Pot RS05 Film 5 g &#8211; 2w1 pomadka i r\u00f3\u017c do policzk\u00f3w\" class=\"read-more\" href=\"https:\/\/admincentral.selleetools.com\/pl\/product\/fwee-lipcheek-blurry-pudding-pot-rs05-film-5-g-2w1-pomadka-i-roz-do-policzkow\/\">Read more<span class=\"screen-reader-text\">FWEE Lip&#038;Cheek Blurry Pudding Pot RS05 Film 5 g &#8211; 2w1 pomadka i r\u00f3\u017c do policzk\u00f3w<\/span><\/a><\/p>\n","protected":false},"featured_media":606903,"comment_status":"open","ping_status":"closed","template":"","meta":{"_links_to":"","_links_to_target":""},"yoast_head":"<!-- This site is optimized with the Yoast SEO plugin v19.4 - https:\/\/yoast.com\/wordpress\/plugins\/seo\/ -->\n<title>FWEE Lip&amp;Cheek Blurry Pudding Pot RS05 Film 5 g - 2w1 pomadka i r\u00f3\u017c do policzk\u00f3w - Selleetools.com<\/title>\n<meta name=\"robots\" content=\"index, follow, max-snippet:-1, max-image-preview:large, max-video-preview:-1\" \/>\n<link rel=\"canonical\" href=\"https:\/\/selleetools.com\/pl\/product\/fwee-lipcheek-blurry-pudding-pot-rs05-film-5-g-2w1-pomadka-i-roz-do-policzkow\/\" \/>\n<meta property=\"og:locale\" content=\"pl_PL\" \/>\n<meta property=\"og:type\" content=\"article\" \/>\n<meta property=\"og:title\" content=\"FWEE Lip&amp;Cheek Blurry Pudding Pot RS05 Film 5 g - 2w1 pomadka i r\u00f3\u017c do policzk\u00f3w - Selleetools.com\" \/>\n<meta property=\"og:description\" content=\"FWEE Lip &#038; Cheek Blurry Pudding Pot to innowacyjny kosmetyk 2w1, kt\u00f3ry \u0142\u0105czy funkcj\u0119 pomadki do ust i r\u00f3\u017cu do policzk\u00f3w. Jego aksamitna, kremowa formu\u0142a o lekkiej konsystencji zapewnia subtelne, naturalne wyko\u0144czenie z efektem soft-focus. Odcie\u0144 RS05 Film to romantyczny, ciep\u0142y r\u00f3\u017c, kt\u00f3ry pi\u0119knie podkre\u015bla naturalne pi\u0119kno sk\u00f3ry. Korzy\u015bci dla sk\u00f3ry: Od\u017cywienie i nawil\u017cenie \u2013 ... Read moreFWEE Lip&#038;Cheek Blurry Pudding Pot RS05 Film 5 g &#8211; 2w1 pomadka i r\u00f3\u017c do policzk\u00f3w\" \/>\n<meta property=\"og:url\" content=\"https:\/\/selleetools.com\/pl\/product\/fwee-lipcheek-blurry-pudding-pot-rs05-film-5-g-2w1-pomadka-i-roz-do-policzkow\/\" \/>\n<meta property=\"og:site_name\" content=\"Selleetools.com\" \/>\n<meta property=\"article:modified_time\" content=\"2025-11-04T20:04:55+00:00\" \/>\n<meta property=\"og:image\" content=\"https:\/\/selleetools.com\/wp-content\/uploads\/2025\/10\/b7b0f9d9b3ff75fe5cb30157178220a6.jpg\" \/>\n\t<meta property=\"og:image:width\" content=\"1000\" \/>\n\t<meta property=\"og:image:height\" content=\"1000\" \/>\n\t<meta property=\"og:image:type\" content=\"image\/jpeg\" \/>\n<meta name=\"twitter:card\" content=\"summary_large_image\" \/>\n<meta name=\"twitter:label1\" content=\"Est. reading time\" \/>\n\t<meta name=\"twitter:data1\" content=\"1 minuta\" \/>\n<!-- \/ Yoast SEO plugin. -->","yoast_head_json":{"title":"FWEE Lip&Cheek Blurry Pudding Pot RS05 Film 5 g - 2w1 pomadka i r\u00f3\u017c do policzk\u00f3w - Selleetools.com","robots":{"index":"index","follow":"follow","max-snippet":"max-snippet:-1","max-image-preview":"max-image-preview:large","max-video-preview":"max-video-preview:-1"},"canonical":"https:\/\/selleetools.com\/pl\/product\/fwee-lipcheek-blurry-pudding-pot-rs05-film-5-g-2w1-pomadka-i-roz-do-policzkow\/","og_locale":"pl_PL","og_type":"article","og_title":"FWEE Lip&Cheek Blurry Pudding Pot RS05 Film 5 g - 2w1 pomadka i r\u00f3\u017c do policzk\u00f3w - Selleetools.com","og_description":"FWEE Lip &#038; Cheek Blurry Pudding Pot to innowacyjny kosmetyk 2w1, kt\u00f3ry \u0142\u0105czy funkcj\u0119 pomadki do ust i r\u00f3\u017cu do policzk\u00f3w. Jego aksamitna, kremowa formu\u0142a o lekkiej konsystencji zapewnia subtelne, naturalne wyko\u0144czenie z efektem soft-focus. Odcie\u0144 RS05 Film to romantyczny, ciep\u0142y r\u00f3\u017c, kt\u00f3ry pi\u0119knie podkre\u015bla naturalne pi\u0119kno sk\u00f3ry. Korzy\u015bci dla sk\u00f3ry: Od\u017cywienie i nawil\u017cenie \u2013 ... Read moreFWEE Lip&#038;Cheek Blurry Pudding Pot RS05 Film 5 g &#8211; 2w1 pomadka i r\u00f3\u017c do policzk\u00f3w","og_url":"https:\/\/selleetools.com\/pl\/product\/fwee-lipcheek-blurry-pudding-pot-rs05-film-5-g-2w1-pomadka-i-roz-do-policzkow\/","og_site_name":"Selleetools.com","article_modified_time":"2025-11-04T20:04:55+00:00","og_image":[{"width":1000,"height":1000,"url":"https:\/\/selleetools.com\/wp-content\/uploads\/2025\/10\/b7b0f9d9b3ff75fe5cb30157178220a6.jpg","type":"image\/jpeg"}],"twitter_card":"summary_large_image","twitter_misc":{"Est. reading time":"1 minuta"},"schema":{"@context":"https:\/\/schema.org","@graph":[{"@type":"Organization","@id":"https:\/\/selleetools.com\/#organization","name":"Selleetools","url":"https:\/\/selleetools.com\/","sameAs":[],"logo":{"@type":"ImageObject","inLanguage":"pl-PL","@id":"https:\/\/selleetools.com\/#\/schema\/logo\/image\/","url":"https:\/\/selleetools.com\/wp-content\/uploads\/2021\/10\/logo-dark.png","contentUrl":"https:\/\/selleetools.com\/wp-content\/uploads\/2021\/10\/logo-dark.png","width":320,"height":76,"caption":"Selleetools"},"image":{"@id":"https:\/\/selleetools.com\/#\/schema\/logo\/image\/"}},{"@type":"WebSite","@id":"https:\/\/selleetools.com\/#website","url":"https:\/\/selleetools.com\/","name":"Selleetools.com","description":"","publisher":{"@id":"https:\/\/selleetools.com\/#organization"},"potentialAction":[{"@type":"SearchAction","target":{"@type":"EntryPoint","urlTemplate":"https:\/\/selleetools.com\/?s={search_term_string}"},"query-input":"required name=search_term_string"}],"inLanguage":"pl-PL"},{"@type":"WebPage","@id":"https:\/\/selleetools.com\/pl\/product\/fwee-lipcheek-blurry-pudding-pot-rs05-film-5-g-2w1-pomadka-i-roz-do-policzkow\/","url":"https:\/\/selleetools.com\/pl\/product\/fwee-lipcheek-blurry-pudding-pot-rs05-film-5-g-2w1-pomadka-i-roz-do-policzkow\/","name":"FWEE Lip&Cheek Blurry Pudding Pot RS05 Film 5 g - 2w1 pomadka i r\u00f3\u017c do policzk\u00f3w - Selleetools.com","isPartOf":{"@id":"https:\/\/selleetools.com\/#website"},"datePublished":"2025-10-24T11:57:07+00:00","dateModified":"2025-11-04T20:04:55+00:00","breadcrumb":{"@id":"https:\/\/selleetools.com\/pl\/product\/fwee-lipcheek-blurry-pudding-pot-rs05-film-5-g-2w1-pomadka-i-roz-do-policzkow\/#breadcrumb"},"inLanguage":"pl-PL","potentialAction":[{"@type":"ReadAction","target":["https:\/\/selleetools.com\/pl\/product\/fwee-lipcheek-blurry-pudding-pot-rs05-film-5-g-2w1-pomadka-i-roz-do-policzkow\/"]}]},{"@type":"BreadcrumbList","@id":"https:\/\/selleetools.com\/pl\/product\/fwee-lipcheek-blurry-pudding-pot-rs05-film-5-g-2w1-pomadka-i-roz-do-policzkow\/#breadcrumb","itemListElement":[{"@type":"ListItem","position":1,"name":"Home","item":"https:\/\/selleetools.com\/pl\/"},{"@type":"ListItem","position":2,"name":"Katalog","item":"https:\/\/selleetools.com\/pl\/katalog\/"},{"@type":"ListItem","position":3,"name":"FWEE Lip&#038;Cheek Blurry Pudding Pot RS05 Film 5 g &#8211; 2w1 pomadka i r\u00f3\u017c do policzk\u00f3w"}]}]}},"_links":{"self":[{"href":"https:\/\/admincentral.selleetools.com\/pl\/wp-json\/wp\/v2\/product\/606905"}],"collection":[{"href":"https:\/\/admincentral.selleetools.com\/pl\/wp-json\/wp\/v2\/product"}],"about":[{"href":"https:\/\/admincentral.selleetools.com\/pl\/wp-json\/wp\/v2\/types\/product"}],"replies":[{"embeddable":true,"href":"https:\/\/admincentral.selleetools.com\/pl\/wp-json\/wp\/v2\/comments?post=606905"}],"wp:featuredmedia":[{"embeddable":true,"href":"https:\/\/admincentral.selleetools.com\/pl\/wp-json\/wp\/v2\/media\/606903"}],"wp:attachment":[{"href":"https:\/\/admincentral.selleetools.com\/pl\/wp-json\/wp\/v2\/media?parent=606905"}],"curies":[{"name":"wp","href":"https:\/\/api.w.org\/{rel}","templated":true}]}}