{"id":606917,"date":"2025-10-24T13:57:17","date_gmt":"2025-10-24T11:57:17","guid":{"rendered":"https:\/\/selleetools.com\/?post_type=product&#038;p=606917"},"modified":"2026-03-03T12:01:42","modified_gmt":"2026-03-03T11:01:42","slug":"tirtir-mask-fit-aura-cushion-24w-soft-beige-18-g-podklad-w-formie-cushion","status":"publish","type":"product","link":"https:\/\/admincentral.selleetools.com\/pl\/product\/tirtir-mask-fit-aura-cushion-24w-soft-beige-18-g-podklad-w-formie-cushion\/","title":{"rendered":"TIRTIR Mask Fit Aura Cushion 24W Soft beige 18 g &#8211; Podk\u0142ad w formie cushion"},"content":{"rendered":"<p>TIRTIR Mask Fit Aura Cushion to luksusowy podk\u0142ad w formie cushion, kt\u00f3ry zapewnia perfekcyjne krycie, naturalne wyko\u0144czenie i d\u0142ugotrwa\u0142\u0105 trwa\u0142o\u015b\u0107. Odcie\u0144 24W Soft Beige idealnie dopasowuje si\u0119 do jasnej karnacji o ciep\u0142ych tonach, wyr\u00f3wnuj\u0105c koloryt sk\u00f3ry i nadaj\u0105c jej zdrowy blask.<\/p>\n<p>Korzy\u015bci dla sk\u00f3ry:<br \/>\nD\u0142ugotrwa\u0142e krycie \u2013 lekka, ale dobrze kryj\u0105ca formu\u0142a ukrywa niedoskona\u0142o\u015bci i zaczerwienienia.<br \/>\nNawil\u017cenie i od\u017cywienie \u2013 zawiera s\u00f3d hialuronianu oraz sok z brzozy japo\u0144skiej, kt\u00f3re zapewniaj\u0105 sk\u00f3rze odpowiednie nawil\u017cenie.<br \/>\nEfekt roz\u015bwietlenia \u2013 naturalna mika i ekstrakt z owoc\u00f3w Caesalpinia Spinosa nadaj\u0105 sk\u00f3rze promienny wygl\u0105d.<br \/>\nOchrona przed czynnikami zewn\u0119trznymi \u2013 dzi\u0119ki zawarto\u015bci dwutlenku tytanu dzia\u0142a jak filtr przeciws\u0142oneczny, chroni\u0105c sk\u00f3r\u0119 przed promieniowaniem UV.<br \/>\nLekka formu\u0142a bez efektu maski \u2013 technologia cushion pozwala uzyska\u0107 naturalny efekt bez obci\u0105\u017cania sk\u00f3ry.<\/p>\n<p>Spos\u00f3b u\u017cycia:<br \/>\nOtw\u00f3rz opakowanie i delikatnie doci\u015bnij g\u0105beczk\u0105 do powierzchni podk\u0142adu.<br \/>\nAplikuj produkt na twarz lekkimi, stempluj\u0105cymi ruchami, aby uzyska\u0107 r\u00f3wnomierne pokrycie.<br \/>\nDla mocniejszego krycia na\u0142\u00f3\u017c dodatkow\u0105 warstw\u0119 w miejscach wymagaj\u0105cych wi\u0119kszego kamufla\u017cu.<br \/>\nProdukt mo\u017cna stosowa\u0107 samodzielnie lub jako baz\u0119 pod inne kosmetyki do makija\u017cu.<\/p>\n<p>Idealny wyb\u00f3r dla os\u00f3b szukaj\u0105cych trwa\u0142ego, nawil\u017caj\u0105cego i roz\u015bwietlaj\u0105cego podk\u0142adu w wygodnej formie cushion!<\/p>\n","protected":false},"excerpt":{"rendered":"<p>TIRTIR Mask Fit Aura Cushion to luksusowy podk\u0142ad w formie cushion, kt\u00f3ry zapewnia perfekcyjne krycie, naturalne wyko\u0144czenie i d\u0142ugotrwa\u0142\u0105 trwa\u0142o\u015b\u0107. Odcie\u0144 24W Soft Beige idealnie dopasowuje si\u0119 do jasnej karnacji o ciep\u0142ych tonach, wyr\u00f3wnuj\u0105c koloryt sk\u00f3ry i nadaj\u0105c jej zdrowy blask. Korzy\u015bci dla sk\u00f3ry: D\u0142ugotrwa\u0142e krycie \u2013 lekka, ale dobrze kryj\u0105ca formu\u0142a ukrywa niedoskona\u0142o\u015bci i &#8230; <a title=\"TIRTIR Mask Fit Aura Cushion 24W Soft beige 18 g &#8211; Podk\u0142ad w formie cushion\" class=\"read-more\" href=\"https:\/\/admincentral.selleetools.com\/pl\/product\/tirtir-mask-fit-aura-cushion-24w-soft-beige-18-g-podklad-w-formie-cushion\/\">Read more<span class=\"screen-reader-text\">TIRTIR Mask Fit Aura Cushion 24W Soft beige 18 g &#8211; Podk\u0142ad w formie cushion<\/span><\/a><\/p>\n","protected":false},"featured_media":606915,"comment_status":"open","ping_status":"closed","template":"","meta":{"_links_to":"","_links_to_target":""},"yoast_head":"<!-- This site is optimized with the Yoast SEO plugin v19.4 - https:\/\/yoast.com\/wordpress\/plugins\/seo\/ -->\n<title>TIRTIR Mask Fit Aura Cushion 24W Soft beige 18 g - Podk\u0142ad w formie cushion - Selleetools.com<\/title>\n<meta name=\"robots\" content=\"index, follow, max-snippet:-1, max-image-preview:large, max-video-preview:-1\" \/>\n<link rel=\"canonical\" href=\"https:\/\/admincentral.selleetools.com\/pl\/product\/tirtir-mask-fit-aura-cushion-24w-soft-beige-18-g-podklad-w-formie-cushion\/\" \/>\n<meta property=\"og:locale\" content=\"pl_PL\" \/>\n<meta property=\"og:type\" content=\"article\" \/>\n<meta property=\"og:title\" content=\"TIRTIR Mask Fit Aura Cushion 24W Soft beige 18 g - Podk\u0142ad w formie cushion - Selleetools.com\" \/>\n<meta property=\"og:description\" content=\"TIRTIR Mask Fit Aura Cushion to luksusowy podk\u0142ad w formie cushion, kt\u00f3ry zapewnia perfekcyjne krycie, naturalne wyko\u0144czenie i d\u0142ugotrwa\u0142\u0105 trwa\u0142o\u015b\u0107. Odcie\u0144 24W Soft Beige idealnie dopasowuje si\u0119 do jasnej karnacji o ciep\u0142ych tonach, wyr\u00f3wnuj\u0105c koloryt sk\u00f3ry i nadaj\u0105c jej zdrowy blask. Korzy\u015bci dla sk\u00f3ry: D\u0142ugotrwa\u0142e krycie \u2013 lekka, ale dobrze kryj\u0105ca formu\u0142a ukrywa niedoskona\u0142o\u015bci i ... Read moreTIRTIR Mask Fit Aura Cushion 24W Soft beige 18 g &#8211; Podk\u0142ad w formie cushion\" \/>\n<meta property=\"og:url\" content=\"https:\/\/admincentral.selleetools.com\/pl\/product\/tirtir-mask-fit-aura-cushion-24w-soft-beige-18-g-podklad-w-formie-cushion\/\" \/>\n<meta property=\"og:site_name\" content=\"Selleetools.com\" \/>\n<meta property=\"article:modified_time\" content=\"2026-03-03T11:01:42+00:00\" \/>\n<meta property=\"og:image\" content=\"https:\/\/selleetools.com\/wp-content\/uploads\/2025\/10\/d5c0b4ab2104b50ac240e0fa511b45eb.jpg\" \/>\n\t<meta property=\"og:image:width\" content=\"1000\" \/>\n\t<meta property=\"og:image:height\" content=\"1000\" \/>\n\t<meta property=\"og:image:type\" content=\"image\/jpeg\" \/>\n<meta name=\"twitter:card\" content=\"summary_large_image\" \/>\n<meta name=\"twitter:label1\" content=\"Est. reading time\" \/>\n\t<meta name=\"twitter:data1\" content=\"1 minuta\" \/>\n<!-- \/ Yoast SEO plugin. -->","yoast_head_json":{"title":"TIRTIR Mask Fit Aura Cushion 24W Soft beige 18 g - Podk\u0142ad w formie cushion - Selleetools.com","robots":{"index":"index","follow":"follow","max-snippet":"max-snippet:-1","max-image-preview":"max-image-preview:large","max-video-preview":"max-video-preview:-1"},"canonical":"https:\/\/admincentral.selleetools.com\/pl\/product\/tirtir-mask-fit-aura-cushion-24w-soft-beige-18-g-podklad-w-formie-cushion\/","og_locale":"pl_PL","og_type":"article","og_title":"TIRTIR Mask Fit Aura Cushion 24W Soft beige 18 g - Podk\u0142ad w formie cushion - Selleetools.com","og_description":"TIRTIR Mask Fit Aura Cushion to luksusowy podk\u0142ad w formie cushion, kt\u00f3ry zapewnia perfekcyjne krycie, naturalne wyko\u0144czenie i d\u0142ugotrwa\u0142\u0105 trwa\u0142o\u015b\u0107. Odcie\u0144 24W Soft Beige idealnie dopasowuje si\u0119 do jasnej karnacji o ciep\u0142ych tonach, wyr\u00f3wnuj\u0105c koloryt sk\u00f3ry i nadaj\u0105c jej zdrowy blask. Korzy\u015bci dla sk\u00f3ry: D\u0142ugotrwa\u0142e krycie \u2013 lekka, ale dobrze kryj\u0105ca formu\u0142a ukrywa niedoskona\u0142o\u015bci i ... Read moreTIRTIR Mask Fit Aura Cushion 24W Soft beige 18 g &#8211; Podk\u0142ad w formie cushion","og_url":"https:\/\/admincentral.selleetools.com\/pl\/product\/tirtir-mask-fit-aura-cushion-24w-soft-beige-18-g-podklad-w-formie-cushion\/","og_site_name":"Selleetools.com","article_modified_time":"2026-03-03T11:01:42+00:00","og_image":[{"width":1000,"height":1000,"url":"https:\/\/selleetools.com\/wp-content\/uploads\/2025\/10\/d5c0b4ab2104b50ac240e0fa511b45eb.jpg","type":"image\/jpeg"}],"twitter_card":"summary_large_image","twitter_misc":{"Est. reading time":"1 minuta"},"schema":{"@context":"https:\/\/schema.org","@graph":[{"@type":"Organization","@id":"https:\/\/selleetools.com\/#organization","name":"Selleetools","url":"https:\/\/selleetools.com\/","sameAs":[],"logo":{"@type":"ImageObject","inLanguage":"pl-PL","@id":"https:\/\/selleetools.com\/#\/schema\/logo\/image\/","url":"https:\/\/selleetools.com\/wp-content\/uploads\/2021\/10\/logo-dark.png","contentUrl":"https:\/\/selleetools.com\/wp-content\/uploads\/2021\/10\/logo-dark.png","width":320,"height":76,"caption":"Selleetools"},"image":{"@id":"https:\/\/selleetools.com\/#\/schema\/logo\/image\/"}},{"@type":"WebSite","@id":"https:\/\/selleetools.com\/#website","url":"https:\/\/selleetools.com\/","name":"Selleetools.com","description":"","publisher":{"@id":"https:\/\/selleetools.com\/#organization"},"potentialAction":[{"@type":"SearchAction","target":{"@type":"EntryPoint","urlTemplate":"https:\/\/selleetools.com\/?s={search_term_string}"},"query-input":"required name=search_term_string"}],"inLanguage":"pl-PL"},{"@type":"WebPage","@id":"https:\/\/admincentral.selleetools.com\/pl\/product\/tirtir-mask-fit-aura-cushion-24w-soft-beige-18-g-podklad-w-formie-cushion\/","url":"https:\/\/admincentral.selleetools.com\/pl\/product\/tirtir-mask-fit-aura-cushion-24w-soft-beige-18-g-podklad-w-formie-cushion\/","name":"TIRTIR Mask Fit Aura Cushion 24W Soft beige 18 g - Podk\u0142ad w formie cushion - Selleetools.com","isPartOf":{"@id":"https:\/\/selleetools.com\/#website"},"datePublished":"2025-10-24T11:57:17+00:00","dateModified":"2026-03-03T11:01:42+00:00","breadcrumb":{"@id":"https:\/\/admincentral.selleetools.com\/pl\/product\/tirtir-mask-fit-aura-cushion-24w-soft-beige-18-g-podklad-w-formie-cushion\/#breadcrumb"},"inLanguage":"pl-PL","potentialAction":[{"@type":"ReadAction","target":["https:\/\/admincentral.selleetools.com\/pl\/product\/tirtir-mask-fit-aura-cushion-24w-soft-beige-18-g-podklad-w-formie-cushion\/"]}]},{"@type":"BreadcrumbList","@id":"https:\/\/admincentral.selleetools.com\/pl\/product\/tirtir-mask-fit-aura-cushion-24w-soft-beige-18-g-podklad-w-formie-cushion\/#breadcrumb","itemListElement":[{"@type":"ListItem","position":1,"name":"Home","item":"https:\/\/selleetools.com\/pl\/"},{"@type":"ListItem","position":2,"name":"Katalog","item":"https:\/\/selleetools.com\/pl\/katalog\/"},{"@type":"ListItem","position":3,"name":"TIRTIR Mask Fit Aura Cushion 24W Soft beige 18 g &#8211; Podk\u0142ad w formie cushion"}]}]}},"_links":{"self":[{"href":"https:\/\/admincentral.selleetools.com\/pl\/wp-json\/wp\/v2\/product\/606917"}],"collection":[{"href":"https:\/\/admincentral.selleetools.com\/pl\/wp-json\/wp\/v2\/product"}],"about":[{"href":"https:\/\/admincentral.selleetools.com\/pl\/wp-json\/wp\/v2\/types\/product"}],"replies":[{"embeddable":true,"href":"https:\/\/admincentral.selleetools.com\/pl\/wp-json\/wp\/v2\/comments?post=606917"}],"wp:featuredmedia":[{"embeddable":true,"href":"https:\/\/admincentral.selleetools.com\/pl\/wp-json\/wp\/v2\/media\/606915"}],"wp:attachment":[{"href":"https:\/\/admincentral.selleetools.com\/pl\/wp-json\/wp\/v2\/media?parent=606917"}],"curies":[{"name":"wp","href":"https:\/\/api.w.org\/{rel}","templated":true}]}}