{"id":606948,"date":"2025-10-24T13:57:40","date_gmt":"2025-10-24T11:57:40","guid":{"rendered":"https:\/\/selleetools.com\/?post_type=product&#038;p=606948"},"modified":"2025-11-04T21:05:29","modified_gmt":"2025-11-04T20:05:29","slug":"medicube-collagen-jelly-cream-50-ml-krem-nawilzajacy-o-lekkiej-konsystencji","status":"publish","type":"product","link":"https:\/\/admincentral.selleetools.com\/pl\/product\/medicube-collagen-jelly-cream-50-ml-krem-nawilzajacy-o-lekkiej-konsystencji\/","title":{"rendered":"Medicube Collagen Jelly Cream 50 ml &#8211; krem nawil\u017caj\u0105cy o lekkiej konsystencji"},"content":{"rendered":"<p>Medicube Collagen Jelly Cream to innowacyjny krem o lekkiej, \u017celowej konsystencji, kt\u00f3ry intensywnie nawil\u017ca i poprawia elastyczno\u015b\u0107 sk\u00f3ry. Zawiera kompleks kolagenu (Collagen, Hydrolyzed Collagen, Soluble Collagen), ekstrakty ro\u015blinne i antyoksydanty, kt\u00f3re wspieraj\u0105 regeneracj\u0119 sk\u00f3ry i redukcj\u0119 oznak starzenia.<\/p>\n<p>Korzy\u015bci dla sk\u00f3ry:<br \/>\nIntensywne nawil\u017cenie \u2013 dzi\u0119ki zawarto\u015bci trehalozy i kwasu hialuronowego sk\u00f3ra staje si\u0119 g\u0142adka i elastyczna.<br \/>\nPoprawa j\u0119drno\u015bci i elastyczno\u015bci \u2013 kolagen i elastyna wspomagaj\u0105 regeneracj\u0119 i uj\u0119drnienie sk\u00f3ry.<br \/>\nRoz\u015bwietlenie i wyr\u00f3wnanie kolorytu \u2013 niacynamid dzia\u0142a rozja\u015bniaj\u0105co i redukuje przebarwienia.<br \/>\nOchrona przed wolnymi rodnikami \u2013 ekstrakty ro\u015blinne (broku\u0142, zielona herbata, jagody) pomagaj\u0105 zwalcza\u0107 oznaki starzenia.<br \/>\nPoprawa bariery ochronnej sk\u00f3ry \u2013 squalane i witamina E wzmacniaj\u0105 sk\u00f3r\u0119 i chroni\u0105 przed utrat\u0105 wilgoci.<\/p>\n<p>Spos\u00f3b u\u017cycia:<br \/>\nNa\u0142\u00f3\u017c odpowiedni\u0105 ilo\u015b\u0107 kremu na oczyszczon\u0105 sk\u00f3r\u0119 twarzy i delikatnie wmasuj do ca\u0142kowitego wch\u0142oni\u0119cia. Stosuj rano i wieczorem jako ostatni etap piel\u0119gnacji.<\/p>\n<p>Idealny dla sk\u00f3ry suchej, odwodnionej i pozbawionej j\u0119drno\u015bci.<\/p>\n","protected":false},"excerpt":{"rendered":"<p>Medicube Collagen Jelly Cream to innowacyjny krem o lekkiej, \u017celowej konsystencji, kt\u00f3ry intensywnie nawil\u017ca i poprawia elastyczno\u015b\u0107 sk\u00f3ry. Zawiera kompleks kolagenu (Collagen, Hydrolyzed Collagen, Soluble Collagen), ekstrakty ro\u015blinne i antyoksydanty, kt\u00f3re wspieraj\u0105 regeneracj\u0119 sk\u00f3ry i redukcj\u0119 oznak starzenia. Korzy\u015bci dla sk\u00f3ry: Intensywne nawil\u017cenie \u2013 dzi\u0119ki zawarto\u015bci trehalozy i kwasu hialuronowego sk\u00f3ra staje si\u0119 g\u0142adka i &#8230; <a title=\"Medicube Collagen Jelly Cream 50 ml &#8211; krem nawil\u017caj\u0105cy o lekkiej konsystencji\" class=\"read-more\" href=\"https:\/\/admincentral.selleetools.com\/pl\/product\/medicube-collagen-jelly-cream-50-ml-krem-nawilzajacy-o-lekkiej-konsystencji\/\">Read more<span class=\"screen-reader-text\">Medicube Collagen Jelly Cream 50 ml &#8211; krem nawil\u017caj\u0105cy o lekkiej konsystencji<\/span><\/a><\/p>\n","protected":false},"featured_media":606946,"comment_status":"open","ping_status":"closed","template":"","meta":{"_links_to":"","_links_to_target":""},"yoast_head":"<!-- This site is optimized with the Yoast SEO plugin v19.4 - https:\/\/yoast.com\/wordpress\/plugins\/seo\/ -->\n<title>Medicube Collagen Jelly Cream 50 ml - krem nawil\u017caj\u0105cy o lekkiej konsystencji - Selleetools.com<\/title>\n<meta name=\"robots\" content=\"index, follow, max-snippet:-1, max-image-preview:large, max-video-preview:-1\" \/>\n<link rel=\"canonical\" href=\"https:\/\/selleetools.com\/product\/medicube-collagen-jelly-cream-50-ml-krem-nawilzajacy-o-lekkiej-konsystencji\/\" \/>\n<meta property=\"og:locale\" content=\"pl_PL\" \/>\n<meta property=\"og:type\" content=\"article\" \/>\n<meta property=\"og:title\" content=\"Medicube Collagen Jelly Cream 50 ml - krem nawil\u017caj\u0105cy o lekkiej konsystencji - Selleetools.com\" \/>\n<meta property=\"og:description\" content=\"Medicube Collagen Jelly Cream to innowacyjny krem o lekkiej, \u017celowej konsystencji, kt\u00f3ry intensywnie nawil\u017ca i poprawia elastyczno\u015b\u0107 sk\u00f3ry. Zawiera kompleks kolagenu (Collagen, Hydrolyzed Collagen, Soluble Collagen), ekstrakty ro\u015blinne i antyoksydanty, kt\u00f3re wspieraj\u0105 regeneracj\u0119 sk\u00f3ry i redukcj\u0119 oznak starzenia. Korzy\u015bci dla sk\u00f3ry: Intensywne nawil\u017cenie \u2013 dzi\u0119ki zawarto\u015bci trehalozy i kwasu hialuronowego sk\u00f3ra staje si\u0119 g\u0142adka i ... Read moreMedicube Collagen Jelly Cream 50 ml &#8211; krem nawil\u017caj\u0105cy o lekkiej konsystencji\" \/>\n<meta property=\"og:url\" content=\"https:\/\/selleetools.com\/product\/medicube-collagen-jelly-cream-50-ml-krem-nawilzajacy-o-lekkiej-konsystencji\/\" \/>\n<meta property=\"og:site_name\" content=\"Selleetools.com\" \/>\n<meta property=\"article:modified_time\" content=\"2025-11-04T20:05:29+00:00\" \/>\n<meta property=\"og:image\" content=\"https:\/\/selleetools.com\/wp-content\/uploads\/2025\/10\/ab4ce3ce7e49c2c60ad018113574c168.jpg\" \/>\n\t<meta property=\"og:image:width\" content=\"1200\" \/>\n\t<meta property=\"og:image:height\" content=\"1200\" \/>\n\t<meta property=\"og:image:type\" content=\"image\/jpeg\" \/>\n<meta name=\"twitter:card\" content=\"summary_large_image\" \/>\n<meta name=\"twitter:label1\" content=\"Est. reading time\" \/>\n\t<meta name=\"twitter:data1\" content=\"1 minuta\" \/>\n<!-- \/ Yoast SEO plugin. -->","yoast_head_json":{"title":"Medicube Collagen Jelly Cream 50 ml - krem nawil\u017caj\u0105cy o lekkiej konsystencji - Selleetools.com","robots":{"index":"index","follow":"follow","max-snippet":"max-snippet:-1","max-image-preview":"max-image-preview:large","max-video-preview":"max-video-preview:-1"},"canonical":"https:\/\/selleetools.com\/product\/medicube-collagen-jelly-cream-50-ml-krem-nawilzajacy-o-lekkiej-konsystencji\/","og_locale":"pl_PL","og_type":"article","og_title":"Medicube Collagen Jelly Cream 50 ml - krem nawil\u017caj\u0105cy o lekkiej konsystencji - Selleetools.com","og_description":"Medicube Collagen Jelly Cream to innowacyjny krem o lekkiej, \u017celowej konsystencji, kt\u00f3ry intensywnie nawil\u017ca i poprawia elastyczno\u015b\u0107 sk\u00f3ry. Zawiera kompleks kolagenu (Collagen, Hydrolyzed Collagen, Soluble Collagen), ekstrakty ro\u015blinne i antyoksydanty, kt\u00f3re wspieraj\u0105 regeneracj\u0119 sk\u00f3ry i redukcj\u0119 oznak starzenia. Korzy\u015bci dla sk\u00f3ry: Intensywne nawil\u017cenie \u2013 dzi\u0119ki zawarto\u015bci trehalozy i kwasu hialuronowego sk\u00f3ra staje si\u0119 g\u0142adka i ... Read moreMedicube Collagen Jelly Cream 50 ml &#8211; krem nawil\u017caj\u0105cy o lekkiej konsystencji","og_url":"https:\/\/selleetools.com\/product\/medicube-collagen-jelly-cream-50-ml-krem-nawilzajacy-o-lekkiej-konsystencji\/","og_site_name":"Selleetools.com","article_modified_time":"2025-11-04T20:05:29+00:00","og_image":[{"width":1200,"height":1200,"url":"https:\/\/selleetools.com\/wp-content\/uploads\/2025\/10\/ab4ce3ce7e49c2c60ad018113574c168.jpg","type":"image\/jpeg"}],"twitter_card":"summary_large_image","twitter_misc":{"Est. reading time":"1 minuta"},"schema":{"@context":"https:\/\/schema.org","@graph":[{"@type":"Organization","@id":"https:\/\/selleetools.com\/#organization","name":"Selleetools","url":"https:\/\/selleetools.com\/","sameAs":[],"logo":{"@type":"ImageObject","inLanguage":"pl-PL","@id":"https:\/\/selleetools.com\/#\/schema\/logo\/image\/","url":"https:\/\/selleetools.com\/wp-content\/uploads\/2021\/10\/logo-dark.png","contentUrl":"https:\/\/selleetools.com\/wp-content\/uploads\/2021\/10\/logo-dark.png","width":320,"height":76,"caption":"Selleetools"},"image":{"@id":"https:\/\/selleetools.com\/#\/schema\/logo\/image\/"}},{"@type":"WebSite","@id":"https:\/\/selleetools.com\/#website","url":"https:\/\/selleetools.com\/","name":"Selleetools.com","description":"","publisher":{"@id":"https:\/\/selleetools.com\/#organization"},"potentialAction":[{"@type":"SearchAction","target":{"@type":"EntryPoint","urlTemplate":"https:\/\/selleetools.com\/?s={search_term_string}"},"query-input":"required name=search_term_string"}],"inLanguage":"pl-PL"},{"@type":"WebPage","@id":"https:\/\/selleetools.com\/product\/medicube-collagen-jelly-cream-50-ml-krem-nawilzajacy-o-lekkiej-konsystencji\/","url":"https:\/\/selleetools.com\/product\/medicube-collagen-jelly-cream-50-ml-krem-nawilzajacy-o-lekkiej-konsystencji\/","name":"Medicube Collagen Jelly Cream 50 ml - krem nawil\u017caj\u0105cy o lekkiej konsystencji - Selleetools.com","isPartOf":{"@id":"https:\/\/selleetools.com\/#website"},"datePublished":"2025-10-24T11:57:40+00:00","dateModified":"2025-11-04T20:05:29+00:00","breadcrumb":{"@id":"https:\/\/selleetools.com\/product\/medicube-collagen-jelly-cream-50-ml-krem-nawilzajacy-o-lekkiej-konsystencji\/#breadcrumb"},"inLanguage":"pl-PL","potentialAction":[{"@type":"ReadAction","target":["https:\/\/selleetools.com\/product\/medicube-collagen-jelly-cream-50-ml-krem-nawilzajacy-o-lekkiej-konsystencji\/"]}]},{"@type":"BreadcrumbList","@id":"https:\/\/selleetools.com\/product\/medicube-collagen-jelly-cream-50-ml-krem-nawilzajacy-o-lekkiej-konsystencji\/#breadcrumb","itemListElement":[{"@type":"ListItem","position":1,"name":"Home","item":"https:\/\/selleetools.com\/pl\/"},{"@type":"ListItem","position":2,"name":"Katalog","item":"https:\/\/selleetools.com\/pl\/katalog\/"},{"@type":"ListItem","position":3,"name":"Medicube Collagen Jelly Cream 50 ml &#8211; krem nawil\u017caj\u0105cy o lekkiej konsystencji"}]}]}},"_links":{"self":[{"href":"https:\/\/admincentral.selleetools.com\/pl\/wp-json\/wp\/v2\/product\/606948"}],"collection":[{"href":"https:\/\/admincentral.selleetools.com\/pl\/wp-json\/wp\/v2\/product"}],"about":[{"href":"https:\/\/admincentral.selleetools.com\/pl\/wp-json\/wp\/v2\/types\/product"}],"replies":[{"embeddable":true,"href":"https:\/\/admincentral.selleetools.com\/pl\/wp-json\/wp\/v2\/comments?post=606948"}],"wp:featuredmedia":[{"embeddable":true,"href":"https:\/\/admincentral.selleetools.com\/pl\/wp-json\/wp\/v2\/media\/606946"}],"wp:attachment":[{"href":"https:\/\/admincentral.selleetools.com\/pl\/wp-json\/wp\/v2\/media?parent=606948"}],"curies":[{"name":"wp","href":"https:\/\/api.w.org\/{rel}","templated":true}]}}