{"id":607039,"date":"2025-10-24T13:58:48","date_gmt":"2025-10-24T11:58:48","guid":{"rendered":"https:\/\/selleetools.com\/?post_type=product&#038;p=607039"},"modified":"2026-03-03T11:12:22","modified_gmt":"2026-03-03T10:12:22","slug":"marymay-rice-niacin-10-triple-vitamin-serum-80-ml-serum-rozjasniajace","status":"publish","type":"product","link":"https:\/\/admincentral.selleetools.com\/pl\/product\/marymay-rice-niacin-10-triple-vitamin-serum-80-ml-serum-rozjasniajace\/","title":{"rendered":"Mary&#038;May Rice niacin 10% Triple Vitamin Serum 80 ml &#8211; serum rozja\u015bniaj\u0105ce"},"content":{"rendered":"<p>Mary&#038;May Rice Niacin 10% Triple Vitamin Serum to lekkie, szybko wch\u0142aniaj\u0105ce si\u0119 serum o silnym dzia\u0142aniu rozja\u015bniaj\u0105cym i nawil\u017caj\u0105cym. Formu\u0142a zawiera 10% niacynamidu, ekstrakt z ry\u017cu oraz potr\u00f3jny kompleks witamin, w tym stabiln\u0105 form\u0119 witaminy C (3-O-Ethyl Ascorbic Acid), kt\u00f3re wsp\u00f3lnie dzia\u0142aj\u0105 na popraw\u0119 kolorytu sk\u00f3ry, nadaj\u0105c jej zdrowy i promienny wygl\u0105d. Serum wzmacnia barier\u0119 ochronn\u0105 sk\u00f3ry i wspiera jej naturaln\u0105 regeneracj\u0119.<\/p>\n<p>Korzy\u015bci dla sk\u00f3ry:<br \/>\nRozja\u015bnia przebarwienia i wyr\u00f3wnuje koloryt sk\u00f3ry<br \/>\nNawil\u017ca i wzmacnia barier\u0119 ochronn\u0105 sk\u00f3ry<br \/>\nWspiera regeneracj\u0119 sk\u00f3ry i zwi\u0119ksza jej elastyczno\u015b\u0107<br \/>\nChroni przed stresem oksydacyjnym dzi\u0119ki obecno\u015bci antyoksydant\u00f3w, takich jak witamina E i glutation<br \/>\n\u0141agodzi podra\u017cnienia i redukuje zaczerwienienia dzi\u0119ki zawarto\u015bci pantenolu i alfa-bisabololu<\/p>\n<p>Spos\u00f3b u\u017cycia:<br \/>\nOczy\u015b\u0107 i stonizuj sk\u00f3r\u0119 twarzy.<br \/>\nNa\u0142\u00f3\u017c 2\u20133 krople serum na twarz, omijaj\u0105c okolice oczu.<br \/>\nDelikatnie wklep serum opuszkami palc\u00f3w, aby wspom\u00f3c jego wch\u0142anianie.<br \/>\nStosuj rano i\/lub wieczorem. Przy stosowaniu w ci\u0105gu dnia zaleca si\u0119 u\u017cycie kremu z filtrem przeciws\u0142onecznym.<\/p>\n","protected":false},"excerpt":{"rendered":"<p>Mary&#038;May Rice Niacin 10% Triple Vitamin Serum to lekkie, szybko wch\u0142aniaj\u0105ce si\u0119 serum o silnym dzia\u0142aniu rozja\u015bniaj\u0105cym i nawil\u017caj\u0105cym. Formu\u0142a zawiera 10% niacynamidu, ekstrakt z ry\u017cu oraz potr\u00f3jny kompleks witamin, w tym stabiln\u0105 form\u0119 witaminy C (3-O-Ethyl Ascorbic Acid), kt\u00f3re wsp\u00f3lnie dzia\u0142aj\u0105 na popraw\u0119 kolorytu sk\u00f3ry, nadaj\u0105c jej zdrowy i promienny wygl\u0105d. Serum wzmacnia barier\u0119 &#8230; <a title=\"Mary&#038;May Rice niacin 10% Triple Vitamin Serum 80 ml &#8211; serum rozja\u015bniaj\u0105ce\" class=\"read-more\" href=\"https:\/\/admincentral.selleetools.com\/pl\/product\/marymay-rice-niacin-10-triple-vitamin-serum-80-ml-serum-rozjasniajace\/\">Read more<span class=\"screen-reader-text\">Mary&#038;May Rice niacin 10% Triple Vitamin Serum 80 ml &#8211; serum rozja\u015bniaj\u0105ce<\/span><\/a><\/p>\n","protected":false},"featured_media":607037,"comment_status":"open","ping_status":"closed","template":"","meta":{"_links_to":"","_links_to_target":""},"yoast_head":"<!-- This site is optimized with the Yoast SEO plugin v19.4 - https:\/\/yoast.com\/wordpress\/plugins\/seo\/ -->\n<title>Mary&amp;May Rice niacin 10% Triple Vitamin Serum 80 ml - serum rozja\u015bniaj\u0105ce - Selleetools.com<\/title>\n<meta name=\"robots\" content=\"index, follow, max-snippet:-1, max-image-preview:large, max-video-preview:-1\" \/>\n<link rel=\"canonical\" href=\"https:\/\/admincentral.selleetools.com\/product\/marymay-rice-niacin-10-triple-vitamin-serum-80-ml-serum-rozjasniajace\/\" \/>\n<meta property=\"og:locale\" content=\"pl_PL\" \/>\n<meta property=\"og:type\" content=\"article\" \/>\n<meta property=\"og:title\" content=\"Mary&amp;May Rice niacin 10% Triple Vitamin Serum 80 ml - serum rozja\u015bniaj\u0105ce - Selleetools.com\" \/>\n<meta property=\"og:description\" content=\"Mary&#038;May Rice Niacin 10% Triple Vitamin Serum to lekkie, szybko wch\u0142aniaj\u0105ce si\u0119 serum o silnym dzia\u0142aniu rozja\u015bniaj\u0105cym i nawil\u017caj\u0105cym. Formu\u0142a zawiera 10% niacynamidu, ekstrakt z ry\u017cu oraz potr\u00f3jny kompleks witamin, w tym stabiln\u0105 form\u0119 witaminy C (3-O-Ethyl Ascorbic Acid), kt\u00f3re wsp\u00f3lnie dzia\u0142aj\u0105 na popraw\u0119 kolorytu sk\u00f3ry, nadaj\u0105c jej zdrowy i promienny wygl\u0105d. Serum wzmacnia barier\u0119 ... Read moreMary&#038;May Rice niacin 10% Triple Vitamin Serum 80 ml &#8211; serum rozja\u015bniaj\u0105ce\" \/>\n<meta property=\"og:url\" content=\"https:\/\/admincentral.selleetools.com\/product\/marymay-rice-niacin-10-triple-vitamin-serum-80-ml-serum-rozjasniajace\/\" \/>\n<meta property=\"og:site_name\" content=\"Selleetools.com\" \/>\n<meta property=\"article:modified_time\" content=\"2026-03-03T10:12:22+00:00\" \/>\n<meta property=\"og:image\" content=\"https:\/\/selleetools.com\/wp-content\/uploads\/2025\/10\/073a2392403f8a9163585d012bdca0cc.jpg\" \/>\n\t<meta property=\"og:image:width\" content=\"1200\" \/>\n\t<meta property=\"og:image:height\" content=\"1200\" \/>\n\t<meta property=\"og:image:type\" content=\"image\/jpeg\" \/>\n<meta name=\"twitter:card\" content=\"summary_large_image\" \/>\n<meta name=\"twitter:label1\" content=\"Est. reading time\" \/>\n\t<meta name=\"twitter:data1\" content=\"1 minuta\" \/>\n<!-- \/ Yoast SEO plugin. -->","yoast_head_json":{"title":"Mary&May Rice niacin 10% Triple Vitamin Serum 80 ml - serum rozja\u015bniaj\u0105ce - Selleetools.com","robots":{"index":"index","follow":"follow","max-snippet":"max-snippet:-1","max-image-preview":"max-image-preview:large","max-video-preview":"max-video-preview:-1"},"canonical":"https:\/\/admincentral.selleetools.com\/product\/marymay-rice-niacin-10-triple-vitamin-serum-80-ml-serum-rozjasniajace\/","og_locale":"pl_PL","og_type":"article","og_title":"Mary&May Rice niacin 10% Triple Vitamin Serum 80 ml - serum rozja\u015bniaj\u0105ce - Selleetools.com","og_description":"Mary&#038;May Rice Niacin 10% Triple Vitamin Serum to lekkie, szybko wch\u0142aniaj\u0105ce si\u0119 serum o silnym dzia\u0142aniu rozja\u015bniaj\u0105cym i nawil\u017caj\u0105cym. Formu\u0142a zawiera 10% niacynamidu, ekstrakt z ry\u017cu oraz potr\u00f3jny kompleks witamin, w tym stabiln\u0105 form\u0119 witaminy C (3-O-Ethyl Ascorbic Acid), kt\u00f3re wsp\u00f3lnie dzia\u0142aj\u0105 na popraw\u0119 kolorytu sk\u00f3ry, nadaj\u0105c jej zdrowy i promienny wygl\u0105d. Serum wzmacnia barier\u0119 ... Read moreMary&#038;May Rice niacin 10% Triple Vitamin Serum 80 ml &#8211; serum rozja\u015bniaj\u0105ce","og_url":"https:\/\/admincentral.selleetools.com\/product\/marymay-rice-niacin-10-triple-vitamin-serum-80-ml-serum-rozjasniajace\/","og_site_name":"Selleetools.com","article_modified_time":"2026-03-03T10:12:22+00:00","og_image":[{"width":1200,"height":1200,"url":"https:\/\/selleetools.com\/wp-content\/uploads\/2025\/10\/073a2392403f8a9163585d012bdca0cc.jpg","type":"image\/jpeg"}],"twitter_card":"summary_large_image","twitter_misc":{"Est. reading time":"1 minuta"},"schema":{"@context":"https:\/\/schema.org","@graph":[{"@type":"Organization","@id":"https:\/\/selleetools.com\/#organization","name":"Selleetools","url":"https:\/\/selleetools.com\/","sameAs":[],"logo":{"@type":"ImageObject","inLanguage":"pl-PL","@id":"https:\/\/selleetools.com\/#\/schema\/logo\/image\/","url":"https:\/\/selleetools.com\/wp-content\/uploads\/2021\/10\/logo-dark.png","contentUrl":"https:\/\/selleetools.com\/wp-content\/uploads\/2021\/10\/logo-dark.png","width":320,"height":76,"caption":"Selleetools"},"image":{"@id":"https:\/\/selleetools.com\/#\/schema\/logo\/image\/"}},{"@type":"WebSite","@id":"https:\/\/selleetools.com\/#website","url":"https:\/\/selleetools.com\/","name":"Selleetools.com","description":"","publisher":{"@id":"https:\/\/selleetools.com\/#organization"},"potentialAction":[{"@type":"SearchAction","target":{"@type":"EntryPoint","urlTemplate":"https:\/\/selleetools.com\/?s={search_term_string}"},"query-input":"required name=search_term_string"}],"inLanguage":"pl-PL"},{"@type":"WebPage","@id":"https:\/\/admincentral.selleetools.com\/product\/marymay-rice-niacin-10-triple-vitamin-serum-80-ml-serum-rozjasniajace\/","url":"https:\/\/admincentral.selleetools.com\/product\/marymay-rice-niacin-10-triple-vitamin-serum-80-ml-serum-rozjasniajace\/","name":"Mary&May Rice niacin 10% Triple Vitamin Serum 80 ml - serum rozja\u015bniaj\u0105ce - Selleetools.com","isPartOf":{"@id":"https:\/\/selleetools.com\/#website"},"datePublished":"2025-10-24T11:58:48+00:00","dateModified":"2026-03-03T10:12:22+00:00","breadcrumb":{"@id":"https:\/\/admincentral.selleetools.com\/product\/marymay-rice-niacin-10-triple-vitamin-serum-80-ml-serum-rozjasniajace\/#breadcrumb"},"inLanguage":"pl-PL","potentialAction":[{"@type":"ReadAction","target":["https:\/\/admincentral.selleetools.com\/product\/marymay-rice-niacin-10-triple-vitamin-serum-80-ml-serum-rozjasniajace\/"]}]},{"@type":"BreadcrumbList","@id":"https:\/\/admincentral.selleetools.com\/product\/marymay-rice-niacin-10-triple-vitamin-serum-80-ml-serum-rozjasniajace\/#breadcrumb","itemListElement":[{"@type":"ListItem","position":1,"name":"Home","item":"https:\/\/selleetools.com\/pl\/"},{"@type":"ListItem","position":2,"name":"Katalog","item":"https:\/\/selleetools.com\/pl\/katalog\/"},{"@type":"ListItem","position":3,"name":"Mary&#038;May Rice niacin 10% Triple Vitamin Serum 80 ml &#8211; serum rozja\u015bniaj\u0105ce"}]}]}},"_links":{"self":[{"href":"https:\/\/admincentral.selleetools.com\/pl\/wp-json\/wp\/v2\/product\/607039"}],"collection":[{"href":"https:\/\/admincentral.selleetools.com\/pl\/wp-json\/wp\/v2\/product"}],"about":[{"href":"https:\/\/admincentral.selleetools.com\/pl\/wp-json\/wp\/v2\/types\/product"}],"replies":[{"embeddable":true,"href":"https:\/\/admincentral.selleetools.com\/pl\/wp-json\/wp\/v2\/comments?post=607039"}],"wp:featuredmedia":[{"embeddable":true,"href":"https:\/\/admincentral.selleetools.com\/pl\/wp-json\/wp\/v2\/media\/607037"}],"wp:attachment":[{"href":"https:\/\/admincentral.selleetools.com\/pl\/wp-json\/wp\/v2\/media?parent=607039"}],"curies":[{"name":"wp","href":"https:\/\/api.w.org\/{rel}","templated":true}]}}