{"id":607051,"date":"2025-10-24T13:58:57","date_gmt":"2025-10-24T11:58:57","guid":{"rendered":"https:\/\/selleetools.com\/?post_type=product&#038;p=607051"},"modified":"2026-03-03T11:12:18","modified_gmt":"2026-03-03T10:12:18","slug":"marymay-seoul-edition-vegan-retinol-0-1-bakuchiol-cica-serum-80-ml-serum-przeciwstarzeniowe","status":"publish","type":"product","link":"https:\/\/admincentral.selleetools.com\/pl\/product\/marymay-seoul-edition-vegan-retinol-0-1-bakuchiol-cica-serum-80-ml-serum-przeciwstarzeniowe\/","title":{"rendered":"Mary&#038;May Seoul Edition Vegan Retinol 0.1% Bakuchiol CICA Serum 80 ml &#8211; serum przeciwstarzeniowe"},"content":{"rendered":"<p>Mary&#038;May Seoul Edition Vegan Retinol 0.1% Bakuchiol CICA Serum to wega\u0144skie serum przeciwstarzeniowe, kt\u00f3re \u0142\u0105czy moc retinolu, bakuchiolu i ekstraktu z w\u0105krotki azjatyckiej (CICA). Dzi\u0119ki starannie dobranym sk\u0142adnikom aktywnym serum skutecznie redukuje widoczno\u015b\u0107 zmarszczek, poprawia elastyczno\u015b\u0107 sk\u00f3ry i wyr\u00f3wnuje jej koloryt. Formu\u0142a zosta\u0142a opracowana tak, aby zapewni\u0107 skuteczne dzia\u0142anie przeciwstarzeniowe przy minimalnym ryzyku podra\u017cnie\u0144, co czyni j\u0105 odpowiedni\u0105 nawet dla wra\u017cliwej sk\u00f3ry.<\/p>\n<p>Korzy\u015bci dla sk\u00f3ry:<br \/>\nRedukuje zmarszczki i drobne linie, poprawiaj\u0105c elastyczno\u015b\u0107 sk\u00f3ry<br \/>\nRozja\u015bnia cer\u0119 i wyr\u00f3wnuje jej koloryt dzi\u0119ki zawarto\u015bci niacynamidu<br \/>\nWzmacnia barier\u0119 ochronn\u0105 sk\u00f3ry dzi\u0119ki ceramidom (Ceramide NP, NS, AS, AP, EOP)<br \/>\nNawil\u017ca i od\u017cywia sk\u00f3r\u0119, zapewniaj\u0105c jej g\u0142adko\u015b\u0107 i mi\u0119kko\u015b\u0107<br \/>\n\u0141agodzi podra\u017cnienia i wspiera regeneracj\u0119 sk\u00f3ry dzi\u0119ki ekstraktowi z w\u0105krotki azjatyckiej<\/p>\n<p>Spos\u00f3b u\u017cycia:<br \/>\nOczy\u015b\u0107 sk\u00f3r\u0119 twarzy i osusz j\u0105 delikatnie r\u0119cznikiem.<br \/>\nNa\u0142\u00f3\u017c 2\u20133 krople serum na sk\u00f3r\u0119 twarzy, omijaj\u0105c okolice oczu.<br \/>\nDelikatnie wklep serum w sk\u00f3r\u0119, aby wspom\u00f3c jego wch\u0142anianie.<br \/>\nStosuj wieczorem, 2\u20133 razy w tygodniu, stopniowo zwi\u0119kszaj\u0105c cz\u0119stotliwo\u015b\u0107 w zale\u017cno\u015bci od tolerancji sk\u00f3ry.<br \/>\nW ci\u0105gu dnia stosuj krem z filtrem SPF, aby chroni\u0107 sk\u00f3r\u0119 przed promieniowaniem UV.<\/p>\n<p>Serum idealnie sprawdzi si\u0119 w piel\u0119gnacji przeciwstarzeniowej, zapewniaj\u0105c sk\u00f3rze m\u0142odzie\u0144czy wygl\u0105d i zdrowy blask.<\/p>\n","protected":false},"excerpt":{"rendered":"<p>Mary&#038;May Seoul Edition Vegan Retinol 0.1% Bakuchiol CICA Serum to wega\u0144skie serum przeciwstarzeniowe, kt\u00f3re \u0142\u0105czy moc retinolu, bakuchiolu i ekstraktu z w\u0105krotki azjatyckiej (CICA). Dzi\u0119ki starannie dobranym sk\u0142adnikom aktywnym serum skutecznie redukuje widoczno\u015b\u0107 zmarszczek, poprawia elastyczno\u015b\u0107 sk\u00f3ry i wyr\u00f3wnuje jej koloryt. Formu\u0142a zosta\u0142a opracowana tak, aby zapewni\u0107 skuteczne dzia\u0142anie przeciwstarzeniowe przy minimalnym ryzyku podra\u017cnie\u0144, co &#8230; <a title=\"Mary&#038;May Seoul Edition Vegan Retinol 0.1% Bakuchiol CICA Serum 80 ml &#8211; serum przeciwstarzeniowe\" class=\"read-more\" href=\"https:\/\/admincentral.selleetools.com\/pl\/product\/marymay-seoul-edition-vegan-retinol-0-1-bakuchiol-cica-serum-80-ml-serum-przeciwstarzeniowe\/\">Read more<span class=\"screen-reader-text\">Mary&#038;May Seoul Edition Vegan Retinol 0.1% Bakuchiol CICA Serum 80 ml &#8211; serum przeciwstarzeniowe<\/span><\/a><\/p>\n","protected":false},"featured_media":607049,"comment_status":"open","ping_status":"closed","template":"","meta":{"_links_to":"","_links_to_target":""},"yoast_head":"<!-- This site is optimized with the Yoast SEO plugin v19.4 - https:\/\/yoast.com\/wordpress\/plugins\/seo\/ -->\n<title>Mary&amp;May Seoul Edition Vegan Retinol 0.1% Bakuchiol CICA Serum 80 ml - serum przeciwstarzeniowe - Selleetools.com<\/title>\n<meta name=\"robots\" content=\"index, follow, max-snippet:-1, max-image-preview:large, max-video-preview:-1\" \/>\n<link rel=\"canonical\" href=\"https:\/\/admincentral.selleetools.com\/pl\/product\/marymay-seoul-edition-vegan-retinol-0-1-bakuchiol-cica-serum-80-ml-serum-przeciwstarzeniowe\/\" \/>\n<meta property=\"og:locale\" content=\"pl_PL\" \/>\n<meta property=\"og:type\" content=\"article\" \/>\n<meta property=\"og:title\" content=\"Mary&amp;May Seoul Edition Vegan Retinol 0.1% Bakuchiol CICA Serum 80 ml - serum przeciwstarzeniowe - Selleetools.com\" \/>\n<meta property=\"og:description\" content=\"Mary&#038;May Seoul Edition Vegan Retinol 0.1% Bakuchiol CICA Serum to wega\u0144skie serum przeciwstarzeniowe, kt\u00f3re \u0142\u0105czy moc retinolu, bakuchiolu i ekstraktu z w\u0105krotki azjatyckiej (CICA). Dzi\u0119ki starannie dobranym sk\u0142adnikom aktywnym serum skutecznie redukuje widoczno\u015b\u0107 zmarszczek, poprawia elastyczno\u015b\u0107 sk\u00f3ry i wyr\u00f3wnuje jej koloryt. Formu\u0142a zosta\u0142a opracowana tak, aby zapewni\u0107 skuteczne dzia\u0142anie przeciwstarzeniowe przy minimalnym ryzyku podra\u017cnie\u0144, co ... Read moreMary&#038;May Seoul Edition Vegan Retinol 0.1% Bakuchiol CICA Serum 80 ml &#8211; serum przeciwstarzeniowe\" \/>\n<meta property=\"og:url\" content=\"https:\/\/admincentral.selleetools.com\/pl\/product\/marymay-seoul-edition-vegan-retinol-0-1-bakuchiol-cica-serum-80-ml-serum-przeciwstarzeniowe\/\" \/>\n<meta property=\"og:site_name\" content=\"Selleetools.com\" \/>\n<meta property=\"article:modified_time\" content=\"2026-03-03T10:12:18+00:00\" \/>\n<meta property=\"og:image\" content=\"https:\/\/selleetools.com\/wp-content\/uploads\/2025\/10\/c13cfbf9438be756a1b25902575b68a8.jpg\" \/>\n\t<meta property=\"og:image:width\" content=\"1200\" \/>\n\t<meta property=\"og:image:height\" content=\"1200\" \/>\n\t<meta property=\"og:image:type\" content=\"image\/jpeg\" \/>\n<meta name=\"twitter:card\" content=\"summary_large_image\" \/>\n<meta name=\"twitter:label1\" content=\"Est. reading time\" \/>\n\t<meta name=\"twitter:data1\" content=\"1 minuta\" \/>\n<!-- \/ Yoast SEO plugin. -->","yoast_head_json":{"title":"Mary&May Seoul Edition Vegan Retinol 0.1% Bakuchiol CICA Serum 80 ml - serum przeciwstarzeniowe - Selleetools.com","robots":{"index":"index","follow":"follow","max-snippet":"max-snippet:-1","max-image-preview":"max-image-preview:large","max-video-preview":"max-video-preview:-1"},"canonical":"https:\/\/admincentral.selleetools.com\/pl\/product\/marymay-seoul-edition-vegan-retinol-0-1-bakuchiol-cica-serum-80-ml-serum-przeciwstarzeniowe\/","og_locale":"pl_PL","og_type":"article","og_title":"Mary&May Seoul Edition Vegan Retinol 0.1% Bakuchiol CICA Serum 80 ml - serum przeciwstarzeniowe - Selleetools.com","og_description":"Mary&#038;May Seoul Edition Vegan Retinol 0.1% Bakuchiol CICA Serum to wega\u0144skie serum przeciwstarzeniowe, kt\u00f3re \u0142\u0105czy moc retinolu, bakuchiolu i ekstraktu z w\u0105krotki azjatyckiej (CICA). Dzi\u0119ki starannie dobranym sk\u0142adnikom aktywnym serum skutecznie redukuje widoczno\u015b\u0107 zmarszczek, poprawia elastyczno\u015b\u0107 sk\u00f3ry i wyr\u00f3wnuje jej koloryt. Formu\u0142a zosta\u0142a opracowana tak, aby zapewni\u0107 skuteczne dzia\u0142anie przeciwstarzeniowe przy minimalnym ryzyku podra\u017cnie\u0144, co ... Read moreMary&#038;May Seoul Edition Vegan Retinol 0.1% Bakuchiol CICA Serum 80 ml &#8211; serum przeciwstarzeniowe","og_url":"https:\/\/admincentral.selleetools.com\/pl\/product\/marymay-seoul-edition-vegan-retinol-0-1-bakuchiol-cica-serum-80-ml-serum-przeciwstarzeniowe\/","og_site_name":"Selleetools.com","article_modified_time":"2026-03-03T10:12:18+00:00","og_image":[{"width":1200,"height":1200,"url":"https:\/\/selleetools.com\/wp-content\/uploads\/2025\/10\/c13cfbf9438be756a1b25902575b68a8.jpg","type":"image\/jpeg"}],"twitter_card":"summary_large_image","twitter_misc":{"Est. reading time":"1 minuta"},"schema":{"@context":"https:\/\/schema.org","@graph":[{"@type":"Organization","@id":"https:\/\/selleetools.com\/#organization","name":"Selleetools","url":"https:\/\/selleetools.com\/","sameAs":[],"logo":{"@type":"ImageObject","inLanguage":"pl-PL","@id":"https:\/\/selleetools.com\/#\/schema\/logo\/image\/","url":"https:\/\/selleetools.com\/wp-content\/uploads\/2021\/10\/logo-dark.png","contentUrl":"https:\/\/selleetools.com\/wp-content\/uploads\/2021\/10\/logo-dark.png","width":320,"height":76,"caption":"Selleetools"},"image":{"@id":"https:\/\/selleetools.com\/#\/schema\/logo\/image\/"}},{"@type":"WebSite","@id":"https:\/\/selleetools.com\/#website","url":"https:\/\/selleetools.com\/","name":"Selleetools.com","description":"","publisher":{"@id":"https:\/\/selleetools.com\/#organization"},"potentialAction":[{"@type":"SearchAction","target":{"@type":"EntryPoint","urlTemplate":"https:\/\/selleetools.com\/?s={search_term_string}"},"query-input":"required name=search_term_string"}],"inLanguage":"pl-PL"},{"@type":"WebPage","@id":"https:\/\/admincentral.selleetools.com\/pl\/product\/marymay-seoul-edition-vegan-retinol-0-1-bakuchiol-cica-serum-80-ml-serum-przeciwstarzeniowe\/","url":"https:\/\/admincentral.selleetools.com\/pl\/product\/marymay-seoul-edition-vegan-retinol-0-1-bakuchiol-cica-serum-80-ml-serum-przeciwstarzeniowe\/","name":"Mary&May Seoul Edition Vegan Retinol 0.1% Bakuchiol CICA Serum 80 ml - serum przeciwstarzeniowe - Selleetools.com","isPartOf":{"@id":"https:\/\/selleetools.com\/#website"},"datePublished":"2025-10-24T11:58:57+00:00","dateModified":"2026-03-03T10:12:18+00:00","breadcrumb":{"@id":"https:\/\/admincentral.selleetools.com\/pl\/product\/marymay-seoul-edition-vegan-retinol-0-1-bakuchiol-cica-serum-80-ml-serum-przeciwstarzeniowe\/#breadcrumb"},"inLanguage":"pl-PL","potentialAction":[{"@type":"ReadAction","target":["https:\/\/admincentral.selleetools.com\/pl\/product\/marymay-seoul-edition-vegan-retinol-0-1-bakuchiol-cica-serum-80-ml-serum-przeciwstarzeniowe\/"]}]},{"@type":"BreadcrumbList","@id":"https:\/\/admincentral.selleetools.com\/pl\/product\/marymay-seoul-edition-vegan-retinol-0-1-bakuchiol-cica-serum-80-ml-serum-przeciwstarzeniowe\/#breadcrumb","itemListElement":[{"@type":"ListItem","position":1,"name":"Home","item":"https:\/\/selleetools.com\/pl\/"},{"@type":"ListItem","position":2,"name":"Katalog","item":"https:\/\/selleetools.com\/pl\/katalog\/"},{"@type":"ListItem","position":3,"name":"Mary&#038;May Seoul Edition Vegan Retinol 0.1% Bakuchiol CICA Serum 80 ml &#8211; serum przeciwstarzeniowe"}]}]}},"_links":{"self":[{"href":"https:\/\/admincentral.selleetools.com\/pl\/wp-json\/wp\/v2\/product\/607051"}],"collection":[{"href":"https:\/\/admincentral.selleetools.com\/pl\/wp-json\/wp\/v2\/product"}],"about":[{"href":"https:\/\/admincentral.selleetools.com\/pl\/wp-json\/wp\/v2\/types\/product"}],"replies":[{"embeddable":true,"href":"https:\/\/admincentral.selleetools.com\/pl\/wp-json\/wp\/v2\/comments?post=607051"}],"wp:featuredmedia":[{"embeddable":true,"href":"https:\/\/admincentral.selleetools.com\/pl\/wp-json\/wp\/v2\/media\/607049"}],"wp:attachment":[{"href":"https:\/\/admincentral.selleetools.com\/pl\/wp-json\/wp\/v2\/media?parent=607051"}],"curies":[{"name":"wp","href":"https:\/\/api.w.org\/{rel}","templated":true}]}}