{"id":607060,"date":"2025-10-24T13:59:04","date_gmt":"2025-10-24T11:59:04","guid":{"rendered":"https:\/\/selleetools.com\/?post_type=product&#038;p=607060"},"modified":"2025-11-08T20:00:13","modified_gmt":"2025-11-08T19:00:13","slug":"heimish-rx-hyaluronic-acid-2-hydrating-serum-35-ml-nawilzajace-serum-do-twarzy","status":"publish","type":"product","link":"https:\/\/admincentral.selleetools.com\/pl\/product\/heimish-rx-hyaluronic-acid-2-hydrating-serum-35-ml-nawilzajace-serum-do-twarzy\/","title":{"rendered":"Heimish RX HYALURONIC ACID 2% HYDRATING SERUM 35 ml &#8211; nawil\u017caj\u0105ce serum do twarzy"},"content":{"rendered":"<p>Heimish RX Hyaluronic Acid 2% Hydrating Serum to intensywnie nawil\u017caj\u0105ce serum do twarzy, stworzone z my\u015bl\u0105 o g\u0142\u0119bokim nawil\u017ceniu i regeneracji sk\u00f3ry. Zawiera 2% kompleksu kwasu hialuronowego w r\u00f3\u017cnych formach, co zapewnia wielopoziomowe nawil\u017cenie oraz wspiera naturaln\u0105 barier\u0119 ochronn\u0105 sk\u00f3ry. Lekka, szybko wch\u0142aniaj\u0105ca si\u0119 formu\u0142a sprawia, \u017ce serum doskonale sprawdza si\u0119 w codziennej piel\u0119gnacji, nie pozostawiaj\u0105c uczucia lepko\u015bci.<\/p>\n<p>Korzy\u015bci dla sk\u00f3ry:<br \/>\nIntensywnie nawil\u017ca sk\u00f3r\u0119, przywracaj\u0105c jej elastyczno\u015b\u0107 i mi\u0119kko\u015b\u0107<br \/>\nWzmacnia barier\u0119 hydrolipidow\u0105, chroni\u0105c sk\u00f3r\u0119 przed utrat\u0105 wilgoci<br \/>\nWyg\u0142adza drobne linie i zmarszczki, poprawiaj\u0105c og\u00f3ln\u0105 tekstur\u0119 sk\u00f3ry<br \/>\n\u0141agodzi podra\u017cnienia i wspiera regeneracj\u0119 dzi\u0119ki zawarto\u015bci pantenolu i ektoiny<br \/>\nNadaje sk\u00f3rze zdrowy, promienny wygl\u0105d<\/p>\n<p>Spos\u00f3b u\u017cycia:<br \/>\nOczy\u015b\u0107 i osusz sk\u00f3r\u0119 twarzy.<br \/>\nNa\u0142\u00f3\u017c 2-3 krople serum na sk\u00f3r\u0119, omijaj\u0105c okolice oczu.<br \/>\nDelikatnie wklep serum opuszkami palc\u00f3w, a\u017c do ca\u0142kowitego wch\u0142oni\u0119cia.<br \/>\nStosuj rano i wieczorem, przed na\u0142o\u017ceniem kremu nawil\u017caj\u0105cego.<\/p>\n<p>Serum idealnie sprawdzi si\u0119 dla ka\u017cdego typu sk\u00f3ry, szczeg\u00f3lnie dla sk\u00f3ry suchej, odwodnionej i wymagaj\u0105cej regeneracji.<\/p>\n","protected":false},"excerpt":{"rendered":"<p>Heimish RX Hyaluronic Acid 2% Hydrating Serum to intensywnie nawil\u017caj\u0105ce serum do twarzy, stworzone z my\u015bl\u0105 o g\u0142\u0119bokim nawil\u017ceniu i regeneracji sk\u00f3ry. Zawiera 2% kompleksu kwasu hialuronowego w r\u00f3\u017cnych formach, co zapewnia wielopoziomowe nawil\u017cenie oraz wspiera naturaln\u0105 barier\u0119 ochronn\u0105 sk\u00f3ry. Lekka, szybko wch\u0142aniaj\u0105ca si\u0119 formu\u0142a sprawia, \u017ce serum doskonale sprawdza si\u0119 w codziennej piel\u0119gnacji, nie &#8230; <a title=\"Heimish RX HYALURONIC ACID 2% HYDRATING SERUM 35 ml &#8211; nawil\u017caj\u0105ce serum do twarzy\" class=\"read-more\" href=\"https:\/\/admincentral.selleetools.com\/pl\/product\/heimish-rx-hyaluronic-acid-2-hydrating-serum-35-ml-nawilzajace-serum-do-twarzy\/\">Read more<span class=\"screen-reader-text\">Heimish RX HYALURONIC ACID 2% HYDRATING SERUM 35 ml &#8211; nawil\u017caj\u0105ce serum do twarzy<\/span><\/a><\/p>\n","protected":false},"featured_media":607058,"comment_status":"open","ping_status":"closed","template":"","meta":{"_links_to":"","_links_to_target":""},"yoast_head":"<!-- This site is optimized with the Yoast SEO plugin v19.4 - https:\/\/yoast.com\/wordpress\/plugins\/seo\/ -->\n<title>Heimish RX HYALURONIC ACID 2% HYDRATING SERUM 35 ml - nawil\u017caj\u0105ce serum do twarzy - Selleetools.com<\/title>\n<meta name=\"robots\" content=\"index, follow, max-snippet:-1, max-image-preview:large, max-video-preview:-1\" \/>\n<link rel=\"canonical\" href=\"https:\/\/admincentral.selleetools.com\/pl\/product\/heimish-rx-hyaluronic-acid-2-hydrating-serum-35-ml-nawilzajace-serum-do-twarzy\/\" \/>\n<meta property=\"og:locale\" content=\"pl_PL\" \/>\n<meta property=\"og:type\" content=\"article\" \/>\n<meta property=\"og:title\" content=\"Heimish RX HYALURONIC ACID 2% HYDRATING SERUM 35 ml - nawil\u017caj\u0105ce serum do twarzy - Selleetools.com\" \/>\n<meta property=\"og:description\" content=\"Heimish RX Hyaluronic Acid 2% Hydrating Serum to intensywnie nawil\u017caj\u0105ce serum do twarzy, stworzone z my\u015bl\u0105 o g\u0142\u0119bokim nawil\u017ceniu i regeneracji sk\u00f3ry. Zawiera 2% kompleksu kwasu hialuronowego w r\u00f3\u017cnych formach, co zapewnia wielopoziomowe nawil\u017cenie oraz wspiera naturaln\u0105 barier\u0119 ochronn\u0105 sk\u00f3ry. Lekka, szybko wch\u0142aniaj\u0105ca si\u0119 formu\u0142a sprawia, \u017ce serum doskonale sprawdza si\u0119 w codziennej piel\u0119gnacji, nie ... Read moreHeimish RX HYALURONIC ACID 2% HYDRATING SERUM 35 ml &#8211; nawil\u017caj\u0105ce serum do twarzy\" \/>\n<meta property=\"og:url\" content=\"https:\/\/admincentral.selleetools.com\/pl\/product\/heimish-rx-hyaluronic-acid-2-hydrating-serum-35-ml-nawilzajace-serum-do-twarzy\/\" \/>\n<meta property=\"og:site_name\" content=\"Selleetools.com\" \/>\n<meta property=\"article:modified_time\" content=\"2025-11-08T19:00:13+00:00\" \/>\n<meta property=\"og:image\" content=\"https:\/\/selleetools.com\/wp-content\/uploads\/2025\/10\/822670746ce66cde0bae410acf95eec8.jpg\" \/>\n\t<meta property=\"og:image:width\" content=\"1200\" \/>\n\t<meta property=\"og:image:height\" content=\"1200\" \/>\n\t<meta property=\"og:image:type\" content=\"image\/jpeg\" \/>\n<meta name=\"twitter:card\" content=\"summary_large_image\" \/>\n<meta name=\"twitter:label1\" content=\"Est. reading time\" \/>\n\t<meta name=\"twitter:data1\" content=\"1 minuta\" \/>\n<!-- \/ Yoast SEO plugin. -->","yoast_head_json":{"title":"Heimish RX HYALURONIC ACID 2% HYDRATING SERUM 35 ml - nawil\u017caj\u0105ce serum do twarzy - Selleetools.com","robots":{"index":"index","follow":"follow","max-snippet":"max-snippet:-1","max-image-preview":"max-image-preview:large","max-video-preview":"max-video-preview:-1"},"canonical":"https:\/\/admincentral.selleetools.com\/pl\/product\/heimish-rx-hyaluronic-acid-2-hydrating-serum-35-ml-nawilzajace-serum-do-twarzy\/","og_locale":"pl_PL","og_type":"article","og_title":"Heimish RX HYALURONIC ACID 2% HYDRATING SERUM 35 ml - nawil\u017caj\u0105ce serum do twarzy - Selleetools.com","og_description":"Heimish RX Hyaluronic Acid 2% Hydrating Serum to intensywnie nawil\u017caj\u0105ce serum do twarzy, stworzone z my\u015bl\u0105 o g\u0142\u0119bokim nawil\u017ceniu i regeneracji sk\u00f3ry. Zawiera 2% kompleksu kwasu hialuronowego w r\u00f3\u017cnych formach, co zapewnia wielopoziomowe nawil\u017cenie oraz wspiera naturaln\u0105 barier\u0119 ochronn\u0105 sk\u00f3ry. Lekka, szybko wch\u0142aniaj\u0105ca si\u0119 formu\u0142a sprawia, \u017ce serum doskonale sprawdza si\u0119 w codziennej piel\u0119gnacji, nie ... Read moreHeimish RX HYALURONIC ACID 2% HYDRATING SERUM 35 ml &#8211; nawil\u017caj\u0105ce serum do twarzy","og_url":"https:\/\/admincentral.selleetools.com\/pl\/product\/heimish-rx-hyaluronic-acid-2-hydrating-serum-35-ml-nawilzajace-serum-do-twarzy\/","og_site_name":"Selleetools.com","article_modified_time":"2025-11-08T19:00:13+00:00","og_image":[{"width":1200,"height":1200,"url":"https:\/\/selleetools.com\/wp-content\/uploads\/2025\/10\/822670746ce66cde0bae410acf95eec8.jpg","type":"image\/jpeg"}],"twitter_card":"summary_large_image","twitter_misc":{"Est. reading time":"1 minuta"},"schema":{"@context":"https:\/\/schema.org","@graph":[{"@type":"Organization","@id":"https:\/\/selleetools.com\/#organization","name":"Selleetools","url":"https:\/\/selleetools.com\/","sameAs":[],"logo":{"@type":"ImageObject","inLanguage":"pl-PL","@id":"https:\/\/selleetools.com\/#\/schema\/logo\/image\/","url":"https:\/\/selleetools.com\/wp-content\/uploads\/2021\/10\/logo-dark.png","contentUrl":"https:\/\/selleetools.com\/wp-content\/uploads\/2021\/10\/logo-dark.png","width":320,"height":76,"caption":"Selleetools"},"image":{"@id":"https:\/\/selleetools.com\/#\/schema\/logo\/image\/"}},{"@type":"WebSite","@id":"https:\/\/selleetools.com\/#website","url":"https:\/\/selleetools.com\/","name":"Selleetools.com","description":"","publisher":{"@id":"https:\/\/selleetools.com\/#organization"},"potentialAction":[{"@type":"SearchAction","target":{"@type":"EntryPoint","urlTemplate":"https:\/\/selleetools.com\/?s={search_term_string}"},"query-input":"required name=search_term_string"}],"inLanguage":"pl-PL"},{"@type":"WebPage","@id":"https:\/\/admincentral.selleetools.com\/pl\/product\/heimish-rx-hyaluronic-acid-2-hydrating-serum-35-ml-nawilzajace-serum-do-twarzy\/","url":"https:\/\/admincentral.selleetools.com\/pl\/product\/heimish-rx-hyaluronic-acid-2-hydrating-serum-35-ml-nawilzajace-serum-do-twarzy\/","name":"Heimish RX HYALURONIC ACID 2% HYDRATING SERUM 35 ml - nawil\u017caj\u0105ce serum do twarzy - Selleetools.com","isPartOf":{"@id":"https:\/\/selleetools.com\/#website"},"datePublished":"2025-10-24T11:59:04+00:00","dateModified":"2025-11-08T19:00:13+00:00","breadcrumb":{"@id":"https:\/\/admincentral.selleetools.com\/pl\/product\/heimish-rx-hyaluronic-acid-2-hydrating-serum-35-ml-nawilzajace-serum-do-twarzy\/#breadcrumb"},"inLanguage":"pl-PL","potentialAction":[{"@type":"ReadAction","target":["https:\/\/admincentral.selleetools.com\/pl\/product\/heimish-rx-hyaluronic-acid-2-hydrating-serum-35-ml-nawilzajace-serum-do-twarzy\/"]}]},{"@type":"BreadcrumbList","@id":"https:\/\/admincentral.selleetools.com\/pl\/product\/heimish-rx-hyaluronic-acid-2-hydrating-serum-35-ml-nawilzajace-serum-do-twarzy\/#breadcrumb","itemListElement":[{"@type":"ListItem","position":1,"name":"Home","item":"https:\/\/selleetools.com\/pl\/"},{"@type":"ListItem","position":2,"name":"Katalog","item":"https:\/\/selleetools.com\/pl\/katalog\/"},{"@type":"ListItem","position":3,"name":"Heimish RX HYALURONIC ACID 2% HYDRATING SERUM 35 ml &#8211; nawil\u017caj\u0105ce serum do twarzy"}]}]}},"_links":{"self":[{"href":"https:\/\/admincentral.selleetools.com\/pl\/wp-json\/wp\/v2\/product\/607060"}],"collection":[{"href":"https:\/\/admincentral.selleetools.com\/pl\/wp-json\/wp\/v2\/product"}],"about":[{"href":"https:\/\/admincentral.selleetools.com\/pl\/wp-json\/wp\/v2\/types\/product"}],"replies":[{"embeddable":true,"href":"https:\/\/admincentral.selleetools.com\/pl\/wp-json\/wp\/v2\/comments?post=607060"}],"wp:featuredmedia":[{"embeddable":true,"href":"https:\/\/admincentral.selleetools.com\/pl\/wp-json\/wp\/v2\/media\/607058"}],"wp:attachment":[{"href":"https:\/\/admincentral.selleetools.com\/pl\/wp-json\/wp\/v2\/media?parent=607060"}],"curies":[{"name":"wp","href":"https:\/\/api.w.org\/{rel}","templated":true}]}}