{"id":607063,"date":"2025-10-24T13:59:07","date_gmt":"2025-10-24T11:59:07","guid":{"rendered":"https:\/\/selleetools.com\/?post_type=product&#038;p=607063"},"modified":"2026-01-29T13:30:15","modified_gmt":"2026-01-29T12:30:15","slug":"heimish-rx-multi-vitamin-dark-spot-cream-50-ml-rozjasniajacy-krem-do-twarzy","status":"publish","type":"product","link":"https:\/\/admincentral.selleetools.com\/pl\/product\/heimish-rx-multi-vitamin-dark-spot-cream-50-ml-rozjasniajacy-krem-do-twarzy\/","title":{"rendered":"Heimish RX MULTI VITAMIN DARK SPOT CREAM 50 ml &#8211; rozja\u015bniaj\u0105cy krem do twarzy"},"content":{"rendered":"<p>Heimish RX Multi Vitamin Dark Spot Cream to rozja\u015bniaj\u0105cy krem do twarzy, stworzony z my\u015bl\u0105 o piel\u0119gnacji sk\u00f3ry z przebarwieniami. Formu\u0142a oparta na wysokiej zawarto\u015bci niacynamidu (50 000 ppm) oraz witaminowych ekstraktach pomaga wyr\u00f3wna\u0107 koloryt sk\u00f3ry, redukowa\u0107 ciemne plamy i przywraca\u0107 jej naturalny blask. Dodatkowo krem nawil\u017ca, od\u017cywia i wzmacnia barier\u0119 ochronn\u0105 sk\u00f3ry, dzi\u0119ki zawarto\u015bci olej\u00f3w ro\u015blinnych, ceramid\u00f3w oraz mas\u0142a shea.<\/p>\n<p>Korzy\u015bci dla sk\u00f3ry:<br \/>\nRedukcja przebarwie\u0144 i ciemnych plam dzi\u0119ki wysokiej zawarto\u015bci niacynamidu.<br \/>\nRozja\u015bnienie i wyr\u00f3wnanie kolorytu sk\u00f3ry.<br \/>\nG\u0142\u0119bokie nawil\u017cenie i od\u017cywienie sk\u00f3ry dzi\u0119ki olejom z moringi, kokosa i mas\u0142u shea.<br \/>\nWsparcie bariery ochronnej sk\u00f3ry dzi\u0119ki ceramidom NP i fitosfingozynie.<br \/>\nDzia\u0142anie antyoksydacyjne i przeciwstarzeniowe dzi\u0119ki zawarto\u015bci witaminy C (3-O-Ethyl Ascorbic Acid) i witaminy E (Tocopherol).<\/p>\n<p>Spos\u00f3b u\u017cycia:<br \/>\nNa\u0142\u00f3\u017c odpowiedni\u0105 ilo\u015b\u0107 kremu na oczyszczon\u0105 i stonizowan\u0105 sk\u00f3r\u0119 twarzy.<br \/>\nDelikatnie wmasuj krem w sk\u00f3r\u0119 okr\u0119\u017cnymi ruchami, a\u017c do ca\u0142kowitego wch\u0142oni\u0119cia.<br \/>\nStosuj codziennie rano i wieczorem jako ostatni etap piel\u0119gnacji.<br \/>\nW ci\u0105gu dnia stosuj dodatkowo krem z filtrem SPF dla ochrony przed promieniowaniem UV.<\/p>\n<p>Krem idealny dla os\u00f3b poszukuj\u0105cych skutecznego sposobu na walk\u0119 z przebarwieniami oraz dla tych, kt\u00f3rzy chc\u0105 uzyska\u0107 r\u00f3wnomierny i promienny koloryt sk\u00f3ry.<\/p>\n","protected":false},"excerpt":{"rendered":"<p>Heimish RX Multi Vitamin Dark Spot Cream to rozja\u015bniaj\u0105cy krem do twarzy, stworzony z my\u015bl\u0105 o piel\u0119gnacji sk\u00f3ry z przebarwieniami. Formu\u0142a oparta na wysokiej zawarto\u015bci niacynamidu (50 000 ppm) oraz witaminowych ekstraktach pomaga wyr\u00f3wna\u0107 koloryt sk\u00f3ry, redukowa\u0107 ciemne plamy i przywraca\u0107 jej naturalny blask. Dodatkowo krem nawil\u017ca, od\u017cywia i wzmacnia barier\u0119 ochronn\u0105 sk\u00f3ry, dzi\u0119ki zawarto\u015bci &#8230; <a title=\"Heimish RX MULTI VITAMIN DARK SPOT CREAM 50 ml &#8211; rozja\u015bniaj\u0105cy krem do twarzy\" class=\"read-more\" href=\"https:\/\/admincentral.selleetools.com\/pl\/product\/heimish-rx-multi-vitamin-dark-spot-cream-50-ml-rozjasniajacy-krem-do-twarzy\/\">Read more<span class=\"screen-reader-text\">Heimish RX MULTI VITAMIN DARK SPOT CREAM 50 ml &#8211; rozja\u015bniaj\u0105cy krem do twarzy<\/span><\/a><\/p>\n","protected":false},"featured_media":607061,"comment_status":"open","ping_status":"closed","template":"","meta":{"_links_to":"","_links_to_target":""},"yoast_head":"<!-- This site is optimized with the Yoast SEO plugin v19.4 - https:\/\/yoast.com\/wordpress\/plugins\/seo\/ -->\n<title>Heimish RX MULTI VITAMIN DARK SPOT CREAM 50 ml - rozja\u015bniaj\u0105cy krem do twarzy - Selleetools.com<\/title>\n<meta name=\"robots\" content=\"index, follow, max-snippet:-1, max-image-preview:large, max-video-preview:-1\" \/>\n<link rel=\"canonical\" href=\"https:\/\/selleetools.com\/pl\/product\/heimish-rx-multi-vitamin-dark-spot-cream-50-ml-rozjasniajacy-krem-do-twarzy\/\" \/>\n<meta property=\"og:locale\" content=\"pl_PL\" \/>\n<meta property=\"og:type\" content=\"article\" \/>\n<meta property=\"og:title\" content=\"Heimish RX MULTI VITAMIN DARK SPOT CREAM 50 ml - rozja\u015bniaj\u0105cy krem do twarzy - Selleetools.com\" \/>\n<meta property=\"og:description\" content=\"Heimish RX Multi Vitamin Dark Spot Cream to rozja\u015bniaj\u0105cy krem do twarzy, stworzony z my\u015bl\u0105 o piel\u0119gnacji sk\u00f3ry z przebarwieniami. Formu\u0142a oparta na wysokiej zawarto\u015bci niacynamidu (50 000 ppm) oraz witaminowych ekstraktach pomaga wyr\u00f3wna\u0107 koloryt sk\u00f3ry, redukowa\u0107 ciemne plamy i przywraca\u0107 jej naturalny blask. Dodatkowo krem nawil\u017ca, od\u017cywia i wzmacnia barier\u0119 ochronn\u0105 sk\u00f3ry, dzi\u0119ki zawarto\u015bci ... Read moreHeimish RX MULTI VITAMIN DARK SPOT CREAM 50 ml &#8211; rozja\u015bniaj\u0105cy krem do twarzy\" \/>\n<meta property=\"og:url\" content=\"https:\/\/selleetools.com\/pl\/product\/heimish-rx-multi-vitamin-dark-spot-cream-50-ml-rozjasniajacy-krem-do-twarzy\/\" \/>\n<meta property=\"og:site_name\" content=\"Selleetools.com\" \/>\n<meta property=\"article:modified_time\" content=\"2026-01-29T12:30:15+00:00\" \/>\n<meta property=\"og:image\" content=\"https:\/\/selleetools.com\/wp-content\/uploads\/2025\/10\/0ceb2537903e8525d2daa007909c3643.jpg\" \/>\n\t<meta property=\"og:image:width\" content=\"1200\" \/>\n\t<meta property=\"og:image:height\" content=\"1200\" \/>\n\t<meta property=\"og:image:type\" content=\"image\/jpeg\" \/>\n<meta name=\"twitter:card\" content=\"summary_large_image\" \/>\n<meta name=\"twitter:label1\" content=\"Est. reading time\" \/>\n\t<meta name=\"twitter:data1\" content=\"1 minuta\" \/>\n<!-- \/ Yoast SEO plugin. -->","yoast_head_json":{"title":"Heimish RX MULTI VITAMIN DARK SPOT CREAM 50 ml - rozja\u015bniaj\u0105cy krem do twarzy - Selleetools.com","robots":{"index":"index","follow":"follow","max-snippet":"max-snippet:-1","max-image-preview":"max-image-preview:large","max-video-preview":"max-video-preview:-1"},"canonical":"https:\/\/selleetools.com\/pl\/product\/heimish-rx-multi-vitamin-dark-spot-cream-50-ml-rozjasniajacy-krem-do-twarzy\/","og_locale":"pl_PL","og_type":"article","og_title":"Heimish RX MULTI VITAMIN DARK SPOT CREAM 50 ml - rozja\u015bniaj\u0105cy krem do twarzy - Selleetools.com","og_description":"Heimish RX Multi Vitamin Dark Spot Cream to rozja\u015bniaj\u0105cy krem do twarzy, stworzony z my\u015bl\u0105 o piel\u0119gnacji sk\u00f3ry z przebarwieniami. Formu\u0142a oparta na wysokiej zawarto\u015bci niacynamidu (50 000 ppm) oraz witaminowych ekstraktach pomaga wyr\u00f3wna\u0107 koloryt sk\u00f3ry, redukowa\u0107 ciemne plamy i przywraca\u0107 jej naturalny blask. Dodatkowo krem nawil\u017ca, od\u017cywia i wzmacnia barier\u0119 ochronn\u0105 sk\u00f3ry, dzi\u0119ki zawarto\u015bci ... Read moreHeimish RX MULTI VITAMIN DARK SPOT CREAM 50 ml &#8211; rozja\u015bniaj\u0105cy krem do twarzy","og_url":"https:\/\/selleetools.com\/pl\/product\/heimish-rx-multi-vitamin-dark-spot-cream-50-ml-rozjasniajacy-krem-do-twarzy\/","og_site_name":"Selleetools.com","article_modified_time":"2026-01-29T12:30:15+00:00","og_image":[{"width":1200,"height":1200,"url":"https:\/\/selleetools.com\/wp-content\/uploads\/2025\/10\/0ceb2537903e8525d2daa007909c3643.jpg","type":"image\/jpeg"}],"twitter_card":"summary_large_image","twitter_misc":{"Est. reading time":"1 minuta"},"schema":{"@context":"https:\/\/schema.org","@graph":[{"@type":"Organization","@id":"https:\/\/selleetools.com\/#organization","name":"Selleetools","url":"https:\/\/selleetools.com\/","sameAs":[],"logo":{"@type":"ImageObject","inLanguage":"pl-PL","@id":"https:\/\/selleetools.com\/#\/schema\/logo\/image\/","url":"https:\/\/selleetools.com\/wp-content\/uploads\/2021\/10\/logo-dark.png","contentUrl":"https:\/\/selleetools.com\/wp-content\/uploads\/2021\/10\/logo-dark.png","width":320,"height":76,"caption":"Selleetools"},"image":{"@id":"https:\/\/selleetools.com\/#\/schema\/logo\/image\/"}},{"@type":"WebSite","@id":"https:\/\/selleetools.com\/#website","url":"https:\/\/selleetools.com\/","name":"Selleetools.com","description":"","publisher":{"@id":"https:\/\/selleetools.com\/#organization"},"potentialAction":[{"@type":"SearchAction","target":{"@type":"EntryPoint","urlTemplate":"https:\/\/selleetools.com\/?s={search_term_string}"},"query-input":"required name=search_term_string"}],"inLanguage":"pl-PL"},{"@type":"WebPage","@id":"https:\/\/selleetools.com\/pl\/product\/heimish-rx-multi-vitamin-dark-spot-cream-50-ml-rozjasniajacy-krem-do-twarzy\/","url":"https:\/\/selleetools.com\/pl\/product\/heimish-rx-multi-vitamin-dark-spot-cream-50-ml-rozjasniajacy-krem-do-twarzy\/","name":"Heimish RX MULTI VITAMIN DARK SPOT CREAM 50 ml - rozja\u015bniaj\u0105cy krem do twarzy - Selleetools.com","isPartOf":{"@id":"https:\/\/selleetools.com\/#website"},"datePublished":"2025-10-24T11:59:07+00:00","dateModified":"2026-01-29T12:30:15+00:00","breadcrumb":{"@id":"https:\/\/selleetools.com\/pl\/product\/heimish-rx-multi-vitamin-dark-spot-cream-50-ml-rozjasniajacy-krem-do-twarzy\/#breadcrumb"},"inLanguage":"pl-PL","potentialAction":[{"@type":"ReadAction","target":["https:\/\/selleetools.com\/pl\/product\/heimish-rx-multi-vitamin-dark-spot-cream-50-ml-rozjasniajacy-krem-do-twarzy\/"]}]},{"@type":"BreadcrumbList","@id":"https:\/\/selleetools.com\/pl\/product\/heimish-rx-multi-vitamin-dark-spot-cream-50-ml-rozjasniajacy-krem-do-twarzy\/#breadcrumb","itemListElement":[{"@type":"ListItem","position":1,"name":"Home","item":"https:\/\/selleetools.com\/pl\/"},{"@type":"ListItem","position":2,"name":"Katalog","item":"https:\/\/selleetools.com\/pl\/katalog\/"},{"@type":"ListItem","position":3,"name":"Heimish RX MULTI VITAMIN DARK SPOT CREAM 50 ml &#8211; rozja\u015bniaj\u0105cy krem do twarzy"}]}]}},"_links":{"self":[{"href":"https:\/\/admincentral.selleetools.com\/pl\/wp-json\/wp\/v2\/product\/607063"}],"collection":[{"href":"https:\/\/admincentral.selleetools.com\/pl\/wp-json\/wp\/v2\/product"}],"about":[{"href":"https:\/\/admincentral.selleetools.com\/pl\/wp-json\/wp\/v2\/types\/product"}],"replies":[{"embeddable":true,"href":"https:\/\/admincentral.selleetools.com\/pl\/wp-json\/wp\/v2\/comments?post=607063"}],"wp:featuredmedia":[{"embeddable":true,"href":"https:\/\/admincentral.selleetools.com\/pl\/wp-json\/wp\/v2\/media\/607061"}],"wp:attachment":[{"href":"https:\/\/admincentral.selleetools.com\/pl\/wp-json\/wp\/v2\/media?parent=607063"}],"curies":[{"name":"wp","href":"https:\/\/api.w.org\/{rel}","templated":true}]}}