{"id":607260,"date":"2025-10-24T14:02:15","date_gmt":"2025-10-24T12:02:15","guid":{"rendered":"https:\/\/selleetools.com\/?post_type=product&#038;p=607260"},"modified":"2025-11-04T21:06:52","modified_gmt":"2025-11-04T20:06:52","slug":"jumiso-antioxidant-glow-facial-essence-40-ml-rozswietlajaca-esencja-antyoksydacyjna-do-twarzy","status":"publish","type":"product","link":"https:\/\/admincentral.selleetools.com\/pl\/product\/jumiso-antioxidant-glow-facial-essence-40-ml-rozswietlajaca-esencja-antyoksydacyjna-do-twarzy\/","title":{"rendered":"Jumiso Antioxidant Glow Facial Essence 40 ml &#8211; roz\u015bwietlaj\u0105ca esencja antyoksydacyjna do twarzy"},"content":{"rendered":"<p>Jumiso Antioxidant Glow Facial Essence to lekka, roz\u015bwietlaj\u0105ca esencja o dzia\u0142aniu antyoksydacyjnym, kt\u00f3ra pomaga chroni\u0107 sk\u00f3r\u0119 przed stresem oksydacyjnym i czynnikami zewn\u0119trznymi. Dzi\u0119ki zawarto\u015bci niacynamidu, alfa-arbutyny i witaminy E wyr\u00f3wnuje koloryt, redukuje oznaki zm\u0119czenia i nadaje cerze zdrowy blask.<\/p>\n<p>Korzy\u015bci dla sk\u00f3ry:<br \/>\nRoz\u015bwietla i wyr\u00f3wnuje koloryt cery<br \/>\nNawil\u017ca i wspomaga regeneracj\u0119 sk\u00f3ry<br \/>\nDzia\u0142a antyoksydacyjnie, chroni\u0105c przed wolnymi rodnikami<br \/>\nWzmacnia barier\u0119 ochronn\u0105 i koi podra\u017cnienia<\/p>\n<p>Spos\u00f3b u\u017cycia:<br \/>\nNa\u0142\u00f3\u017c kilka kropli esencji na oczyszczon\u0105 sk\u00f3r\u0119 twarzy i delikatnie wklep do wch\u0142oni\u0119cia. Stosuj rano i wieczorem przed na\u0142o\u017ceniem kremu nawil\u017caj\u0105cego.<\/p>\n","protected":false},"excerpt":{"rendered":"<p>Jumiso Antioxidant Glow Facial Essence to lekka, roz\u015bwietlaj\u0105ca esencja o dzia\u0142aniu antyoksydacyjnym, kt\u00f3ra pomaga chroni\u0107 sk\u00f3r\u0119 przed stresem oksydacyjnym i czynnikami zewn\u0119trznymi. Dzi\u0119ki zawarto\u015bci niacynamidu, alfa-arbutyny i witaminy E wyr\u00f3wnuje koloryt, redukuje oznaki zm\u0119czenia i nadaje cerze zdrowy blask. Korzy\u015bci dla sk\u00f3ry: Roz\u015bwietla i wyr\u00f3wnuje koloryt cery Nawil\u017ca i wspomaga regeneracj\u0119 sk\u00f3ry Dzia\u0142a antyoksydacyjnie, chroni\u0105c &#8230; <a title=\"Jumiso Antioxidant Glow Facial Essence 40 ml &#8211; roz\u015bwietlaj\u0105ca esencja antyoksydacyjna do twarzy\" class=\"read-more\" href=\"https:\/\/admincentral.selleetools.com\/pl\/product\/jumiso-antioxidant-glow-facial-essence-40-ml-rozswietlajaca-esencja-antyoksydacyjna-do-twarzy\/\">Read more<span class=\"screen-reader-text\">Jumiso Antioxidant Glow Facial Essence 40 ml &#8211; roz\u015bwietlaj\u0105ca esencja antyoksydacyjna do twarzy<\/span><\/a><\/p>\n","protected":false},"featured_media":607254,"comment_status":"open","ping_status":"closed","template":"","meta":{"_links_to":"","_links_to_target":""},"yoast_head":"<!-- This site is optimized with the Yoast SEO plugin v19.4 - https:\/\/yoast.com\/wordpress\/plugins\/seo\/ -->\n<title>Jumiso Antioxidant Glow Facial Essence 40 ml - roz\u015bwietlaj\u0105ca esencja antyoksydacyjna do twarzy - Selleetools.com<\/title>\n<meta name=\"robots\" content=\"index, follow, max-snippet:-1, max-image-preview:large, max-video-preview:-1\" \/>\n<link rel=\"canonical\" href=\"https:\/\/admincentral.selleetools.com\/product\/jumiso-antioxidant-glow-facial-essence-40-ml-rozswietlajaca-esencja-antyoksydacyjna-do-twarzy\/\" \/>\n<meta property=\"og:locale\" content=\"pl_PL\" \/>\n<meta property=\"og:type\" content=\"article\" \/>\n<meta property=\"og:title\" content=\"Jumiso Antioxidant Glow Facial Essence 40 ml - roz\u015bwietlaj\u0105ca esencja antyoksydacyjna do twarzy - Selleetools.com\" \/>\n<meta property=\"og:description\" content=\"Jumiso Antioxidant Glow Facial Essence to lekka, roz\u015bwietlaj\u0105ca esencja o dzia\u0142aniu antyoksydacyjnym, kt\u00f3ra pomaga chroni\u0107 sk\u00f3r\u0119 przed stresem oksydacyjnym i czynnikami zewn\u0119trznymi. Dzi\u0119ki zawarto\u015bci niacynamidu, alfa-arbutyny i witaminy E wyr\u00f3wnuje koloryt, redukuje oznaki zm\u0119czenia i nadaje cerze zdrowy blask. Korzy\u015bci dla sk\u00f3ry: Roz\u015bwietla i wyr\u00f3wnuje koloryt cery Nawil\u017ca i wspomaga regeneracj\u0119 sk\u00f3ry Dzia\u0142a antyoksydacyjnie, chroni\u0105c ... Read moreJumiso Antioxidant Glow Facial Essence 40 ml &#8211; roz\u015bwietlaj\u0105ca esencja antyoksydacyjna do twarzy\" \/>\n<meta property=\"og:url\" content=\"https:\/\/admincentral.selleetools.com\/product\/jumiso-antioxidant-glow-facial-essence-40-ml-rozswietlajaca-esencja-antyoksydacyjna-do-twarzy\/\" \/>\n<meta property=\"og:site_name\" content=\"Selleetools.com\" \/>\n<meta property=\"article:modified_time\" content=\"2025-11-04T20:06:52+00:00\" \/>\n<meta property=\"og:image\" content=\"https:\/\/selleetools.com\/wp-content\/uploads\/2025\/10\/84750d154e4b3101ab45e55f1c4e4183.jpg\" \/>\n\t<meta property=\"og:image:width\" content=\"1000\" \/>\n\t<meta property=\"og:image:height\" content=\"1000\" \/>\n\t<meta property=\"og:image:type\" content=\"image\/jpeg\" \/>\n<meta name=\"twitter:card\" content=\"summary_large_image\" \/>\n<meta name=\"twitter:label1\" content=\"Est. reading time\" \/>\n\t<meta name=\"twitter:data1\" content=\"1 minuta\" \/>\n<!-- \/ Yoast SEO plugin. -->","yoast_head_json":{"title":"Jumiso Antioxidant Glow Facial Essence 40 ml - roz\u015bwietlaj\u0105ca esencja antyoksydacyjna do twarzy - Selleetools.com","robots":{"index":"index","follow":"follow","max-snippet":"max-snippet:-1","max-image-preview":"max-image-preview:large","max-video-preview":"max-video-preview:-1"},"canonical":"https:\/\/admincentral.selleetools.com\/product\/jumiso-antioxidant-glow-facial-essence-40-ml-rozswietlajaca-esencja-antyoksydacyjna-do-twarzy\/","og_locale":"pl_PL","og_type":"article","og_title":"Jumiso Antioxidant Glow Facial Essence 40 ml - roz\u015bwietlaj\u0105ca esencja antyoksydacyjna do twarzy - Selleetools.com","og_description":"Jumiso Antioxidant Glow Facial Essence to lekka, roz\u015bwietlaj\u0105ca esencja o dzia\u0142aniu antyoksydacyjnym, kt\u00f3ra pomaga chroni\u0107 sk\u00f3r\u0119 przed stresem oksydacyjnym i czynnikami zewn\u0119trznymi. Dzi\u0119ki zawarto\u015bci niacynamidu, alfa-arbutyny i witaminy E wyr\u00f3wnuje koloryt, redukuje oznaki zm\u0119czenia i nadaje cerze zdrowy blask. Korzy\u015bci dla sk\u00f3ry: Roz\u015bwietla i wyr\u00f3wnuje koloryt cery Nawil\u017ca i wspomaga regeneracj\u0119 sk\u00f3ry Dzia\u0142a antyoksydacyjnie, chroni\u0105c ... Read moreJumiso Antioxidant Glow Facial Essence 40 ml &#8211; roz\u015bwietlaj\u0105ca esencja antyoksydacyjna do twarzy","og_url":"https:\/\/admincentral.selleetools.com\/product\/jumiso-antioxidant-glow-facial-essence-40-ml-rozswietlajaca-esencja-antyoksydacyjna-do-twarzy\/","og_site_name":"Selleetools.com","article_modified_time":"2025-11-04T20:06:52+00:00","og_image":[{"width":1000,"height":1000,"url":"https:\/\/selleetools.com\/wp-content\/uploads\/2025\/10\/84750d154e4b3101ab45e55f1c4e4183.jpg","type":"image\/jpeg"}],"twitter_card":"summary_large_image","twitter_misc":{"Est. reading time":"1 minuta"},"schema":{"@context":"https:\/\/schema.org","@graph":[{"@type":"Organization","@id":"https:\/\/selleetools.com\/#organization","name":"Selleetools","url":"https:\/\/selleetools.com\/","sameAs":[],"logo":{"@type":"ImageObject","inLanguage":"pl-PL","@id":"https:\/\/selleetools.com\/#\/schema\/logo\/image\/","url":"https:\/\/selleetools.com\/wp-content\/uploads\/2021\/10\/logo-dark.png","contentUrl":"https:\/\/selleetools.com\/wp-content\/uploads\/2021\/10\/logo-dark.png","width":320,"height":76,"caption":"Selleetools"},"image":{"@id":"https:\/\/selleetools.com\/#\/schema\/logo\/image\/"}},{"@type":"WebSite","@id":"https:\/\/selleetools.com\/#website","url":"https:\/\/selleetools.com\/","name":"Selleetools.com","description":"","publisher":{"@id":"https:\/\/selleetools.com\/#organization"},"potentialAction":[{"@type":"SearchAction","target":{"@type":"EntryPoint","urlTemplate":"https:\/\/selleetools.com\/?s={search_term_string}"},"query-input":"required name=search_term_string"}],"inLanguage":"pl-PL"},{"@type":"WebPage","@id":"https:\/\/admincentral.selleetools.com\/product\/jumiso-antioxidant-glow-facial-essence-40-ml-rozswietlajaca-esencja-antyoksydacyjna-do-twarzy\/","url":"https:\/\/admincentral.selleetools.com\/product\/jumiso-antioxidant-glow-facial-essence-40-ml-rozswietlajaca-esencja-antyoksydacyjna-do-twarzy\/","name":"Jumiso Antioxidant Glow Facial Essence 40 ml - roz\u015bwietlaj\u0105ca esencja antyoksydacyjna do twarzy - Selleetools.com","isPartOf":{"@id":"https:\/\/selleetools.com\/#website"},"datePublished":"2025-10-24T12:02:15+00:00","dateModified":"2025-11-04T20:06:52+00:00","breadcrumb":{"@id":"https:\/\/admincentral.selleetools.com\/product\/jumiso-antioxidant-glow-facial-essence-40-ml-rozswietlajaca-esencja-antyoksydacyjna-do-twarzy\/#breadcrumb"},"inLanguage":"pl-PL","potentialAction":[{"@type":"ReadAction","target":["https:\/\/admincentral.selleetools.com\/product\/jumiso-antioxidant-glow-facial-essence-40-ml-rozswietlajaca-esencja-antyoksydacyjna-do-twarzy\/"]}]},{"@type":"BreadcrumbList","@id":"https:\/\/admincentral.selleetools.com\/product\/jumiso-antioxidant-glow-facial-essence-40-ml-rozswietlajaca-esencja-antyoksydacyjna-do-twarzy\/#breadcrumb","itemListElement":[{"@type":"ListItem","position":1,"name":"Home","item":"https:\/\/selleetools.com\/pl\/"},{"@type":"ListItem","position":2,"name":"Katalog","item":"https:\/\/selleetools.com\/pl\/katalog\/"},{"@type":"ListItem","position":3,"name":"Jumiso Antioxidant Glow Facial Essence 40 ml &#8211; roz\u015bwietlaj\u0105ca esencja antyoksydacyjna do twarzy"}]}]}},"_links":{"self":[{"href":"https:\/\/admincentral.selleetools.com\/pl\/wp-json\/wp\/v2\/product\/607260"}],"collection":[{"href":"https:\/\/admincentral.selleetools.com\/pl\/wp-json\/wp\/v2\/product"}],"about":[{"href":"https:\/\/admincentral.selleetools.com\/pl\/wp-json\/wp\/v2\/types\/product"}],"replies":[{"embeddable":true,"href":"https:\/\/admincentral.selleetools.com\/pl\/wp-json\/wp\/v2\/comments?post=607260"}],"wp:featuredmedia":[{"embeddable":true,"href":"https:\/\/admincentral.selleetools.com\/pl\/wp-json\/wp\/v2\/media\/607254"}],"wp:attachment":[{"href":"https:\/\/admincentral.selleetools.com\/pl\/wp-json\/wp\/v2\/media?parent=607260"}],"curies":[{"name":"wp","href":"https:\/\/api.w.org\/{rel}","templated":true}]}}