{"id":607266,"date":"2025-10-24T14:02:17","date_gmt":"2025-10-24T12:02:17","guid":{"rendered":"https:\/\/selleetools.com\/?post_type=product&#038;p=607266"},"modified":"2026-03-03T11:19:03","modified_gmt":"2026-03-03T10:19:03","slug":"alternative-stereo-lip-potion-steaming-milk-9-ml-balsam-nawilzajacy-do-ust","status":"publish","type":"product","link":"https:\/\/admincentral.selleetools.com\/pl\/product\/alternative-stereo-lip-potion-steaming-milk-9-ml-balsam-nawilzajacy-do-ust\/","title":{"rendered":"Alternative Stereo Lip Potion Steaming Milk 9 ml &#8211; balsam nawil\u017caj\u0105cy do ust"},"content":{"rendered":"<p>ALTERNATIVESTEREO Lip Potion Steaming Milk to nawil\u017caj\u0105cy balsam do ust o lekkiej, komfortowej formule, kt\u00f3ry intensywnie od\u017cywia i wyg\u0142adza sk\u00f3r\u0119 warg. Dzi\u0119ki po\u0142\u0105czeniu gliceryny, oleju z nasion herbaty oraz kwasu hialuronowego zapewnia d\u0142ugotrwa\u0142e nawil\u017cenie i ochron\u0119 przed przesuszeniem. Ekstrakt z cebulki narcyza dodatkowo wspiera regeneracj\u0119 ust, nadaj\u0105c im mi\u0119kko\u015b\u0107 i zdrowy wygl\u0105d.<\/p>\n<p>Korzy\u015bci dla sk\u00f3ry:<br \/>\nIntensywnie nawil\u017ca i chroni przed utrat\u0105 wilgoci<br \/>\nWyg\u0142adza usta, nadaj\u0105c im zdrowy wygl\u0105d i elastyczno\u015b\u0107<br \/>\nZawiera ekstrakty ro\u015blinne wspieraj\u0105ce regeneracj\u0119 i od\u017cywienie<br \/>\nLekka, niet\u0142usta formu\u0142a zapewniaj\u0105ca komfort noszenia<\/p>\n<p>Spos\u00f3b u\u017cycia:<br \/>\nNa\u0142\u00f3\u017c cienk\u0105 warstw\u0119 balsamu na usta, rozprowadzaj\u0105c r\u00f3wnomiernie. Stosuj w ci\u0105gu dnia wed\u0142ug potrzeb, aby utrzyma\u0107 optymalne nawil\u017cenie i komfort.<\/p>\n","protected":false},"excerpt":{"rendered":"<p>ALTERNATIVESTEREO Lip Potion Steaming Milk to nawil\u017caj\u0105cy balsam do ust o lekkiej, komfortowej formule, kt\u00f3ry intensywnie od\u017cywia i wyg\u0142adza sk\u00f3r\u0119 warg. Dzi\u0119ki po\u0142\u0105czeniu gliceryny, oleju z nasion herbaty oraz kwasu hialuronowego zapewnia d\u0142ugotrwa\u0142e nawil\u017cenie i ochron\u0119 przed przesuszeniem. Ekstrakt z cebulki narcyza dodatkowo wspiera regeneracj\u0119 ust, nadaj\u0105c im mi\u0119kko\u015b\u0107 i zdrowy wygl\u0105d. Korzy\u015bci dla sk\u00f3ry: &#8230; <a title=\"Alternative Stereo Lip Potion Steaming Milk 9 ml &#8211; balsam nawil\u017caj\u0105cy do ust\" class=\"read-more\" href=\"https:\/\/admincentral.selleetools.com\/pl\/product\/alternative-stereo-lip-potion-steaming-milk-9-ml-balsam-nawilzajacy-do-ust\/\">Read more<span class=\"screen-reader-text\">Alternative Stereo Lip Potion Steaming Milk 9 ml &#8211; balsam nawil\u017caj\u0105cy do ust<\/span><\/a><\/p>\n","protected":false},"featured_media":607263,"comment_status":"open","ping_status":"closed","template":"","meta":{"_links_to":"","_links_to_target":""},"yoast_head":"<!-- This site is optimized with the Yoast SEO plugin v19.4 - https:\/\/yoast.com\/wordpress\/plugins\/seo\/ -->\n<title>Alternative Stereo Lip Potion Steaming Milk 9 ml - balsam nawil\u017caj\u0105cy do ust - Selleetools.com<\/title>\n<meta name=\"robots\" content=\"index, follow, max-snippet:-1, max-image-preview:large, max-video-preview:-1\" \/>\n<link rel=\"canonical\" href=\"https:\/\/selleetools.com\/product\/alternative-stereo-lip-potion-steaming-milk-9-ml-balsam-nawilzajacy-do-ust\/\" \/>\n<meta property=\"og:locale\" content=\"pl_PL\" \/>\n<meta property=\"og:type\" content=\"article\" \/>\n<meta property=\"og:title\" content=\"Alternative Stereo Lip Potion Steaming Milk 9 ml - balsam nawil\u017caj\u0105cy do ust - Selleetools.com\" \/>\n<meta property=\"og:description\" content=\"ALTERNATIVESTEREO Lip Potion Steaming Milk to nawil\u017caj\u0105cy balsam do ust o lekkiej, komfortowej formule, kt\u00f3ry intensywnie od\u017cywia i wyg\u0142adza sk\u00f3r\u0119 warg. Dzi\u0119ki po\u0142\u0105czeniu gliceryny, oleju z nasion herbaty oraz kwasu hialuronowego zapewnia d\u0142ugotrwa\u0142e nawil\u017cenie i ochron\u0119 przed przesuszeniem. Ekstrakt z cebulki narcyza dodatkowo wspiera regeneracj\u0119 ust, nadaj\u0105c im mi\u0119kko\u015b\u0107 i zdrowy wygl\u0105d. Korzy\u015bci dla sk\u00f3ry: ... Read moreAlternative Stereo Lip Potion Steaming Milk 9 ml &#8211; balsam nawil\u017caj\u0105cy do ust\" \/>\n<meta property=\"og:url\" content=\"https:\/\/selleetools.com\/product\/alternative-stereo-lip-potion-steaming-milk-9-ml-balsam-nawilzajacy-do-ust\/\" \/>\n<meta property=\"og:site_name\" content=\"Selleetools.com\" \/>\n<meta property=\"article:modified_time\" content=\"2026-03-03T10:19:03+00:00\" \/>\n<meta property=\"og:image\" content=\"https:\/\/selleetools.com\/wp-content\/uploads\/2025\/10\/e7a893ee1b2e6194c42d7c6031725fc2.jpg\" \/>\n\t<meta property=\"og:image:width\" content=\"1500\" \/>\n\t<meta property=\"og:image:height\" content=\"1500\" \/>\n\t<meta property=\"og:image:type\" content=\"image\/jpeg\" \/>\n<meta name=\"twitter:card\" content=\"summary_large_image\" \/>\n<meta name=\"twitter:label1\" content=\"Est. reading time\" \/>\n\t<meta name=\"twitter:data1\" content=\"1 minuta\" \/>\n<!-- \/ Yoast SEO plugin. -->","yoast_head_json":{"title":"Alternative Stereo Lip Potion Steaming Milk 9 ml - balsam nawil\u017caj\u0105cy do ust - Selleetools.com","robots":{"index":"index","follow":"follow","max-snippet":"max-snippet:-1","max-image-preview":"max-image-preview:large","max-video-preview":"max-video-preview:-1"},"canonical":"https:\/\/selleetools.com\/product\/alternative-stereo-lip-potion-steaming-milk-9-ml-balsam-nawilzajacy-do-ust\/","og_locale":"pl_PL","og_type":"article","og_title":"Alternative Stereo Lip Potion Steaming Milk 9 ml - balsam nawil\u017caj\u0105cy do ust - Selleetools.com","og_description":"ALTERNATIVESTEREO Lip Potion Steaming Milk to nawil\u017caj\u0105cy balsam do ust o lekkiej, komfortowej formule, kt\u00f3ry intensywnie od\u017cywia i wyg\u0142adza sk\u00f3r\u0119 warg. Dzi\u0119ki po\u0142\u0105czeniu gliceryny, oleju z nasion herbaty oraz kwasu hialuronowego zapewnia d\u0142ugotrwa\u0142e nawil\u017cenie i ochron\u0119 przed przesuszeniem. Ekstrakt z cebulki narcyza dodatkowo wspiera regeneracj\u0119 ust, nadaj\u0105c im mi\u0119kko\u015b\u0107 i zdrowy wygl\u0105d. Korzy\u015bci dla sk\u00f3ry: ... Read moreAlternative Stereo Lip Potion Steaming Milk 9 ml &#8211; balsam nawil\u017caj\u0105cy do ust","og_url":"https:\/\/selleetools.com\/product\/alternative-stereo-lip-potion-steaming-milk-9-ml-balsam-nawilzajacy-do-ust\/","og_site_name":"Selleetools.com","article_modified_time":"2026-03-03T10:19:03+00:00","og_image":[{"width":1500,"height":1500,"url":"https:\/\/selleetools.com\/wp-content\/uploads\/2025\/10\/e7a893ee1b2e6194c42d7c6031725fc2.jpg","type":"image\/jpeg"}],"twitter_card":"summary_large_image","twitter_misc":{"Est. reading time":"1 minuta"},"schema":{"@context":"https:\/\/schema.org","@graph":[{"@type":"Organization","@id":"https:\/\/selleetools.com\/#organization","name":"Selleetools","url":"https:\/\/selleetools.com\/","sameAs":[],"logo":{"@type":"ImageObject","inLanguage":"pl-PL","@id":"https:\/\/selleetools.com\/#\/schema\/logo\/image\/","url":"https:\/\/selleetools.com\/wp-content\/uploads\/2021\/10\/logo-dark.png","contentUrl":"https:\/\/selleetools.com\/wp-content\/uploads\/2021\/10\/logo-dark.png","width":320,"height":76,"caption":"Selleetools"},"image":{"@id":"https:\/\/selleetools.com\/#\/schema\/logo\/image\/"}},{"@type":"WebSite","@id":"https:\/\/selleetools.com\/#website","url":"https:\/\/selleetools.com\/","name":"Selleetools.com","description":"","publisher":{"@id":"https:\/\/selleetools.com\/#organization"},"potentialAction":[{"@type":"SearchAction","target":{"@type":"EntryPoint","urlTemplate":"https:\/\/selleetools.com\/?s={search_term_string}"},"query-input":"required name=search_term_string"}],"inLanguage":"pl-PL"},{"@type":"WebPage","@id":"https:\/\/selleetools.com\/product\/alternative-stereo-lip-potion-steaming-milk-9-ml-balsam-nawilzajacy-do-ust\/","url":"https:\/\/selleetools.com\/product\/alternative-stereo-lip-potion-steaming-milk-9-ml-balsam-nawilzajacy-do-ust\/","name":"Alternative Stereo Lip Potion Steaming Milk 9 ml - balsam nawil\u017caj\u0105cy do ust - Selleetools.com","isPartOf":{"@id":"https:\/\/selleetools.com\/#website"},"datePublished":"2025-10-24T12:02:17+00:00","dateModified":"2026-03-03T10:19:03+00:00","breadcrumb":{"@id":"https:\/\/selleetools.com\/product\/alternative-stereo-lip-potion-steaming-milk-9-ml-balsam-nawilzajacy-do-ust\/#breadcrumb"},"inLanguage":"pl-PL","potentialAction":[{"@type":"ReadAction","target":["https:\/\/selleetools.com\/product\/alternative-stereo-lip-potion-steaming-milk-9-ml-balsam-nawilzajacy-do-ust\/"]}]},{"@type":"BreadcrumbList","@id":"https:\/\/selleetools.com\/product\/alternative-stereo-lip-potion-steaming-milk-9-ml-balsam-nawilzajacy-do-ust\/#breadcrumb","itemListElement":[{"@type":"ListItem","position":1,"name":"Home","item":"https:\/\/selleetools.com\/pl\/"},{"@type":"ListItem","position":2,"name":"Katalog","item":"https:\/\/selleetools.com\/pl\/katalog\/"},{"@type":"ListItem","position":3,"name":"Alternative Stereo Lip Potion Steaming Milk 9 ml &#8211; balsam nawil\u017caj\u0105cy do ust"}]}]}},"_links":{"self":[{"href":"https:\/\/admincentral.selleetools.com\/pl\/wp-json\/wp\/v2\/product\/607266"}],"collection":[{"href":"https:\/\/admincentral.selleetools.com\/pl\/wp-json\/wp\/v2\/product"}],"about":[{"href":"https:\/\/admincentral.selleetools.com\/pl\/wp-json\/wp\/v2\/types\/product"}],"replies":[{"embeddable":true,"href":"https:\/\/admincentral.selleetools.com\/pl\/wp-json\/wp\/v2\/comments?post=607266"}],"wp:featuredmedia":[{"embeddable":true,"href":"https:\/\/admincentral.selleetools.com\/pl\/wp-json\/wp\/v2\/media\/607263"}],"wp:attachment":[{"href":"https:\/\/admincentral.selleetools.com\/pl\/wp-json\/wp\/v2\/media?parent=607266"}],"curies":[{"name":"wp","href":"https:\/\/api.w.org\/{rel}","templated":true}]}}