{"id":607345,"date":"2025-10-24T14:03:10","date_gmt":"2025-10-24T12:03:10","guid":{"rendered":"https:\/\/selleetools.com\/?post_type=product&#038;p=607345"},"modified":"2025-11-04T21:07:03","modified_gmt":"2025-11-04T20:07:03","slug":"cos-de-baha-h-hyaluronic-acid-serum-30-ml-serum-nawilzajace","status":"publish","type":"product","link":"https:\/\/admincentral.selleetools.com\/pl\/product\/cos-de-baha-h-hyaluronic-acid-serum-30-ml-serum-nawilzajace\/","title":{"rendered":"COS DE BAHA H Hyaluronic Acid Serum 30 ml &#8211; serum nawil\u017caj\u0105ce"},"content":{"rendered":"<p>Minimalistyczna formu\u0142a, maksymalne nawil\u017cenie \u2013 to esencja Hyaluronic Acid Serum od Cos De BAHA. Serum zawiera 10 000 ppm kwasu hialuronowego, kt\u00f3ry wi\u0105\u017ce wod\u0119 w nask\u00f3rku, zapewniaj\u0105c sk\u00f3rze d\u0142ugotrwa\u0142e nawodnienie i \u015bwie\u017cy wygl\u0105d. Regularne stosowanie sprawia, \u017ce cera staje si\u0119 j\u0119drniejsza, g\u0142adsza i bardziej spr\u0119\u017cysta, a drobne linie zostaj\u0105 zredukowane. Dzi\u0119ki lekkiej, wodnistej konsystencji serum szybko si\u0119 wch\u0142ania, nie obci\u0105\u017caj\u0105c sk\u00f3ry i nie pozostawiaj\u0105c lepkiej warstwy. Odpowiednie r\u00f3wnie\u017c do piel\u0119gnacji delikatnej okolicy oczu.<\/p>\n<p>Korzy\u015bci dla sk\u00f3ry<br \/>\nIntensywnie i d\u0142ugotrwale nawil\u017ca.<br \/>\nWyg\u0142adza drobne linie i poprawia elastyczno\u015b\u0107.<br \/>\nPrzywraca sk\u00f3rze spr\u0119\u017cysto\u015b\u0107 i zdrowy wygl\u0105d.<br \/>\nDelikatna formu\u0142a odpowiednia tak\u017ce w piel\u0119gnacji okolic oczu.<br \/>\nWzmacnia naturaln\u0105 barier\u0119 ochronn\u0105 sk\u00f3ry.<\/p>\n<p>Spos\u00f3b u\u017cycia<br \/>\nStosuj codziennie rano i wieczorem na oczyszczon\u0105 i stonizowan\u0105 sk\u00f3r\u0119. Nanie\u015b kilka kropli serum na twarz (r\u00f3wnie\u017c pod oczy) i delikatnie wklep do wch\u0142oni\u0119cia. Nast\u0119pnie na\u0142\u00f3\u017c krem nawil\u017caj\u0105cy.<\/p>\n","protected":false},"excerpt":{"rendered":"<p>Minimalistyczna formu\u0142a, maksymalne nawil\u017cenie \u2013 to esencja Hyaluronic Acid Serum od Cos De BAHA. Serum zawiera 10 000 ppm kwasu hialuronowego, kt\u00f3ry wi\u0105\u017ce wod\u0119 w nask\u00f3rku, zapewniaj\u0105c sk\u00f3rze d\u0142ugotrwa\u0142e nawodnienie i \u015bwie\u017cy wygl\u0105d. Regularne stosowanie sprawia, \u017ce cera staje si\u0119 j\u0119drniejsza, g\u0142adsza i bardziej spr\u0119\u017cysta, a drobne linie zostaj\u0105 zredukowane. Dzi\u0119ki lekkiej, wodnistej konsystencji serum &#8230; <a title=\"COS DE BAHA H Hyaluronic Acid Serum 30 ml &#8211; serum nawil\u017caj\u0105ce\" class=\"read-more\" href=\"https:\/\/admincentral.selleetools.com\/pl\/product\/cos-de-baha-h-hyaluronic-acid-serum-30-ml-serum-nawilzajace\/\">Read more<span class=\"screen-reader-text\">COS DE BAHA H Hyaluronic Acid Serum 30 ml &#8211; serum nawil\u017caj\u0105ce<\/span><\/a><\/p>\n","protected":false},"featured_media":607343,"comment_status":"open","ping_status":"closed","template":"","meta":{"_links_to":"","_links_to_target":""},"yoast_head":"<!-- This site is optimized with the Yoast SEO plugin v19.4 - https:\/\/yoast.com\/wordpress\/plugins\/seo\/ -->\n<title>COS DE BAHA H Hyaluronic Acid Serum 30 ml - serum nawil\u017caj\u0105ce - Selleetools.com<\/title>\n<meta name=\"robots\" content=\"index, follow, max-snippet:-1, max-image-preview:large, max-video-preview:-1\" \/>\n<link rel=\"canonical\" href=\"https:\/\/selleetools.com\/pl\/product\/cos-de-baha-h-hyaluronic-acid-serum-30-ml-serum-nawilzajace\/\" \/>\n<meta property=\"og:locale\" content=\"pl_PL\" \/>\n<meta property=\"og:type\" content=\"article\" \/>\n<meta property=\"og:title\" content=\"COS DE BAHA H Hyaluronic Acid Serum 30 ml - serum nawil\u017caj\u0105ce - Selleetools.com\" \/>\n<meta property=\"og:description\" content=\"Minimalistyczna formu\u0142a, maksymalne nawil\u017cenie \u2013 to esencja Hyaluronic Acid Serum od Cos De BAHA. Serum zawiera 10 000 ppm kwasu hialuronowego, kt\u00f3ry wi\u0105\u017ce wod\u0119 w nask\u00f3rku, zapewniaj\u0105c sk\u00f3rze d\u0142ugotrwa\u0142e nawodnienie i \u015bwie\u017cy wygl\u0105d. Regularne stosowanie sprawia, \u017ce cera staje si\u0119 j\u0119drniejsza, g\u0142adsza i bardziej spr\u0119\u017cysta, a drobne linie zostaj\u0105 zredukowane. Dzi\u0119ki lekkiej, wodnistej konsystencji serum ... Read moreCOS DE BAHA H Hyaluronic Acid Serum 30 ml &#8211; serum nawil\u017caj\u0105ce\" \/>\n<meta property=\"og:url\" content=\"https:\/\/selleetools.com\/pl\/product\/cos-de-baha-h-hyaluronic-acid-serum-30-ml-serum-nawilzajace\/\" \/>\n<meta property=\"og:site_name\" content=\"Selleetools.com\" \/>\n<meta property=\"article:modified_time\" content=\"2025-11-04T20:07:03+00:00\" \/>\n<meta property=\"og:image\" content=\"https:\/\/selleetools.com\/wp-content\/uploads\/2025\/10\/7d924bee00e4bf9f9af7badf1037f369.jpg\" \/>\n\t<meta property=\"og:image:width\" content=\"1500\" \/>\n\t<meta property=\"og:image:height\" content=\"1500\" \/>\n\t<meta property=\"og:image:type\" content=\"image\/jpeg\" \/>\n<meta name=\"twitter:card\" content=\"summary_large_image\" \/>\n<meta name=\"twitter:label1\" content=\"Est. reading time\" \/>\n\t<meta name=\"twitter:data1\" content=\"1 minuta\" \/>\n<!-- \/ Yoast SEO plugin. -->","yoast_head_json":{"title":"COS DE BAHA H Hyaluronic Acid Serum 30 ml - serum nawil\u017caj\u0105ce - Selleetools.com","robots":{"index":"index","follow":"follow","max-snippet":"max-snippet:-1","max-image-preview":"max-image-preview:large","max-video-preview":"max-video-preview:-1"},"canonical":"https:\/\/selleetools.com\/pl\/product\/cos-de-baha-h-hyaluronic-acid-serum-30-ml-serum-nawilzajace\/","og_locale":"pl_PL","og_type":"article","og_title":"COS DE BAHA H Hyaluronic Acid Serum 30 ml - serum nawil\u017caj\u0105ce - Selleetools.com","og_description":"Minimalistyczna formu\u0142a, maksymalne nawil\u017cenie \u2013 to esencja Hyaluronic Acid Serum od Cos De BAHA. Serum zawiera 10 000 ppm kwasu hialuronowego, kt\u00f3ry wi\u0105\u017ce wod\u0119 w nask\u00f3rku, zapewniaj\u0105c sk\u00f3rze d\u0142ugotrwa\u0142e nawodnienie i \u015bwie\u017cy wygl\u0105d. Regularne stosowanie sprawia, \u017ce cera staje si\u0119 j\u0119drniejsza, g\u0142adsza i bardziej spr\u0119\u017cysta, a drobne linie zostaj\u0105 zredukowane. Dzi\u0119ki lekkiej, wodnistej konsystencji serum ... Read moreCOS DE BAHA H Hyaluronic Acid Serum 30 ml &#8211; serum nawil\u017caj\u0105ce","og_url":"https:\/\/selleetools.com\/pl\/product\/cos-de-baha-h-hyaluronic-acid-serum-30-ml-serum-nawilzajace\/","og_site_name":"Selleetools.com","article_modified_time":"2025-11-04T20:07:03+00:00","og_image":[{"width":1500,"height":1500,"url":"https:\/\/selleetools.com\/wp-content\/uploads\/2025\/10\/7d924bee00e4bf9f9af7badf1037f369.jpg","type":"image\/jpeg"}],"twitter_card":"summary_large_image","twitter_misc":{"Est. reading time":"1 minuta"},"schema":{"@context":"https:\/\/schema.org","@graph":[{"@type":"Organization","@id":"https:\/\/selleetools.com\/#organization","name":"Selleetools","url":"https:\/\/selleetools.com\/","sameAs":[],"logo":{"@type":"ImageObject","inLanguage":"pl-PL","@id":"https:\/\/selleetools.com\/#\/schema\/logo\/image\/","url":"https:\/\/selleetools.com\/wp-content\/uploads\/2021\/10\/logo-dark.png","contentUrl":"https:\/\/selleetools.com\/wp-content\/uploads\/2021\/10\/logo-dark.png","width":320,"height":76,"caption":"Selleetools"},"image":{"@id":"https:\/\/selleetools.com\/#\/schema\/logo\/image\/"}},{"@type":"WebSite","@id":"https:\/\/selleetools.com\/#website","url":"https:\/\/selleetools.com\/","name":"Selleetools.com","description":"","publisher":{"@id":"https:\/\/selleetools.com\/#organization"},"potentialAction":[{"@type":"SearchAction","target":{"@type":"EntryPoint","urlTemplate":"https:\/\/selleetools.com\/?s={search_term_string}"},"query-input":"required name=search_term_string"}],"inLanguage":"pl-PL"},{"@type":"WebPage","@id":"https:\/\/selleetools.com\/pl\/product\/cos-de-baha-h-hyaluronic-acid-serum-30-ml-serum-nawilzajace\/","url":"https:\/\/selleetools.com\/pl\/product\/cos-de-baha-h-hyaluronic-acid-serum-30-ml-serum-nawilzajace\/","name":"COS DE BAHA H Hyaluronic Acid Serum 30 ml - serum nawil\u017caj\u0105ce - Selleetools.com","isPartOf":{"@id":"https:\/\/selleetools.com\/#website"},"datePublished":"2025-10-24T12:03:10+00:00","dateModified":"2025-11-04T20:07:03+00:00","breadcrumb":{"@id":"https:\/\/selleetools.com\/pl\/product\/cos-de-baha-h-hyaluronic-acid-serum-30-ml-serum-nawilzajace\/#breadcrumb"},"inLanguage":"pl-PL","potentialAction":[{"@type":"ReadAction","target":["https:\/\/selleetools.com\/pl\/product\/cos-de-baha-h-hyaluronic-acid-serum-30-ml-serum-nawilzajace\/"]}]},{"@type":"BreadcrumbList","@id":"https:\/\/selleetools.com\/pl\/product\/cos-de-baha-h-hyaluronic-acid-serum-30-ml-serum-nawilzajace\/#breadcrumb","itemListElement":[{"@type":"ListItem","position":1,"name":"Home","item":"https:\/\/selleetools.com\/pl\/"},{"@type":"ListItem","position":2,"name":"Katalog","item":"https:\/\/selleetools.com\/pl\/katalog\/"},{"@type":"ListItem","position":3,"name":"COS DE BAHA H Hyaluronic Acid Serum 30 ml &#8211; serum nawil\u017caj\u0105ce"}]}]}},"_links":{"self":[{"href":"https:\/\/admincentral.selleetools.com\/pl\/wp-json\/wp\/v2\/product\/607345"}],"collection":[{"href":"https:\/\/admincentral.selleetools.com\/pl\/wp-json\/wp\/v2\/product"}],"about":[{"href":"https:\/\/admincentral.selleetools.com\/pl\/wp-json\/wp\/v2\/types\/product"}],"replies":[{"embeddable":true,"href":"https:\/\/admincentral.selleetools.com\/pl\/wp-json\/wp\/v2\/comments?post=607345"}],"wp:featuredmedia":[{"embeddable":true,"href":"https:\/\/admincentral.selleetools.com\/pl\/wp-json\/wp\/v2\/media\/607343"}],"wp:attachment":[{"href":"https:\/\/admincentral.selleetools.com\/pl\/wp-json\/wp\/v2\/media?parent=607345"}],"curies":[{"name":"wp","href":"https:\/\/api.w.org\/{rel}","templated":true}]}}