{"id":607368,"date":"2025-10-24T14:03:27","date_gmt":"2025-10-24T12:03:27","guid":{"rendered":"https:\/\/selleetools.com\/?post_type=product&#038;p=607368"},"modified":"2025-11-04T21:07:45","modified_gmt":"2025-11-04T20:07:45","slug":"medicube-one-day-exosome-shot-pore-ampoule-2000-30-ml-ampulka-wygladzajaca-pory","status":"publish","type":"product","link":"https:\/\/admincentral.selleetools.com\/pl\/product\/medicube-one-day-exosome-shot-pore-ampoule-2000-30-ml-ampulka-wygladzajaca-pory\/","title":{"rendered":"Medicube One Day Exosome Shot Pore Ampoule 2000 30 ml &#8211; ampu\u0142ka wyg\u0142adzaj\u0105ca pory"},"content":{"rendered":"<p>Medicube ONE DAY EXOSOME SHOT PORE AMPOULE 2000 to skoncentrowana ampu\u0142ka opracowana z my\u015bl\u0105 o redukcji widoczno\u015bci por\u00f3w i wyg\u0142adzeniu sk\u00f3ry. Zawiera kompleks exosom\u00f3w mlecznych i fermentowanych sk\u0142adnik\u00f3w, kt\u00f3re wspieraj\u0105 regeneracj\u0119 sk\u00f3ry i poprawiaj\u0105 jej elastyczno\u015b\u0107. Formu\u0142a wzbogacona niacynamidem i panthenolem skutecznie rozja\u015bnia cer\u0119, przywracaj\u0105c jej zdrowy blask.<\/p>\n<p>Korzy\u015bci dla sk\u00f3ry:<br \/>\nZw\u0119\u017ca pory i wyg\u0142adza struktur\u0119 sk\u00f3ry<br \/>\nWspomaga regeneracj\u0119 i nawil\u017cenie<br \/>\nReguluje wydzielanie sebum<br \/>\nRozja\u015bnia i wyr\u00f3wnuje koloryt sk\u00f3ry<br \/>\nPoprawia j\u0119drno\u015b\u0107 i elastyczno\u015b\u0107<\/p>\n<p>Spos\u00f3b u\u017cycia:<br \/>\nPo oczyszczeniu i stonizowaniu sk\u00f3ry na\u0142\u00f3\u017c odpowiedni\u0105 ilo\u015b\u0107 ampu\u0142ki na twarz.<br \/>\nDelikatnie wklep dla lepszego wch\u0142oni\u0119cia.<br \/>\nStosuj rano i wieczorem przed kremem nawil\u017caj\u0105cym.<\/p>\n<p>Odpowiednie dla sk\u00f3ry mieszanej, t\u0142ustej oraz sk\u0142onnej do rozszerzonych por\u00f3w.<\/p>\n","protected":false},"excerpt":{"rendered":"<p>Medicube ONE DAY EXOSOME SHOT PORE AMPOULE 2000 to skoncentrowana ampu\u0142ka opracowana z my\u015bl\u0105 o redukcji widoczno\u015bci por\u00f3w i wyg\u0142adzeniu sk\u00f3ry. Zawiera kompleks exosom\u00f3w mlecznych i fermentowanych sk\u0142adnik\u00f3w, kt\u00f3re wspieraj\u0105 regeneracj\u0119 sk\u00f3ry i poprawiaj\u0105 jej elastyczno\u015b\u0107. Formu\u0142a wzbogacona niacynamidem i panthenolem skutecznie rozja\u015bnia cer\u0119, przywracaj\u0105c jej zdrowy blask. Korzy\u015bci dla sk\u00f3ry: Zw\u0119\u017ca pory i wyg\u0142adza &#8230; <a title=\"Medicube One Day Exosome Shot Pore Ampoule 2000 30 ml &#8211; ampu\u0142ka wyg\u0142adzaj\u0105ca pory\" class=\"read-more\" href=\"https:\/\/admincentral.selleetools.com\/pl\/product\/medicube-one-day-exosome-shot-pore-ampoule-2000-30-ml-ampulka-wygladzajaca-pory\/\">Read more<span class=\"screen-reader-text\">Medicube One Day Exosome Shot Pore Ampoule 2000 30 ml &#8211; ampu\u0142ka wyg\u0142adzaj\u0105ca pory<\/span><\/a><\/p>\n","protected":false},"featured_media":607366,"comment_status":"open","ping_status":"closed","template":"","meta":{"_links_to":"","_links_to_target":""},"yoast_head":"<!-- This site is optimized with the Yoast SEO plugin v19.4 - https:\/\/yoast.com\/wordpress\/plugins\/seo\/ -->\n<title>Medicube One Day Exosome Shot Pore Ampoule 2000 30 ml - ampu\u0142ka wyg\u0142adzaj\u0105ca pory - Selleetools.com<\/title>\n<meta name=\"robots\" content=\"index, follow, max-snippet:-1, max-image-preview:large, max-video-preview:-1\" \/>\n<link rel=\"canonical\" href=\"https:\/\/selleetools.com\/pl\/product\/medicube-one-day-exosome-shot-pore-ampoule-2000-30-ml-ampulka-wygladzajaca-pory\/\" \/>\n<meta property=\"og:locale\" content=\"pl_PL\" \/>\n<meta property=\"og:type\" content=\"article\" \/>\n<meta property=\"og:title\" content=\"Medicube One Day Exosome Shot Pore Ampoule 2000 30 ml - ampu\u0142ka wyg\u0142adzaj\u0105ca pory - Selleetools.com\" \/>\n<meta property=\"og:description\" content=\"Medicube ONE DAY EXOSOME SHOT PORE AMPOULE 2000 to skoncentrowana ampu\u0142ka opracowana z my\u015bl\u0105 o redukcji widoczno\u015bci por\u00f3w i wyg\u0142adzeniu sk\u00f3ry. Zawiera kompleks exosom\u00f3w mlecznych i fermentowanych sk\u0142adnik\u00f3w, kt\u00f3re wspieraj\u0105 regeneracj\u0119 sk\u00f3ry i poprawiaj\u0105 jej elastyczno\u015b\u0107. Formu\u0142a wzbogacona niacynamidem i panthenolem skutecznie rozja\u015bnia cer\u0119, przywracaj\u0105c jej zdrowy blask. Korzy\u015bci dla sk\u00f3ry: Zw\u0119\u017ca pory i wyg\u0142adza ... Read moreMedicube One Day Exosome Shot Pore Ampoule 2000 30 ml &#8211; ampu\u0142ka wyg\u0142adzaj\u0105ca pory\" \/>\n<meta property=\"og:url\" content=\"https:\/\/selleetools.com\/pl\/product\/medicube-one-day-exosome-shot-pore-ampoule-2000-30-ml-ampulka-wygladzajaca-pory\/\" \/>\n<meta property=\"og:site_name\" content=\"Selleetools.com\" \/>\n<meta property=\"article:modified_time\" content=\"2025-11-04T20:07:45+00:00\" \/>\n<meta property=\"og:image\" content=\"https:\/\/selleetools.com\/wp-content\/uploads\/2025\/10\/84f31649f5b6444fec91d6aecfcd218b.jpg\" \/>\n\t<meta property=\"og:image:width\" content=\"1200\" \/>\n\t<meta property=\"og:image:height\" content=\"1200\" \/>\n\t<meta property=\"og:image:type\" content=\"image\/jpeg\" \/>\n<meta name=\"twitter:card\" content=\"summary_large_image\" \/>\n<meta name=\"twitter:label1\" content=\"Est. reading time\" \/>\n\t<meta name=\"twitter:data1\" content=\"1 minuta\" \/>\n<!-- \/ Yoast SEO plugin. -->","yoast_head_json":{"title":"Medicube One Day Exosome Shot Pore Ampoule 2000 30 ml - ampu\u0142ka wyg\u0142adzaj\u0105ca pory - Selleetools.com","robots":{"index":"index","follow":"follow","max-snippet":"max-snippet:-1","max-image-preview":"max-image-preview:large","max-video-preview":"max-video-preview:-1"},"canonical":"https:\/\/selleetools.com\/pl\/product\/medicube-one-day-exosome-shot-pore-ampoule-2000-30-ml-ampulka-wygladzajaca-pory\/","og_locale":"pl_PL","og_type":"article","og_title":"Medicube One Day Exosome Shot Pore Ampoule 2000 30 ml - ampu\u0142ka wyg\u0142adzaj\u0105ca pory - Selleetools.com","og_description":"Medicube ONE DAY EXOSOME SHOT PORE AMPOULE 2000 to skoncentrowana ampu\u0142ka opracowana z my\u015bl\u0105 o redukcji widoczno\u015bci por\u00f3w i wyg\u0142adzeniu sk\u00f3ry. Zawiera kompleks exosom\u00f3w mlecznych i fermentowanych sk\u0142adnik\u00f3w, kt\u00f3re wspieraj\u0105 regeneracj\u0119 sk\u00f3ry i poprawiaj\u0105 jej elastyczno\u015b\u0107. Formu\u0142a wzbogacona niacynamidem i panthenolem skutecznie rozja\u015bnia cer\u0119, przywracaj\u0105c jej zdrowy blask. Korzy\u015bci dla sk\u00f3ry: Zw\u0119\u017ca pory i wyg\u0142adza ... Read moreMedicube One Day Exosome Shot Pore Ampoule 2000 30 ml &#8211; ampu\u0142ka wyg\u0142adzaj\u0105ca pory","og_url":"https:\/\/selleetools.com\/pl\/product\/medicube-one-day-exosome-shot-pore-ampoule-2000-30-ml-ampulka-wygladzajaca-pory\/","og_site_name":"Selleetools.com","article_modified_time":"2025-11-04T20:07:45+00:00","og_image":[{"width":1200,"height":1200,"url":"https:\/\/selleetools.com\/wp-content\/uploads\/2025\/10\/84f31649f5b6444fec91d6aecfcd218b.jpg","type":"image\/jpeg"}],"twitter_card":"summary_large_image","twitter_misc":{"Est. reading time":"1 minuta"},"schema":{"@context":"https:\/\/schema.org","@graph":[{"@type":"Organization","@id":"https:\/\/selleetools.com\/#organization","name":"Selleetools","url":"https:\/\/selleetools.com\/","sameAs":[],"logo":{"@type":"ImageObject","inLanguage":"pl-PL","@id":"https:\/\/selleetools.com\/#\/schema\/logo\/image\/","url":"https:\/\/selleetools.com\/wp-content\/uploads\/2021\/10\/logo-dark.png","contentUrl":"https:\/\/selleetools.com\/wp-content\/uploads\/2021\/10\/logo-dark.png","width":320,"height":76,"caption":"Selleetools"},"image":{"@id":"https:\/\/selleetools.com\/#\/schema\/logo\/image\/"}},{"@type":"WebSite","@id":"https:\/\/selleetools.com\/#website","url":"https:\/\/selleetools.com\/","name":"Selleetools.com","description":"","publisher":{"@id":"https:\/\/selleetools.com\/#organization"},"potentialAction":[{"@type":"SearchAction","target":{"@type":"EntryPoint","urlTemplate":"https:\/\/selleetools.com\/?s={search_term_string}"},"query-input":"required name=search_term_string"}],"inLanguage":"pl-PL"},{"@type":"WebPage","@id":"https:\/\/selleetools.com\/pl\/product\/medicube-one-day-exosome-shot-pore-ampoule-2000-30-ml-ampulka-wygladzajaca-pory\/","url":"https:\/\/selleetools.com\/pl\/product\/medicube-one-day-exosome-shot-pore-ampoule-2000-30-ml-ampulka-wygladzajaca-pory\/","name":"Medicube One Day Exosome Shot Pore Ampoule 2000 30 ml - ampu\u0142ka wyg\u0142adzaj\u0105ca pory - Selleetools.com","isPartOf":{"@id":"https:\/\/selleetools.com\/#website"},"datePublished":"2025-10-24T12:03:27+00:00","dateModified":"2025-11-04T20:07:45+00:00","breadcrumb":{"@id":"https:\/\/selleetools.com\/pl\/product\/medicube-one-day-exosome-shot-pore-ampoule-2000-30-ml-ampulka-wygladzajaca-pory\/#breadcrumb"},"inLanguage":"pl-PL","potentialAction":[{"@type":"ReadAction","target":["https:\/\/selleetools.com\/pl\/product\/medicube-one-day-exosome-shot-pore-ampoule-2000-30-ml-ampulka-wygladzajaca-pory\/"]}]},{"@type":"BreadcrumbList","@id":"https:\/\/selleetools.com\/pl\/product\/medicube-one-day-exosome-shot-pore-ampoule-2000-30-ml-ampulka-wygladzajaca-pory\/#breadcrumb","itemListElement":[{"@type":"ListItem","position":1,"name":"Home","item":"https:\/\/selleetools.com\/pl\/"},{"@type":"ListItem","position":2,"name":"Katalog","item":"https:\/\/selleetools.com\/pl\/katalog\/"},{"@type":"ListItem","position":3,"name":"Medicube One Day Exosome Shot Pore Ampoule 2000 30 ml &#8211; ampu\u0142ka wyg\u0142adzaj\u0105ca pory"}]}]}},"_links":{"self":[{"href":"https:\/\/admincentral.selleetools.com\/pl\/wp-json\/wp\/v2\/product\/607368"}],"collection":[{"href":"https:\/\/admincentral.selleetools.com\/pl\/wp-json\/wp\/v2\/product"}],"about":[{"href":"https:\/\/admincentral.selleetools.com\/pl\/wp-json\/wp\/v2\/types\/product"}],"replies":[{"embeddable":true,"href":"https:\/\/admincentral.selleetools.com\/pl\/wp-json\/wp\/v2\/comments?post=607368"}],"wp:featuredmedia":[{"embeddable":true,"href":"https:\/\/admincentral.selleetools.com\/pl\/wp-json\/wp\/v2\/media\/607366"}],"wp:attachment":[{"href":"https:\/\/admincentral.selleetools.com\/pl\/wp-json\/wp\/v2\/media?parent=607368"}],"curies":[{"name":"wp","href":"https:\/\/api.w.org\/{rel}","templated":true}]}}