{"id":607405,"date":"2025-10-24T14:03:54","date_gmt":"2025-10-24T12:03:54","guid":{"rendered":"https:\/\/selleetools.com\/?post_type=product&#038;p=607405"},"modified":"2025-11-03T17:05:50","modified_gmt":"2025-11-03T16:05:50","slug":"beauty-of-joseon-centella-asiatica-vita-serum-10-ml-rozjasniajaco-kojace-serum-do-twarzy","status":"publish","type":"product","link":"https:\/\/admincentral.selleetools.com\/pl\/product\/beauty-of-joseon-centella-asiatica-vita-serum-10-ml-rozjasniajaco-kojace-serum-do-twarzy\/","title":{"rendered":"Beauty of Joseon Centella Asiatica Vita Serum 10 ml &#8211; rozja\u015bniaj\u0105co-koj\u0105ce serum do twarzy"},"content":{"rendered":"<p>Beauty of Joseon Centella Asiatica Vita Serum to lekkie, \u017celowe serum o dzia\u0142aniu rozja\u015bniaj\u0105cym i koj\u0105cym. Zawiera ekstrakt z w\u0105kroty azjatyckiej oraz stabiln\u0105 form\u0119 witaminy C (3-O-Ethyl Ascorbic Acid), kt\u00f3re wsp\u00f3lnie dzia\u0142aj\u0105 na popraw\u0119 kolorytu sk\u00f3ry i redukcj\u0119 zaczerwienie\u0144. Sk\u0142ad zosta\u0142 wzbogacony o pantenol, beta-glukan i hydrolizowany kwas hialuronowy, kt\u00f3re wspieraj\u0105 nawil\u017cenie i regeneracj\u0119 cery.<\/p>\n<p>Korzy\u015bci dla sk\u00f3ry:<br \/>\nRozja\u015bnia przebarwienia i wyr\u00f3wnuje koloryt sk\u00f3ry<br \/>\n\u0141agodzi podra\u017cnienia i redukuje zaczerwienienia<br \/>\nWzmacnia barier\u0119 ochronn\u0105 sk\u00f3ry<br \/>\nIntensywnie nawil\u017ca i poprawia elastyczno\u015b\u0107<br \/>\nDzia\u0142a przeciwstarzeniowo dzi\u0119ki obecno\u015bci adenozyny i antyoksydant\u00f3w<\/p>\n<p>Spos\u00f3b u\u017cycia:<br \/>\nNa\u0142\u00f3\u017c kilka kropli serum na oczyszczon\u0105 i stonizowan\u0105 sk\u00f3r\u0119 twarzy. Delikatnie wklep a\u017c do ca\u0142kowitego wch\u0142oni\u0119cia. Stosuj rano i\/lub wieczorem, a w ci\u0105gu dnia uzupe\u0142nij piel\u0119gnacj\u0119 kremem z filtrem SPF.<\/p>\n","protected":false},"excerpt":{"rendered":"<p>Beauty of Joseon Centella Asiatica Vita Serum to lekkie, \u017celowe serum o dzia\u0142aniu rozja\u015bniaj\u0105cym i koj\u0105cym. Zawiera ekstrakt z w\u0105kroty azjatyckiej oraz stabiln\u0105 form\u0119 witaminy C (3-O-Ethyl Ascorbic Acid), kt\u00f3re wsp\u00f3lnie dzia\u0142aj\u0105 na popraw\u0119 kolorytu sk\u00f3ry i redukcj\u0119 zaczerwienie\u0144. Sk\u0142ad zosta\u0142 wzbogacony o pantenol, beta-glukan i hydrolizowany kwas hialuronowy, kt\u00f3re wspieraj\u0105 nawil\u017cenie i regeneracj\u0119 cery. &#8230; <a title=\"Beauty of Joseon Centella Asiatica Vita Serum 10 ml &#8211; rozja\u015bniaj\u0105co-koj\u0105ce serum do twarzy\" class=\"read-more\" href=\"https:\/\/admincentral.selleetools.com\/pl\/product\/beauty-of-joseon-centella-asiatica-vita-serum-10-ml-rozjasniajaco-kojace-serum-do-twarzy\/\">Read more<span class=\"screen-reader-text\">Beauty of Joseon Centella Asiatica Vita Serum 10 ml &#8211; rozja\u015bniaj\u0105co-koj\u0105ce serum do twarzy<\/span><\/a><\/p>\n","protected":false},"featured_media":607403,"comment_status":"open","ping_status":"closed","template":"","meta":{"_links_to":"","_links_to_target":""},"yoast_head":"<!-- This site is optimized with the Yoast SEO plugin v19.4 - https:\/\/yoast.com\/wordpress\/plugins\/seo\/ -->\n<title>Beauty of Joseon Centella Asiatica Vita Serum 10 ml - rozja\u015bniaj\u0105co-koj\u0105ce serum do twarzy - Selleetools.com<\/title>\n<meta name=\"robots\" content=\"index, follow, max-snippet:-1, max-image-preview:large, max-video-preview:-1\" \/>\n<link rel=\"canonical\" href=\"https:\/\/admincentral.selleetools.com\/pl\/product\/beauty-of-joseon-centella-asiatica-vita-serum-10-ml-rozjasniajaco-kojace-serum-do-twarzy\/\" \/>\n<meta property=\"og:locale\" content=\"pl_PL\" \/>\n<meta property=\"og:type\" content=\"article\" \/>\n<meta property=\"og:title\" content=\"Beauty of Joseon Centella Asiatica Vita Serum 10 ml - rozja\u015bniaj\u0105co-koj\u0105ce serum do twarzy - Selleetools.com\" \/>\n<meta property=\"og:description\" content=\"Beauty of Joseon Centella Asiatica Vita Serum to lekkie, \u017celowe serum o dzia\u0142aniu rozja\u015bniaj\u0105cym i koj\u0105cym. Zawiera ekstrakt z w\u0105kroty azjatyckiej oraz stabiln\u0105 form\u0119 witaminy C (3-O-Ethyl Ascorbic Acid), kt\u00f3re wsp\u00f3lnie dzia\u0142aj\u0105 na popraw\u0119 kolorytu sk\u00f3ry i redukcj\u0119 zaczerwienie\u0144. Sk\u0142ad zosta\u0142 wzbogacony o pantenol, beta-glukan i hydrolizowany kwas hialuronowy, kt\u00f3re wspieraj\u0105 nawil\u017cenie i regeneracj\u0119 cery. ... Read moreBeauty of Joseon Centella Asiatica Vita Serum 10 ml &#8211; rozja\u015bniaj\u0105co-koj\u0105ce serum do twarzy\" \/>\n<meta property=\"og:url\" content=\"https:\/\/admincentral.selleetools.com\/pl\/product\/beauty-of-joseon-centella-asiatica-vita-serum-10-ml-rozjasniajaco-kojace-serum-do-twarzy\/\" \/>\n<meta property=\"og:site_name\" content=\"Selleetools.com\" \/>\n<meta property=\"article:modified_time\" content=\"2025-11-03T16:05:50+00:00\" \/>\n<meta property=\"og:image\" content=\"https:\/\/selleetools.com\/wp-content\/uploads\/2025\/10\/02c33d2d901f5b6ca21bc24aa235412d.jpg\" \/>\n\t<meta property=\"og:image:width\" content=\"1200\" \/>\n\t<meta property=\"og:image:height\" content=\"1200\" \/>\n\t<meta property=\"og:image:type\" content=\"image\/jpeg\" \/>\n<meta name=\"twitter:card\" content=\"summary_large_image\" \/>\n<meta name=\"twitter:label1\" content=\"Est. reading time\" \/>\n\t<meta name=\"twitter:data1\" content=\"1 minuta\" \/>\n<!-- \/ Yoast SEO plugin. -->","yoast_head_json":{"title":"Beauty of Joseon Centella Asiatica Vita Serum 10 ml - rozja\u015bniaj\u0105co-koj\u0105ce serum do twarzy - Selleetools.com","robots":{"index":"index","follow":"follow","max-snippet":"max-snippet:-1","max-image-preview":"max-image-preview:large","max-video-preview":"max-video-preview:-1"},"canonical":"https:\/\/admincentral.selleetools.com\/pl\/product\/beauty-of-joseon-centella-asiatica-vita-serum-10-ml-rozjasniajaco-kojace-serum-do-twarzy\/","og_locale":"pl_PL","og_type":"article","og_title":"Beauty of Joseon Centella Asiatica Vita Serum 10 ml - rozja\u015bniaj\u0105co-koj\u0105ce serum do twarzy - Selleetools.com","og_description":"Beauty of Joseon Centella Asiatica Vita Serum to lekkie, \u017celowe serum o dzia\u0142aniu rozja\u015bniaj\u0105cym i koj\u0105cym. Zawiera ekstrakt z w\u0105kroty azjatyckiej oraz stabiln\u0105 form\u0119 witaminy C (3-O-Ethyl Ascorbic Acid), kt\u00f3re wsp\u00f3lnie dzia\u0142aj\u0105 na popraw\u0119 kolorytu sk\u00f3ry i redukcj\u0119 zaczerwienie\u0144. Sk\u0142ad zosta\u0142 wzbogacony o pantenol, beta-glukan i hydrolizowany kwas hialuronowy, kt\u00f3re wspieraj\u0105 nawil\u017cenie i regeneracj\u0119 cery. ... Read moreBeauty of Joseon Centella Asiatica Vita Serum 10 ml &#8211; rozja\u015bniaj\u0105co-koj\u0105ce serum do twarzy","og_url":"https:\/\/admincentral.selleetools.com\/pl\/product\/beauty-of-joseon-centella-asiatica-vita-serum-10-ml-rozjasniajaco-kojace-serum-do-twarzy\/","og_site_name":"Selleetools.com","article_modified_time":"2025-11-03T16:05:50+00:00","og_image":[{"width":1200,"height":1200,"url":"https:\/\/selleetools.com\/wp-content\/uploads\/2025\/10\/02c33d2d901f5b6ca21bc24aa235412d.jpg","type":"image\/jpeg"}],"twitter_card":"summary_large_image","twitter_misc":{"Est. reading time":"1 minuta"},"schema":{"@context":"https:\/\/schema.org","@graph":[{"@type":"Organization","@id":"https:\/\/selleetools.com\/#organization","name":"Selleetools","url":"https:\/\/selleetools.com\/","sameAs":[],"logo":{"@type":"ImageObject","inLanguage":"pl-PL","@id":"https:\/\/selleetools.com\/#\/schema\/logo\/image\/","url":"https:\/\/selleetools.com\/wp-content\/uploads\/2021\/10\/logo-dark.png","contentUrl":"https:\/\/selleetools.com\/wp-content\/uploads\/2021\/10\/logo-dark.png","width":320,"height":76,"caption":"Selleetools"},"image":{"@id":"https:\/\/selleetools.com\/#\/schema\/logo\/image\/"}},{"@type":"WebSite","@id":"https:\/\/selleetools.com\/#website","url":"https:\/\/selleetools.com\/","name":"Selleetools.com","description":"","publisher":{"@id":"https:\/\/selleetools.com\/#organization"},"potentialAction":[{"@type":"SearchAction","target":{"@type":"EntryPoint","urlTemplate":"https:\/\/selleetools.com\/?s={search_term_string}"},"query-input":"required name=search_term_string"}],"inLanguage":"pl-PL"},{"@type":"WebPage","@id":"https:\/\/admincentral.selleetools.com\/pl\/product\/beauty-of-joseon-centella-asiatica-vita-serum-10-ml-rozjasniajaco-kojace-serum-do-twarzy\/","url":"https:\/\/admincentral.selleetools.com\/pl\/product\/beauty-of-joseon-centella-asiatica-vita-serum-10-ml-rozjasniajaco-kojace-serum-do-twarzy\/","name":"Beauty of Joseon Centella Asiatica Vita Serum 10 ml - rozja\u015bniaj\u0105co-koj\u0105ce serum do twarzy - Selleetools.com","isPartOf":{"@id":"https:\/\/selleetools.com\/#website"},"datePublished":"2025-10-24T12:03:54+00:00","dateModified":"2025-11-03T16:05:50+00:00","breadcrumb":{"@id":"https:\/\/admincentral.selleetools.com\/pl\/product\/beauty-of-joseon-centella-asiatica-vita-serum-10-ml-rozjasniajaco-kojace-serum-do-twarzy\/#breadcrumb"},"inLanguage":"pl-PL","potentialAction":[{"@type":"ReadAction","target":["https:\/\/admincentral.selleetools.com\/pl\/product\/beauty-of-joseon-centella-asiatica-vita-serum-10-ml-rozjasniajaco-kojace-serum-do-twarzy\/"]}]},{"@type":"BreadcrumbList","@id":"https:\/\/admincentral.selleetools.com\/pl\/product\/beauty-of-joseon-centella-asiatica-vita-serum-10-ml-rozjasniajaco-kojace-serum-do-twarzy\/#breadcrumb","itemListElement":[{"@type":"ListItem","position":1,"name":"Home","item":"https:\/\/selleetools.com\/pl\/"},{"@type":"ListItem","position":2,"name":"Katalog","item":"https:\/\/selleetools.com\/pl\/katalog\/"},{"@type":"ListItem","position":3,"name":"Beauty of Joseon Centella Asiatica Vita Serum 10 ml &#8211; rozja\u015bniaj\u0105co-koj\u0105ce serum do twarzy"}]}]}},"_links":{"self":[{"href":"https:\/\/admincentral.selleetools.com\/pl\/wp-json\/wp\/v2\/product\/607405"}],"collection":[{"href":"https:\/\/admincentral.selleetools.com\/pl\/wp-json\/wp\/v2\/product"}],"about":[{"href":"https:\/\/admincentral.selleetools.com\/pl\/wp-json\/wp\/v2\/types\/product"}],"replies":[{"embeddable":true,"href":"https:\/\/admincentral.selleetools.com\/pl\/wp-json\/wp\/v2\/comments?post=607405"}],"wp:featuredmedia":[{"embeddable":true,"href":"https:\/\/admincentral.selleetools.com\/pl\/wp-json\/wp\/v2\/media\/607403"}],"wp:attachment":[{"href":"https:\/\/admincentral.selleetools.com\/pl\/wp-json\/wp\/v2\/media?parent=607405"}],"curies":[{"name":"wp","href":"https:\/\/api.w.org\/{rel}","templated":true}]}}