{"id":607415,"date":"2025-10-24T14:04:03","date_gmt":"2025-10-24T12:04:03","guid":{"rendered":"https:\/\/selleetools.com\/?post_type=product&#038;p=607415"},"modified":"2026-01-11T12:00:15","modified_gmt":"2026-01-11T11:00:15","slug":"pyunkang-yul-acne-set-facial-cleanser-120-ml-spot-patch-super-thin-1-vnt-dressing-mask-pack-1-vnt-kosmetikos-rinkinys-spuoguotai-odai","status":"publish","type":"product","link":"https:\/\/admincentral.selleetools.com\/pl\/product\/pyunkang-yul-acne-set-facial-cleanser-120-ml-spot-patch-super-thin-1-vnt-dressing-mask-pack-1-vnt-kosmetikos-rinkinys-spuoguotai-odai\/","title":{"rendered":"Pyunkang Yul ACNE SET (Facial Cleanser 120 ml + Spot Patch Super Thin 1 vnt + Dressing Mask Pack 1 vnt) &#8211; kosmetikos rinkinys spuoguotai odai"},"content":{"rendered":"<p>Zestaw Pyunkang Yul ACNE zosta\u0142 stworzony z my\u015bl\u0105 o piel\u0119gnacji cery tr\u0105dzikowej i wra\u017cliwej. Produkty zawarte w zestawie skutecznie oczyszczaj\u0105 sk\u00f3r\u0119, \u0142agodz\u0105 stany zapalne i wspomagaj\u0105 proces regeneracji nask\u00f3rka, nie powoduj\u0105c podra\u017cnie\u0144. Zestaw zawiera trzy uzupe\u0142niaj\u0105ce si\u0119 elementy, kt\u00f3re pomagaj\u0105 przywr\u00f3ci\u0107 sk\u00f3rze r\u00f3wnowag\u0119 i zdrowy wygl\u0105d.<\/p>\n<p>W sk\u0142ad zestawu wchodzi:<br \/>\nPyunkang Yul ACNE Facial Cleanser 120 ml &#8211; \u017bel do Mycia Twarzy<br \/>\nPyunkang Yul ACNE Spot Patch Super Thin 15 pcs \u2013 Plastry punktowe<br \/>\nPyunkang Yul ACNE Dressing Mask Pack 18 g &#8211; Maseczka przeciwtr\u0105dzikowa<\/p>\n<p>Korzy\u015bci dla sk\u00f3ry:<br \/>\nOczyszcza pory i usuwa nadmiar sebum<br \/>\nRedukuje zaczerwienienia i stany zapalne<br \/>\nWspiera regeneracj\u0119 sk\u00f3ry w miejscach zmienionych tr\u0105dzikowo<br \/>\nChroni zmiany sk\u00f3rne przed zanieczyszczeniami zewn\u0119trznymi<\/p>\n<p>Spos\u00f3b u\u017cycia:<br \/>\n\u017bel: Na\u0142\u00f3\u017c niewielk\u0105 ilo\u015b\u0107 na wilgotn\u0105 sk\u00f3r\u0119 twarzy, delikatnie masuj, a nast\u0119pnie sp\u0142ucz letni\u0105 wod\u0105.<br \/>\nPlasterki: Na oczyszczon\u0105 i such\u0105 sk\u00f3r\u0119 na\u0142\u00f3\u017c plasterek bezpo\u015brednio na zmian\u0119 tr\u0105dzikow\u0105. Pozostaw na kilka godzin lub na noc.<br \/>\nMaseczka: Po oczyszczeniu sk\u00f3ry na\u0142\u00f3\u017c mask\u0119 na twarz i pozostaw na 10\u201320 minut. Usu\u0144 mask\u0119, a pozosta\u0142\u0105 esencj\u0119 delikatnie wklep w sk\u00f3r\u0119.<\/p>\n<p>Zestaw idealnie sprawdzi si\u0119 w codziennej piel\u0119gnacji sk\u00f3ry sk\u0142onnej do tr\u0105dziku.<\/p>\n","protected":false},"excerpt":{"rendered":"<p>Zestaw Pyunkang Yul ACNE zosta\u0142 stworzony z my\u015bl\u0105 o piel\u0119gnacji cery tr\u0105dzikowej i wra\u017cliwej. Produkty zawarte w zestawie skutecznie oczyszczaj\u0105 sk\u00f3r\u0119, \u0142agodz\u0105 stany zapalne i wspomagaj\u0105 proces regeneracji nask\u00f3rka, nie powoduj\u0105c podra\u017cnie\u0144. Zestaw zawiera trzy uzupe\u0142niaj\u0105ce si\u0119 elementy, kt\u00f3re pomagaj\u0105 przywr\u00f3ci\u0107 sk\u00f3rze r\u00f3wnowag\u0119 i zdrowy wygl\u0105d. W sk\u0142ad zestawu wchodzi: Pyunkang Yul ACNE Facial Cleanser &#8230; <a title=\"Pyunkang Yul ACNE SET (Facial Cleanser 120 ml + Spot Patch Super Thin 1 vnt + Dressing Mask Pack 1 vnt) &#8211; kosmetikos rinkinys spuoguotai odai\" class=\"read-more\" href=\"https:\/\/admincentral.selleetools.com\/pl\/product\/pyunkang-yul-acne-set-facial-cleanser-120-ml-spot-patch-super-thin-1-vnt-dressing-mask-pack-1-vnt-kosmetikos-rinkinys-spuoguotai-odai\/\">Read more<span class=\"screen-reader-text\">Pyunkang Yul ACNE SET (Facial Cleanser 120 ml + Spot Patch Super Thin 1 vnt + Dressing Mask Pack 1 vnt) &#8211; kosmetikos rinkinys spuoguotai odai<\/span><\/a><\/p>\n","protected":false},"featured_media":607413,"comment_status":"open","ping_status":"closed","template":"","meta":{"_links_to":"","_links_to_target":""},"yoast_head":"<!-- This site is optimized with the Yoast SEO plugin v19.4 - https:\/\/yoast.com\/wordpress\/plugins\/seo\/ -->\n<title>Pyunkang Yul ACNE SET (Facial Cleanser 120 ml + Spot Patch Super Thin 1 vnt + Dressing Mask Pack 1 vnt) - kosmetikos rinkinys spuoguotai odai - Selleetools.com<\/title>\n<meta name=\"robots\" content=\"index, follow, max-snippet:-1, max-image-preview:large, max-video-preview:-1\" \/>\n<link rel=\"canonical\" href=\"https:\/\/selleetools.com\/pl\/product\/pyunkang-yul-acne-set-facial-cleanser-120-ml-spot-patch-super-thin-1-vnt-dressing-mask-pack-1-vnt-kosmetikos-rinkinys-spuoguotai-odai\/\" \/>\n<meta property=\"og:locale\" content=\"pl_PL\" \/>\n<meta property=\"og:type\" content=\"article\" \/>\n<meta property=\"og:title\" content=\"Pyunkang Yul ACNE SET (Facial Cleanser 120 ml + Spot Patch Super Thin 1 vnt + Dressing Mask Pack 1 vnt) - kosmetikos rinkinys spuoguotai odai - Selleetools.com\" \/>\n<meta property=\"og:description\" content=\"Zestaw Pyunkang Yul ACNE zosta\u0142 stworzony z my\u015bl\u0105 o piel\u0119gnacji cery tr\u0105dzikowej i wra\u017cliwej. Produkty zawarte w zestawie skutecznie oczyszczaj\u0105 sk\u00f3r\u0119, \u0142agodz\u0105 stany zapalne i wspomagaj\u0105 proces regeneracji nask\u00f3rka, nie powoduj\u0105c podra\u017cnie\u0144. Zestaw zawiera trzy uzupe\u0142niaj\u0105ce si\u0119 elementy, kt\u00f3re pomagaj\u0105 przywr\u00f3ci\u0107 sk\u00f3rze r\u00f3wnowag\u0119 i zdrowy wygl\u0105d. W sk\u0142ad zestawu wchodzi: Pyunkang Yul ACNE Facial Cleanser ... Read morePyunkang Yul ACNE SET (Facial Cleanser 120 ml + Spot Patch Super Thin 1 vnt + Dressing Mask Pack 1 vnt) &#8211; kosmetikos rinkinys spuoguotai odai\" \/>\n<meta property=\"og:url\" content=\"https:\/\/selleetools.com\/pl\/product\/pyunkang-yul-acne-set-facial-cleanser-120-ml-spot-patch-super-thin-1-vnt-dressing-mask-pack-1-vnt-kosmetikos-rinkinys-spuoguotai-odai\/\" \/>\n<meta property=\"og:site_name\" content=\"Selleetools.com\" \/>\n<meta property=\"article:modified_time\" content=\"2026-01-11T11:00:15+00:00\" \/>\n<meta property=\"og:image\" content=\"https:\/\/selleetools.com\/wp-content\/uploads\/2025\/10\/f30d98932f3e4ec36376be68aeef524f.jpg\" \/>\n\t<meta property=\"og:image:width\" content=\"1000\" \/>\n\t<meta property=\"og:image:height\" content=\"1000\" \/>\n\t<meta property=\"og:image:type\" content=\"image\/jpeg\" \/>\n<meta name=\"twitter:card\" content=\"summary_large_image\" \/>\n<meta name=\"twitter:label1\" content=\"Est. reading time\" \/>\n\t<meta name=\"twitter:data1\" content=\"1 minuta\" \/>\n<!-- \/ Yoast SEO plugin. -->","yoast_head_json":{"title":"Pyunkang Yul ACNE SET (Facial Cleanser 120 ml + Spot Patch Super Thin 1 vnt + Dressing Mask Pack 1 vnt) - kosmetikos rinkinys spuoguotai odai - Selleetools.com","robots":{"index":"index","follow":"follow","max-snippet":"max-snippet:-1","max-image-preview":"max-image-preview:large","max-video-preview":"max-video-preview:-1"},"canonical":"https:\/\/selleetools.com\/pl\/product\/pyunkang-yul-acne-set-facial-cleanser-120-ml-spot-patch-super-thin-1-vnt-dressing-mask-pack-1-vnt-kosmetikos-rinkinys-spuoguotai-odai\/","og_locale":"pl_PL","og_type":"article","og_title":"Pyunkang Yul ACNE SET (Facial Cleanser 120 ml + Spot Patch Super Thin 1 vnt + Dressing Mask Pack 1 vnt) - kosmetikos rinkinys spuoguotai odai - Selleetools.com","og_description":"Zestaw Pyunkang Yul ACNE zosta\u0142 stworzony z my\u015bl\u0105 o piel\u0119gnacji cery tr\u0105dzikowej i wra\u017cliwej. Produkty zawarte w zestawie skutecznie oczyszczaj\u0105 sk\u00f3r\u0119, \u0142agodz\u0105 stany zapalne i wspomagaj\u0105 proces regeneracji nask\u00f3rka, nie powoduj\u0105c podra\u017cnie\u0144. Zestaw zawiera trzy uzupe\u0142niaj\u0105ce si\u0119 elementy, kt\u00f3re pomagaj\u0105 przywr\u00f3ci\u0107 sk\u00f3rze r\u00f3wnowag\u0119 i zdrowy wygl\u0105d. W sk\u0142ad zestawu wchodzi: Pyunkang Yul ACNE Facial Cleanser ... Read morePyunkang Yul ACNE SET (Facial Cleanser 120 ml + Spot Patch Super Thin 1 vnt + Dressing Mask Pack 1 vnt) &#8211; kosmetikos rinkinys spuoguotai odai","og_url":"https:\/\/selleetools.com\/pl\/product\/pyunkang-yul-acne-set-facial-cleanser-120-ml-spot-patch-super-thin-1-vnt-dressing-mask-pack-1-vnt-kosmetikos-rinkinys-spuoguotai-odai\/","og_site_name":"Selleetools.com","article_modified_time":"2026-01-11T11:00:15+00:00","og_image":[{"width":1000,"height":1000,"url":"https:\/\/selleetools.com\/wp-content\/uploads\/2025\/10\/f30d98932f3e4ec36376be68aeef524f.jpg","type":"image\/jpeg"}],"twitter_card":"summary_large_image","twitter_misc":{"Est. reading time":"1 minuta"},"schema":{"@context":"https:\/\/schema.org","@graph":[{"@type":"Organization","@id":"https:\/\/selleetools.com\/#organization","name":"Selleetools","url":"https:\/\/selleetools.com\/","sameAs":[],"logo":{"@type":"ImageObject","inLanguage":"pl-PL","@id":"https:\/\/selleetools.com\/#\/schema\/logo\/image\/","url":"https:\/\/selleetools.com\/wp-content\/uploads\/2021\/10\/logo-dark.png","contentUrl":"https:\/\/selleetools.com\/wp-content\/uploads\/2021\/10\/logo-dark.png","width":320,"height":76,"caption":"Selleetools"},"image":{"@id":"https:\/\/selleetools.com\/#\/schema\/logo\/image\/"}},{"@type":"WebSite","@id":"https:\/\/selleetools.com\/#website","url":"https:\/\/selleetools.com\/","name":"Selleetools.com","description":"","publisher":{"@id":"https:\/\/selleetools.com\/#organization"},"potentialAction":[{"@type":"SearchAction","target":{"@type":"EntryPoint","urlTemplate":"https:\/\/selleetools.com\/?s={search_term_string}"},"query-input":"required name=search_term_string"}],"inLanguage":"pl-PL"},{"@type":"WebPage","@id":"https:\/\/selleetools.com\/pl\/product\/pyunkang-yul-acne-set-facial-cleanser-120-ml-spot-patch-super-thin-1-vnt-dressing-mask-pack-1-vnt-kosmetikos-rinkinys-spuoguotai-odai\/","url":"https:\/\/selleetools.com\/pl\/product\/pyunkang-yul-acne-set-facial-cleanser-120-ml-spot-patch-super-thin-1-vnt-dressing-mask-pack-1-vnt-kosmetikos-rinkinys-spuoguotai-odai\/","name":"Pyunkang Yul ACNE SET (Facial Cleanser 120 ml + Spot Patch Super Thin 1 vnt + Dressing Mask Pack 1 vnt) - kosmetikos rinkinys spuoguotai odai - Selleetools.com","isPartOf":{"@id":"https:\/\/selleetools.com\/#website"},"datePublished":"2025-10-24T12:04:03+00:00","dateModified":"2026-01-11T11:00:15+00:00","breadcrumb":{"@id":"https:\/\/selleetools.com\/pl\/product\/pyunkang-yul-acne-set-facial-cleanser-120-ml-spot-patch-super-thin-1-vnt-dressing-mask-pack-1-vnt-kosmetikos-rinkinys-spuoguotai-odai\/#breadcrumb"},"inLanguage":"pl-PL","potentialAction":[{"@type":"ReadAction","target":["https:\/\/selleetools.com\/pl\/product\/pyunkang-yul-acne-set-facial-cleanser-120-ml-spot-patch-super-thin-1-vnt-dressing-mask-pack-1-vnt-kosmetikos-rinkinys-spuoguotai-odai\/"]}]},{"@type":"BreadcrumbList","@id":"https:\/\/selleetools.com\/pl\/product\/pyunkang-yul-acne-set-facial-cleanser-120-ml-spot-patch-super-thin-1-vnt-dressing-mask-pack-1-vnt-kosmetikos-rinkinys-spuoguotai-odai\/#breadcrumb","itemListElement":[{"@type":"ListItem","position":1,"name":"Home","item":"https:\/\/selleetools.com\/pl\/"},{"@type":"ListItem","position":2,"name":"Katalog","item":"https:\/\/selleetools.com\/pl\/katalog\/"},{"@type":"ListItem","position":3,"name":"Pyunkang Yul ACNE SET (Facial Cleanser 120 ml + Spot Patch Super Thin 1 vnt + Dressing Mask Pack 1 vnt) &#8211; kosmetikos rinkinys spuoguotai odai"}]}]}},"_links":{"self":[{"href":"https:\/\/admincentral.selleetools.com\/pl\/wp-json\/wp\/v2\/product\/607415"}],"collection":[{"href":"https:\/\/admincentral.selleetools.com\/pl\/wp-json\/wp\/v2\/product"}],"about":[{"href":"https:\/\/admincentral.selleetools.com\/pl\/wp-json\/wp\/v2\/types\/product"}],"replies":[{"embeddable":true,"href":"https:\/\/admincentral.selleetools.com\/pl\/wp-json\/wp\/v2\/comments?post=607415"}],"wp:featuredmedia":[{"embeddable":true,"href":"https:\/\/admincentral.selleetools.com\/pl\/wp-json\/wp\/v2\/media\/607413"}],"wp:attachment":[{"href":"https:\/\/admincentral.selleetools.com\/pl\/wp-json\/wp\/v2\/media?parent=607415"}],"curies":[{"name":"wp","href":"https:\/\/api.w.org\/{rel}","templated":true}]}}