{"id":607519,"date":"2025-10-24T14:05:25","date_gmt":"2025-10-24T12:05:25","guid":{"rendered":"https:\/\/selleetools.com\/?post_type=product&#038;p=607519"},"modified":"2025-11-04T21:08:52","modified_gmt":"2025-11-04T20:08:52","slug":"purederm-weganskie-plastry-na-wypryski-22-szt","status":"publish","type":"product","link":"https:\/\/admincentral.selleetools.com\/pl\/product\/purederm-weganskie-plastry-na-wypryski-22-szt\/","title":{"rendered":"PUREDERM Wega\u0144skie plastry na wypryski, 22 szt."},"content":{"rendered":"<p>PUREDERM Wega\u0144skie plastry na wypryski to skuteczna i delikatna forma walki z niedoskona\u0142o\u015bciami sk\u00f3ry. Zawieraj\u0105 kwas salicylowy i olejek z drzewa herbacianego, kt\u00f3re pomagaj\u0105 oczyszcza\u0107 pory, \u0142agodzi\u0107 stany zapalne i redukowa\u0107 zaczerwienienia. Przezroczysta formu\u0142a sprawia, \u017ce plastry s\u0105 niewidoczne na sk\u00f3rze, dzi\u0119ki czemu mo\u017cna je stosowa\u0107 tak\u017ce w ci\u0105gu dnia \u2013 pod makija\u017c lub bez.<\/p>\n<p>Korzy\u015bci ze stosowania:<br \/>\nWega\u0144ska formu\u0142a bez okrucie\u0144stwa (cruelty-free)<br \/>\nKwas salicylowy (Salicylic Acid) \u2013 delikatnie z\u0142uszcza martwy nask\u00f3rek, pomaga oczy\u015bci\u0107 pory i zmniejszy\u0107 wypryski<br \/>\nOlejek z drzewa herbacianego (Tea Tree Oil) \u2013 dzia\u0142a antybakteryjnie, przeciwzapalnie i \u0142agodz\u0105co<br \/>\nTriglicerydy kaprylowo-kaprynowe \u2013 zmi\u0119kczaj\u0105 sk\u00f3r\u0119 i wspieraj\u0105 jej regeneracj\u0119<br \/>\nLimonen \u2013 zapewnia \u015bwie\u017cy, cytrusowy zapach i dzia\u0142a oczyszczaj\u0105co<br \/>\nDyskretne, cienkie i przezroczyste \u2013 doskona\u0142e do stosowania na co dzie\u0144<br \/>\nOpakowanie zawiera a\u017c 22 plastry w r\u00f3\u017cnych rozmiarach<\/p>\n<p>Spos\u00f3b u\u017cycia:<br \/>\nOczy\u015b\u0107 i osusz sk\u00f3r\u0119. Na\u0142\u00f3\u017c plaster bezpo\u015brednio na wyprysk, delikatnie dociskaj\u0105c. Pozostaw na 6\u20138 godzin lub do momentu, a\u017c plaster stanie si\u0119 mleczny. Stosuj w dzie\u0144 lub na noc \u2013 w zale\u017cno\u015bci od potrzeb.<\/p>\n","protected":false},"excerpt":{"rendered":"<p>PUREDERM Wega\u0144skie plastry na wypryski to skuteczna i delikatna forma walki z niedoskona\u0142o\u015bciami sk\u00f3ry. Zawieraj\u0105 kwas salicylowy i olejek z drzewa herbacianego, kt\u00f3re pomagaj\u0105 oczyszcza\u0107 pory, \u0142agodzi\u0107 stany zapalne i redukowa\u0107 zaczerwienienia. Przezroczysta formu\u0142a sprawia, \u017ce plastry s\u0105 niewidoczne na sk\u00f3rze, dzi\u0119ki czemu mo\u017cna je stosowa\u0107 tak\u017ce w ci\u0105gu dnia \u2013 pod makija\u017c lub bez. &#8230; <a title=\"PUREDERM Wega\u0144skie plastry na wypryski, 22 szt.\" class=\"read-more\" href=\"https:\/\/admincentral.selleetools.com\/pl\/product\/purederm-weganskie-plastry-na-wypryski-22-szt\/\">Read more<span class=\"screen-reader-text\">PUREDERM Wega\u0144skie plastry na wypryski, 22 szt.<\/span><\/a><\/p>\n","protected":false},"featured_media":607517,"comment_status":"open","ping_status":"closed","template":"","meta":{"_links_to":"","_links_to_target":""},"yoast_head":"<!-- This site is optimized with the Yoast SEO plugin v19.4 - https:\/\/yoast.com\/wordpress\/plugins\/seo\/ -->\n<title>PUREDERM Wega\u0144skie plastry na wypryski, 22 szt. - Selleetools.com<\/title>\n<meta name=\"robots\" content=\"index, follow, max-snippet:-1, max-image-preview:large, max-video-preview:-1\" \/>\n<link rel=\"canonical\" href=\"https:\/\/admincentral.selleetools.com\/pl\/product\/purederm-weganskie-plastry-na-wypryski-22-szt\/\" \/>\n<meta property=\"og:locale\" content=\"pl_PL\" \/>\n<meta property=\"og:type\" content=\"article\" \/>\n<meta property=\"og:title\" content=\"PUREDERM Wega\u0144skie plastry na wypryski, 22 szt. - Selleetools.com\" \/>\n<meta property=\"og:description\" content=\"PUREDERM Wega\u0144skie plastry na wypryski to skuteczna i delikatna forma walki z niedoskona\u0142o\u015bciami sk\u00f3ry. Zawieraj\u0105 kwas salicylowy i olejek z drzewa herbacianego, kt\u00f3re pomagaj\u0105 oczyszcza\u0107 pory, \u0142agodzi\u0107 stany zapalne i redukowa\u0107 zaczerwienienia. Przezroczysta formu\u0142a sprawia, \u017ce plastry s\u0105 niewidoczne na sk\u00f3rze, dzi\u0119ki czemu mo\u017cna je stosowa\u0107 tak\u017ce w ci\u0105gu dnia \u2013 pod makija\u017c lub bez. ... Read morePUREDERM Wega\u0144skie plastry na wypryski, 22 szt.\" \/>\n<meta property=\"og:url\" content=\"https:\/\/admincentral.selleetools.com\/pl\/product\/purederm-weganskie-plastry-na-wypryski-22-szt\/\" \/>\n<meta property=\"og:site_name\" content=\"Selleetools.com\" \/>\n<meta property=\"article:modified_time\" content=\"2025-11-04T20:08:52+00:00\" \/>\n<meta property=\"og:image\" content=\"https:\/\/selleetools.com\/wp-content\/uploads\/2025\/10\/301ea304cb1debc4d66b6cacc2322e3e.jpg\" \/>\n\t<meta property=\"og:image:width\" content=\"1000\" \/>\n\t<meta property=\"og:image:height\" content=\"1000\" \/>\n\t<meta property=\"og:image:type\" content=\"image\/jpeg\" \/>\n<meta name=\"twitter:card\" content=\"summary_large_image\" \/>\n<meta name=\"twitter:label1\" content=\"Est. reading time\" \/>\n\t<meta name=\"twitter:data1\" content=\"1 minuta\" \/>\n<!-- \/ Yoast SEO plugin. -->","yoast_head_json":{"title":"PUREDERM Wega\u0144skie plastry na wypryski, 22 szt. - Selleetools.com","robots":{"index":"index","follow":"follow","max-snippet":"max-snippet:-1","max-image-preview":"max-image-preview:large","max-video-preview":"max-video-preview:-1"},"canonical":"https:\/\/admincentral.selleetools.com\/pl\/product\/purederm-weganskie-plastry-na-wypryski-22-szt\/","og_locale":"pl_PL","og_type":"article","og_title":"PUREDERM Wega\u0144skie plastry na wypryski, 22 szt. - Selleetools.com","og_description":"PUREDERM Wega\u0144skie plastry na wypryski to skuteczna i delikatna forma walki z niedoskona\u0142o\u015bciami sk\u00f3ry. Zawieraj\u0105 kwas salicylowy i olejek z drzewa herbacianego, kt\u00f3re pomagaj\u0105 oczyszcza\u0107 pory, \u0142agodzi\u0107 stany zapalne i redukowa\u0107 zaczerwienienia. Przezroczysta formu\u0142a sprawia, \u017ce plastry s\u0105 niewidoczne na sk\u00f3rze, dzi\u0119ki czemu mo\u017cna je stosowa\u0107 tak\u017ce w ci\u0105gu dnia \u2013 pod makija\u017c lub bez. ... Read morePUREDERM Wega\u0144skie plastry na wypryski, 22 szt.","og_url":"https:\/\/admincentral.selleetools.com\/pl\/product\/purederm-weganskie-plastry-na-wypryski-22-szt\/","og_site_name":"Selleetools.com","article_modified_time":"2025-11-04T20:08:52+00:00","og_image":[{"width":1000,"height":1000,"url":"https:\/\/selleetools.com\/wp-content\/uploads\/2025\/10\/301ea304cb1debc4d66b6cacc2322e3e.jpg","type":"image\/jpeg"}],"twitter_card":"summary_large_image","twitter_misc":{"Est. reading time":"1 minuta"},"schema":{"@context":"https:\/\/schema.org","@graph":[{"@type":"Organization","@id":"https:\/\/selleetools.com\/#organization","name":"Selleetools","url":"https:\/\/selleetools.com\/","sameAs":[],"logo":{"@type":"ImageObject","inLanguage":"pl-PL","@id":"https:\/\/selleetools.com\/#\/schema\/logo\/image\/","url":"https:\/\/selleetools.com\/wp-content\/uploads\/2021\/10\/logo-dark.png","contentUrl":"https:\/\/selleetools.com\/wp-content\/uploads\/2021\/10\/logo-dark.png","width":320,"height":76,"caption":"Selleetools"},"image":{"@id":"https:\/\/selleetools.com\/#\/schema\/logo\/image\/"}},{"@type":"WebSite","@id":"https:\/\/selleetools.com\/#website","url":"https:\/\/selleetools.com\/","name":"Selleetools.com","description":"","publisher":{"@id":"https:\/\/selleetools.com\/#organization"},"potentialAction":[{"@type":"SearchAction","target":{"@type":"EntryPoint","urlTemplate":"https:\/\/selleetools.com\/?s={search_term_string}"},"query-input":"required name=search_term_string"}],"inLanguage":"pl-PL"},{"@type":"WebPage","@id":"https:\/\/admincentral.selleetools.com\/pl\/product\/purederm-weganskie-plastry-na-wypryski-22-szt\/","url":"https:\/\/admincentral.selleetools.com\/pl\/product\/purederm-weganskie-plastry-na-wypryski-22-szt\/","name":"PUREDERM Wega\u0144skie plastry na wypryski, 22 szt. - Selleetools.com","isPartOf":{"@id":"https:\/\/selleetools.com\/#website"},"datePublished":"2025-10-24T12:05:25+00:00","dateModified":"2025-11-04T20:08:52+00:00","breadcrumb":{"@id":"https:\/\/admincentral.selleetools.com\/pl\/product\/purederm-weganskie-plastry-na-wypryski-22-szt\/#breadcrumb"},"inLanguage":"pl-PL","potentialAction":[{"@type":"ReadAction","target":["https:\/\/admincentral.selleetools.com\/pl\/product\/purederm-weganskie-plastry-na-wypryski-22-szt\/"]}]},{"@type":"BreadcrumbList","@id":"https:\/\/admincentral.selleetools.com\/pl\/product\/purederm-weganskie-plastry-na-wypryski-22-szt\/#breadcrumb","itemListElement":[{"@type":"ListItem","position":1,"name":"Home","item":"https:\/\/selleetools.com\/pl\/"},{"@type":"ListItem","position":2,"name":"Katalog","item":"https:\/\/selleetools.com\/pl\/katalog\/"},{"@type":"ListItem","position":3,"name":"PUREDERM Wega\u0144skie plastry na wypryski, 22 szt."}]}]}},"_links":{"self":[{"href":"https:\/\/admincentral.selleetools.com\/pl\/wp-json\/wp\/v2\/product\/607519"}],"collection":[{"href":"https:\/\/admincentral.selleetools.com\/pl\/wp-json\/wp\/v2\/product"}],"about":[{"href":"https:\/\/admincentral.selleetools.com\/pl\/wp-json\/wp\/v2\/types\/product"}],"replies":[{"embeddable":true,"href":"https:\/\/admincentral.selleetools.com\/pl\/wp-json\/wp\/v2\/comments?post=607519"}],"wp:featuredmedia":[{"embeddable":true,"href":"https:\/\/admincentral.selleetools.com\/pl\/wp-json\/wp\/v2\/media\/607517"}],"wp:attachment":[{"href":"https:\/\/admincentral.selleetools.com\/pl\/wp-json\/wp\/v2\/media?parent=607519"}],"curies":[{"name":"wp","href":"https:\/\/api.w.org\/{rel}","templated":true}]}}