{"id":607545,"date":"2025-10-24T14:05:53","date_gmt":"2025-10-24T12:05:53","guid":{"rendered":"https:\/\/selleetools.com\/?post_type=product&#038;p=607545"},"modified":"2025-11-04T21:12:28","modified_gmt":"2025-11-04T20:12:28","slug":"nine-less-b-boost-1-kojic-acid-toner-200-ml-rozjasniajacy-tonik-do-twarzy","status":"publish","type":"product","link":"https:\/\/admincentral.selleetools.com\/pl\/product\/nine-less-b-boost-1-kojic-acid-toner-200-ml-rozjasniajacy-tonik-do-twarzy\/","title":{"rendered":"NINE LESS B-Boost 1% Kojic Acid Toner 200 ml &#8211; rozja\u015bniaj\u0105cy tonik do twarzy"},"content":{"rendered":"<p>NINE LESS B-Boost 1% Kojic Acid Toner to delikatny, ale skuteczny tonik rozja\u015bniaj\u0105cy, kt\u00f3ry wspiera walk\u0119 z przebarwieniami, nier\u00f3wnym kolorytem i oznakami zm\u0119czenia sk\u00f3ry. Dzi\u0119ki zawarto\u015bci 1% kwasu kojowego oraz niacynamidu, tonik roz\u015bwietla cer\u0119, redukuje widoczno\u015b\u0107 przebarwie\u0144 i wyr\u00f3wnuje jej ton. Idealny jako pierwszy krok piel\u0119gnacji dla sk\u00f3ry poszarza\u0142ej, zm\u0119czonej lub z problemem przebarwie\u0144 potr\u0105dzikowych.<\/p>\n<p>Korzy\u015bci ze stosowania:<br \/>\nRozja\u015bnia przebarwienia i wyr\u00f3wnuje koloryt sk\u00f3ry \u2013 dzi\u0119ki dzia\u0142aniu kwasu kojowego (1%) i niacynamidu<br \/>\nWspiera regeneracj\u0119 i wyg\u0142adzenie sk\u00f3ry \u2013 za spraw\u0105 fermentowanych probiotyk\u00f3w: Lactobacillus, Bifida, Lactococcus i Streptococcus<br \/>\nDzia\u0142a nawil\u017caj\u0105co i \u0142agodz\u0105co \u2013 dzi\u0119ki kwasowi hialuronowemu, glicerynie i Dipotassium Glycyrrhizate<br \/>\nPoprawia elastyczno\u015b\u0107 i blask sk\u00f3ry \u2013 dzi\u0119ki obecno\u015bci adenozyny, kt\u00f3ra r\u00f3wnie\u017c dzia\u0142a przeciwstarzeniowo<br \/>\nTonizuje, przygotowuj\u0105c sk\u00f3r\u0119 na dalsze etapy piel\u0119gnacji<\/p>\n<p>Spos\u00f3b u\u017cycia:<br \/>\nStosuj codziennie rano i\/lub wieczorem. Nanie\u015b odpowiedni\u0105 ilo\u015b\u0107 toniku na wacik lub bezpo\u015brednio na d\u0142onie i delikatnie wklep w oczyszczon\u0105 sk\u00f3r\u0119 twarzy. Unikaj okolic oczu. Mo\u017cna stosowa\u0107 warstwowo (metoda &#8220;7 Skin&#8221;) dla zwi\u0119kszenia efektu nawil\u017cenia i roz\u015bwietlenia.<\/p>\n","protected":false},"excerpt":{"rendered":"<p>NINE LESS B-Boost 1% Kojic Acid Toner to delikatny, ale skuteczny tonik rozja\u015bniaj\u0105cy, kt\u00f3ry wspiera walk\u0119 z przebarwieniami, nier\u00f3wnym kolorytem i oznakami zm\u0119czenia sk\u00f3ry. Dzi\u0119ki zawarto\u015bci 1% kwasu kojowego oraz niacynamidu, tonik roz\u015bwietla cer\u0119, redukuje widoczno\u015b\u0107 przebarwie\u0144 i wyr\u00f3wnuje jej ton. Idealny jako pierwszy krok piel\u0119gnacji dla sk\u00f3ry poszarza\u0142ej, zm\u0119czonej lub z problemem przebarwie\u0144 potr\u0105dzikowych. &#8230; <a title=\"NINE LESS B-Boost 1% Kojic Acid Toner 200 ml &#8211; rozja\u015bniaj\u0105cy tonik do twarzy\" class=\"read-more\" href=\"https:\/\/admincentral.selleetools.com\/pl\/product\/nine-less-b-boost-1-kojic-acid-toner-200-ml-rozjasniajacy-tonik-do-twarzy\/\">Read more<span class=\"screen-reader-text\">NINE LESS B-Boost 1% Kojic Acid Toner 200 ml &#8211; rozja\u015bniaj\u0105cy tonik do twarzy<\/span><\/a><\/p>\n","protected":false},"featured_media":607543,"comment_status":"open","ping_status":"closed","template":"","meta":{"_links_to":"","_links_to_target":""},"yoast_head":"<!-- This site is optimized with the Yoast SEO plugin v19.4 - https:\/\/yoast.com\/wordpress\/plugins\/seo\/ -->\n<title>NINE LESS B-Boost 1% Kojic Acid Toner 200 ml - rozja\u015bniaj\u0105cy tonik do twarzy - Selleetools.com<\/title>\n<meta name=\"robots\" content=\"index, follow, max-snippet:-1, max-image-preview:large, max-video-preview:-1\" \/>\n<link rel=\"canonical\" href=\"https:\/\/admincentral.selleetools.com\/pl\/product\/nine-less-b-boost-1-kojic-acid-toner-200-ml-rozjasniajacy-tonik-do-twarzy\/\" \/>\n<meta property=\"og:locale\" content=\"pl_PL\" \/>\n<meta property=\"og:type\" content=\"article\" \/>\n<meta property=\"og:title\" content=\"NINE LESS B-Boost 1% Kojic Acid Toner 200 ml - rozja\u015bniaj\u0105cy tonik do twarzy - Selleetools.com\" \/>\n<meta property=\"og:description\" content=\"NINE LESS B-Boost 1% Kojic Acid Toner to delikatny, ale skuteczny tonik rozja\u015bniaj\u0105cy, kt\u00f3ry wspiera walk\u0119 z przebarwieniami, nier\u00f3wnym kolorytem i oznakami zm\u0119czenia sk\u00f3ry. Dzi\u0119ki zawarto\u015bci 1% kwasu kojowego oraz niacynamidu, tonik roz\u015bwietla cer\u0119, redukuje widoczno\u015b\u0107 przebarwie\u0144 i wyr\u00f3wnuje jej ton. Idealny jako pierwszy krok piel\u0119gnacji dla sk\u00f3ry poszarza\u0142ej, zm\u0119czonej lub z problemem przebarwie\u0144 potr\u0105dzikowych. ... Read moreNINE LESS B-Boost 1% Kojic Acid Toner 200 ml &#8211; rozja\u015bniaj\u0105cy tonik do twarzy\" \/>\n<meta property=\"og:url\" content=\"https:\/\/admincentral.selleetools.com\/pl\/product\/nine-less-b-boost-1-kojic-acid-toner-200-ml-rozjasniajacy-tonik-do-twarzy\/\" \/>\n<meta property=\"og:site_name\" content=\"Selleetools.com\" \/>\n<meta property=\"article:modified_time\" content=\"2025-11-04T20:12:28+00:00\" \/>\n<meta property=\"og:image\" content=\"https:\/\/selleetools.com\/wp-content\/uploads\/2025\/10\/8db7fadad144787fb6fe667066972c22.jpg\" \/>\n\t<meta property=\"og:image:width\" content=\"1000\" \/>\n\t<meta property=\"og:image:height\" content=\"1000\" \/>\n\t<meta property=\"og:image:type\" content=\"image\/jpeg\" \/>\n<meta name=\"twitter:card\" content=\"summary_large_image\" \/>\n<meta name=\"twitter:label1\" content=\"Est. reading time\" \/>\n\t<meta name=\"twitter:data1\" content=\"1 minuta\" \/>\n<!-- \/ Yoast SEO plugin. -->","yoast_head_json":{"title":"NINE LESS B-Boost 1% Kojic Acid Toner 200 ml - rozja\u015bniaj\u0105cy tonik do twarzy - Selleetools.com","robots":{"index":"index","follow":"follow","max-snippet":"max-snippet:-1","max-image-preview":"max-image-preview:large","max-video-preview":"max-video-preview:-1"},"canonical":"https:\/\/admincentral.selleetools.com\/pl\/product\/nine-less-b-boost-1-kojic-acid-toner-200-ml-rozjasniajacy-tonik-do-twarzy\/","og_locale":"pl_PL","og_type":"article","og_title":"NINE LESS B-Boost 1% Kojic Acid Toner 200 ml - rozja\u015bniaj\u0105cy tonik do twarzy - Selleetools.com","og_description":"NINE LESS B-Boost 1% Kojic Acid Toner to delikatny, ale skuteczny tonik rozja\u015bniaj\u0105cy, kt\u00f3ry wspiera walk\u0119 z przebarwieniami, nier\u00f3wnym kolorytem i oznakami zm\u0119czenia sk\u00f3ry. Dzi\u0119ki zawarto\u015bci 1% kwasu kojowego oraz niacynamidu, tonik roz\u015bwietla cer\u0119, redukuje widoczno\u015b\u0107 przebarwie\u0144 i wyr\u00f3wnuje jej ton. Idealny jako pierwszy krok piel\u0119gnacji dla sk\u00f3ry poszarza\u0142ej, zm\u0119czonej lub z problemem przebarwie\u0144 potr\u0105dzikowych. ... Read moreNINE LESS B-Boost 1% Kojic Acid Toner 200 ml &#8211; rozja\u015bniaj\u0105cy tonik do twarzy","og_url":"https:\/\/admincentral.selleetools.com\/pl\/product\/nine-less-b-boost-1-kojic-acid-toner-200-ml-rozjasniajacy-tonik-do-twarzy\/","og_site_name":"Selleetools.com","article_modified_time":"2025-11-04T20:12:28+00:00","og_image":[{"width":1000,"height":1000,"url":"https:\/\/selleetools.com\/wp-content\/uploads\/2025\/10\/8db7fadad144787fb6fe667066972c22.jpg","type":"image\/jpeg"}],"twitter_card":"summary_large_image","twitter_misc":{"Est. reading time":"1 minuta"},"schema":{"@context":"https:\/\/schema.org","@graph":[{"@type":"Organization","@id":"https:\/\/selleetools.com\/#organization","name":"Selleetools","url":"https:\/\/selleetools.com\/","sameAs":[],"logo":{"@type":"ImageObject","inLanguage":"pl-PL","@id":"https:\/\/selleetools.com\/#\/schema\/logo\/image\/","url":"https:\/\/selleetools.com\/wp-content\/uploads\/2021\/10\/logo-dark.png","contentUrl":"https:\/\/selleetools.com\/wp-content\/uploads\/2021\/10\/logo-dark.png","width":320,"height":76,"caption":"Selleetools"},"image":{"@id":"https:\/\/selleetools.com\/#\/schema\/logo\/image\/"}},{"@type":"WebSite","@id":"https:\/\/selleetools.com\/#website","url":"https:\/\/selleetools.com\/","name":"Selleetools.com","description":"","publisher":{"@id":"https:\/\/selleetools.com\/#organization"},"potentialAction":[{"@type":"SearchAction","target":{"@type":"EntryPoint","urlTemplate":"https:\/\/selleetools.com\/?s={search_term_string}"},"query-input":"required name=search_term_string"}],"inLanguage":"pl-PL"},{"@type":"WebPage","@id":"https:\/\/admincentral.selleetools.com\/pl\/product\/nine-less-b-boost-1-kojic-acid-toner-200-ml-rozjasniajacy-tonik-do-twarzy\/","url":"https:\/\/admincentral.selleetools.com\/pl\/product\/nine-less-b-boost-1-kojic-acid-toner-200-ml-rozjasniajacy-tonik-do-twarzy\/","name":"NINE LESS B-Boost 1% Kojic Acid Toner 200 ml - rozja\u015bniaj\u0105cy tonik do twarzy - Selleetools.com","isPartOf":{"@id":"https:\/\/selleetools.com\/#website"},"datePublished":"2025-10-24T12:05:53+00:00","dateModified":"2025-11-04T20:12:28+00:00","breadcrumb":{"@id":"https:\/\/admincentral.selleetools.com\/pl\/product\/nine-less-b-boost-1-kojic-acid-toner-200-ml-rozjasniajacy-tonik-do-twarzy\/#breadcrumb"},"inLanguage":"pl-PL","potentialAction":[{"@type":"ReadAction","target":["https:\/\/admincentral.selleetools.com\/pl\/product\/nine-less-b-boost-1-kojic-acid-toner-200-ml-rozjasniajacy-tonik-do-twarzy\/"]}]},{"@type":"BreadcrumbList","@id":"https:\/\/admincentral.selleetools.com\/pl\/product\/nine-less-b-boost-1-kojic-acid-toner-200-ml-rozjasniajacy-tonik-do-twarzy\/#breadcrumb","itemListElement":[{"@type":"ListItem","position":1,"name":"Home","item":"https:\/\/selleetools.com\/pl\/"},{"@type":"ListItem","position":2,"name":"Katalog","item":"https:\/\/selleetools.com\/pl\/katalog\/"},{"@type":"ListItem","position":3,"name":"NINE LESS B-Boost 1% Kojic Acid Toner 200 ml &#8211; rozja\u015bniaj\u0105cy tonik do twarzy"}]}]}},"_links":{"self":[{"href":"https:\/\/admincentral.selleetools.com\/pl\/wp-json\/wp\/v2\/product\/607545"}],"collection":[{"href":"https:\/\/admincentral.selleetools.com\/pl\/wp-json\/wp\/v2\/product"}],"about":[{"href":"https:\/\/admincentral.selleetools.com\/pl\/wp-json\/wp\/v2\/types\/product"}],"replies":[{"embeddable":true,"href":"https:\/\/admincentral.selleetools.com\/pl\/wp-json\/wp\/v2\/comments?post=607545"}],"wp:featuredmedia":[{"embeddable":true,"href":"https:\/\/admincentral.selleetools.com\/pl\/wp-json\/wp\/v2\/media\/607543"}],"wp:attachment":[{"href":"https:\/\/admincentral.selleetools.com\/pl\/wp-json\/wp\/v2\/media?parent=607545"}],"curies":[{"name":"wp","href":"https:\/\/api.w.org\/{rel}","templated":true}]}}