{"id":607548,"date":"2025-10-24T14:05:56","date_gmt":"2025-10-24T12:05:56","guid":{"rendered":"https:\/\/selleetools.com\/?post_type=product&#038;p=607548"},"modified":"2025-11-04T21:12:42","modified_gmt":"2025-11-04T20:12:42","slug":"haruharu-wonder-wonder-black-rice-hyaluronic-toner-300-ml-nawilzajacy-tonik-do-twarzy","status":"publish","type":"product","link":"https:\/\/admincentral.selleetools.com\/pl\/product\/haruharu-wonder-wonder-black-rice-hyaluronic-toner-300-ml-nawilzajacy-tonik-do-twarzy\/","title":{"rendered":"Haruharu Wonder WONDER Black Rice Hyaluronic Toner 300 ml &#8211; nawil\u017caj\u0105cy tonik do twarzy"},"content":{"rendered":"<p>Intensywnie nawil\u017caj\u0105cy tonik do twarzy, kt\u00f3ry \u0142\u0105czy w sobie tradycyjne ekstrakty ro\u015blinne i nowoczesne sk\u0142adniki aktywne, zapewniaj\u0105c sk\u00f3rze od\u015bwie\u017cenie, ukojenie i d\u0142ugotrwa\u0142e nawil\u017cenie. Formu\u0142a oparta na czarnym ry\u017cu, kwasie hialuronowym i naturalnych fermentach sprawia, \u017ce sk\u00f3ra staje si\u0119 bardziej elastyczna, wyg\u0142adzona i promienna ju\u017c po pierwszym u\u017cyciu.<\/p>\n<p>Korzy\u015bci ze stosowania:<br \/>\nDog\u0142\u0119bne nawil\u017cenie \u2013 dzi\u0119ki kwasowi hialuronowemu (600 ppm) i beta-glukanowi, sk\u00f3ra staje si\u0119 mi\u0119kka i spr\u0119\u017cysta<br \/>\nUkojenie i ochrona \u2013 ekstrakt z korzenia tarczycy bajkalskiej, bambusa i ginsengu wspieraj\u0105 naturaln\u0105 odporno\u015b\u0107 sk\u00f3ry, dzia\u0142aj\u0105 przeciwzapalnie i antyoksydacyjnie<br \/>\nWzmocnienie bariery sk\u00f3rnej \u2013 ekstrakt z czarnego ry\u017cu (2000 ppm) dostarcza sk\u00f3rze przeciwutleniaczy i wspomaga regeneracj\u0119<br \/>\nNaturalne sk\u0142adniki fermentowane \u2013 jak Aspergillus Ferment, wspieraj\u0105 wch\u0142anianie sk\u0142adnik\u00f3w aktywnych i poprawiaj\u0105 tekstur\u0119 sk\u00f3ry<br \/>\nBez podra\u017cnie\u0144 \u2013 tonik nie zawiera alkoholu ani sztucznych barwnik\u00f3w; odpowiedni dla sk\u00f3ry wra\u017cliwej<\/p>\n<p>Spos\u00f3b u\u017cycia:<br \/>\nPo oczyszczeniu twarzy, nanie\u015b odpowiedni\u0105 ilo\u015b\u0107 toniku na d\u0142onie lub wacik i delikatnie wklep w sk\u00f3r\u0119 twarzy i szyi. Stosuj rano i wieczorem. Dla zwi\u0119kszenia efektu nawil\u017cenia mo\u017cesz zaaplikowa\u0107 kilka warstw metod\u0105 \u201e7 skin\u201d.<\/p>\n","protected":false},"excerpt":{"rendered":"<p>Intensywnie nawil\u017caj\u0105cy tonik do twarzy, kt\u00f3ry \u0142\u0105czy w sobie tradycyjne ekstrakty ro\u015blinne i nowoczesne sk\u0142adniki aktywne, zapewniaj\u0105c sk\u00f3rze od\u015bwie\u017cenie, ukojenie i d\u0142ugotrwa\u0142e nawil\u017cenie. Formu\u0142a oparta na czarnym ry\u017cu, kwasie hialuronowym i naturalnych fermentach sprawia, \u017ce sk\u00f3ra staje si\u0119 bardziej elastyczna, wyg\u0142adzona i promienna ju\u017c po pierwszym u\u017cyciu. Korzy\u015bci ze stosowania: Dog\u0142\u0119bne nawil\u017cenie \u2013 dzi\u0119ki kwasowi &#8230; <a title=\"Haruharu Wonder WONDER Black Rice Hyaluronic Toner 300 ml &#8211; nawil\u017caj\u0105cy tonik do twarzy\" class=\"read-more\" href=\"https:\/\/admincentral.selleetools.com\/pl\/product\/haruharu-wonder-wonder-black-rice-hyaluronic-toner-300-ml-nawilzajacy-tonik-do-twarzy\/\">Read more<span class=\"screen-reader-text\">Haruharu Wonder WONDER Black Rice Hyaluronic Toner 300 ml &#8211; nawil\u017caj\u0105cy tonik do twarzy<\/span><\/a><\/p>\n","protected":false},"featured_media":607546,"comment_status":"open","ping_status":"closed","template":"","meta":{"_links_to":"","_links_to_target":""},"yoast_head":"<!-- This site is optimized with the Yoast SEO plugin v19.4 - https:\/\/yoast.com\/wordpress\/plugins\/seo\/ -->\n<title>Haruharu Wonder WONDER Black Rice Hyaluronic Toner 300 ml - nawil\u017caj\u0105cy tonik do twarzy - Selleetools.com<\/title>\n<meta name=\"robots\" content=\"index, follow, max-snippet:-1, max-image-preview:large, max-video-preview:-1\" \/>\n<link rel=\"canonical\" href=\"https:\/\/admincentral.selleetools.com\/pl\/product\/haruharu-wonder-wonder-black-rice-hyaluronic-toner-300-ml-nawilzajacy-tonik-do-twarzy\/\" \/>\n<meta property=\"og:locale\" content=\"pl_PL\" \/>\n<meta property=\"og:type\" content=\"article\" \/>\n<meta property=\"og:title\" content=\"Haruharu Wonder WONDER Black Rice Hyaluronic Toner 300 ml - nawil\u017caj\u0105cy tonik do twarzy - Selleetools.com\" \/>\n<meta property=\"og:description\" content=\"Intensywnie nawil\u017caj\u0105cy tonik do twarzy, kt\u00f3ry \u0142\u0105czy w sobie tradycyjne ekstrakty ro\u015blinne i nowoczesne sk\u0142adniki aktywne, zapewniaj\u0105c sk\u00f3rze od\u015bwie\u017cenie, ukojenie i d\u0142ugotrwa\u0142e nawil\u017cenie. Formu\u0142a oparta na czarnym ry\u017cu, kwasie hialuronowym i naturalnych fermentach sprawia, \u017ce sk\u00f3ra staje si\u0119 bardziej elastyczna, wyg\u0142adzona i promienna ju\u017c po pierwszym u\u017cyciu. Korzy\u015bci ze stosowania: Dog\u0142\u0119bne nawil\u017cenie \u2013 dzi\u0119ki kwasowi ... Read moreHaruharu Wonder WONDER Black Rice Hyaluronic Toner 300 ml &#8211; nawil\u017caj\u0105cy tonik do twarzy\" \/>\n<meta property=\"og:url\" content=\"https:\/\/admincentral.selleetools.com\/pl\/product\/haruharu-wonder-wonder-black-rice-hyaluronic-toner-300-ml-nawilzajacy-tonik-do-twarzy\/\" \/>\n<meta property=\"og:site_name\" content=\"Selleetools.com\" \/>\n<meta property=\"article:modified_time\" content=\"2025-11-04T20:12:42+00:00\" \/>\n<meta property=\"og:image\" content=\"https:\/\/selleetools.com\/wp-content\/uploads\/2025\/10\/1e477647669a661748f3ed8d6ee6d79b.jpg\" \/>\n\t<meta property=\"og:image:width\" content=\"1000\" \/>\n\t<meta property=\"og:image:height\" content=\"1000\" \/>\n\t<meta property=\"og:image:type\" content=\"image\/jpeg\" \/>\n<meta name=\"twitter:card\" content=\"summary_large_image\" \/>\n<meta name=\"twitter:label1\" content=\"Est. reading time\" \/>\n\t<meta name=\"twitter:data1\" content=\"1 minuta\" \/>\n<!-- \/ Yoast SEO plugin. -->","yoast_head_json":{"title":"Haruharu Wonder WONDER Black Rice Hyaluronic Toner 300 ml - nawil\u017caj\u0105cy tonik do twarzy - Selleetools.com","robots":{"index":"index","follow":"follow","max-snippet":"max-snippet:-1","max-image-preview":"max-image-preview:large","max-video-preview":"max-video-preview:-1"},"canonical":"https:\/\/admincentral.selleetools.com\/pl\/product\/haruharu-wonder-wonder-black-rice-hyaluronic-toner-300-ml-nawilzajacy-tonik-do-twarzy\/","og_locale":"pl_PL","og_type":"article","og_title":"Haruharu Wonder WONDER Black Rice Hyaluronic Toner 300 ml - nawil\u017caj\u0105cy tonik do twarzy - Selleetools.com","og_description":"Intensywnie nawil\u017caj\u0105cy tonik do twarzy, kt\u00f3ry \u0142\u0105czy w sobie tradycyjne ekstrakty ro\u015blinne i nowoczesne sk\u0142adniki aktywne, zapewniaj\u0105c sk\u00f3rze od\u015bwie\u017cenie, ukojenie i d\u0142ugotrwa\u0142e nawil\u017cenie. Formu\u0142a oparta na czarnym ry\u017cu, kwasie hialuronowym i naturalnych fermentach sprawia, \u017ce sk\u00f3ra staje si\u0119 bardziej elastyczna, wyg\u0142adzona i promienna ju\u017c po pierwszym u\u017cyciu. Korzy\u015bci ze stosowania: Dog\u0142\u0119bne nawil\u017cenie \u2013 dzi\u0119ki kwasowi ... Read moreHaruharu Wonder WONDER Black Rice Hyaluronic Toner 300 ml &#8211; nawil\u017caj\u0105cy tonik do twarzy","og_url":"https:\/\/admincentral.selleetools.com\/pl\/product\/haruharu-wonder-wonder-black-rice-hyaluronic-toner-300-ml-nawilzajacy-tonik-do-twarzy\/","og_site_name":"Selleetools.com","article_modified_time":"2025-11-04T20:12:42+00:00","og_image":[{"width":1000,"height":1000,"url":"https:\/\/selleetools.com\/wp-content\/uploads\/2025\/10\/1e477647669a661748f3ed8d6ee6d79b.jpg","type":"image\/jpeg"}],"twitter_card":"summary_large_image","twitter_misc":{"Est. reading time":"1 minuta"},"schema":{"@context":"https:\/\/schema.org","@graph":[{"@type":"Organization","@id":"https:\/\/selleetools.com\/#organization","name":"Selleetools","url":"https:\/\/selleetools.com\/","sameAs":[],"logo":{"@type":"ImageObject","inLanguage":"pl-PL","@id":"https:\/\/selleetools.com\/#\/schema\/logo\/image\/","url":"https:\/\/selleetools.com\/wp-content\/uploads\/2021\/10\/logo-dark.png","contentUrl":"https:\/\/selleetools.com\/wp-content\/uploads\/2021\/10\/logo-dark.png","width":320,"height":76,"caption":"Selleetools"},"image":{"@id":"https:\/\/selleetools.com\/#\/schema\/logo\/image\/"}},{"@type":"WebSite","@id":"https:\/\/selleetools.com\/#website","url":"https:\/\/selleetools.com\/","name":"Selleetools.com","description":"","publisher":{"@id":"https:\/\/selleetools.com\/#organization"},"potentialAction":[{"@type":"SearchAction","target":{"@type":"EntryPoint","urlTemplate":"https:\/\/selleetools.com\/?s={search_term_string}"},"query-input":"required name=search_term_string"}],"inLanguage":"pl-PL"},{"@type":"WebPage","@id":"https:\/\/admincentral.selleetools.com\/pl\/product\/haruharu-wonder-wonder-black-rice-hyaluronic-toner-300-ml-nawilzajacy-tonik-do-twarzy\/","url":"https:\/\/admincentral.selleetools.com\/pl\/product\/haruharu-wonder-wonder-black-rice-hyaluronic-toner-300-ml-nawilzajacy-tonik-do-twarzy\/","name":"Haruharu Wonder WONDER Black Rice Hyaluronic Toner 300 ml - nawil\u017caj\u0105cy tonik do twarzy - Selleetools.com","isPartOf":{"@id":"https:\/\/selleetools.com\/#website"},"datePublished":"2025-10-24T12:05:56+00:00","dateModified":"2025-11-04T20:12:42+00:00","breadcrumb":{"@id":"https:\/\/admincentral.selleetools.com\/pl\/product\/haruharu-wonder-wonder-black-rice-hyaluronic-toner-300-ml-nawilzajacy-tonik-do-twarzy\/#breadcrumb"},"inLanguage":"pl-PL","potentialAction":[{"@type":"ReadAction","target":["https:\/\/admincentral.selleetools.com\/pl\/product\/haruharu-wonder-wonder-black-rice-hyaluronic-toner-300-ml-nawilzajacy-tonik-do-twarzy\/"]}]},{"@type":"BreadcrumbList","@id":"https:\/\/admincentral.selleetools.com\/pl\/product\/haruharu-wonder-wonder-black-rice-hyaluronic-toner-300-ml-nawilzajacy-tonik-do-twarzy\/#breadcrumb","itemListElement":[{"@type":"ListItem","position":1,"name":"Home","item":"https:\/\/selleetools.com\/pl\/"},{"@type":"ListItem","position":2,"name":"Katalog","item":"https:\/\/selleetools.com\/pl\/katalog\/"},{"@type":"ListItem","position":3,"name":"Haruharu Wonder WONDER Black Rice Hyaluronic Toner 300 ml &#8211; nawil\u017caj\u0105cy tonik do twarzy"}]}]}},"_links":{"self":[{"href":"https:\/\/admincentral.selleetools.com\/pl\/wp-json\/wp\/v2\/product\/607548"}],"collection":[{"href":"https:\/\/admincentral.selleetools.com\/pl\/wp-json\/wp\/v2\/product"}],"about":[{"href":"https:\/\/admincentral.selleetools.com\/pl\/wp-json\/wp\/v2\/types\/product"}],"replies":[{"embeddable":true,"href":"https:\/\/admincentral.selleetools.com\/pl\/wp-json\/wp\/v2\/comments?post=607548"}],"wp:featuredmedia":[{"embeddable":true,"href":"https:\/\/admincentral.selleetools.com\/pl\/wp-json\/wp\/v2\/media\/607546"}],"wp:attachment":[{"href":"https:\/\/admincentral.selleetools.com\/pl\/wp-json\/wp\/v2\/media?parent=607548"}],"curies":[{"name":"wp","href":"https:\/\/api.w.org\/{rel}","templated":true}]}}