{"id":607551,"date":"2025-10-24T14:05:58","date_gmt":"2025-10-24T12:05:58","guid":{"rendered":"https:\/\/selleetools.com\/?post_type=product&#038;p=607551"},"modified":"2025-11-03T17:05:41","modified_gmt":"2025-11-03T16:05:41","slug":"tirtir-mask-fit-all-cover-cushion-17c-porcelain-18-g-podklad-w-formie-cushion","status":"publish","type":"product","link":"https:\/\/admincentral.selleetools.com\/pl\/product\/tirtir-mask-fit-all-cover-cushion-17c-porcelain-18-g-podklad-w-formie-cushion\/","title":{"rendered":"TIRTIR Mask Fit All Cover Cushion 17C Porcelain 18 g &#8211; Podk\u0142ad w formie cushion"},"content":{"rendered":"<p>Kryj\u0105cy podk\u0142ad w formie cushion, kt\u00f3ry \u0142\u0105czy w sobie doskona\u0142e krycie, trwa\u0142o\u015b\u0107 i piel\u0119gnuj\u0105ce w\u0142a\u015bciwo\u015bci. Odcie\u0144 17C Porcelain to bardzo jasny kolor z ch\u0142odnym, r\u00f3\u017cowym podtonem, idealny dla jasnej cery z delikatnym zar\u00f3\u017cowieniem. Formu\u0142a cushionu zosta\u0142a opracowana tak, aby idealnie przylega\u0107 do sk\u00f3ry niczym druga sk\u00f3ra, bez efektu ci\u0119\u017cko\u015bci czy rolowania si\u0119 w ci\u0105gu dnia. Zapewnia aksamitne wyko\u0144czenie, kt\u00f3re utrzymuje si\u0119 nawet pod maseczk\u0105 \u2013 bez smug i \u015bcierania.<\/p>\n<p>Korzy\u015bci ze stosowania:<br \/>\nWysokie krycie \u2013 skutecznie maskuje niedoskona\u0142o\u015bci, zaczerwienienia i przebarwienia<br \/>\nLekka, oddychaj\u0105ca formu\u0142a \u2013 bez efektu maski, komfortowa nawet przy d\u0142ugim noszeniu<br \/>\nD\u0142ugotrwa\u0142y efekt \u2013 odporna na pot, sebum i \u015bcieranie<br \/>\nEfekt blur \u2013 wyg\u0142adza struktur\u0119 sk\u00f3ry, zmniejszaj\u0105c widoczno\u015b\u0107 por\u00f3w<br \/>\nNawil\u017cenie i ukojenie \u2013 dzi\u0119ki sk\u0142adnikom takim jak Pancratium Maritimum Extract, Gliceryna czy ekstrakt z r\u00f3\u017cy japo\u0144skiej<br \/>\nDzia\u0142anie ochronne \u2013 zawiera antyoksydanty (witamina E, ekstrakty ro\u015blinne) wspomagaj\u0105ce ochron\u0119 przed szkodliwymi czynnikami zewn\u0119trznymi<\/p>\n<p>Spos\u00f3b u\u017cycia:<br \/>\nZa pomoc\u0105 do\u0142\u0105czonego aplikatora delikatnie naci\u015bnij g\u0105bk\u0119, aby nabra\u0107 odpowiedni\u0105 ilo\u015b\u0107 produktu.<br \/>\nWklepuj podk\u0142ad r\u00f3wnomiernie w sk\u00f3r\u0119 twarzy \u2013 zaczynaj\u0105c od \u015brodka, kieruj\u0105c si\u0119 ku zewn\u0119trznym partiom.<br \/>\nDla wi\u0119kszego krycia, dodaj kolejn\u0105 warstw\u0119.<br \/>\nIdealny do szybkich poprawek w ci\u0105gu dnia.<\/p>\n","protected":false},"excerpt":{"rendered":"<p>Kryj\u0105cy podk\u0142ad w formie cushion, kt\u00f3ry \u0142\u0105czy w sobie doskona\u0142e krycie, trwa\u0142o\u015b\u0107 i piel\u0119gnuj\u0105ce w\u0142a\u015bciwo\u015bci. Odcie\u0144 17C Porcelain to bardzo jasny kolor z ch\u0142odnym, r\u00f3\u017cowym podtonem, idealny dla jasnej cery z delikatnym zar\u00f3\u017cowieniem. Formu\u0142a cushionu zosta\u0142a opracowana tak, aby idealnie przylega\u0107 do sk\u00f3ry niczym druga sk\u00f3ra, bez efektu ci\u0119\u017cko\u015bci czy rolowania si\u0119 w ci\u0105gu dnia. &#8230; <a title=\"TIRTIR Mask Fit All Cover Cushion 17C Porcelain 18 g &#8211; Podk\u0142ad w formie cushion\" class=\"read-more\" href=\"https:\/\/admincentral.selleetools.com\/pl\/product\/tirtir-mask-fit-all-cover-cushion-17c-porcelain-18-g-podklad-w-formie-cushion\/\">Read more<span class=\"screen-reader-text\">TIRTIR Mask Fit All Cover Cushion 17C Porcelain 18 g &#8211; Podk\u0142ad w formie cushion<\/span><\/a><\/p>\n","protected":false},"featured_media":607549,"comment_status":"open","ping_status":"closed","template":"","meta":{"_links_to":"","_links_to_target":""},"yoast_head":"<!-- This site is optimized with the Yoast SEO plugin v19.4 - https:\/\/yoast.com\/wordpress\/plugins\/seo\/ -->\n<title>TIRTIR Mask Fit All Cover Cushion 17C Porcelain 18 g - Podk\u0142ad w formie cushion - Selleetools.com<\/title>\n<meta name=\"robots\" content=\"index, follow, max-snippet:-1, max-image-preview:large, max-video-preview:-1\" \/>\n<link rel=\"canonical\" href=\"https:\/\/admincentral.selleetools.com\/pl\/product\/tirtir-mask-fit-all-cover-cushion-17c-porcelain-18-g-podklad-w-formie-cushion\/\" \/>\n<meta property=\"og:locale\" content=\"pl_PL\" \/>\n<meta property=\"og:type\" content=\"article\" \/>\n<meta property=\"og:title\" content=\"TIRTIR Mask Fit All Cover Cushion 17C Porcelain 18 g - Podk\u0142ad w formie cushion - Selleetools.com\" \/>\n<meta property=\"og:description\" content=\"Kryj\u0105cy podk\u0142ad w formie cushion, kt\u00f3ry \u0142\u0105czy w sobie doskona\u0142e krycie, trwa\u0142o\u015b\u0107 i piel\u0119gnuj\u0105ce w\u0142a\u015bciwo\u015bci. Odcie\u0144 17C Porcelain to bardzo jasny kolor z ch\u0142odnym, r\u00f3\u017cowym podtonem, idealny dla jasnej cery z delikatnym zar\u00f3\u017cowieniem. Formu\u0142a cushionu zosta\u0142a opracowana tak, aby idealnie przylega\u0107 do sk\u00f3ry niczym druga sk\u00f3ra, bez efektu ci\u0119\u017cko\u015bci czy rolowania si\u0119 w ci\u0105gu dnia. ... Read moreTIRTIR Mask Fit All Cover Cushion 17C Porcelain 18 g &#8211; Podk\u0142ad w formie cushion\" \/>\n<meta property=\"og:url\" content=\"https:\/\/admincentral.selleetools.com\/pl\/product\/tirtir-mask-fit-all-cover-cushion-17c-porcelain-18-g-podklad-w-formie-cushion\/\" \/>\n<meta property=\"og:site_name\" content=\"Selleetools.com\" \/>\n<meta property=\"article:modified_time\" content=\"2025-11-03T16:05:41+00:00\" \/>\n<meta property=\"og:image\" content=\"https:\/\/selleetools.com\/wp-content\/uploads\/2025\/10\/9b23b95e759a3616b33541eff39d8e6f.jpg\" \/>\n\t<meta property=\"og:image:width\" content=\"1000\" \/>\n\t<meta property=\"og:image:height\" content=\"1000\" \/>\n\t<meta property=\"og:image:type\" content=\"image\/jpeg\" \/>\n<meta name=\"twitter:card\" content=\"summary_large_image\" \/>\n<meta name=\"twitter:label1\" content=\"Est. reading time\" \/>\n\t<meta name=\"twitter:data1\" content=\"1 minuta\" \/>\n<!-- \/ Yoast SEO plugin. -->","yoast_head_json":{"title":"TIRTIR Mask Fit All Cover Cushion 17C Porcelain 18 g - Podk\u0142ad w formie cushion - Selleetools.com","robots":{"index":"index","follow":"follow","max-snippet":"max-snippet:-1","max-image-preview":"max-image-preview:large","max-video-preview":"max-video-preview:-1"},"canonical":"https:\/\/admincentral.selleetools.com\/pl\/product\/tirtir-mask-fit-all-cover-cushion-17c-porcelain-18-g-podklad-w-formie-cushion\/","og_locale":"pl_PL","og_type":"article","og_title":"TIRTIR Mask Fit All Cover Cushion 17C Porcelain 18 g - Podk\u0142ad w formie cushion - Selleetools.com","og_description":"Kryj\u0105cy podk\u0142ad w formie cushion, kt\u00f3ry \u0142\u0105czy w sobie doskona\u0142e krycie, trwa\u0142o\u015b\u0107 i piel\u0119gnuj\u0105ce w\u0142a\u015bciwo\u015bci. Odcie\u0144 17C Porcelain to bardzo jasny kolor z ch\u0142odnym, r\u00f3\u017cowym podtonem, idealny dla jasnej cery z delikatnym zar\u00f3\u017cowieniem. Formu\u0142a cushionu zosta\u0142a opracowana tak, aby idealnie przylega\u0107 do sk\u00f3ry niczym druga sk\u00f3ra, bez efektu ci\u0119\u017cko\u015bci czy rolowania si\u0119 w ci\u0105gu dnia. ... Read moreTIRTIR Mask Fit All Cover Cushion 17C Porcelain 18 g &#8211; Podk\u0142ad w formie cushion","og_url":"https:\/\/admincentral.selleetools.com\/pl\/product\/tirtir-mask-fit-all-cover-cushion-17c-porcelain-18-g-podklad-w-formie-cushion\/","og_site_name":"Selleetools.com","article_modified_time":"2025-11-03T16:05:41+00:00","og_image":[{"width":1000,"height":1000,"url":"https:\/\/selleetools.com\/wp-content\/uploads\/2025\/10\/9b23b95e759a3616b33541eff39d8e6f.jpg","type":"image\/jpeg"}],"twitter_card":"summary_large_image","twitter_misc":{"Est. reading time":"1 minuta"},"schema":{"@context":"https:\/\/schema.org","@graph":[{"@type":"Organization","@id":"https:\/\/selleetools.com\/#organization","name":"Selleetools","url":"https:\/\/selleetools.com\/","sameAs":[],"logo":{"@type":"ImageObject","inLanguage":"pl-PL","@id":"https:\/\/selleetools.com\/#\/schema\/logo\/image\/","url":"https:\/\/selleetools.com\/wp-content\/uploads\/2021\/10\/logo-dark.png","contentUrl":"https:\/\/selleetools.com\/wp-content\/uploads\/2021\/10\/logo-dark.png","width":320,"height":76,"caption":"Selleetools"},"image":{"@id":"https:\/\/selleetools.com\/#\/schema\/logo\/image\/"}},{"@type":"WebSite","@id":"https:\/\/selleetools.com\/#website","url":"https:\/\/selleetools.com\/","name":"Selleetools.com","description":"","publisher":{"@id":"https:\/\/selleetools.com\/#organization"},"potentialAction":[{"@type":"SearchAction","target":{"@type":"EntryPoint","urlTemplate":"https:\/\/selleetools.com\/?s={search_term_string}"},"query-input":"required name=search_term_string"}],"inLanguage":"pl-PL"},{"@type":"WebPage","@id":"https:\/\/admincentral.selleetools.com\/pl\/product\/tirtir-mask-fit-all-cover-cushion-17c-porcelain-18-g-podklad-w-formie-cushion\/","url":"https:\/\/admincentral.selleetools.com\/pl\/product\/tirtir-mask-fit-all-cover-cushion-17c-porcelain-18-g-podklad-w-formie-cushion\/","name":"TIRTIR Mask Fit All Cover Cushion 17C Porcelain 18 g - Podk\u0142ad w formie cushion - Selleetools.com","isPartOf":{"@id":"https:\/\/selleetools.com\/#website"},"datePublished":"2025-10-24T12:05:58+00:00","dateModified":"2025-11-03T16:05:41+00:00","breadcrumb":{"@id":"https:\/\/admincentral.selleetools.com\/pl\/product\/tirtir-mask-fit-all-cover-cushion-17c-porcelain-18-g-podklad-w-formie-cushion\/#breadcrumb"},"inLanguage":"pl-PL","potentialAction":[{"@type":"ReadAction","target":["https:\/\/admincentral.selleetools.com\/pl\/product\/tirtir-mask-fit-all-cover-cushion-17c-porcelain-18-g-podklad-w-formie-cushion\/"]}]},{"@type":"BreadcrumbList","@id":"https:\/\/admincentral.selleetools.com\/pl\/product\/tirtir-mask-fit-all-cover-cushion-17c-porcelain-18-g-podklad-w-formie-cushion\/#breadcrumb","itemListElement":[{"@type":"ListItem","position":1,"name":"Home","item":"https:\/\/selleetools.com\/pl\/"},{"@type":"ListItem","position":2,"name":"Katalog","item":"https:\/\/selleetools.com\/pl\/katalog\/"},{"@type":"ListItem","position":3,"name":"TIRTIR Mask Fit All Cover Cushion 17C Porcelain 18 g &#8211; Podk\u0142ad w formie cushion"}]}]}},"_links":{"self":[{"href":"https:\/\/admincentral.selleetools.com\/pl\/wp-json\/wp\/v2\/product\/607551"}],"collection":[{"href":"https:\/\/admincentral.selleetools.com\/pl\/wp-json\/wp\/v2\/product"}],"about":[{"href":"https:\/\/admincentral.selleetools.com\/pl\/wp-json\/wp\/v2\/types\/product"}],"replies":[{"embeddable":true,"href":"https:\/\/admincentral.selleetools.com\/pl\/wp-json\/wp\/v2\/comments?post=607551"}],"wp:featuredmedia":[{"embeddable":true,"href":"https:\/\/admincentral.selleetools.com\/pl\/wp-json\/wp\/v2\/media\/607549"}],"wp:attachment":[{"href":"https:\/\/admincentral.selleetools.com\/pl\/wp-json\/wp\/v2\/media?parent=607551"}],"curies":[{"name":"wp","href":"https:\/\/api.w.org\/{rel}","templated":true}]}}