{"id":607554,"date":"2025-10-24T14:06:00","date_gmt":"2025-10-24T12:06:00","guid":{"rendered":"https:\/\/selleetools.com\/?post_type=product&#038;p=607554"},"modified":"2025-11-03T17:05:40","modified_gmt":"2025-11-03T16:05:40","slug":"tirtir-mask-fit-all-cover-cushion-17w-vanilla-18-g-podklad-w-formie-cushion","status":"publish","type":"product","link":"https:\/\/admincentral.selleetools.com\/pl\/product\/tirtir-mask-fit-all-cover-cushion-17w-vanilla-18-g-podklad-w-formie-cushion\/","title":{"rendered":"TIRTIR Mask Fit All Cover Cushion 17W Vanilla 18 g &#8211; Podk\u0142ad w formie cushion"},"content":{"rendered":"<p>TIRTIR Mask Fit All Cover Cushion 17W Vanilla to podk\u0142ad w formie cushion, kt\u00f3ry zapewnia pe\u0142ne krycie, a jednocze\u015bnie wygl\u0105da naturalnie i \u015bwie\u017co przez ca\u0142y dzie\u0144. Odcie\u0144 17W Vanilla to jasny kolor z ciep\u0142ymi, \u017c\u00f3\u0142tawymi podtonami, idealny dla os\u00f3b o jasnej karnacji. Dzi\u0119ki kremowo-fluidowej konsystencji i zaawansowanej formule, produkt doskonale stapia si\u0119 ze sk\u00f3r\u0105, tworz\u0105c efekt \u201edrugiej sk\u00f3ry\u201d bez uczucia ci\u0119\u017cko\u015bci.<\/p>\n<p>Korzy\u015bci ze stosowania:<br \/>\nPe\u0142ne, d\u0142ugotrwa\u0142e krycie \u2013 maskuje zaczerwienienia, niedoskona\u0142o\u015bci, przebarwienia i rozszerzone pory<br \/>\nNaturalne wyko\u0144czenie \u2013 bez efektu maski, z lekkim satynowym blaskiem<br \/>\nFormu\u0142a odporna na \u015bcieranie i pot \u2013 idealna do codziennego noszenia, nawet pod maseczk\u0105<br \/>\nPiel\u0119gnacyjne sk\u0142adniki \u2013 ekstrakty z r\u00f3\u017cy, lilii wodnej, alg i owoc\u00f3w Caesalpinia Spinosa dzia\u0142aj\u0105 nawil\u017caj\u0105co i koj\u0105co<br \/>\nWitamina E (Tocopherol) \u2013 chroni sk\u00f3r\u0119 przed wolnymi rodnikami i wzmacnia barier\u0119 ochronn\u0105<\/p>\n<p>Spos\u00f3b u\u017cycia:<br \/>\nOtw\u00f3rz opakowanie i za pomoc\u0105 puszka delikatnie doci\u015bnij g\u0105beczk\u0119 nas\u0105czon\u0105 podk\u0142adem. Wklep produkt r\u00f3wnomiernie na sk\u00f3r\u0119 twarzy, zaczynaj\u0105c od \u015brodka i rozprowadzaj\u0105c ku zewn\u0119trznym partiom. Mo\u017cesz dobudowa\u0107 krycie warstwowo. Idealny do poprawek w ci\u0105gu dnia \u2013 bez efektu warstwowo\u015bci czy \u015bcierania si\u0119 makija\u017cu.<\/p>\n","protected":false},"excerpt":{"rendered":"<p>TIRTIR Mask Fit All Cover Cushion 17W Vanilla to podk\u0142ad w formie cushion, kt\u00f3ry zapewnia pe\u0142ne krycie, a jednocze\u015bnie wygl\u0105da naturalnie i \u015bwie\u017co przez ca\u0142y dzie\u0144. Odcie\u0144 17W Vanilla to jasny kolor z ciep\u0142ymi, \u017c\u00f3\u0142tawymi podtonami, idealny dla os\u00f3b o jasnej karnacji. Dzi\u0119ki kremowo-fluidowej konsystencji i zaawansowanej formule, produkt doskonale stapia si\u0119 ze sk\u00f3r\u0105, tworz\u0105c &#8230; <a title=\"TIRTIR Mask Fit All Cover Cushion 17W Vanilla 18 g &#8211; Podk\u0142ad w formie cushion\" class=\"read-more\" href=\"https:\/\/admincentral.selleetools.com\/pl\/product\/tirtir-mask-fit-all-cover-cushion-17w-vanilla-18-g-podklad-w-formie-cushion\/\">Read more<span class=\"screen-reader-text\">TIRTIR Mask Fit All Cover Cushion 17W Vanilla 18 g &#8211; Podk\u0142ad w formie cushion<\/span><\/a><\/p>\n","protected":false},"featured_media":607552,"comment_status":"open","ping_status":"closed","template":"","meta":{"_links_to":"","_links_to_target":""},"yoast_head":"<!-- This site is optimized with the Yoast SEO plugin v19.4 - https:\/\/yoast.com\/wordpress\/plugins\/seo\/ -->\n<title>TIRTIR Mask Fit All Cover Cushion 17W Vanilla 18 g - Podk\u0142ad w formie cushion - Selleetools.com<\/title>\n<meta name=\"robots\" content=\"index, follow, max-snippet:-1, max-image-preview:large, max-video-preview:-1\" \/>\n<link rel=\"canonical\" href=\"https:\/\/selleetools.com\/pl\/product\/tirtir-mask-fit-all-cover-cushion-17w-vanilla-18-g-podklad-w-formie-cushion\/\" \/>\n<meta property=\"og:locale\" content=\"pl_PL\" \/>\n<meta property=\"og:type\" content=\"article\" \/>\n<meta property=\"og:title\" content=\"TIRTIR Mask Fit All Cover Cushion 17W Vanilla 18 g - Podk\u0142ad w formie cushion - Selleetools.com\" \/>\n<meta property=\"og:description\" content=\"TIRTIR Mask Fit All Cover Cushion 17W Vanilla to podk\u0142ad w formie cushion, kt\u00f3ry zapewnia pe\u0142ne krycie, a jednocze\u015bnie wygl\u0105da naturalnie i \u015bwie\u017co przez ca\u0142y dzie\u0144. Odcie\u0144 17W Vanilla to jasny kolor z ciep\u0142ymi, \u017c\u00f3\u0142tawymi podtonami, idealny dla os\u00f3b o jasnej karnacji. Dzi\u0119ki kremowo-fluidowej konsystencji i zaawansowanej formule, produkt doskonale stapia si\u0119 ze sk\u00f3r\u0105, tworz\u0105c ... Read moreTIRTIR Mask Fit All Cover Cushion 17W Vanilla 18 g &#8211; Podk\u0142ad w formie cushion\" \/>\n<meta property=\"og:url\" content=\"https:\/\/selleetools.com\/pl\/product\/tirtir-mask-fit-all-cover-cushion-17w-vanilla-18-g-podklad-w-formie-cushion\/\" \/>\n<meta property=\"og:site_name\" content=\"Selleetools.com\" \/>\n<meta property=\"article:modified_time\" content=\"2025-11-03T16:05:40+00:00\" \/>\n<meta property=\"og:image\" content=\"https:\/\/selleetools.com\/wp-content\/uploads\/2025\/10\/1f8a18d5f3a743bf52972ee2cf353d5e.jpg\" \/>\n\t<meta property=\"og:image:width\" content=\"1000\" \/>\n\t<meta property=\"og:image:height\" content=\"1000\" \/>\n\t<meta property=\"og:image:type\" content=\"image\/jpeg\" \/>\n<meta name=\"twitter:card\" content=\"summary_large_image\" \/>\n<meta name=\"twitter:label1\" content=\"Est. reading time\" \/>\n\t<meta name=\"twitter:data1\" content=\"1 minuta\" \/>\n<!-- \/ Yoast SEO plugin. -->","yoast_head_json":{"title":"TIRTIR Mask Fit All Cover Cushion 17W Vanilla 18 g - Podk\u0142ad w formie cushion - Selleetools.com","robots":{"index":"index","follow":"follow","max-snippet":"max-snippet:-1","max-image-preview":"max-image-preview:large","max-video-preview":"max-video-preview:-1"},"canonical":"https:\/\/selleetools.com\/pl\/product\/tirtir-mask-fit-all-cover-cushion-17w-vanilla-18-g-podklad-w-formie-cushion\/","og_locale":"pl_PL","og_type":"article","og_title":"TIRTIR Mask Fit All Cover Cushion 17W Vanilla 18 g - Podk\u0142ad w formie cushion - Selleetools.com","og_description":"TIRTIR Mask Fit All Cover Cushion 17W Vanilla to podk\u0142ad w formie cushion, kt\u00f3ry zapewnia pe\u0142ne krycie, a jednocze\u015bnie wygl\u0105da naturalnie i \u015bwie\u017co przez ca\u0142y dzie\u0144. Odcie\u0144 17W Vanilla to jasny kolor z ciep\u0142ymi, \u017c\u00f3\u0142tawymi podtonami, idealny dla os\u00f3b o jasnej karnacji. Dzi\u0119ki kremowo-fluidowej konsystencji i zaawansowanej formule, produkt doskonale stapia si\u0119 ze sk\u00f3r\u0105, tworz\u0105c ... Read moreTIRTIR Mask Fit All Cover Cushion 17W Vanilla 18 g &#8211; Podk\u0142ad w formie cushion","og_url":"https:\/\/selleetools.com\/pl\/product\/tirtir-mask-fit-all-cover-cushion-17w-vanilla-18-g-podklad-w-formie-cushion\/","og_site_name":"Selleetools.com","article_modified_time":"2025-11-03T16:05:40+00:00","og_image":[{"width":1000,"height":1000,"url":"https:\/\/selleetools.com\/wp-content\/uploads\/2025\/10\/1f8a18d5f3a743bf52972ee2cf353d5e.jpg","type":"image\/jpeg"}],"twitter_card":"summary_large_image","twitter_misc":{"Est. reading time":"1 minuta"},"schema":{"@context":"https:\/\/schema.org","@graph":[{"@type":"Organization","@id":"https:\/\/selleetools.com\/#organization","name":"Selleetools","url":"https:\/\/selleetools.com\/","sameAs":[],"logo":{"@type":"ImageObject","inLanguage":"pl-PL","@id":"https:\/\/selleetools.com\/#\/schema\/logo\/image\/","url":"https:\/\/selleetools.com\/wp-content\/uploads\/2021\/10\/logo-dark.png","contentUrl":"https:\/\/selleetools.com\/wp-content\/uploads\/2021\/10\/logo-dark.png","width":320,"height":76,"caption":"Selleetools"},"image":{"@id":"https:\/\/selleetools.com\/#\/schema\/logo\/image\/"}},{"@type":"WebSite","@id":"https:\/\/selleetools.com\/#website","url":"https:\/\/selleetools.com\/","name":"Selleetools.com","description":"","publisher":{"@id":"https:\/\/selleetools.com\/#organization"},"potentialAction":[{"@type":"SearchAction","target":{"@type":"EntryPoint","urlTemplate":"https:\/\/selleetools.com\/?s={search_term_string}"},"query-input":"required name=search_term_string"}],"inLanguage":"pl-PL"},{"@type":"WebPage","@id":"https:\/\/selleetools.com\/pl\/product\/tirtir-mask-fit-all-cover-cushion-17w-vanilla-18-g-podklad-w-formie-cushion\/","url":"https:\/\/selleetools.com\/pl\/product\/tirtir-mask-fit-all-cover-cushion-17w-vanilla-18-g-podklad-w-formie-cushion\/","name":"TIRTIR Mask Fit All Cover Cushion 17W Vanilla 18 g - Podk\u0142ad w formie cushion - Selleetools.com","isPartOf":{"@id":"https:\/\/selleetools.com\/#website"},"datePublished":"2025-10-24T12:06:00+00:00","dateModified":"2025-11-03T16:05:40+00:00","breadcrumb":{"@id":"https:\/\/selleetools.com\/pl\/product\/tirtir-mask-fit-all-cover-cushion-17w-vanilla-18-g-podklad-w-formie-cushion\/#breadcrumb"},"inLanguage":"pl-PL","potentialAction":[{"@type":"ReadAction","target":["https:\/\/selleetools.com\/pl\/product\/tirtir-mask-fit-all-cover-cushion-17w-vanilla-18-g-podklad-w-formie-cushion\/"]}]},{"@type":"BreadcrumbList","@id":"https:\/\/selleetools.com\/pl\/product\/tirtir-mask-fit-all-cover-cushion-17w-vanilla-18-g-podklad-w-formie-cushion\/#breadcrumb","itemListElement":[{"@type":"ListItem","position":1,"name":"Home","item":"https:\/\/selleetools.com\/pl\/"},{"@type":"ListItem","position":2,"name":"Katalog","item":"https:\/\/selleetools.com\/pl\/katalog\/"},{"@type":"ListItem","position":3,"name":"TIRTIR Mask Fit All Cover Cushion 17W Vanilla 18 g &#8211; Podk\u0142ad w formie cushion"}]}]}},"_links":{"self":[{"href":"https:\/\/admincentral.selleetools.com\/pl\/wp-json\/wp\/v2\/product\/607554"}],"collection":[{"href":"https:\/\/admincentral.selleetools.com\/pl\/wp-json\/wp\/v2\/product"}],"about":[{"href":"https:\/\/admincentral.selleetools.com\/pl\/wp-json\/wp\/v2\/types\/product"}],"replies":[{"embeddable":true,"href":"https:\/\/admincentral.selleetools.com\/pl\/wp-json\/wp\/v2\/comments?post=607554"}],"wp:featuredmedia":[{"embeddable":true,"href":"https:\/\/admincentral.selleetools.com\/pl\/wp-json\/wp\/v2\/media\/607552"}],"wp:attachment":[{"href":"https:\/\/admincentral.selleetools.com\/pl\/wp-json\/wp\/v2\/media?parent=607554"}],"curies":[{"name":"wp","href":"https:\/\/api.w.org\/{rel}","templated":true}]}}