{"id":607557,"date":"2025-10-24T14:06:03","date_gmt":"2025-10-24T12:06:03","guid":{"rendered":"https:\/\/selleetools.com\/?post_type=product&#038;p=607557"},"modified":"2025-11-04T21:12:56","modified_gmt":"2025-11-04T20:12:56","slug":"vt-cosmetics-reedle-shot-300-50-ml-booster-do-twarzy-z-kolagenem","status":"publish","type":"product","link":"https:\/\/admincentral.selleetools.com\/pl\/product\/vt-cosmetics-reedle-shot-300-50-ml-booster-do-twarzy-z-kolagenem\/","title":{"rendered":"VT Cosmetics Reedle Shot 300 50 ml &#8211; booster do twarzy z kolagenem"},"content":{"rendered":"<p>VT Cosmetics Reedle Shot 300 to innowacyjny booster do twarzy, kt\u00f3ry dzi\u0119ki zawarto\u015bci mikrokolagenu i ekstrakt\u00f3w Centella Asiatica dzia\u0142a jak mikronak\u0142ucia bez igie\u0142! Formu\u0142a zawiera Reedle\u2122 \u2013 opatentowan\u0105 technologi\u0119 mikroskopijnych igie\u0142ek z naturalnego krzemu, kt\u00f3re delikatnie stymuluj\u0105 sk\u00f3r\u0119, wspieraj\u0105c regeneracj\u0119, uj\u0119drnienie i skuteczne wch\u0142anianie sk\u0142adnik\u00f3w aktywnych.<\/p>\n<p>Korzy\u015bci ze stosowania:<br \/>\nWyg\u0142adzenie struktury sk\u00f3ry \u2013 mikronak\u0142ucia wspomagaj\u0105 naturalne z\u0142uszczanie i odnawianie nask\u00f3rka<br \/>\nUj\u0119drnienie i napi\u0119cie \u2013 dzi\u0119ki zawarto\u015bci kolagenu, mlecznych protein i niacynamidu<br \/>\nNawil\u017cenie i od\u017cywienie \u2013 kwas hialuronowy, olej makadamia i gliceryna zapewniaj\u0105 g\u0142\u0119bokie nawil\u017cenie<br \/>\nDzia\u0142anie koj\u0105ce \u2013 kompleks Cica (Madecassoside, Asiaticoside, Asiatic Acid) \u0142agodzi podra\u017cnienia i wspiera barier\u0119 ochronn\u0105 sk\u00f3ry<br \/>\nRoz\u015bwietlenie i ujednolicenie kolorytu \u2013 dzi\u0119ki niacynamidowi i propolisowi<\/p>\n<p>Dla kogo?<br \/>\nProdukt idealny dla os\u00f3b ze zm\u0119czon\u0105, pozbawion\u0105 blasku sk\u00f3r\u0105, pierwszymi oznakami starzenia lub nier\u00f3wn\u0105 tekstur\u0105 cery. Sprawdzi si\u0119 zar\u00f3wno dla cery suchej, mieszanej, jak i dojrza\u0142ej.<\/p>\n<p>Spos\u00f3b u\u017cycia:<br \/>\nPo oczyszczeniu sk\u00f3ry na\u0142\u00f3\u017c odpowiedni\u0105 ilo\u015b\u0107 produktu bezpo\u015brednio na twarz. Delikatnie wklep w sk\u00f3r\u0119 a\u017c do wch\u0142oni\u0119cia. Stosowa\u0107 w pierwszym kroku piel\u0119gnacji sk\u00f3ry co 3 dni.<\/p>\n","protected":false},"excerpt":{"rendered":"<p>VT Cosmetics Reedle Shot 300 to innowacyjny booster do twarzy, kt\u00f3ry dzi\u0119ki zawarto\u015bci mikrokolagenu i ekstrakt\u00f3w Centella Asiatica dzia\u0142a jak mikronak\u0142ucia bez igie\u0142! Formu\u0142a zawiera Reedle\u2122 \u2013 opatentowan\u0105 technologi\u0119 mikroskopijnych igie\u0142ek z naturalnego krzemu, kt\u00f3re delikatnie stymuluj\u0105 sk\u00f3r\u0119, wspieraj\u0105c regeneracj\u0119, uj\u0119drnienie i skuteczne wch\u0142anianie sk\u0142adnik\u00f3w aktywnych. Korzy\u015bci ze stosowania: Wyg\u0142adzenie struktury sk\u00f3ry \u2013 mikronak\u0142ucia wspomagaj\u0105 &#8230; <a title=\"VT Cosmetics Reedle Shot 300 50 ml &#8211; booster do twarzy z kolagenem\" class=\"read-more\" href=\"https:\/\/admincentral.selleetools.com\/pl\/product\/vt-cosmetics-reedle-shot-300-50-ml-booster-do-twarzy-z-kolagenem\/\">Read more<span class=\"screen-reader-text\">VT Cosmetics Reedle Shot 300 50 ml &#8211; booster do twarzy z kolagenem<\/span><\/a><\/p>\n","protected":false},"featured_media":607555,"comment_status":"open","ping_status":"closed","template":"","meta":{"_links_to":"","_links_to_target":""},"yoast_head":"<!-- This site is optimized with the Yoast SEO plugin v19.4 - https:\/\/yoast.com\/wordpress\/plugins\/seo\/ -->\n<title>VT Cosmetics Reedle Shot 300 50 ml - booster do twarzy z kolagenem - Selleetools.com<\/title>\n<meta name=\"robots\" content=\"index, follow, max-snippet:-1, max-image-preview:large, max-video-preview:-1\" \/>\n<link rel=\"canonical\" href=\"https:\/\/admincentral.selleetools.com\/product\/vt-cosmetics-reedle-shot-300-50-ml-booster-do-twarzy-z-kolagenem\/\" \/>\n<meta property=\"og:locale\" content=\"pl_PL\" \/>\n<meta property=\"og:type\" content=\"article\" \/>\n<meta property=\"og:title\" content=\"VT Cosmetics Reedle Shot 300 50 ml - booster do twarzy z kolagenem - Selleetools.com\" \/>\n<meta property=\"og:description\" content=\"VT Cosmetics Reedle Shot 300 to innowacyjny booster do twarzy, kt\u00f3ry dzi\u0119ki zawarto\u015bci mikrokolagenu i ekstrakt\u00f3w Centella Asiatica dzia\u0142a jak mikronak\u0142ucia bez igie\u0142! Formu\u0142a zawiera Reedle\u2122 \u2013 opatentowan\u0105 technologi\u0119 mikroskopijnych igie\u0142ek z naturalnego krzemu, kt\u00f3re delikatnie stymuluj\u0105 sk\u00f3r\u0119, wspieraj\u0105c regeneracj\u0119, uj\u0119drnienie i skuteczne wch\u0142anianie sk\u0142adnik\u00f3w aktywnych. Korzy\u015bci ze stosowania: Wyg\u0142adzenie struktury sk\u00f3ry \u2013 mikronak\u0142ucia wspomagaj\u0105 ... Read moreVT Cosmetics Reedle Shot 300 50 ml &#8211; booster do twarzy z kolagenem\" \/>\n<meta property=\"og:url\" content=\"https:\/\/admincentral.selleetools.com\/product\/vt-cosmetics-reedle-shot-300-50-ml-booster-do-twarzy-z-kolagenem\/\" \/>\n<meta property=\"og:site_name\" content=\"Selleetools.com\" \/>\n<meta property=\"article:modified_time\" content=\"2025-11-04T20:12:56+00:00\" \/>\n<meta property=\"og:image\" content=\"https:\/\/selleetools.com\/wp-content\/uploads\/2025\/10\/a0db3e6c92b419b3f59715f6c2a282b4.jpg\" \/>\n\t<meta property=\"og:image:width\" content=\"1000\" \/>\n\t<meta property=\"og:image:height\" content=\"1000\" \/>\n\t<meta property=\"og:image:type\" content=\"image\/jpeg\" \/>\n<meta name=\"twitter:card\" content=\"summary_large_image\" \/>\n<meta name=\"twitter:label1\" content=\"Est. reading time\" \/>\n\t<meta name=\"twitter:data1\" content=\"1 minuta\" \/>\n<!-- \/ Yoast SEO plugin. -->","yoast_head_json":{"title":"VT Cosmetics Reedle Shot 300 50 ml - booster do twarzy z kolagenem - Selleetools.com","robots":{"index":"index","follow":"follow","max-snippet":"max-snippet:-1","max-image-preview":"max-image-preview:large","max-video-preview":"max-video-preview:-1"},"canonical":"https:\/\/admincentral.selleetools.com\/product\/vt-cosmetics-reedle-shot-300-50-ml-booster-do-twarzy-z-kolagenem\/","og_locale":"pl_PL","og_type":"article","og_title":"VT Cosmetics Reedle Shot 300 50 ml - booster do twarzy z kolagenem - Selleetools.com","og_description":"VT Cosmetics Reedle Shot 300 to innowacyjny booster do twarzy, kt\u00f3ry dzi\u0119ki zawarto\u015bci mikrokolagenu i ekstrakt\u00f3w Centella Asiatica dzia\u0142a jak mikronak\u0142ucia bez igie\u0142! Formu\u0142a zawiera Reedle\u2122 \u2013 opatentowan\u0105 technologi\u0119 mikroskopijnych igie\u0142ek z naturalnego krzemu, kt\u00f3re delikatnie stymuluj\u0105 sk\u00f3r\u0119, wspieraj\u0105c regeneracj\u0119, uj\u0119drnienie i skuteczne wch\u0142anianie sk\u0142adnik\u00f3w aktywnych. Korzy\u015bci ze stosowania: Wyg\u0142adzenie struktury sk\u00f3ry \u2013 mikronak\u0142ucia wspomagaj\u0105 ... Read moreVT Cosmetics Reedle Shot 300 50 ml &#8211; booster do twarzy z kolagenem","og_url":"https:\/\/admincentral.selleetools.com\/product\/vt-cosmetics-reedle-shot-300-50-ml-booster-do-twarzy-z-kolagenem\/","og_site_name":"Selleetools.com","article_modified_time":"2025-11-04T20:12:56+00:00","og_image":[{"width":1000,"height":1000,"url":"https:\/\/selleetools.com\/wp-content\/uploads\/2025\/10\/a0db3e6c92b419b3f59715f6c2a282b4.jpg","type":"image\/jpeg"}],"twitter_card":"summary_large_image","twitter_misc":{"Est. reading time":"1 minuta"},"schema":{"@context":"https:\/\/schema.org","@graph":[{"@type":"Organization","@id":"https:\/\/selleetools.com\/#organization","name":"Selleetools","url":"https:\/\/selleetools.com\/","sameAs":[],"logo":{"@type":"ImageObject","inLanguage":"pl-PL","@id":"https:\/\/selleetools.com\/#\/schema\/logo\/image\/","url":"https:\/\/selleetools.com\/wp-content\/uploads\/2021\/10\/logo-dark.png","contentUrl":"https:\/\/selleetools.com\/wp-content\/uploads\/2021\/10\/logo-dark.png","width":320,"height":76,"caption":"Selleetools"},"image":{"@id":"https:\/\/selleetools.com\/#\/schema\/logo\/image\/"}},{"@type":"WebSite","@id":"https:\/\/selleetools.com\/#website","url":"https:\/\/selleetools.com\/","name":"Selleetools.com","description":"","publisher":{"@id":"https:\/\/selleetools.com\/#organization"},"potentialAction":[{"@type":"SearchAction","target":{"@type":"EntryPoint","urlTemplate":"https:\/\/selleetools.com\/?s={search_term_string}"},"query-input":"required name=search_term_string"}],"inLanguage":"pl-PL"},{"@type":"WebPage","@id":"https:\/\/admincentral.selleetools.com\/product\/vt-cosmetics-reedle-shot-300-50-ml-booster-do-twarzy-z-kolagenem\/","url":"https:\/\/admincentral.selleetools.com\/product\/vt-cosmetics-reedle-shot-300-50-ml-booster-do-twarzy-z-kolagenem\/","name":"VT Cosmetics Reedle Shot 300 50 ml - booster do twarzy z kolagenem - Selleetools.com","isPartOf":{"@id":"https:\/\/selleetools.com\/#website"},"datePublished":"2025-10-24T12:06:03+00:00","dateModified":"2025-11-04T20:12:56+00:00","breadcrumb":{"@id":"https:\/\/admincentral.selleetools.com\/product\/vt-cosmetics-reedle-shot-300-50-ml-booster-do-twarzy-z-kolagenem\/#breadcrumb"},"inLanguage":"pl-PL","potentialAction":[{"@type":"ReadAction","target":["https:\/\/admincentral.selleetools.com\/product\/vt-cosmetics-reedle-shot-300-50-ml-booster-do-twarzy-z-kolagenem\/"]}]},{"@type":"BreadcrumbList","@id":"https:\/\/admincentral.selleetools.com\/product\/vt-cosmetics-reedle-shot-300-50-ml-booster-do-twarzy-z-kolagenem\/#breadcrumb","itemListElement":[{"@type":"ListItem","position":1,"name":"Home","item":"https:\/\/selleetools.com\/pl\/"},{"@type":"ListItem","position":2,"name":"Katalog","item":"https:\/\/selleetools.com\/pl\/katalog\/"},{"@type":"ListItem","position":3,"name":"VT Cosmetics Reedle Shot 300 50 ml &#8211; booster do twarzy z kolagenem"}]}]}},"_links":{"self":[{"href":"https:\/\/admincentral.selleetools.com\/pl\/wp-json\/wp\/v2\/product\/607557"}],"collection":[{"href":"https:\/\/admincentral.selleetools.com\/pl\/wp-json\/wp\/v2\/product"}],"about":[{"href":"https:\/\/admincentral.selleetools.com\/pl\/wp-json\/wp\/v2\/types\/product"}],"replies":[{"embeddable":true,"href":"https:\/\/admincentral.selleetools.com\/pl\/wp-json\/wp\/v2\/comments?post=607557"}],"wp:featuredmedia":[{"embeddable":true,"href":"https:\/\/admincentral.selleetools.com\/pl\/wp-json\/wp\/v2\/media\/607555"}],"wp:attachment":[{"href":"https:\/\/admincentral.selleetools.com\/pl\/wp-json\/wp\/v2\/media?parent=607557"}],"curies":[{"name":"wp","href":"https:\/\/api.w.org\/{rel}","templated":true}]}}