{"id":607584,"date":"2025-10-24T14:06:26","date_gmt":"2025-10-24T12:06:26","guid":{"rendered":"https:\/\/selleetools.com\/?post_type=product&#038;p=607584"},"modified":"2026-02-25T19:12:26","modified_gmt":"2026-02-25T18:12:26","slug":"abib-heartleaf-camling-trial-kit-foam-30-ml-toner-30-ml-serum-15-ml-creme-20-ml-zestaw-miniaturek-lagodzacych-produktow-do-twarzy","status":"publish","type":"product","link":"https:\/\/admincentral.selleetools.com\/pl\/product\/abib-heartleaf-camling-trial-kit-foam-30-ml-toner-30-ml-serum-15-ml-creme-20-ml-zestaw-miniaturek-lagodzacych-produktow-do-twarzy\/","title":{"rendered":"Abib Heartleaf Camling Trial Kit (Foam 30 ml + Toner 30 ml + Serum 15 ml + Cr\u00e8me 20 ml) &#8211; zestaw miniaturek \u0142agodz\u0105cych produkt\u00f3w do twarzy"},"content":{"rendered":"<p>Abib Heartleaf Calming Trial Kit to kompleksowy zestaw miniaturek stworzony z my\u015bl\u0105 o delikatnej i wra\u017cliwej sk\u00f3rze. Zawiera cztery starannie dobrane produkty: \u0142agodz\u0105c\u0105 piank\u0119 do mycia twarzy, tonik nawil\u017caj\u0105cy, serum koj\u0105ce i krem regeneruj\u0105cy. Ka\u017cdy z nich opiera si\u0119 na mocy Houttuynia Cordata (Trawa sercowa), znanej z w\u0142a\u015bciwo\u015bci koj\u0105cych, przeciwzapalnych i wzmacniaj\u0105cych barier\u0119 ochronn\u0105 sk\u00f3ry.<\/p>\n<p>W sk\u0142ad zestawu wchodz\u0105:<br \/>\n1. Acne Foam Cleanser Heartleaf Foam, 30 ml \u2013 pianka oczyszczaj\u0105ca<br \/>\n2. Heartleaf Calming Toner Skin Booster, 30 ml \u2013 tonik<br \/>\n3. Heartleaf TECA Capsule Serum Calming Drop, 15 ml \u2013 serum \u0142agodz\u0105ce<br \/>\n4. Heartleaf Cr\u00e8me Calming Tube, 20 ml \u2013 krem \u0142agodz\u0105cy<\/p>\n<p>Korzy\u015bci dla sk\u00f3ry:<br \/>\nOczyszczenie bez podra\u017cnie\u0144 \u2013 pianka delikatnie usuwa zanieczyszczenia i nadmiar sebum, nie naruszaj\u0105c bariery hydrolipidowej.<br \/>\nIntensywne ukojenie i nawil\u017cenie \u2013 tonik i serum \u0142agodz\u0105 podra\u017cnienia, zmniejszaj\u0105 zaczerwienienia i dostarczaj\u0105 sk\u00f3rze cennych sk\u0142adnik\u00f3w regeneruj\u0105cych.<br \/>\nWzmocnienie bariery ochronnej \u2013 krem odbudowuje naturaln\u0105 warstw\u0119 ochronn\u0105 sk\u00f3ry, zapewniaj\u0105c d\u0142ugotrwa\u0142e nawil\u017cenie i popraw\u0119 elastyczno\u015bci.<\/p>\n<p>Spos\u00f3b u\u017cycia:<br \/>\nOczyszczanie: Na\u0142\u00f3\u017c niewielk\u0105 ilo\u015b\u0107 Acne Foam Cleanser Heartleaf Foam na wilgotn\u0105 sk\u00f3r\u0119, delikatnie masuj i sp\u0142ucz letni\u0105 wod\u0105.<br \/>\nTonizacja: Na\u0142\u00f3\u017c Heartleaf Calming Toner Skin Booster za pomoc\u0105 d\u0142oni lub p\u0142atka kosmetycznego, aby przygotowa\u0107 sk\u00f3r\u0119 na dalsze kroki piel\u0119gnacji.<br \/>\nSerum: Wklep kilka kropli Heartleaf TECA Capsule Serum Calming Drop w sk\u00f3r\u0119 twarzy, koncentruj\u0105c si\u0119 na najbardziej wra\u017cliwych obszarach.<br \/>\nNawil\u017cenie: Na\u0142\u00f3\u017c odpowiedni\u0105 ilo\u015b\u0107 Heartleaf Cr\u00e8me Calming Tube na ca\u0142\u0105 twarz, aby zamkn\u0105\u0107 nawil\u017cenie i wzmocni\u0107 efekt ukojenia.<\/p>\n","protected":false},"excerpt":{"rendered":"<p>Abib Heartleaf Calming Trial Kit to kompleksowy zestaw miniaturek stworzony z my\u015bl\u0105 o delikatnej i wra\u017cliwej sk\u00f3rze. Zawiera cztery starannie dobrane produkty: \u0142agodz\u0105c\u0105 piank\u0119 do mycia twarzy, tonik nawil\u017caj\u0105cy, serum koj\u0105ce i krem regeneruj\u0105cy. Ka\u017cdy z nich opiera si\u0119 na mocy Houttuynia Cordata (Trawa sercowa), znanej z w\u0142a\u015bciwo\u015bci koj\u0105cych, przeciwzapalnych i wzmacniaj\u0105cych barier\u0119 ochronn\u0105 sk\u00f3ry. &#8230; <a title=\"Abib Heartleaf Camling Trial Kit (Foam 30 ml + Toner 30 ml + Serum 15 ml + Cr\u00e8me 20 ml) &#8211; zestaw miniaturek \u0142agodz\u0105cych produkt\u00f3w do twarzy\" class=\"read-more\" href=\"https:\/\/admincentral.selleetools.com\/pl\/product\/abib-heartleaf-camling-trial-kit-foam-30-ml-toner-30-ml-serum-15-ml-creme-20-ml-zestaw-miniaturek-lagodzacych-produktow-do-twarzy\/\">Read more<span class=\"screen-reader-text\">Abib Heartleaf Camling Trial Kit (Foam 30 ml + Toner 30 ml + Serum 15 ml + Cr\u00e8me 20 ml) &#8211; zestaw miniaturek \u0142agodz\u0105cych produkt\u00f3w do twarzy<\/span><\/a><\/p>\n","protected":false},"featured_media":607582,"comment_status":"open","ping_status":"closed","template":"","meta":{"_links_to":"","_links_to_target":""},"yoast_head":"<!-- This site is optimized with the Yoast SEO plugin v19.4 - https:\/\/yoast.com\/wordpress\/plugins\/seo\/ -->\n<title>Abib Heartleaf Camling Trial Kit (Foam 30 ml + Toner 30 ml + Serum 15 ml + Cr\u00e8me 20 ml) - zestaw miniaturek \u0142agodz\u0105cych produkt\u00f3w do twarzy - Selleetools.com<\/title>\n<meta name=\"robots\" content=\"index, follow, max-snippet:-1, max-image-preview:large, max-video-preview:-1\" \/>\n<link rel=\"canonical\" href=\"https:\/\/admincentral.selleetools.com\/pl\/product\/abib-heartleaf-camling-trial-kit-foam-30-ml-toner-30-ml-serum-15-ml-creme-20-ml-zestaw-miniaturek-lagodzacych-produktow-do-twarzy\/\" \/>\n<meta property=\"og:locale\" content=\"pl_PL\" \/>\n<meta property=\"og:type\" content=\"article\" \/>\n<meta property=\"og:title\" content=\"Abib Heartleaf Camling Trial Kit (Foam 30 ml + Toner 30 ml + Serum 15 ml + Cr\u00e8me 20 ml) - zestaw miniaturek \u0142agodz\u0105cych produkt\u00f3w do twarzy - Selleetools.com\" \/>\n<meta property=\"og:description\" content=\"Abib Heartleaf Calming Trial Kit to kompleksowy zestaw miniaturek stworzony z my\u015bl\u0105 o delikatnej i wra\u017cliwej sk\u00f3rze. Zawiera cztery starannie dobrane produkty: \u0142agodz\u0105c\u0105 piank\u0119 do mycia twarzy, tonik nawil\u017caj\u0105cy, serum koj\u0105ce i krem regeneruj\u0105cy. Ka\u017cdy z nich opiera si\u0119 na mocy Houttuynia Cordata (Trawa sercowa), znanej z w\u0142a\u015bciwo\u015bci koj\u0105cych, przeciwzapalnych i wzmacniaj\u0105cych barier\u0119 ochronn\u0105 sk\u00f3ry. ... Read moreAbib Heartleaf Camling Trial Kit (Foam 30 ml + Toner 30 ml + Serum 15 ml + Cr\u00e8me 20 ml) &#8211; zestaw miniaturek \u0142agodz\u0105cych produkt\u00f3w do twarzy\" \/>\n<meta property=\"og:url\" content=\"https:\/\/admincentral.selleetools.com\/pl\/product\/abib-heartleaf-camling-trial-kit-foam-30-ml-toner-30-ml-serum-15-ml-creme-20-ml-zestaw-miniaturek-lagodzacych-produktow-do-twarzy\/\" \/>\n<meta property=\"og:site_name\" content=\"Selleetools.com\" \/>\n<meta property=\"article:modified_time\" content=\"2026-02-25T18:12:26+00:00\" \/>\n<meta property=\"og:image\" content=\"https:\/\/selleetools.com\/wp-content\/uploads\/2025\/10\/6f79d7e3129a155ebfd6bd930f915c3c.jpg\" \/>\n\t<meta property=\"og:image:width\" content=\"1000\" \/>\n\t<meta property=\"og:image:height\" content=\"1000\" \/>\n\t<meta property=\"og:image:type\" content=\"image\/jpeg\" \/>\n<meta name=\"twitter:card\" content=\"summary_large_image\" \/>\n<meta name=\"twitter:label1\" content=\"Est. reading time\" \/>\n\t<meta name=\"twitter:data1\" content=\"1 minuta\" \/>\n<!-- \/ Yoast SEO plugin. -->","yoast_head_json":{"title":"Abib Heartleaf Camling Trial Kit (Foam 30 ml + Toner 30 ml + Serum 15 ml + Cr\u00e8me 20 ml) - zestaw miniaturek \u0142agodz\u0105cych produkt\u00f3w do twarzy - Selleetools.com","robots":{"index":"index","follow":"follow","max-snippet":"max-snippet:-1","max-image-preview":"max-image-preview:large","max-video-preview":"max-video-preview:-1"},"canonical":"https:\/\/admincentral.selleetools.com\/pl\/product\/abib-heartleaf-camling-trial-kit-foam-30-ml-toner-30-ml-serum-15-ml-creme-20-ml-zestaw-miniaturek-lagodzacych-produktow-do-twarzy\/","og_locale":"pl_PL","og_type":"article","og_title":"Abib Heartleaf Camling Trial Kit (Foam 30 ml + Toner 30 ml + Serum 15 ml + Cr\u00e8me 20 ml) - zestaw miniaturek \u0142agodz\u0105cych produkt\u00f3w do twarzy - Selleetools.com","og_description":"Abib Heartleaf Calming Trial Kit to kompleksowy zestaw miniaturek stworzony z my\u015bl\u0105 o delikatnej i wra\u017cliwej sk\u00f3rze. Zawiera cztery starannie dobrane produkty: \u0142agodz\u0105c\u0105 piank\u0119 do mycia twarzy, tonik nawil\u017caj\u0105cy, serum koj\u0105ce i krem regeneruj\u0105cy. Ka\u017cdy z nich opiera si\u0119 na mocy Houttuynia Cordata (Trawa sercowa), znanej z w\u0142a\u015bciwo\u015bci koj\u0105cych, przeciwzapalnych i wzmacniaj\u0105cych barier\u0119 ochronn\u0105 sk\u00f3ry. ... Read moreAbib Heartleaf Camling Trial Kit (Foam 30 ml + Toner 30 ml + Serum 15 ml + Cr\u00e8me 20 ml) &#8211; zestaw miniaturek \u0142agodz\u0105cych produkt\u00f3w do twarzy","og_url":"https:\/\/admincentral.selleetools.com\/pl\/product\/abib-heartleaf-camling-trial-kit-foam-30-ml-toner-30-ml-serum-15-ml-creme-20-ml-zestaw-miniaturek-lagodzacych-produktow-do-twarzy\/","og_site_name":"Selleetools.com","article_modified_time":"2026-02-25T18:12:26+00:00","og_image":[{"width":1000,"height":1000,"url":"https:\/\/selleetools.com\/wp-content\/uploads\/2025\/10\/6f79d7e3129a155ebfd6bd930f915c3c.jpg","type":"image\/jpeg"}],"twitter_card":"summary_large_image","twitter_misc":{"Est. reading time":"1 minuta"},"schema":{"@context":"https:\/\/schema.org","@graph":[{"@type":"Organization","@id":"https:\/\/selleetools.com\/#organization","name":"Selleetools","url":"https:\/\/selleetools.com\/","sameAs":[],"logo":{"@type":"ImageObject","inLanguage":"pl-PL","@id":"https:\/\/selleetools.com\/#\/schema\/logo\/image\/","url":"https:\/\/selleetools.com\/wp-content\/uploads\/2021\/10\/logo-dark.png","contentUrl":"https:\/\/selleetools.com\/wp-content\/uploads\/2021\/10\/logo-dark.png","width":320,"height":76,"caption":"Selleetools"},"image":{"@id":"https:\/\/selleetools.com\/#\/schema\/logo\/image\/"}},{"@type":"WebSite","@id":"https:\/\/selleetools.com\/#website","url":"https:\/\/selleetools.com\/","name":"Selleetools.com","description":"","publisher":{"@id":"https:\/\/selleetools.com\/#organization"},"potentialAction":[{"@type":"SearchAction","target":{"@type":"EntryPoint","urlTemplate":"https:\/\/selleetools.com\/?s={search_term_string}"},"query-input":"required name=search_term_string"}],"inLanguage":"pl-PL"},{"@type":"WebPage","@id":"https:\/\/admincentral.selleetools.com\/pl\/product\/abib-heartleaf-camling-trial-kit-foam-30-ml-toner-30-ml-serum-15-ml-creme-20-ml-zestaw-miniaturek-lagodzacych-produktow-do-twarzy\/","url":"https:\/\/admincentral.selleetools.com\/pl\/product\/abib-heartleaf-camling-trial-kit-foam-30-ml-toner-30-ml-serum-15-ml-creme-20-ml-zestaw-miniaturek-lagodzacych-produktow-do-twarzy\/","name":"Abib Heartleaf Camling Trial Kit (Foam 30 ml + Toner 30 ml + Serum 15 ml + Cr\u00e8me 20 ml) - zestaw miniaturek \u0142agodz\u0105cych produkt\u00f3w do twarzy - Selleetools.com","isPartOf":{"@id":"https:\/\/selleetools.com\/#website"},"datePublished":"2025-10-24T12:06:26+00:00","dateModified":"2026-02-25T18:12:26+00:00","breadcrumb":{"@id":"https:\/\/admincentral.selleetools.com\/pl\/product\/abib-heartleaf-camling-trial-kit-foam-30-ml-toner-30-ml-serum-15-ml-creme-20-ml-zestaw-miniaturek-lagodzacych-produktow-do-twarzy\/#breadcrumb"},"inLanguage":"pl-PL","potentialAction":[{"@type":"ReadAction","target":["https:\/\/admincentral.selleetools.com\/pl\/product\/abib-heartleaf-camling-trial-kit-foam-30-ml-toner-30-ml-serum-15-ml-creme-20-ml-zestaw-miniaturek-lagodzacych-produktow-do-twarzy\/"]}]},{"@type":"BreadcrumbList","@id":"https:\/\/admincentral.selleetools.com\/pl\/product\/abib-heartleaf-camling-trial-kit-foam-30-ml-toner-30-ml-serum-15-ml-creme-20-ml-zestaw-miniaturek-lagodzacych-produktow-do-twarzy\/#breadcrumb","itemListElement":[{"@type":"ListItem","position":1,"name":"Home","item":"https:\/\/selleetools.com\/pl\/"},{"@type":"ListItem","position":2,"name":"Katalog","item":"https:\/\/selleetools.com\/pl\/katalog\/"},{"@type":"ListItem","position":3,"name":"Abib Heartleaf Camling Trial Kit (Foam 30 ml + Toner 30 ml + Serum 15 ml + Cr\u00e8me 20 ml) &#8211; zestaw miniaturek \u0142agodz\u0105cych produkt\u00f3w do twarzy"}]}]}},"_links":{"self":[{"href":"https:\/\/admincentral.selleetools.com\/pl\/wp-json\/wp\/v2\/product\/607584"}],"collection":[{"href":"https:\/\/admincentral.selleetools.com\/pl\/wp-json\/wp\/v2\/product"}],"about":[{"href":"https:\/\/admincentral.selleetools.com\/pl\/wp-json\/wp\/v2\/types\/product"}],"replies":[{"embeddable":true,"href":"https:\/\/admincentral.selleetools.com\/pl\/wp-json\/wp\/v2\/comments?post=607584"}],"wp:featuredmedia":[{"embeddable":true,"href":"https:\/\/admincentral.selleetools.com\/pl\/wp-json\/wp\/v2\/media\/607582"}],"wp:attachment":[{"href":"https:\/\/admincentral.selleetools.com\/pl\/wp-json\/wp\/v2\/media?parent=607584"}],"curies":[{"name":"wp","href":"https:\/\/api.w.org\/{rel}","templated":true}]}}