{"id":607590,"date":"2025-10-24T14:06:31","date_gmt":"2025-10-24T12:06:31","guid":{"rendered":"https:\/\/selleetools.com\/?post_type=product&#038;p=607590"},"modified":"2026-03-03T11:11:45","modified_gmt":"2026-03-03T10:11:45","slug":"anua-3-ceramide-panthenol-moisture-barrier-cream-100-ml-nawilzajacy-krem-do-twarzy","status":"publish","type":"product","link":"https:\/\/admincentral.selleetools.com\/pl\/product\/anua-3-ceramide-panthenol-moisture-barrier-cream-100-ml-nawilzajacy-krem-do-twarzy\/","title":{"rendered":"ANUA 3 Ceramide Panthenol Moisture Barrier Cream 100 ml &#8211; nawil\u017caj\u0105cy krem do twarzy"},"content":{"rendered":"<p>ANUA 3 Ceramide Panthenol Moisture Barrier Cream to intensywnie nawil\u017caj\u0105cy krem stworzony dla sk\u00f3ry wymagaj\u0105cej regeneracji i wzmocnienia bariery ochronnej. Dzi\u0119ki zawarto\u015bci pantenolu i trzech rodzaj\u00f3w ceramid\u00f3w skutecznie nawil\u017ca, koi i wzmacnia sk\u00f3r\u0119, przywracaj\u0105c jej naturaln\u0105 r\u00f3wnowag\u0119 i zdrowy wygl\u0105d.<\/p>\n<p>Korzy\u015bci dla sk\u00f3ry:<br \/>\nG\u0142\u0119bokie nawil\u017cenie \u2013 dzi\u0119ki kwasowi hialuronowemu, glicerynie i ekstraktowi z grzyba Tremella Fuciformis sk\u00f3ra staje si\u0119 mi\u0119kka i elastyczna.<br \/>\nWzmocnienie bariery ochronnej \u2013 ceramidy NP, AP i EOP razem z pantenolem i fitosterolami odbudowuj\u0105 i chroni\u0105 warstw\u0119 hydrolipidow\u0105 sk\u00f3ry.<br \/>\nKojenie podra\u017cnie\u0144 \u2013 ekstrakt z Centella Asiatica, madecassoside, asiatic acid oraz allantoin \u0142agodz\u0105 zaczerwienienia i wspomagaj\u0105 regeneracj\u0119.<br \/>\nWsparcie elastyczno\u015bci i j\u0119drno\u015bci \u2013 squalane, lecytyna i aminokwasy poprawiaj\u0105 struktur\u0119 sk\u00f3ry, wyg\u0142adzaj\u0105c i uj\u0119drniaj\u0105c j\u0105.<br \/>\nLekka, komfortowa formu\u0142a \u2013 krem szybko si\u0119 wch\u0142ania, nie obci\u0105\u017caj\u0105c sk\u00f3ry, a jednocze\u015bnie zapewniaj\u0105c d\u0142ugotrwa\u0142e uczucie komfortu.<\/p>\n<p>Spos\u00f3b u\u017cycia: Stosuj jako ostatni krok piel\u0119gnacji sk\u00f3ry. Na\u0142\u00f3\u017c odpowiedni\u0105 ilo\u015b\u0107 kremu na oczyszczon\u0105 twarz i delikatnie wmasuj, a\u017c do ca\u0142kowitego wch\u0142oni\u0119cia. Mo\u017cna u\u017cywa\u0107 zar\u00f3wno rano, jak i wieczorem.<\/p>\n","protected":false},"excerpt":{"rendered":"<p>ANUA 3 Ceramide Panthenol Moisture Barrier Cream to intensywnie nawil\u017caj\u0105cy krem stworzony dla sk\u00f3ry wymagaj\u0105cej regeneracji i wzmocnienia bariery ochronnej. Dzi\u0119ki zawarto\u015bci pantenolu i trzech rodzaj\u00f3w ceramid\u00f3w skutecznie nawil\u017ca, koi i wzmacnia sk\u00f3r\u0119, przywracaj\u0105c jej naturaln\u0105 r\u00f3wnowag\u0119 i zdrowy wygl\u0105d. Korzy\u015bci dla sk\u00f3ry: G\u0142\u0119bokie nawil\u017cenie \u2013 dzi\u0119ki kwasowi hialuronowemu, glicerynie i ekstraktowi z grzyba Tremella &#8230; <a title=\"ANUA 3 Ceramide Panthenol Moisture Barrier Cream 100 ml &#8211; nawil\u017caj\u0105cy krem do twarzy\" class=\"read-more\" href=\"https:\/\/admincentral.selleetools.com\/pl\/product\/anua-3-ceramide-panthenol-moisture-barrier-cream-100-ml-nawilzajacy-krem-do-twarzy\/\">Read more<span class=\"screen-reader-text\">ANUA 3 Ceramide Panthenol Moisture Barrier Cream 100 ml &#8211; nawil\u017caj\u0105cy krem do twarzy<\/span><\/a><\/p>\n","protected":false},"featured_media":607588,"comment_status":"open","ping_status":"closed","template":"","meta":{"_links_to":"","_links_to_target":""},"yoast_head":"<!-- This site is optimized with the Yoast SEO plugin v19.4 - https:\/\/yoast.com\/wordpress\/plugins\/seo\/ -->\n<title>ANUA 3 Ceramide Panthenol Moisture Barrier Cream 100 ml - nawil\u017caj\u0105cy krem do twarzy - Selleetools.com<\/title>\n<meta name=\"robots\" content=\"index, follow, max-snippet:-1, max-image-preview:large, max-video-preview:-1\" \/>\n<link rel=\"canonical\" href=\"https:\/\/selleetools.com\/pl\/product\/anua-3-ceramide-panthenol-moisture-barrier-cream-100-ml-nawilzajacy-krem-do-twarzy\/\" \/>\n<meta property=\"og:locale\" content=\"pl_PL\" \/>\n<meta property=\"og:type\" content=\"article\" \/>\n<meta property=\"og:title\" content=\"ANUA 3 Ceramide Panthenol Moisture Barrier Cream 100 ml - nawil\u017caj\u0105cy krem do twarzy - Selleetools.com\" \/>\n<meta property=\"og:description\" content=\"ANUA 3 Ceramide Panthenol Moisture Barrier Cream to intensywnie nawil\u017caj\u0105cy krem stworzony dla sk\u00f3ry wymagaj\u0105cej regeneracji i wzmocnienia bariery ochronnej. Dzi\u0119ki zawarto\u015bci pantenolu i trzech rodzaj\u00f3w ceramid\u00f3w skutecznie nawil\u017ca, koi i wzmacnia sk\u00f3r\u0119, przywracaj\u0105c jej naturaln\u0105 r\u00f3wnowag\u0119 i zdrowy wygl\u0105d. Korzy\u015bci dla sk\u00f3ry: G\u0142\u0119bokie nawil\u017cenie \u2013 dzi\u0119ki kwasowi hialuronowemu, glicerynie i ekstraktowi z grzyba Tremella ... Read moreANUA 3 Ceramide Panthenol Moisture Barrier Cream 100 ml &#8211; nawil\u017caj\u0105cy krem do twarzy\" \/>\n<meta property=\"og:url\" content=\"https:\/\/selleetools.com\/pl\/product\/anua-3-ceramide-panthenol-moisture-barrier-cream-100-ml-nawilzajacy-krem-do-twarzy\/\" \/>\n<meta property=\"og:site_name\" content=\"Selleetools.com\" \/>\n<meta property=\"article:modified_time\" content=\"2026-03-03T10:11:45+00:00\" \/>\n<meta property=\"og:image\" content=\"https:\/\/selleetools.com\/wp-content\/uploads\/2025\/10\/81c1e713e73e6adf1eaa441a7219f01b.jpg\" \/>\n\t<meta property=\"og:image:width\" content=\"1000\" \/>\n\t<meta property=\"og:image:height\" content=\"1000\" \/>\n\t<meta property=\"og:image:type\" content=\"image\/jpeg\" \/>\n<meta name=\"twitter:card\" content=\"summary_large_image\" \/>\n<meta name=\"twitter:label1\" content=\"Est. reading time\" \/>\n\t<meta name=\"twitter:data1\" content=\"1 minuta\" \/>\n<!-- \/ Yoast SEO plugin. -->","yoast_head_json":{"title":"ANUA 3 Ceramide Panthenol Moisture Barrier Cream 100 ml - nawil\u017caj\u0105cy krem do twarzy - Selleetools.com","robots":{"index":"index","follow":"follow","max-snippet":"max-snippet:-1","max-image-preview":"max-image-preview:large","max-video-preview":"max-video-preview:-1"},"canonical":"https:\/\/selleetools.com\/pl\/product\/anua-3-ceramide-panthenol-moisture-barrier-cream-100-ml-nawilzajacy-krem-do-twarzy\/","og_locale":"pl_PL","og_type":"article","og_title":"ANUA 3 Ceramide Panthenol Moisture Barrier Cream 100 ml - nawil\u017caj\u0105cy krem do twarzy - Selleetools.com","og_description":"ANUA 3 Ceramide Panthenol Moisture Barrier Cream to intensywnie nawil\u017caj\u0105cy krem stworzony dla sk\u00f3ry wymagaj\u0105cej regeneracji i wzmocnienia bariery ochronnej. Dzi\u0119ki zawarto\u015bci pantenolu i trzech rodzaj\u00f3w ceramid\u00f3w skutecznie nawil\u017ca, koi i wzmacnia sk\u00f3r\u0119, przywracaj\u0105c jej naturaln\u0105 r\u00f3wnowag\u0119 i zdrowy wygl\u0105d. Korzy\u015bci dla sk\u00f3ry: G\u0142\u0119bokie nawil\u017cenie \u2013 dzi\u0119ki kwasowi hialuronowemu, glicerynie i ekstraktowi z grzyba Tremella ... Read moreANUA 3 Ceramide Panthenol Moisture Barrier Cream 100 ml &#8211; nawil\u017caj\u0105cy krem do twarzy","og_url":"https:\/\/selleetools.com\/pl\/product\/anua-3-ceramide-panthenol-moisture-barrier-cream-100-ml-nawilzajacy-krem-do-twarzy\/","og_site_name":"Selleetools.com","article_modified_time":"2026-03-03T10:11:45+00:00","og_image":[{"width":1000,"height":1000,"url":"https:\/\/selleetools.com\/wp-content\/uploads\/2025\/10\/81c1e713e73e6adf1eaa441a7219f01b.jpg","type":"image\/jpeg"}],"twitter_card":"summary_large_image","twitter_misc":{"Est. reading time":"1 minuta"},"schema":{"@context":"https:\/\/schema.org","@graph":[{"@type":"Organization","@id":"https:\/\/selleetools.com\/#organization","name":"Selleetools","url":"https:\/\/selleetools.com\/","sameAs":[],"logo":{"@type":"ImageObject","inLanguage":"pl-PL","@id":"https:\/\/selleetools.com\/#\/schema\/logo\/image\/","url":"https:\/\/selleetools.com\/wp-content\/uploads\/2021\/10\/logo-dark.png","contentUrl":"https:\/\/selleetools.com\/wp-content\/uploads\/2021\/10\/logo-dark.png","width":320,"height":76,"caption":"Selleetools"},"image":{"@id":"https:\/\/selleetools.com\/#\/schema\/logo\/image\/"}},{"@type":"WebSite","@id":"https:\/\/selleetools.com\/#website","url":"https:\/\/selleetools.com\/","name":"Selleetools.com","description":"","publisher":{"@id":"https:\/\/selleetools.com\/#organization"},"potentialAction":[{"@type":"SearchAction","target":{"@type":"EntryPoint","urlTemplate":"https:\/\/selleetools.com\/?s={search_term_string}"},"query-input":"required name=search_term_string"}],"inLanguage":"pl-PL"},{"@type":"WebPage","@id":"https:\/\/selleetools.com\/pl\/product\/anua-3-ceramide-panthenol-moisture-barrier-cream-100-ml-nawilzajacy-krem-do-twarzy\/","url":"https:\/\/selleetools.com\/pl\/product\/anua-3-ceramide-panthenol-moisture-barrier-cream-100-ml-nawilzajacy-krem-do-twarzy\/","name":"ANUA 3 Ceramide Panthenol Moisture Barrier Cream 100 ml - nawil\u017caj\u0105cy krem do twarzy - Selleetools.com","isPartOf":{"@id":"https:\/\/selleetools.com\/#website"},"datePublished":"2025-10-24T12:06:31+00:00","dateModified":"2026-03-03T10:11:45+00:00","breadcrumb":{"@id":"https:\/\/selleetools.com\/pl\/product\/anua-3-ceramide-panthenol-moisture-barrier-cream-100-ml-nawilzajacy-krem-do-twarzy\/#breadcrumb"},"inLanguage":"pl-PL","potentialAction":[{"@type":"ReadAction","target":["https:\/\/selleetools.com\/pl\/product\/anua-3-ceramide-panthenol-moisture-barrier-cream-100-ml-nawilzajacy-krem-do-twarzy\/"]}]},{"@type":"BreadcrumbList","@id":"https:\/\/selleetools.com\/pl\/product\/anua-3-ceramide-panthenol-moisture-barrier-cream-100-ml-nawilzajacy-krem-do-twarzy\/#breadcrumb","itemListElement":[{"@type":"ListItem","position":1,"name":"Home","item":"https:\/\/selleetools.com\/pl\/"},{"@type":"ListItem","position":2,"name":"Katalog","item":"https:\/\/selleetools.com\/pl\/katalog\/"},{"@type":"ListItem","position":3,"name":"ANUA 3 Ceramide Panthenol Moisture Barrier Cream 100 ml &#8211; nawil\u017caj\u0105cy krem do twarzy"}]}]}},"_links":{"self":[{"href":"https:\/\/admincentral.selleetools.com\/pl\/wp-json\/wp\/v2\/product\/607590"}],"collection":[{"href":"https:\/\/admincentral.selleetools.com\/pl\/wp-json\/wp\/v2\/product"}],"about":[{"href":"https:\/\/admincentral.selleetools.com\/pl\/wp-json\/wp\/v2\/types\/product"}],"replies":[{"embeddable":true,"href":"https:\/\/admincentral.selleetools.com\/pl\/wp-json\/wp\/v2\/comments?post=607590"}],"wp:featuredmedia":[{"embeddable":true,"href":"https:\/\/admincentral.selleetools.com\/pl\/wp-json\/wp\/v2\/media\/607588"}],"wp:attachment":[{"href":"https:\/\/admincentral.selleetools.com\/pl\/wp-json\/wp\/v2\/media?parent=607590"}],"curies":[{"name":"wp","href":"https:\/\/api.w.org\/{rel}","templated":true}]}}