{"id":607602,"date":"2025-10-24T14:06:40","date_gmt":"2025-10-24T12:06:40","guid":{"rendered":"https:\/\/selleetools.com\/?post_type=product&#038;p=607602"},"modified":"2025-11-04T21:13:42","modified_gmt":"2025-11-04T20:13:42","slug":"mediheal-collagen-nude-gel-mask-30-g-nawilzajaco-ujedrniajaca-maska-w-plachcie","status":"publish","type":"product","link":"https:\/\/admincentral.selleetools.com\/pl\/product\/mediheal-collagen-nude-gel-mask-30-g-nawilzajaco-ujedrniajaca-maska-w-plachcie\/","title":{"rendered":"MEDIHEAL Collagen Nude Gel Mask 30 g &#8211; nawil\u017caj\u0105co-uj\u0119drniaj\u0105ca maska w p\u0142achcie"},"content":{"rendered":"<p>Maska \u017celowa MEDIHEAL Collagen Nude Gel Beauty Mask to zaawansowana piel\u0119gnacja o \u017celowej formule, kt\u00f3ra doskonale przylega do sk\u00f3ry, intensywnie j\u0105 nawil\u017caj\u0105c i wyg\u0142adzaj\u0105c. Wzbogacona kolagenem, kwasem hialuronowym oraz fermentowanymi sk\u0142adnikami ro\u015blinnymi, maska dzia\u0142a jak kompres m\u0142odo\u015bci \u2013 przywraca sk\u00f3rze elastyczno\u015b\u0107, \u015bwie\u017co\u015b\u0107 i promienny wygl\u0105d. Idealna dla sk\u00f3ry wymagaj\u0105cej j\u0119drno\u015bci, ukojenia i regeneracji.<\/p>\n<p>Korzy\u015bci ze stosowania:<br \/>\nIntensywne nawil\u017cenie i wyg\u0142adzenie sk\u00f3ry dzi\u0119ki zawarto\u015bci kwasu hialuronowego i glicerolu<br \/>\nPoprawa elastyczno\u015bci i j\u0119drno\u015bci za spraw\u0105 trzech form kolagenu (hydrolizowany, natywny i atelokolagen)<br \/>\nRoz\u015bwietlenie cery i wyr\u00f3wnanie kolorytu dzi\u0119ki niacynamidowi<br \/>\nDzia\u0142anie \u0142agodz\u0105ce i ochronne dzi\u0119ki fermentowanemu filtratowi z rzodkwi i wodzie brzozowej<br \/>\nSk\u00f3ra staje si\u0119 mi\u0119kka, elastyczna i widocznie od\u017cywiona ju\u017c po jednym u\u017cyciu<\/p>\n<p>Spos\u00f3b u\u017cycia:<br \/>\nOczy\u015b\u0107 i osusz sk\u00f3r\u0119 twarzy.<br \/>\nWyjmij mask\u0119 z opakowania i delikatnie na\u0142\u00f3\u017c na twarz, dopasowuj\u0105c j\u0105 do kontur\u00f3w.<br \/>\nPozostaw na 15\u201320 minut, nast\u0119pnie usu\u0144 mask\u0119 i delikatnie wmasuj pozosta\u0142o\u015b\u0107 esencji w sk\u00f3r\u0119.<br \/>\nNie sp\u0142ukuj. Dla najlepszych efekt\u00f3w stosuj 2\u20133 razy w tygodniu.<\/p>\n","protected":false},"excerpt":{"rendered":"<p>Maska \u017celowa MEDIHEAL Collagen Nude Gel Beauty Mask to zaawansowana piel\u0119gnacja o \u017celowej formule, kt\u00f3ra doskonale przylega do sk\u00f3ry, intensywnie j\u0105 nawil\u017caj\u0105c i wyg\u0142adzaj\u0105c. Wzbogacona kolagenem, kwasem hialuronowym oraz fermentowanymi sk\u0142adnikami ro\u015blinnymi, maska dzia\u0142a jak kompres m\u0142odo\u015bci \u2013 przywraca sk\u00f3rze elastyczno\u015b\u0107, \u015bwie\u017co\u015b\u0107 i promienny wygl\u0105d. Idealna dla sk\u00f3ry wymagaj\u0105cej j\u0119drno\u015bci, ukojenia i regeneracji. Korzy\u015bci ze &#8230; <a title=\"MEDIHEAL Collagen Nude Gel Mask 30 g &#8211; nawil\u017caj\u0105co-uj\u0119drniaj\u0105ca maska w p\u0142achcie\" class=\"read-more\" href=\"https:\/\/admincentral.selleetools.com\/pl\/product\/mediheal-collagen-nude-gel-mask-30-g-nawilzajaco-ujedrniajaca-maska-w-plachcie\/\">Read more<span class=\"screen-reader-text\">MEDIHEAL Collagen Nude Gel Mask 30 g &#8211; nawil\u017caj\u0105co-uj\u0119drniaj\u0105ca maska w p\u0142achcie<\/span><\/a><\/p>\n","protected":false},"featured_media":607600,"comment_status":"open","ping_status":"closed","template":"","meta":{"_links_to":"","_links_to_target":""},"yoast_head":"<!-- This site is optimized with the Yoast SEO plugin v19.4 - https:\/\/yoast.com\/wordpress\/plugins\/seo\/ -->\n<title>MEDIHEAL Collagen Nude Gel Mask 30 g - nawil\u017caj\u0105co-uj\u0119drniaj\u0105ca maska w p\u0142achcie - Selleetools.com<\/title>\n<meta name=\"robots\" content=\"index, follow, max-snippet:-1, max-image-preview:large, max-video-preview:-1\" \/>\n<link rel=\"canonical\" href=\"https:\/\/selleetools.com\/pl\/product\/mediheal-collagen-nude-gel-mask-30-g-nawilzajaco-ujedrniajaca-maska-w-plachcie\/\" \/>\n<meta property=\"og:locale\" content=\"pl_PL\" \/>\n<meta property=\"og:type\" content=\"article\" \/>\n<meta property=\"og:title\" content=\"MEDIHEAL Collagen Nude Gel Mask 30 g - nawil\u017caj\u0105co-uj\u0119drniaj\u0105ca maska w p\u0142achcie - Selleetools.com\" \/>\n<meta property=\"og:description\" content=\"Maska \u017celowa MEDIHEAL Collagen Nude Gel Beauty Mask to zaawansowana piel\u0119gnacja o \u017celowej formule, kt\u00f3ra doskonale przylega do sk\u00f3ry, intensywnie j\u0105 nawil\u017caj\u0105c i wyg\u0142adzaj\u0105c. Wzbogacona kolagenem, kwasem hialuronowym oraz fermentowanymi sk\u0142adnikami ro\u015blinnymi, maska dzia\u0142a jak kompres m\u0142odo\u015bci \u2013 przywraca sk\u00f3rze elastyczno\u015b\u0107, \u015bwie\u017co\u015b\u0107 i promienny wygl\u0105d. Idealna dla sk\u00f3ry wymagaj\u0105cej j\u0119drno\u015bci, ukojenia i regeneracji. Korzy\u015bci ze ... Read moreMEDIHEAL Collagen Nude Gel Mask 30 g &#8211; nawil\u017caj\u0105co-uj\u0119drniaj\u0105ca maska w p\u0142achcie\" \/>\n<meta property=\"og:url\" content=\"https:\/\/selleetools.com\/pl\/product\/mediheal-collagen-nude-gel-mask-30-g-nawilzajaco-ujedrniajaca-maska-w-plachcie\/\" \/>\n<meta property=\"og:site_name\" content=\"Selleetools.com\" \/>\n<meta property=\"article:modified_time\" content=\"2025-11-04T20:13:42+00:00\" \/>\n<meta property=\"og:image\" content=\"https:\/\/selleetools.com\/wp-content\/uploads\/2025\/10\/5135b7d5a6cb8f10eddf0260ef57cb07.jpg\" \/>\n\t<meta property=\"og:image:width\" content=\"1000\" \/>\n\t<meta property=\"og:image:height\" content=\"1000\" \/>\n\t<meta property=\"og:image:type\" content=\"image\/jpeg\" \/>\n<meta name=\"twitter:card\" content=\"summary_large_image\" \/>\n<meta name=\"twitter:label1\" content=\"Est. reading time\" \/>\n\t<meta name=\"twitter:data1\" content=\"1 minuta\" \/>\n<!-- \/ Yoast SEO plugin. -->","yoast_head_json":{"title":"MEDIHEAL Collagen Nude Gel Mask 30 g - nawil\u017caj\u0105co-uj\u0119drniaj\u0105ca maska w p\u0142achcie - Selleetools.com","robots":{"index":"index","follow":"follow","max-snippet":"max-snippet:-1","max-image-preview":"max-image-preview:large","max-video-preview":"max-video-preview:-1"},"canonical":"https:\/\/selleetools.com\/pl\/product\/mediheal-collagen-nude-gel-mask-30-g-nawilzajaco-ujedrniajaca-maska-w-plachcie\/","og_locale":"pl_PL","og_type":"article","og_title":"MEDIHEAL Collagen Nude Gel Mask 30 g - nawil\u017caj\u0105co-uj\u0119drniaj\u0105ca maska w p\u0142achcie - Selleetools.com","og_description":"Maska \u017celowa MEDIHEAL Collagen Nude Gel Beauty Mask to zaawansowana piel\u0119gnacja o \u017celowej formule, kt\u00f3ra doskonale przylega do sk\u00f3ry, intensywnie j\u0105 nawil\u017caj\u0105c i wyg\u0142adzaj\u0105c. Wzbogacona kolagenem, kwasem hialuronowym oraz fermentowanymi sk\u0142adnikami ro\u015blinnymi, maska dzia\u0142a jak kompres m\u0142odo\u015bci \u2013 przywraca sk\u00f3rze elastyczno\u015b\u0107, \u015bwie\u017co\u015b\u0107 i promienny wygl\u0105d. Idealna dla sk\u00f3ry wymagaj\u0105cej j\u0119drno\u015bci, ukojenia i regeneracji. Korzy\u015bci ze ... Read moreMEDIHEAL Collagen Nude Gel Mask 30 g &#8211; nawil\u017caj\u0105co-uj\u0119drniaj\u0105ca maska w p\u0142achcie","og_url":"https:\/\/selleetools.com\/pl\/product\/mediheal-collagen-nude-gel-mask-30-g-nawilzajaco-ujedrniajaca-maska-w-plachcie\/","og_site_name":"Selleetools.com","article_modified_time":"2025-11-04T20:13:42+00:00","og_image":[{"width":1000,"height":1000,"url":"https:\/\/selleetools.com\/wp-content\/uploads\/2025\/10\/5135b7d5a6cb8f10eddf0260ef57cb07.jpg","type":"image\/jpeg"}],"twitter_card":"summary_large_image","twitter_misc":{"Est. reading time":"1 minuta"},"schema":{"@context":"https:\/\/schema.org","@graph":[{"@type":"Organization","@id":"https:\/\/selleetools.com\/#organization","name":"Selleetools","url":"https:\/\/selleetools.com\/","sameAs":[],"logo":{"@type":"ImageObject","inLanguage":"pl-PL","@id":"https:\/\/selleetools.com\/#\/schema\/logo\/image\/","url":"https:\/\/selleetools.com\/wp-content\/uploads\/2021\/10\/logo-dark.png","contentUrl":"https:\/\/selleetools.com\/wp-content\/uploads\/2021\/10\/logo-dark.png","width":320,"height":76,"caption":"Selleetools"},"image":{"@id":"https:\/\/selleetools.com\/#\/schema\/logo\/image\/"}},{"@type":"WebSite","@id":"https:\/\/selleetools.com\/#website","url":"https:\/\/selleetools.com\/","name":"Selleetools.com","description":"","publisher":{"@id":"https:\/\/selleetools.com\/#organization"},"potentialAction":[{"@type":"SearchAction","target":{"@type":"EntryPoint","urlTemplate":"https:\/\/selleetools.com\/?s={search_term_string}"},"query-input":"required name=search_term_string"}],"inLanguage":"pl-PL"},{"@type":"WebPage","@id":"https:\/\/selleetools.com\/pl\/product\/mediheal-collagen-nude-gel-mask-30-g-nawilzajaco-ujedrniajaca-maska-w-plachcie\/","url":"https:\/\/selleetools.com\/pl\/product\/mediheal-collagen-nude-gel-mask-30-g-nawilzajaco-ujedrniajaca-maska-w-plachcie\/","name":"MEDIHEAL Collagen Nude Gel Mask 30 g - nawil\u017caj\u0105co-uj\u0119drniaj\u0105ca maska w p\u0142achcie - Selleetools.com","isPartOf":{"@id":"https:\/\/selleetools.com\/#website"},"datePublished":"2025-10-24T12:06:40+00:00","dateModified":"2025-11-04T20:13:42+00:00","breadcrumb":{"@id":"https:\/\/selleetools.com\/pl\/product\/mediheal-collagen-nude-gel-mask-30-g-nawilzajaco-ujedrniajaca-maska-w-plachcie\/#breadcrumb"},"inLanguage":"pl-PL","potentialAction":[{"@type":"ReadAction","target":["https:\/\/selleetools.com\/pl\/product\/mediheal-collagen-nude-gel-mask-30-g-nawilzajaco-ujedrniajaca-maska-w-plachcie\/"]}]},{"@type":"BreadcrumbList","@id":"https:\/\/selleetools.com\/pl\/product\/mediheal-collagen-nude-gel-mask-30-g-nawilzajaco-ujedrniajaca-maska-w-plachcie\/#breadcrumb","itemListElement":[{"@type":"ListItem","position":1,"name":"Home","item":"https:\/\/selleetools.com\/pl\/"},{"@type":"ListItem","position":2,"name":"Katalog","item":"https:\/\/selleetools.com\/pl\/katalog\/"},{"@type":"ListItem","position":3,"name":"MEDIHEAL Collagen Nude Gel Mask 30 g &#8211; nawil\u017caj\u0105co-uj\u0119drniaj\u0105ca maska w p\u0142achcie"}]}]}},"_links":{"self":[{"href":"https:\/\/admincentral.selleetools.com\/pl\/wp-json\/wp\/v2\/product\/607602"}],"collection":[{"href":"https:\/\/admincentral.selleetools.com\/pl\/wp-json\/wp\/v2\/product"}],"about":[{"href":"https:\/\/admincentral.selleetools.com\/pl\/wp-json\/wp\/v2\/types\/product"}],"replies":[{"embeddable":true,"href":"https:\/\/admincentral.selleetools.com\/pl\/wp-json\/wp\/v2\/comments?post=607602"}],"wp:featuredmedia":[{"embeddable":true,"href":"https:\/\/admincentral.selleetools.com\/pl\/wp-json\/wp\/v2\/media\/607600"}],"wp:attachment":[{"href":"https:\/\/admincentral.selleetools.com\/pl\/wp-json\/wp\/v2\/media?parent=607602"}],"curies":[{"name":"wp","href":"https:\/\/api.w.org\/{rel}","templated":true}]}}