{"id":607605,"date":"2025-10-24T14:06:43","date_gmt":"2025-10-24T12:06:43","guid":{"rendered":"https:\/\/selleetools.com\/?post_type=product&#038;p=607605"},"modified":"2025-11-04T21:13:59","modified_gmt":"2025-11-04T20:13:59","slug":"mediheal-retinol-collagen-cream-lifting-mask-30-ml-ujedrniajaca-maska-w-plachcie","status":"publish","type":"product","link":"https:\/\/admincentral.selleetools.com\/pl\/product\/mediheal-retinol-collagen-cream-lifting-mask-30-ml-ujedrniajaca-maska-w-plachcie\/","title":{"rendered":"MEDIHEAL Retinol Collagen Cream Lifting Mask 30 ml &#8211; uj\u0119drniaj\u0105ca maska w p\u0142achcie"},"content":{"rendered":"<p>Kremowa maska w p\u0142achcie MEDIHEAL Retinol Collagen Cream Lifting Mask to intensywnie piel\u0119gnuj\u0105cy produkt o dzia\u0142aniu liftinguj\u0105cym i uj\u0119drniaj\u0105cym. Formu\u0142a oparta na retinolu, kolagenie i ceramidach dzia\u0142a wielopoziomowo \u2013 wyg\u0142adza sk\u00f3r\u0119, poprawia jej elastyczno\u015b\u0107 i wspiera regeneracj\u0119. Delikatna, ale skuteczna esencja wype\u0142nia struktur\u0119 sk\u00f3ry sk\u0142adnikami aktywnymi, kt\u00f3re przywracaj\u0105 cerze m\u0142odzie\u0144czy blask i spr\u0119\u017cysto\u015b\u0107.<\/p>\n<p>Korzy\u015bci ze stosowania:<br \/>\nWidoczne uj\u0119drnienie i poprawa elastyczno\u015bci sk\u00f3ry dzi\u0119ki retinolowi i hydrolyzowanemu kolagenowi<br \/>\nG\u0142\u0119bokie nawil\u017cenie i wyg\u0142adzenie dzi\u0119ki obecno\u015bci kwasu hialuronowego i glicerolu<br \/>\nWzmocnienie bariery hydrolipidowej za spraw\u0105 ceramidu NP i fitosteroli<br \/>\nUkojenie i ochrona sk\u00f3ry dzi\u0119ki ekstraktom ro\u015blinnym i adenosynie<br \/>\nSubtelny efekt liftingu i od\u017cywienia ju\u017c po pierwszym u\u017cyciu<\/p>\n<p>Spos\u00f3b u\u017cycia:<br \/>\nNa\u0142\u00f3\u017c mask\u0119 na oczyszczon\u0105 i stonizowan\u0105 sk\u00f3r\u0119 twarzy, dopasowuj\u0105c j\u0105 do kontur\u00f3w twarzy. Pozostaw na 10\u201320 minut. Po zdj\u0119ciu maski delikatnie wmasuj pozosta\u0142\u0105 esencj\u0119 w sk\u00f3r\u0119 a\u017c do wch\u0142oni\u0119cia. Nie sp\u0142ukiwa\u0107. Stosuj 2\u20133 razy w tygodniu lub wed\u0142ug potrzeb sk\u00f3ry.<\/p>\n","protected":false},"excerpt":{"rendered":"<p>Kremowa maska w p\u0142achcie MEDIHEAL Retinol Collagen Cream Lifting Mask to intensywnie piel\u0119gnuj\u0105cy produkt o dzia\u0142aniu liftinguj\u0105cym i uj\u0119drniaj\u0105cym. Formu\u0142a oparta na retinolu, kolagenie i ceramidach dzia\u0142a wielopoziomowo \u2013 wyg\u0142adza sk\u00f3r\u0119, poprawia jej elastyczno\u015b\u0107 i wspiera regeneracj\u0119. Delikatna, ale skuteczna esencja wype\u0142nia struktur\u0119 sk\u00f3ry sk\u0142adnikami aktywnymi, kt\u00f3re przywracaj\u0105 cerze m\u0142odzie\u0144czy blask i spr\u0119\u017cysto\u015b\u0107. Korzy\u015bci ze &#8230; <a title=\"MEDIHEAL Retinol Collagen Cream Lifting Mask 30 ml &#8211; uj\u0119drniaj\u0105ca maska w p\u0142achcie\" class=\"read-more\" href=\"https:\/\/admincentral.selleetools.com\/pl\/product\/mediheal-retinol-collagen-cream-lifting-mask-30-ml-ujedrniajaca-maska-w-plachcie\/\">Read more<span class=\"screen-reader-text\">MEDIHEAL Retinol Collagen Cream Lifting Mask 30 ml &#8211; uj\u0119drniaj\u0105ca maska w p\u0142achcie<\/span><\/a><\/p>\n","protected":false},"featured_media":607603,"comment_status":"open","ping_status":"closed","template":"","meta":{"_links_to":"","_links_to_target":""},"yoast_head":"<!-- This site is optimized with the Yoast SEO plugin v19.4 - https:\/\/yoast.com\/wordpress\/plugins\/seo\/ -->\n<title>MEDIHEAL Retinol Collagen Cream Lifting Mask 30 ml - uj\u0119drniaj\u0105ca maska w p\u0142achcie - Selleetools.com<\/title>\n<meta name=\"robots\" content=\"index, follow, max-snippet:-1, max-image-preview:large, max-video-preview:-1\" \/>\n<link rel=\"canonical\" href=\"https:\/\/admincentral.selleetools.com\/pl\/product\/mediheal-retinol-collagen-cream-lifting-mask-30-ml-ujedrniajaca-maska-w-plachcie\/\" \/>\n<meta property=\"og:locale\" content=\"pl_PL\" \/>\n<meta property=\"og:type\" content=\"article\" \/>\n<meta property=\"og:title\" content=\"MEDIHEAL Retinol Collagen Cream Lifting Mask 30 ml - uj\u0119drniaj\u0105ca maska w p\u0142achcie - Selleetools.com\" \/>\n<meta property=\"og:description\" content=\"Kremowa maska w p\u0142achcie MEDIHEAL Retinol Collagen Cream Lifting Mask to intensywnie piel\u0119gnuj\u0105cy produkt o dzia\u0142aniu liftinguj\u0105cym i uj\u0119drniaj\u0105cym. Formu\u0142a oparta na retinolu, kolagenie i ceramidach dzia\u0142a wielopoziomowo \u2013 wyg\u0142adza sk\u00f3r\u0119, poprawia jej elastyczno\u015b\u0107 i wspiera regeneracj\u0119. Delikatna, ale skuteczna esencja wype\u0142nia struktur\u0119 sk\u00f3ry sk\u0142adnikami aktywnymi, kt\u00f3re przywracaj\u0105 cerze m\u0142odzie\u0144czy blask i spr\u0119\u017cysto\u015b\u0107. Korzy\u015bci ze ... Read moreMEDIHEAL Retinol Collagen Cream Lifting Mask 30 ml &#8211; uj\u0119drniaj\u0105ca maska w p\u0142achcie\" \/>\n<meta property=\"og:url\" content=\"https:\/\/admincentral.selleetools.com\/pl\/product\/mediheal-retinol-collagen-cream-lifting-mask-30-ml-ujedrniajaca-maska-w-plachcie\/\" \/>\n<meta property=\"og:site_name\" content=\"Selleetools.com\" \/>\n<meta property=\"article:modified_time\" content=\"2025-11-04T20:13:59+00:00\" \/>\n<meta property=\"og:image\" content=\"https:\/\/selleetools.com\/wp-content\/uploads\/2025\/10\/e7ef9d95dc7d18cdd7ef13a2c60c2ec0.jpg\" \/>\n\t<meta property=\"og:image:width\" content=\"1000\" \/>\n\t<meta property=\"og:image:height\" content=\"1000\" \/>\n\t<meta property=\"og:image:type\" content=\"image\/jpeg\" \/>\n<meta name=\"twitter:card\" content=\"summary_large_image\" \/>\n<meta name=\"twitter:label1\" content=\"Est. reading time\" \/>\n\t<meta name=\"twitter:data1\" content=\"1 minuta\" \/>\n<!-- \/ Yoast SEO plugin. -->","yoast_head_json":{"title":"MEDIHEAL Retinol Collagen Cream Lifting Mask 30 ml - uj\u0119drniaj\u0105ca maska w p\u0142achcie - Selleetools.com","robots":{"index":"index","follow":"follow","max-snippet":"max-snippet:-1","max-image-preview":"max-image-preview:large","max-video-preview":"max-video-preview:-1"},"canonical":"https:\/\/admincentral.selleetools.com\/pl\/product\/mediheal-retinol-collagen-cream-lifting-mask-30-ml-ujedrniajaca-maska-w-plachcie\/","og_locale":"pl_PL","og_type":"article","og_title":"MEDIHEAL Retinol Collagen Cream Lifting Mask 30 ml - uj\u0119drniaj\u0105ca maska w p\u0142achcie - Selleetools.com","og_description":"Kremowa maska w p\u0142achcie MEDIHEAL Retinol Collagen Cream Lifting Mask to intensywnie piel\u0119gnuj\u0105cy produkt o dzia\u0142aniu liftinguj\u0105cym i uj\u0119drniaj\u0105cym. Formu\u0142a oparta na retinolu, kolagenie i ceramidach dzia\u0142a wielopoziomowo \u2013 wyg\u0142adza sk\u00f3r\u0119, poprawia jej elastyczno\u015b\u0107 i wspiera regeneracj\u0119. Delikatna, ale skuteczna esencja wype\u0142nia struktur\u0119 sk\u00f3ry sk\u0142adnikami aktywnymi, kt\u00f3re przywracaj\u0105 cerze m\u0142odzie\u0144czy blask i spr\u0119\u017cysto\u015b\u0107. Korzy\u015bci ze ... Read moreMEDIHEAL Retinol Collagen Cream Lifting Mask 30 ml &#8211; uj\u0119drniaj\u0105ca maska w p\u0142achcie","og_url":"https:\/\/admincentral.selleetools.com\/pl\/product\/mediheal-retinol-collagen-cream-lifting-mask-30-ml-ujedrniajaca-maska-w-plachcie\/","og_site_name":"Selleetools.com","article_modified_time":"2025-11-04T20:13:59+00:00","og_image":[{"width":1000,"height":1000,"url":"https:\/\/selleetools.com\/wp-content\/uploads\/2025\/10\/e7ef9d95dc7d18cdd7ef13a2c60c2ec0.jpg","type":"image\/jpeg"}],"twitter_card":"summary_large_image","twitter_misc":{"Est. reading time":"1 minuta"},"schema":{"@context":"https:\/\/schema.org","@graph":[{"@type":"Organization","@id":"https:\/\/selleetools.com\/#organization","name":"Selleetools","url":"https:\/\/selleetools.com\/","sameAs":[],"logo":{"@type":"ImageObject","inLanguage":"pl-PL","@id":"https:\/\/selleetools.com\/#\/schema\/logo\/image\/","url":"https:\/\/selleetools.com\/wp-content\/uploads\/2021\/10\/logo-dark.png","contentUrl":"https:\/\/selleetools.com\/wp-content\/uploads\/2021\/10\/logo-dark.png","width":320,"height":76,"caption":"Selleetools"},"image":{"@id":"https:\/\/selleetools.com\/#\/schema\/logo\/image\/"}},{"@type":"WebSite","@id":"https:\/\/selleetools.com\/#website","url":"https:\/\/selleetools.com\/","name":"Selleetools.com","description":"","publisher":{"@id":"https:\/\/selleetools.com\/#organization"},"potentialAction":[{"@type":"SearchAction","target":{"@type":"EntryPoint","urlTemplate":"https:\/\/selleetools.com\/?s={search_term_string}"},"query-input":"required name=search_term_string"}],"inLanguage":"pl-PL"},{"@type":"WebPage","@id":"https:\/\/admincentral.selleetools.com\/pl\/product\/mediheal-retinol-collagen-cream-lifting-mask-30-ml-ujedrniajaca-maska-w-plachcie\/","url":"https:\/\/admincentral.selleetools.com\/pl\/product\/mediheal-retinol-collagen-cream-lifting-mask-30-ml-ujedrniajaca-maska-w-plachcie\/","name":"MEDIHEAL Retinol Collagen Cream Lifting Mask 30 ml - uj\u0119drniaj\u0105ca maska w p\u0142achcie - Selleetools.com","isPartOf":{"@id":"https:\/\/selleetools.com\/#website"},"datePublished":"2025-10-24T12:06:43+00:00","dateModified":"2025-11-04T20:13:59+00:00","breadcrumb":{"@id":"https:\/\/admincentral.selleetools.com\/pl\/product\/mediheal-retinol-collagen-cream-lifting-mask-30-ml-ujedrniajaca-maska-w-plachcie\/#breadcrumb"},"inLanguage":"pl-PL","potentialAction":[{"@type":"ReadAction","target":["https:\/\/admincentral.selleetools.com\/pl\/product\/mediheal-retinol-collagen-cream-lifting-mask-30-ml-ujedrniajaca-maska-w-plachcie\/"]}]},{"@type":"BreadcrumbList","@id":"https:\/\/admincentral.selleetools.com\/pl\/product\/mediheal-retinol-collagen-cream-lifting-mask-30-ml-ujedrniajaca-maska-w-plachcie\/#breadcrumb","itemListElement":[{"@type":"ListItem","position":1,"name":"Home","item":"https:\/\/selleetools.com\/pl\/"},{"@type":"ListItem","position":2,"name":"Katalog","item":"https:\/\/selleetools.com\/pl\/katalog\/"},{"@type":"ListItem","position":3,"name":"MEDIHEAL Retinol Collagen Cream Lifting Mask 30 ml &#8211; uj\u0119drniaj\u0105ca maska w p\u0142achcie"}]}]}},"_links":{"self":[{"href":"https:\/\/admincentral.selleetools.com\/pl\/wp-json\/wp\/v2\/product\/607605"}],"collection":[{"href":"https:\/\/admincentral.selleetools.com\/pl\/wp-json\/wp\/v2\/product"}],"about":[{"href":"https:\/\/admincentral.selleetools.com\/pl\/wp-json\/wp\/v2\/types\/product"}],"replies":[{"embeddable":true,"href":"https:\/\/admincentral.selleetools.com\/pl\/wp-json\/wp\/v2\/comments?post=607605"}],"wp:featuredmedia":[{"embeddable":true,"href":"https:\/\/admincentral.selleetools.com\/pl\/wp-json\/wp\/v2\/media\/607603"}],"wp:attachment":[{"href":"https:\/\/admincentral.selleetools.com\/pl\/wp-json\/wp\/v2\/media?parent=607605"}],"curies":[{"name":"wp","href":"https:\/\/api.w.org\/{rel}","templated":true}]}}