{"id":607632,"date":"2025-10-24T14:07:05","date_gmt":"2025-10-24T12:07:05","guid":{"rendered":"https:\/\/selleetools.com\/?post_type=product&#038;p=607632"},"modified":"2026-03-03T11:18:56","modified_gmt":"2026-03-03T10:18:56","slug":"biodance-hydro-ceramide-cleansing-powder-30szt-30-g-delikatny-puder-oczyszczajacy","status":"publish","type":"product","link":"https:\/\/admincentral.selleetools.com\/pl\/product\/biodance-hydro-ceramide-cleansing-powder-30szt-30-g-delikatny-puder-oczyszczajacy\/","title":{"rendered":"BIODANCE Hydro Ceramide Cleansing Powder, 30szt (30 g) &#8211; delikatny puder oczyszczaj\u0105cy"},"content":{"rendered":"<p>BIODANCE Hydro Ceramide Cleansing Powder to innowacyjny, delikatny puder oczyszczaj\u0105cy w pojedynczych saszetkach, kt\u00f3ry po kontakcie z wod\u0105 zamienia si\u0119 w mi\u0119kk\u0105, kremow\u0105 piank\u0119. \u0141\u0105czy skuteczne, ale \u0142agodne substancje myj\u0105ce z kompleksem ceramid\u00f3w i kwas\u00f3w hialuronowych, zapewniaj\u0105c jednocze\u015bnie oczyszczenie i g\u0142\u0119bok\u0105 piel\u0119gnacj\u0119 bariery hydrolipidowej sk\u00f3ry. Dzi\u0119ki zawarto\u015bci enzymu papainy i probiotycznych ferment\u00f3w, produkt dzia\u0142a z\u0142uszczaj\u0105co, wyg\u0142adzaj\u0105co i nawil\u017caj\u0105co \u2013 idealny nawet dla wra\u017cliwej i suchej sk\u00f3ry.<\/p>\n<p>Korzy\u015bci dla sk\u00f3ry<br \/>\nDelikatne, ale skuteczne oczyszczenie bez podra\u017cnie\u0144<br \/>\nOdbudowa bariery ochronnej dzi\u0119ki ceramidom (NP, NS, EOP, AP, AS), cholesterolowi i fitosfingozynie<br \/>\nDog\u0142\u0119bne nawil\u017cenie dzi\u0119ki 8 formom kwasu hialuronowego<br \/>\nWyg\u0142adzenie i lekkie z\u0142uszczenie \u2013 enzym papainowy usuwa martwe kom\u00f3rki nask\u00f3rka<br \/>\nWsparcie mikrobiomu i ukojenie dzi\u0119ki fermentom Bifida, Lactobacillus i Lactococcus<br \/>\nWygodna forma w saszetkach \u2013 idealna na co dzie\u0144 i w podr\u00f3\u017cy<\/p>\n<p>Spos\u00f3b u\u017cycia: Otw\u00f3rz jedn\u0105 saszetk\u0119 i wsyp proszek na wilgotn\u0105 d\u0142o\u0144. Dodaj kilka kropel wody i spie\u0144 produkt, a\u017c powstanie kremowa pianka. Delikatnie masuj twarz kolistymi ruchami, omijaj\u0105c okolice oczu. Sp\u0142ucz letni\u0105 wod\u0105. U\u017cywaj codziennie, rano i wieczorem, jako pierwszy lub drugi etap oczyszczania.<\/p>\n","protected":false},"excerpt":{"rendered":"<p>BIODANCE Hydro Ceramide Cleansing Powder to innowacyjny, delikatny puder oczyszczaj\u0105cy w pojedynczych saszetkach, kt\u00f3ry po kontakcie z wod\u0105 zamienia si\u0119 w mi\u0119kk\u0105, kremow\u0105 piank\u0119. \u0141\u0105czy skuteczne, ale \u0142agodne substancje myj\u0105ce z kompleksem ceramid\u00f3w i kwas\u00f3w hialuronowych, zapewniaj\u0105c jednocze\u015bnie oczyszczenie i g\u0142\u0119bok\u0105 piel\u0119gnacj\u0119 bariery hydrolipidowej sk\u00f3ry. Dzi\u0119ki zawarto\u015bci enzymu papainy i probiotycznych ferment\u00f3w, produkt dzia\u0142a z\u0142uszczaj\u0105co, &#8230; <a title=\"BIODANCE Hydro Ceramide Cleansing Powder, 30szt (30 g) &#8211; delikatny puder oczyszczaj\u0105cy\" class=\"read-more\" href=\"https:\/\/admincentral.selleetools.com\/pl\/product\/biodance-hydro-ceramide-cleansing-powder-30szt-30-g-delikatny-puder-oczyszczajacy\/\">Read more<span class=\"screen-reader-text\">BIODANCE Hydro Ceramide Cleansing Powder, 30szt (30 g) &#8211; delikatny puder oczyszczaj\u0105cy<\/span><\/a><\/p>\n","protected":false},"featured_media":607630,"comment_status":"open","ping_status":"closed","template":"","meta":{"_links_to":"","_links_to_target":""},"yoast_head":"<!-- This site is optimized with the Yoast SEO plugin v19.4 - https:\/\/yoast.com\/wordpress\/plugins\/seo\/ -->\n<title>BIODANCE Hydro Ceramide Cleansing Powder, 30szt (30 g) - delikatny puder oczyszczaj\u0105cy - Selleetools.com<\/title>\n<meta name=\"robots\" content=\"index, follow, max-snippet:-1, max-image-preview:large, max-video-preview:-1\" \/>\n<link rel=\"canonical\" href=\"https:\/\/admincentral.selleetools.com\/product\/biodance-hydro-ceramide-cleansing-powder-30szt-30-g-delikatny-puder-oczyszczajacy\/\" \/>\n<meta property=\"og:locale\" content=\"pl_PL\" \/>\n<meta property=\"og:type\" content=\"article\" \/>\n<meta property=\"og:title\" content=\"BIODANCE Hydro Ceramide Cleansing Powder, 30szt (30 g) - delikatny puder oczyszczaj\u0105cy - Selleetools.com\" \/>\n<meta property=\"og:description\" content=\"BIODANCE Hydro Ceramide Cleansing Powder to innowacyjny, delikatny puder oczyszczaj\u0105cy w pojedynczych saszetkach, kt\u00f3ry po kontakcie z wod\u0105 zamienia si\u0119 w mi\u0119kk\u0105, kremow\u0105 piank\u0119. \u0141\u0105czy skuteczne, ale \u0142agodne substancje myj\u0105ce z kompleksem ceramid\u00f3w i kwas\u00f3w hialuronowych, zapewniaj\u0105c jednocze\u015bnie oczyszczenie i g\u0142\u0119bok\u0105 piel\u0119gnacj\u0119 bariery hydrolipidowej sk\u00f3ry. Dzi\u0119ki zawarto\u015bci enzymu papainy i probiotycznych ferment\u00f3w, produkt dzia\u0142a z\u0142uszczaj\u0105co, ... Read moreBIODANCE Hydro Ceramide Cleansing Powder, 30szt (30 g) &#8211; delikatny puder oczyszczaj\u0105cy\" \/>\n<meta property=\"og:url\" content=\"https:\/\/admincentral.selleetools.com\/product\/biodance-hydro-ceramide-cleansing-powder-30szt-30-g-delikatny-puder-oczyszczajacy\/\" \/>\n<meta property=\"og:site_name\" content=\"Selleetools.com\" \/>\n<meta property=\"article:modified_time\" content=\"2026-03-03T10:18:56+00:00\" \/>\n<meta property=\"og:image\" content=\"https:\/\/selleetools.com\/wp-content\/uploads\/2025\/10\/db5fb2005a4d802dfd8b804b9f15dba4.jpg\" \/>\n\t<meta property=\"og:image:width\" content=\"1000\" \/>\n\t<meta property=\"og:image:height\" content=\"1000\" \/>\n\t<meta property=\"og:image:type\" content=\"image\/jpeg\" \/>\n<meta name=\"twitter:card\" content=\"summary_large_image\" \/>\n<meta name=\"twitter:label1\" content=\"Est. reading time\" \/>\n\t<meta name=\"twitter:data1\" content=\"1 minuta\" \/>\n<!-- \/ Yoast SEO plugin. -->","yoast_head_json":{"title":"BIODANCE Hydro Ceramide Cleansing Powder, 30szt (30 g) - delikatny puder oczyszczaj\u0105cy - Selleetools.com","robots":{"index":"index","follow":"follow","max-snippet":"max-snippet:-1","max-image-preview":"max-image-preview:large","max-video-preview":"max-video-preview:-1"},"canonical":"https:\/\/admincentral.selleetools.com\/product\/biodance-hydro-ceramide-cleansing-powder-30szt-30-g-delikatny-puder-oczyszczajacy\/","og_locale":"pl_PL","og_type":"article","og_title":"BIODANCE Hydro Ceramide Cleansing Powder, 30szt (30 g) - delikatny puder oczyszczaj\u0105cy - Selleetools.com","og_description":"BIODANCE Hydro Ceramide Cleansing Powder to innowacyjny, delikatny puder oczyszczaj\u0105cy w pojedynczych saszetkach, kt\u00f3ry po kontakcie z wod\u0105 zamienia si\u0119 w mi\u0119kk\u0105, kremow\u0105 piank\u0119. \u0141\u0105czy skuteczne, ale \u0142agodne substancje myj\u0105ce z kompleksem ceramid\u00f3w i kwas\u00f3w hialuronowych, zapewniaj\u0105c jednocze\u015bnie oczyszczenie i g\u0142\u0119bok\u0105 piel\u0119gnacj\u0119 bariery hydrolipidowej sk\u00f3ry. Dzi\u0119ki zawarto\u015bci enzymu papainy i probiotycznych ferment\u00f3w, produkt dzia\u0142a z\u0142uszczaj\u0105co, ... Read moreBIODANCE Hydro Ceramide Cleansing Powder, 30szt (30 g) &#8211; delikatny puder oczyszczaj\u0105cy","og_url":"https:\/\/admincentral.selleetools.com\/product\/biodance-hydro-ceramide-cleansing-powder-30szt-30-g-delikatny-puder-oczyszczajacy\/","og_site_name":"Selleetools.com","article_modified_time":"2026-03-03T10:18:56+00:00","og_image":[{"width":1000,"height":1000,"url":"https:\/\/selleetools.com\/wp-content\/uploads\/2025\/10\/db5fb2005a4d802dfd8b804b9f15dba4.jpg","type":"image\/jpeg"}],"twitter_card":"summary_large_image","twitter_misc":{"Est. reading time":"1 minuta"},"schema":{"@context":"https:\/\/schema.org","@graph":[{"@type":"Organization","@id":"https:\/\/selleetools.com\/#organization","name":"Selleetools","url":"https:\/\/selleetools.com\/","sameAs":[],"logo":{"@type":"ImageObject","inLanguage":"pl-PL","@id":"https:\/\/selleetools.com\/#\/schema\/logo\/image\/","url":"https:\/\/selleetools.com\/wp-content\/uploads\/2021\/10\/logo-dark.png","contentUrl":"https:\/\/selleetools.com\/wp-content\/uploads\/2021\/10\/logo-dark.png","width":320,"height":76,"caption":"Selleetools"},"image":{"@id":"https:\/\/selleetools.com\/#\/schema\/logo\/image\/"}},{"@type":"WebSite","@id":"https:\/\/selleetools.com\/#website","url":"https:\/\/selleetools.com\/","name":"Selleetools.com","description":"","publisher":{"@id":"https:\/\/selleetools.com\/#organization"},"potentialAction":[{"@type":"SearchAction","target":{"@type":"EntryPoint","urlTemplate":"https:\/\/selleetools.com\/?s={search_term_string}"},"query-input":"required name=search_term_string"}],"inLanguage":"pl-PL"},{"@type":"WebPage","@id":"https:\/\/admincentral.selleetools.com\/product\/biodance-hydro-ceramide-cleansing-powder-30szt-30-g-delikatny-puder-oczyszczajacy\/","url":"https:\/\/admincentral.selleetools.com\/product\/biodance-hydro-ceramide-cleansing-powder-30szt-30-g-delikatny-puder-oczyszczajacy\/","name":"BIODANCE Hydro Ceramide Cleansing Powder, 30szt (30 g) - delikatny puder oczyszczaj\u0105cy - Selleetools.com","isPartOf":{"@id":"https:\/\/selleetools.com\/#website"},"datePublished":"2025-10-24T12:07:05+00:00","dateModified":"2026-03-03T10:18:56+00:00","breadcrumb":{"@id":"https:\/\/admincentral.selleetools.com\/product\/biodance-hydro-ceramide-cleansing-powder-30szt-30-g-delikatny-puder-oczyszczajacy\/#breadcrumb"},"inLanguage":"pl-PL","potentialAction":[{"@type":"ReadAction","target":["https:\/\/admincentral.selleetools.com\/product\/biodance-hydro-ceramide-cleansing-powder-30szt-30-g-delikatny-puder-oczyszczajacy\/"]}]},{"@type":"BreadcrumbList","@id":"https:\/\/admincentral.selleetools.com\/product\/biodance-hydro-ceramide-cleansing-powder-30szt-30-g-delikatny-puder-oczyszczajacy\/#breadcrumb","itemListElement":[{"@type":"ListItem","position":1,"name":"Home","item":"https:\/\/selleetools.com\/pl\/"},{"@type":"ListItem","position":2,"name":"Katalog","item":"https:\/\/selleetools.com\/pl\/katalog\/"},{"@type":"ListItem","position":3,"name":"BIODANCE Hydro Ceramide Cleansing Powder, 30szt (30 g) &#8211; delikatny puder oczyszczaj\u0105cy"}]}]}},"_links":{"self":[{"href":"https:\/\/admincentral.selleetools.com\/pl\/wp-json\/wp\/v2\/product\/607632"}],"collection":[{"href":"https:\/\/admincentral.selleetools.com\/pl\/wp-json\/wp\/v2\/product"}],"about":[{"href":"https:\/\/admincentral.selleetools.com\/pl\/wp-json\/wp\/v2\/types\/product"}],"replies":[{"embeddable":true,"href":"https:\/\/admincentral.selleetools.com\/pl\/wp-json\/wp\/v2\/comments?post=607632"}],"wp:featuredmedia":[{"embeddable":true,"href":"https:\/\/admincentral.selleetools.com\/pl\/wp-json\/wp\/v2\/media\/607630"}],"wp:attachment":[{"href":"https:\/\/admincentral.selleetools.com\/pl\/wp-json\/wp\/v2\/media?parent=607632"}],"curies":[{"name":"wp","href":"https:\/\/api.w.org\/{rel}","templated":true}]}}