{"id":607635,"date":"2025-10-24T14:07:07","date_gmt":"2025-10-24T12:07:07","guid":{"rendered":"https:\/\/selleetools.com\/?post_type=product&#038;p=607635"},"modified":"2025-11-04T21:14:33","modified_gmt":"2025-11-04T20:14:33","slug":"biodance-soothing-barrier-cleansing-foam-120-ml-lagodna-pianka-oczyszczajaca","status":"publish","type":"product","link":"https:\/\/admincentral.selleetools.com\/pl\/product\/biodance-soothing-barrier-cleansing-foam-120-ml-lagodna-pianka-oczyszczajaca\/","title":{"rendered":"BIODANCE Soothing Barrier Cleansing Foam 120 ml &#8211; \u0142agodna pianka oczyszczaj\u0105ca"},"content":{"rendered":"<p>BIODANCE Soothing Barrier Cleansing Foam to \u0142agodna pianka oczyszczaj\u0105ca stworzona z my\u015bl\u0105 o wra\u017cliwej i reaktywnej sk\u00f3rze. Delikatne substancje myj\u0105ce pochodzenia ro\u015blinnego w po\u0142\u0105czeniu z panthenolem, ekstraktami ro\u015blinnymi i prebiotykami skutecznie usuwaj\u0105 zanieczyszczenia, jednocze\u015bnie wspieraj\u0105c naturaln\u0105 barier\u0119 ochronn\u0105 sk\u00f3ry. Formu\u0142a wzbogacona o zielon\u0105 herbat\u0119, chlorell\u0119 i naturalne olejki eteryczne dzia\u0142a koj\u0105co, przeciwzapalnie i antyoksydacyjnie.<\/p>\n<p>Korzy\u015bci dla sk\u00f3ry:<br \/>\nDelikatne oczyszczenie bez podra\u017cnie\u0144 dzi\u0119ki \u0142agodnym sk\u0142adnikom myj\u0105cym (Coco-Betaine, Potassium Cocoyl Glycinate)<br \/>\nWzmocnienie i ukojenie sk\u00f3ry \u2013 panthenol, ekstrakt z zielonej herbaty, chlorella<br \/>\nDzia\u0142anie przeciwzapalne i antybakteryjne \u2013 olejki eteryczne (cedrowy, rumiankowy, rozmarynowy, sza\u0142wiowy)<br \/>\nNawil\u017cenie i ochrona bariery hydrolipidowej \u2013 fruktooligosacharydy, betaina i gliceryna<br \/>\nWsparcie dla sk\u00f3ry wra\u017cliwej, przesuszonej i reaktywnej dzi\u0119ki ekstraktom z hibiskusa, lotosu, angeliki i dzikiego pochrzynu<\/p>\n<p>Spos\u00f3b u\u017cycia: Nanie\u015b niewielk\u0105 ilo\u015b\u0107 pianki na zwil\u017con\u0105 sk\u00f3r\u0119 twarzy. Masuj delikatnie kolistymi ruchami, a nast\u0119pnie sp\u0142ucz letni\u0105 wod\u0105. Stosuj rano i wieczorem jako codzienny krok oczyszczaj\u0105cy \u2013 idealny r\u00f3wnie\u017c jako drugi etap demakija\u017cu.<\/p>\n","protected":false},"excerpt":{"rendered":"<p>BIODANCE Soothing Barrier Cleansing Foam to \u0142agodna pianka oczyszczaj\u0105ca stworzona z my\u015bl\u0105 o wra\u017cliwej i reaktywnej sk\u00f3rze. Delikatne substancje myj\u0105ce pochodzenia ro\u015blinnego w po\u0142\u0105czeniu z panthenolem, ekstraktami ro\u015blinnymi i prebiotykami skutecznie usuwaj\u0105 zanieczyszczenia, jednocze\u015bnie wspieraj\u0105c naturaln\u0105 barier\u0119 ochronn\u0105 sk\u00f3ry. Formu\u0142a wzbogacona o zielon\u0105 herbat\u0119, chlorell\u0119 i naturalne olejki eteryczne dzia\u0142a koj\u0105co, przeciwzapalnie i antyoksydacyjnie. Korzy\u015bci &#8230; <a title=\"BIODANCE Soothing Barrier Cleansing Foam 120 ml &#8211; \u0142agodna pianka oczyszczaj\u0105ca\" class=\"read-more\" href=\"https:\/\/admincentral.selleetools.com\/pl\/product\/biodance-soothing-barrier-cleansing-foam-120-ml-lagodna-pianka-oczyszczajaca\/\">Read more<span class=\"screen-reader-text\">BIODANCE Soothing Barrier Cleansing Foam 120 ml &#8211; \u0142agodna pianka oczyszczaj\u0105ca<\/span><\/a><\/p>\n","protected":false},"featured_media":607633,"comment_status":"open","ping_status":"closed","template":"","meta":{"_links_to":"","_links_to_target":""},"yoast_head":"<!-- This site is optimized with the Yoast SEO plugin v19.4 - https:\/\/yoast.com\/wordpress\/plugins\/seo\/ -->\n<title>BIODANCE Soothing Barrier Cleansing Foam 120 ml - \u0142agodna pianka oczyszczaj\u0105ca - Selleetools.com<\/title>\n<meta name=\"robots\" content=\"index, follow, max-snippet:-1, max-image-preview:large, max-video-preview:-1\" \/>\n<link rel=\"canonical\" href=\"https:\/\/admincentral.selleetools.com\/pl\/product\/biodance-soothing-barrier-cleansing-foam-120-ml-lagodna-pianka-oczyszczajaca\/\" \/>\n<meta property=\"og:locale\" content=\"pl_PL\" \/>\n<meta property=\"og:type\" content=\"article\" \/>\n<meta property=\"og:title\" content=\"BIODANCE Soothing Barrier Cleansing Foam 120 ml - \u0142agodna pianka oczyszczaj\u0105ca - Selleetools.com\" \/>\n<meta property=\"og:description\" content=\"BIODANCE Soothing Barrier Cleansing Foam to \u0142agodna pianka oczyszczaj\u0105ca stworzona z my\u015bl\u0105 o wra\u017cliwej i reaktywnej sk\u00f3rze. Delikatne substancje myj\u0105ce pochodzenia ro\u015blinnego w po\u0142\u0105czeniu z panthenolem, ekstraktami ro\u015blinnymi i prebiotykami skutecznie usuwaj\u0105 zanieczyszczenia, jednocze\u015bnie wspieraj\u0105c naturaln\u0105 barier\u0119 ochronn\u0105 sk\u00f3ry. Formu\u0142a wzbogacona o zielon\u0105 herbat\u0119, chlorell\u0119 i naturalne olejki eteryczne dzia\u0142a koj\u0105co, przeciwzapalnie i antyoksydacyjnie. Korzy\u015bci ... Read moreBIODANCE Soothing Barrier Cleansing Foam 120 ml &#8211; \u0142agodna pianka oczyszczaj\u0105ca\" \/>\n<meta property=\"og:url\" content=\"https:\/\/admincentral.selleetools.com\/pl\/product\/biodance-soothing-barrier-cleansing-foam-120-ml-lagodna-pianka-oczyszczajaca\/\" \/>\n<meta property=\"og:site_name\" content=\"Selleetools.com\" \/>\n<meta property=\"article:modified_time\" content=\"2025-11-04T20:14:33+00:00\" \/>\n<meta property=\"og:image\" content=\"https:\/\/selleetools.com\/wp-content\/uploads\/2025\/10\/84f689627b37f363c3ec7e391c727e13.jpg\" \/>\n\t<meta property=\"og:image:width\" content=\"1000\" \/>\n\t<meta property=\"og:image:height\" content=\"1000\" \/>\n\t<meta property=\"og:image:type\" content=\"image\/jpeg\" \/>\n<meta name=\"twitter:card\" content=\"summary_large_image\" \/>\n<meta name=\"twitter:label1\" content=\"Est. reading time\" \/>\n\t<meta name=\"twitter:data1\" content=\"1 minuta\" \/>\n<!-- \/ Yoast SEO plugin. -->","yoast_head_json":{"title":"BIODANCE Soothing Barrier Cleansing Foam 120 ml - \u0142agodna pianka oczyszczaj\u0105ca - Selleetools.com","robots":{"index":"index","follow":"follow","max-snippet":"max-snippet:-1","max-image-preview":"max-image-preview:large","max-video-preview":"max-video-preview:-1"},"canonical":"https:\/\/admincentral.selleetools.com\/pl\/product\/biodance-soothing-barrier-cleansing-foam-120-ml-lagodna-pianka-oczyszczajaca\/","og_locale":"pl_PL","og_type":"article","og_title":"BIODANCE Soothing Barrier Cleansing Foam 120 ml - \u0142agodna pianka oczyszczaj\u0105ca - Selleetools.com","og_description":"BIODANCE Soothing Barrier Cleansing Foam to \u0142agodna pianka oczyszczaj\u0105ca stworzona z my\u015bl\u0105 o wra\u017cliwej i reaktywnej sk\u00f3rze. Delikatne substancje myj\u0105ce pochodzenia ro\u015blinnego w po\u0142\u0105czeniu z panthenolem, ekstraktami ro\u015blinnymi i prebiotykami skutecznie usuwaj\u0105 zanieczyszczenia, jednocze\u015bnie wspieraj\u0105c naturaln\u0105 barier\u0119 ochronn\u0105 sk\u00f3ry. Formu\u0142a wzbogacona o zielon\u0105 herbat\u0119, chlorell\u0119 i naturalne olejki eteryczne dzia\u0142a koj\u0105co, przeciwzapalnie i antyoksydacyjnie. Korzy\u015bci ... Read moreBIODANCE Soothing Barrier Cleansing Foam 120 ml &#8211; \u0142agodna pianka oczyszczaj\u0105ca","og_url":"https:\/\/admincentral.selleetools.com\/pl\/product\/biodance-soothing-barrier-cleansing-foam-120-ml-lagodna-pianka-oczyszczajaca\/","og_site_name":"Selleetools.com","article_modified_time":"2025-11-04T20:14:33+00:00","og_image":[{"width":1000,"height":1000,"url":"https:\/\/selleetools.com\/wp-content\/uploads\/2025\/10\/84f689627b37f363c3ec7e391c727e13.jpg","type":"image\/jpeg"}],"twitter_card":"summary_large_image","twitter_misc":{"Est. reading time":"1 minuta"},"schema":{"@context":"https:\/\/schema.org","@graph":[{"@type":"Organization","@id":"https:\/\/selleetools.com\/#organization","name":"Selleetools","url":"https:\/\/selleetools.com\/","sameAs":[],"logo":{"@type":"ImageObject","inLanguage":"pl-PL","@id":"https:\/\/selleetools.com\/#\/schema\/logo\/image\/","url":"https:\/\/selleetools.com\/wp-content\/uploads\/2021\/10\/logo-dark.png","contentUrl":"https:\/\/selleetools.com\/wp-content\/uploads\/2021\/10\/logo-dark.png","width":320,"height":76,"caption":"Selleetools"},"image":{"@id":"https:\/\/selleetools.com\/#\/schema\/logo\/image\/"}},{"@type":"WebSite","@id":"https:\/\/selleetools.com\/#website","url":"https:\/\/selleetools.com\/","name":"Selleetools.com","description":"","publisher":{"@id":"https:\/\/selleetools.com\/#organization"},"potentialAction":[{"@type":"SearchAction","target":{"@type":"EntryPoint","urlTemplate":"https:\/\/selleetools.com\/?s={search_term_string}"},"query-input":"required name=search_term_string"}],"inLanguage":"pl-PL"},{"@type":"WebPage","@id":"https:\/\/admincentral.selleetools.com\/pl\/product\/biodance-soothing-barrier-cleansing-foam-120-ml-lagodna-pianka-oczyszczajaca\/","url":"https:\/\/admincentral.selleetools.com\/pl\/product\/biodance-soothing-barrier-cleansing-foam-120-ml-lagodna-pianka-oczyszczajaca\/","name":"BIODANCE Soothing Barrier Cleansing Foam 120 ml - \u0142agodna pianka oczyszczaj\u0105ca - Selleetools.com","isPartOf":{"@id":"https:\/\/selleetools.com\/#website"},"datePublished":"2025-10-24T12:07:07+00:00","dateModified":"2025-11-04T20:14:33+00:00","breadcrumb":{"@id":"https:\/\/admincentral.selleetools.com\/pl\/product\/biodance-soothing-barrier-cleansing-foam-120-ml-lagodna-pianka-oczyszczajaca\/#breadcrumb"},"inLanguage":"pl-PL","potentialAction":[{"@type":"ReadAction","target":["https:\/\/admincentral.selleetools.com\/pl\/product\/biodance-soothing-barrier-cleansing-foam-120-ml-lagodna-pianka-oczyszczajaca\/"]}]},{"@type":"BreadcrumbList","@id":"https:\/\/admincentral.selleetools.com\/pl\/product\/biodance-soothing-barrier-cleansing-foam-120-ml-lagodna-pianka-oczyszczajaca\/#breadcrumb","itemListElement":[{"@type":"ListItem","position":1,"name":"Home","item":"https:\/\/selleetools.com\/pl\/"},{"@type":"ListItem","position":2,"name":"Katalog","item":"https:\/\/selleetools.com\/pl\/katalog\/"},{"@type":"ListItem","position":3,"name":"BIODANCE Soothing Barrier Cleansing Foam 120 ml &#8211; \u0142agodna pianka oczyszczaj\u0105ca"}]}]}},"_links":{"self":[{"href":"https:\/\/admincentral.selleetools.com\/pl\/wp-json\/wp\/v2\/product\/607635"}],"collection":[{"href":"https:\/\/admincentral.selleetools.com\/pl\/wp-json\/wp\/v2\/product"}],"about":[{"href":"https:\/\/admincentral.selleetools.com\/pl\/wp-json\/wp\/v2\/types\/product"}],"replies":[{"embeddable":true,"href":"https:\/\/admincentral.selleetools.com\/pl\/wp-json\/wp\/v2\/comments?post=607635"}],"wp:featuredmedia":[{"embeddable":true,"href":"https:\/\/admincentral.selleetools.com\/pl\/wp-json\/wp\/v2\/media\/607633"}],"wp:attachment":[{"href":"https:\/\/admincentral.selleetools.com\/pl\/wp-json\/wp\/v2\/media?parent=607635"}],"curies":[{"name":"wp","href":"https:\/\/api.w.org\/{rel}","templated":true}]}}