{"id":607727,"date":"2025-10-24T14:08:24","date_gmt":"2025-10-24T12:08:24","guid":{"rendered":"https:\/\/selleetools.com\/?post_type=product&#038;p=607727"},"modified":"2025-11-04T21:15:02","modified_gmt":"2025-11-04T20:15:02","slug":"biodance-radiant-vita-niacinamide-real-deep-mask-rozjasniajaca-maseczka-w-plachcie-z-niacynamidem-zestaw-4-szt","status":"publish","type":"product","link":"https:\/\/admincentral.selleetools.com\/pl\/product\/biodance-radiant-vita-niacinamide-real-deep-mask-rozjasniajaca-maseczka-w-plachcie-z-niacynamidem-zestaw-4-szt\/","title":{"rendered":"BIODANCE Radiant Vita Niacinamide Real Deep Mask &#8211; rozja\u015bniaj\u0105ca maseczka w p\u0142achcie z niacynamidem &#8211; zestaw 4 szt."},"content":{"rendered":"<section class=\"section\">\n<div class=\"item item-12\">\n<section class=\"text-item\">\n<p><b>BIODANCE Radiant Vita Niacinamide Real Deep Mask\u00a0 &#8211; rozja\u015bniaj\u0105ca maseczka w p\u0142achcie z niacynamidem &#8211; zestaw 4 szt.<\/b><\/p>\n<\/section>\n<\/div>\n<\/section>\n<section class=\"section\">\n<div class=\"item item-6\">\n<section class=\"image-item\"><img src=\"https:\/\/upload.cdn.baselinker.com\/products\/3013857\/1d6e4c3699d8245df278f7a698583621.jpg\" \/><\/section>\n<\/div>\n<div class=\"item item-6\">\n<section class=\"text-item\">\n<p>BIODANCE Radiant Vita Niacinamide Real Deep Mask to intensywnie dzia\u0142aj\u0105ca maseczka w p\u0142achcie, kt\u00f3ra \u0142\u0105czy\u00a0dzia\u0142anie rozja\u015bniaj\u0105ce, nawil\u017caj\u0105ce i regeneruj\u0105ce.\u00a0Wzbogacona o wod\u0119 z ananasa (100 000 ppm) i wysokie st\u0119\u017cenie niacynamidu (20 000 ppm), pomaga skutecznie\u00a0poprawi\u0107 koloryt sk\u00f3ry, rozja\u015bni\u0107 przebarwienia i przywr\u00f3ci\u0107 cerze naturalny blask.\u00a0Bogaty kompleks 5 form kwasu hialuronowego, glutation, adenozyna oraz ro\u015blinne ekstrakty dzia\u0142aj\u0105 synergicznie, aby\u00a0nawil\u017ca\u0107, wyg\u0142adza\u0107 i regenerowa\u0107 sk\u00f3r\u0119.\u00a0Idealna dla cery poszarza\u0142ej, zm\u0119czonej, z nier\u00f3wnym kolorytem.<\/p>\n<p>&nbsp;<\/p>\n<p>G\u0142\u00f3wne sk\u0142adniki aktywne:<\/p>\n<ul>\n<li>Niacynamid\u00a0\u2013 rozja\u015bnia przebarwienia, wyr\u00f3wnuje koloryt, dzia\u0142a przeciwzapalnie i wzmacnia barier\u0119 sk\u00f3ry.<\/li>\n<li>Woda z ananasa\u00a0\u2013 bogata w enzymy i witaminy, wspomaga z\u0142uszczanie martwych kom\u00f3rek i dodaje blasku.<\/li>\n<li>Kompleks kwasu hialuronowego (5 form)\u00a0\u2013 zapewnia intensywne, wielopoziomowe nawil\u017cenie<\/li>\n<li>Glutation\u00a0\u2013 silny antyoksydant, wspiera rozja\u015bnianie sk\u00f3ry i dzia\u0142a ochronnie.<\/li>\n<li>Adenozyna\u00a0\u2013 dzia\u0142a przeciwzmarszczkowo i poprawia elastyczno\u015b\u0107 sk\u00f3ry.<\/li>\n<li>Allantoina\u00a0\u2013 \u0142agodzi, koi i wspomaga regeneracj\u0119 sk\u00f3ry.<\/li>\n<li>Ekstrakty owocowe i ro\u015blinne\u00a0(gruszka, melon, rokitnik, kurkuma, r\u00f3\u017ca damasce\u0144ska, bluszcz, neem, bazylia, irys) \u2013 od\u017cywiaj\u0105, chroni\u0105 i regeneruj\u0105 sk\u00f3r\u0119.<\/li>\n<li>Witamina E\u00a0\u2013 dzia\u0142a antyoksydacyjnie i ochronnie.<\/li>\n<li>Gluconolakton\u00a0\u2013 \u0142agodny PHA, kt\u00f3ry delikatnie z\u0142uszcza i nawil\u017ca sk\u00f3r\u0119.<\/li>\n<\/ul>\n<\/section>\n<\/div>\n<\/section>\n<section class=\"section\">\n<div class=\"item item-6\">\n<section class=\"text-item\">\n<p>Korzy\u015bci dla sk\u00f3ry:<\/p>\n<ul>\n<li>Rozja\u015bnienie przebarwie\u0144 i wyr\u00f3wnanie kolorytu<\/li>\n<li>G\u0142\u0119bokie nawil\u017cenie i wyg\u0142adzenie sk\u00f3ry<\/li>\n<li>Redukcja oznak zm\u0119czenia i poprawa elastyczno\u015bci<\/li>\n<li>Wzmocnienie bariery sk\u00f3rnej i dzia\u0142anie antyoksydacyjne<\/li>\n<li>\u015awie\u017cy, promienny wygl\u0105d ju\u017c po jednym u\u017cyciu<\/li>\n<\/ul>\n<p>&nbsp;<\/p>\n<p>Typ cery:\u00a0ka\u017cdy typ cery, szczeg\u00f3lnie poszarza\u0142a, nier\u00f3wnomierna, sucha, zm\u0119czona<\/p>\n<p>&nbsp;<\/p>\n<p>Przeznaczenie:\u00a0do stosowania na noc 2\u20133 razy w tygodniu lub zawsze, gdy sk\u00f3ra potrzebuje intensywnej piel\u0119gnacji<\/p>\n<p>&nbsp;<\/p>\n<p>Konsystencja:\u00a0p\u0142achta nas\u0105czona lekkim, bogatym serum<\/p>\n<p>&nbsp;<\/p>\n<p>Zapach:\u00a0subtelnie owocowy<\/p>\n<p>&nbsp;<\/p>\n<p>Produkt:\u00a0kosmetyk wega\u0144ski, bez sztucznych barwnik\u00f3w<\/p>\n<p>&nbsp;<\/p>\n<p>Spos\u00f3b u\u017cycia:\u00a0Po oczyszczeniu i tonizacji na\u0142\u00f3\u017c maseczk\u0119 r\u00f3wnomiernie na twarz. Pozostaw na oko\u0142o 3h luc ca\u0142\u0105 noc.<\/p>\n<p>&nbsp;<\/p>\n<p>\u015arodki ostro\u017cno\u015bci:\u00a0Unikaj kontaktu z oczami. W przypadku podra\u017cnienia przerwij stosowanie. Produkt jednorazowego u\u017cytku.<\/p>\n<p>&nbsp;<\/p>\n<\/section>\n<\/div>\n<div class=\"item item-6\">\n<section class=\"image-item\"><img src=\"https:\/\/upload.cdn.baselinker.com\/products\/3013857\/858b8abd4fcf458144add6c5666f2136.jpg\" \/><\/section>\n<\/div>\n<\/section>\n<section class=\"section\">\n<div class=\"item item-6\">\n<section class=\"image-item\"><img src=\"https:\/\/upload.cdn.baselinker.com\/products\/3013857\/4fe4d94411ed5dcc1d9557cce535026d.jpg\" \/><\/section>\n<\/div>\n<div class=\"item item-6\">\n<section class=\"image-item\"><img src=\"https:\/\/upload.cdn.baselinker.com\/products\/3013857\/02750d4fb7e4f3c5bed77ce0d25cd66d.jpg\" \/><\/section>\n<\/div>\n<\/section>\n","protected":false},"excerpt":{"rendered":"<p>BIODANCE Radiant Vita Niacinamide Real Deep Mask\u00a0 &#8211; rozja\u015bniaj\u0105ca maseczka w p\u0142achcie z niacynamidem &#8211; zestaw 4 szt. BIODANCE Radiant Vita Niacinamide Real Deep Mask to intensywnie dzia\u0142aj\u0105ca maseczka w p\u0142achcie, kt\u00f3ra \u0142\u0105czy\u00a0dzia\u0142anie rozja\u015bniaj\u0105ce, nawil\u017caj\u0105ce i regeneruj\u0105ce.\u00a0Wzbogacona o wod\u0119 z ananasa (100 000 ppm) i wysokie st\u0119\u017cenie niacynamidu (20 000 ppm), pomaga skutecznie\u00a0poprawi\u0107 koloryt sk\u00f3ry, &#8230; <a title=\"BIODANCE Radiant Vita Niacinamide Real Deep Mask &#8211; rozja\u015bniaj\u0105ca maseczka w p\u0142achcie z niacynamidem &#8211; zestaw 4 szt.\" class=\"read-more\" href=\"https:\/\/admincentral.selleetools.com\/pl\/product\/biodance-radiant-vita-niacinamide-real-deep-mask-rozjasniajaca-maseczka-w-plachcie-z-niacynamidem-zestaw-4-szt\/\">Read more<span class=\"screen-reader-text\">BIODANCE Radiant Vita Niacinamide Real Deep Mask &#8211; rozja\u015bniaj\u0105ca maseczka w p\u0142achcie z niacynamidem &#8211; zestaw 4 szt.<\/span><\/a><\/p>\n","protected":false},"featured_media":607719,"comment_status":"closed","ping_status":"closed","template":"","meta":{"_links_to":"","_links_to_target":""},"yoast_head":"<!-- This site is optimized with the Yoast SEO plugin v19.4 - https:\/\/yoast.com\/wordpress\/plugins\/seo\/ -->\n<title>BIODANCE Radiant Vita Niacinamide Real Deep Mask - rozja\u015bniaj\u0105ca maseczka w p\u0142achcie z niacynamidem - zestaw 4 szt. - Selleetools.com<\/title>\n<meta name=\"robots\" content=\"index, follow, max-snippet:-1, max-image-preview:large, max-video-preview:-1\" \/>\n<link rel=\"canonical\" href=\"https:\/\/admincentral.selleetools.com\/pl\/product\/biodance-radiant-vita-niacinamide-real-deep-mask-rozjasniajaca-maseczka-w-plachcie-z-niacynamidem-zestaw-4-szt\/\" \/>\n<meta property=\"og:locale\" content=\"pl_PL\" \/>\n<meta property=\"og:type\" content=\"article\" \/>\n<meta property=\"og:title\" content=\"BIODANCE Radiant Vita Niacinamide Real Deep Mask - rozja\u015bniaj\u0105ca maseczka w p\u0142achcie z niacynamidem - zestaw 4 szt. - Selleetools.com\" \/>\n<meta property=\"og:description\" content=\"BIODANCE Radiant Vita Niacinamide Real Deep Mask\u00a0 &#8211; rozja\u015bniaj\u0105ca maseczka w p\u0142achcie z niacynamidem &#8211; zestaw 4 szt. BIODANCE Radiant Vita Niacinamide Real Deep Mask to intensywnie dzia\u0142aj\u0105ca maseczka w p\u0142achcie, kt\u00f3ra \u0142\u0105czy\u00a0dzia\u0142anie rozja\u015bniaj\u0105ce, nawil\u017caj\u0105ce i regeneruj\u0105ce.\u00a0Wzbogacona o wod\u0119 z ananasa (100 000 ppm) i wysokie st\u0119\u017cenie niacynamidu (20 000 ppm), pomaga skutecznie\u00a0poprawi\u0107 koloryt sk\u00f3ry, ... Read moreBIODANCE Radiant Vita Niacinamide Real Deep Mask &#8211; rozja\u015bniaj\u0105ca maseczka w p\u0142achcie z niacynamidem &#8211; zestaw 4 szt.\" \/>\n<meta property=\"og:url\" content=\"https:\/\/admincentral.selleetools.com\/pl\/product\/biodance-radiant-vita-niacinamide-real-deep-mask-rozjasniajaca-maseczka-w-plachcie-z-niacynamidem-zestaw-4-szt\/\" \/>\n<meta property=\"og:site_name\" content=\"Selleetools.com\" \/>\n<meta property=\"article:modified_time\" content=\"2025-11-04T20:15:02+00:00\" \/>\n<meta property=\"og:image\" content=\"https:\/\/selleetools.com\/wp-content\/uploads\/2025\/10\/4fe4d94411ed5dcc1d9557cce535026d.jpg\" \/>\n\t<meta property=\"og:image:width\" content=\"600\" \/>\n\t<meta property=\"og:image:height\" content=\"600\" \/>\n\t<meta property=\"og:image:type\" content=\"image\/jpeg\" \/>\n<meta name=\"twitter:card\" content=\"summary_large_image\" \/>\n<meta name=\"twitter:label1\" content=\"Est. reading time\" \/>\n\t<meta name=\"twitter:data1\" content=\"2 minuty\" \/>\n<!-- \/ Yoast SEO plugin. -->","yoast_head_json":{"title":"BIODANCE Radiant Vita Niacinamide Real Deep Mask - rozja\u015bniaj\u0105ca maseczka w p\u0142achcie z niacynamidem - zestaw 4 szt. - Selleetools.com","robots":{"index":"index","follow":"follow","max-snippet":"max-snippet:-1","max-image-preview":"max-image-preview:large","max-video-preview":"max-video-preview:-1"},"canonical":"https:\/\/admincentral.selleetools.com\/pl\/product\/biodance-radiant-vita-niacinamide-real-deep-mask-rozjasniajaca-maseczka-w-plachcie-z-niacynamidem-zestaw-4-szt\/","og_locale":"pl_PL","og_type":"article","og_title":"BIODANCE Radiant Vita Niacinamide Real Deep Mask - rozja\u015bniaj\u0105ca maseczka w p\u0142achcie z niacynamidem - zestaw 4 szt. - Selleetools.com","og_description":"BIODANCE Radiant Vita Niacinamide Real Deep Mask\u00a0 &#8211; rozja\u015bniaj\u0105ca maseczka w p\u0142achcie z niacynamidem &#8211; zestaw 4 szt. BIODANCE Radiant Vita Niacinamide Real Deep Mask to intensywnie dzia\u0142aj\u0105ca maseczka w p\u0142achcie, kt\u00f3ra \u0142\u0105czy\u00a0dzia\u0142anie rozja\u015bniaj\u0105ce, nawil\u017caj\u0105ce i regeneruj\u0105ce.\u00a0Wzbogacona o wod\u0119 z ananasa (100 000 ppm) i wysokie st\u0119\u017cenie niacynamidu (20 000 ppm), pomaga skutecznie\u00a0poprawi\u0107 koloryt sk\u00f3ry, ... Read moreBIODANCE Radiant Vita Niacinamide Real Deep Mask &#8211; rozja\u015bniaj\u0105ca maseczka w p\u0142achcie z niacynamidem &#8211; zestaw 4 szt.","og_url":"https:\/\/admincentral.selleetools.com\/pl\/product\/biodance-radiant-vita-niacinamide-real-deep-mask-rozjasniajaca-maseczka-w-plachcie-z-niacynamidem-zestaw-4-szt\/","og_site_name":"Selleetools.com","article_modified_time":"2025-11-04T20:15:02+00:00","og_image":[{"width":600,"height":600,"url":"https:\/\/selleetools.com\/wp-content\/uploads\/2025\/10\/4fe4d94411ed5dcc1d9557cce535026d.jpg","type":"image\/jpeg"}],"twitter_card":"summary_large_image","twitter_misc":{"Est. reading time":"2 minuty"},"schema":{"@context":"https:\/\/schema.org","@graph":[{"@type":"Organization","@id":"https:\/\/selleetools.com\/#organization","name":"Selleetools","url":"https:\/\/selleetools.com\/","sameAs":[],"logo":{"@type":"ImageObject","inLanguage":"pl-PL","@id":"https:\/\/selleetools.com\/#\/schema\/logo\/image\/","url":"https:\/\/selleetools.com\/wp-content\/uploads\/2021\/10\/logo-dark.png","contentUrl":"https:\/\/selleetools.com\/wp-content\/uploads\/2021\/10\/logo-dark.png","width":320,"height":76,"caption":"Selleetools"},"image":{"@id":"https:\/\/selleetools.com\/#\/schema\/logo\/image\/"}},{"@type":"WebSite","@id":"https:\/\/selleetools.com\/#website","url":"https:\/\/selleetools.com\/","name":"Selleetools.com","description":"","publisher":{"@id":"https:\/\/selleetools.com\/#organization"},"potentialAction":[{"@type":"SearchAction","target":{"@type":"EntryPoint","urlTemplate":"https:\/\/selleetools.com\/?s={search_term_string}"},"query-input":"required name=search_term_string"}],"inLanguage":"pl-PL"},{"@type":"WebPage","@id":"https:\/\/admincentral.selleetools.com\/pl\/product\/biodance-radiant-vita-niacinamide-real-deep-mask-rozjasniajaca-maseczka-w-plachcie-z-niacynamidem-zestaw-4-szt\/","url":"https:\/\/admincentral.selleetools.com\/pl\/product\/biodance-radiant-vita-niacinamide-real-deep-mask-rozjasniajaca-maseczka-w-plachcie-z-niacynamidem-zestaw-4-szt\/","name":"BIODANCE Radiant Vita Niacinamide Real Deep Mask - rozja\u015bniaj\u0105ca maseczka w p\u0142achcie z niacynamidem - zestaw 4 szt. - Selleetools.com","isPartOf":{"@id":"https:\/\/selleetools.com\/#website"},"datePublished":"2025-10-24T12:08:24+00:00","dateModified":"2025-11-04T20:15:02+00:00","breadcrumb":{"@id":"https:\/\/admincentral.selleetools.com\/pl\/product\/biodance-radiant-vita-niacinamide-real-deep-mask-rozjasniajaca-maseczka-w-plachcie-z-niacynamidem-zestaw-4-szt\/#breadcrumb"},"inLanguage":"pl-PL","potentialAction":[{"@type":"ReadAction","target":["https:\/\/admincentral.selleetools.com\/pl\/product\/biodance-radiant-vita-niacinamide-real-deep-mask-rozjasniajaca-maseczka-w-plachcie-z-niacynamidem-zestaw-4-szt\/"]}]},{"@type":"BreadcrumbList","@id":"https:\/\/admincentral.selleetools.com\/pl\/product\/biodance-radiant-vita-niacinamide-real-deep-mask-rozjasniajaca-maseczka-w-plachcie-z-niacynamidem-zestaw-4-szt\/#breadcrumb","itemListElement":[{"@type":"ListItem","position":1,"name":"Home","item":"https:\/\/selleetools.com\/pl\/"},{"@type":"ListItem","position":2,"name":"Katalog","item":"https:\/\/selleetools.com\/pl\/katalog\/"},{"@type":"ListItem","position":3,"name":"BIODANCE Radiant Vita Niacinamide Real Deep Mask &#8211; rozja\u015bniaj\u0105ca maseczka w p\u0142achcie z niacynamidem &#8211; zestaw 4 szt."}]}]}},"_links":{"self":[{"href":"https:\/\/admincentral.selleetools.com\/pl\/wp-json\/wp\/v2\/product\/607727"}],"collection":[{"href":"https:\/\/admincentral.selleetools.com\/pl\/wp-json\/wp\/v2\/product"}],"about":[{"href":"https:\/\/admincentral.selleetools.com\/pl\/wp-json\/wp\/v2\/types\/product"}],"replies":[{"embeddable":true,"href":"https:\/\/admincentral.selleetools.com\/pl\/wp-json\/wp\/v2\/comments?post=607727"}],"wp:featuredmedia":[{"embeddable":true,"href":"https:\/\/admincentral.selleetools.com\/pl\/wp-json\/wp\/v2\/media\/607719"}],"wp:attachment":[{"href":"https:\/\/admincentral.selleetools.com\/pl\/wp-json\/wp\/v2\/media?parent=607727"}],"curies":[{"name":"wp","href":"https:\/\/api.w.org\/{rel}","templated":true}]}}