{"id":607737,"date":"2025-10-24T14:08:31","date_gmt":"2025-10-24T12:08:31","guid":{"rendered":"https:\/\/selleetools.com\/?post_type=product&#038;p=607737"},"modified":"2026-01-23T16:43:07","modified_gmt":"2026-01-23T15:43:07","slug":"romnd-better-than-eyes-music-series-m02-dry-buckwheat-flower-7-g-paleta-brazowych-cieni-do-powiek","status":"publish","type":"product","link":"https:\/\/admincentral.selleetools.com\/pl\/product\/romnd-better-than-eyes-music-series-m02-dry-buckwheat-flower-7-g-paleta-brazowych-cieni-do-powiek\/","title":{"rendered":"rom&#038;nd Better Than Eyes Music Series M02. Dry BuckWheat flower 7 g &#8211; paleta br\u0105zowych cieni do powiek"},"content":{"rendered":"<p>rom&#038;nd Better Than Eyes M02 Dry BuckWheat Flower to elegancka paleta cieni do powiek w czterech harmonijnych odcieniach br\u0105zu i szaro\u015bci o matowym i delikatnie po\u0142yskuj\u0105cym wyko\u0144czeniu. Inspirowana subtelno\u015bci\u0105 wysuszonych kwiat\u00f3w gryki, doskonale sprawdzi si\u0119 w codziennym makija\u017cu, podkre\u015blaj\u0105c spojrzenie w spos\u00f3b naturalny i stonowany.<\/p>\n<p>Korzy\u015bci ze stosowania:<br \/>\nZapewnia sp\u00f3jny, mi\u0119kki makija\u017c oka bez osypywania<br \/>\nCienie \u0142atwo si\u0119 blenduj\u0105 i d\u0142ugo utrzymuj\u0105 na powiece<br \/>\nDelikatna formu\u0142a jest komfortowa dla wra\u017cliwej sk\u00f3ry powiek<br \/>\nWysoka pigmentacja pozwala na budowanie intensywno\u015bci koloru<\/p>\n<p>Spos\u00f3b u\u017cycia:<br \/>\nZa pomoc\u0105 p\u0119dzla lub palca na\u0142\u00f3\u017c jasny cie\u0144 jako baz\u0119, a ciemniejsze odcienie w zewn\u0119trznym k\u0105ciku oka dla nadania g\u0142\u0119bi. Wyko\u0144cz makija\u017c dodaj\u0105c po\u0142yskuj\u0105cy akcent na \u015brodek powieki lub wewn\u0119trzny k\u0105cik oka.<\/p>\n","protected":false},"excerpt":{"rendered":"<p>rom&#038;nd Better Than Eyes M02 Dry BuckWheat Flower to elegancka paleta cieni do powiek w czterech harmonijnych odcieniach br\u0105zu i szaro\u015bci o matowym i delikatnie po\u0142yskuj\u0105cym wyko\u0144czeniu. Inspirowana subtelno\u015bci\u0105 wysuszonych kwiat\u00f3w gryki, doskonale sprawdzi si\u0119 w codziennym makija\u017cu, podkre\u015blaj\u0105c spojrzenie w spos\u00f3b naturalny i stonowany. Korzy\u015bci ze stosowania: Zapewnia sp\u00f3jny, mi\u0119kki makija\u017c oka bez osypywania &#8230; <a title=\"rom&#038;nd Better Than Eyes Music Series M02. Dry BuckWheat flower 7 g &#8211; paleta br\u0105zowych cieni do powiek\" class=\"read-more\" href=\"https:\/\/admincentral.selleetools.com\/pl\/product\/romnd-better-than-eyes-music-series-m02-dry-buckwheat-flower-7-g-paleta-brazowych-cieni-do-powiek\/\">Read more<span class=\"screen-reader-text\">rom&#038;nd Better Than Eyes Music Series M02. Dry BuckWheat flower 7 g &#8211; paleta br\u0105zowych cieni do powiek<\/span><\/a><\/p>\n","protected":false},"featured_media":607735,"comment_status":"open","ping_status":"closed","template":"","meta":{"_links_to":"","_links_to_target":""},"yoast_head":"<!-- This site is optimized with the Yoast SEO plugin v19.4 - https:\/\/yoast.com\/wordpress\/plugins\/seo\/ -->\n<title>rom&amp;nd Better Than Eyes Music Series M02. Dry BuckWheat flower 7 g - paleta br\u0105zowych cieni do powiek - Selleetools.com<\/title>\n<meta name=\"robots\" content=\"index, follow, max-snippet:-1, max-image-preview:large, max-video-preview:-1\" \/>\n<link rel=\"canonical\" href=\"https:\/\/selleetools.com\/product\/romnd-better-than-eyes-music-series-m02-dry-buckwheat-flower-7-g-paleta-brazowych-cieni-do-powiek\/\" \/>\n<meta property=\"og:locale\" content=\"pl_PL\" \/>\n<meta property=\"og:type\" content=\"article\" \/>\n<meta property=\"og:title\" content=\"rom&amp;nd Better Than Eyes Music Series M02. Dry BuckWheat flower 7 g - paleta br\u0105zowych cieni do powiek - Selleetools.com\" \/>\n<meta property=\"og:description\" content=\"rom&#038;nd Better Than Eyes M02 Dry BuckWheat Flower to elegancka paleta cieni do powiek w czterech harmonijnych odcieniach br\u0105zu i szaro\u015bci o matowym i delikatnie po\u0142yskuj\u0105cym wyko\u0144czeniu. Inspirowana subtelno\u015bci\u0105 wysuszonych kwiat\u00f3w gryki, doskonale sprawdzi si\u0119 w codziennym makija\u017cu, podkre\u015blaj\u0105c spojrzenie w spos\u00f3b naturalny i stonowany. Korzy\u015bci ze stosowania: Zapewnia sp\u00f3jny, mi\u0119kki makija\u017c oka bez osypywania ... Read morerom&#038;nd Better Than Eyes Music Series M02. Dry BuckWheat flower 7 g &#8211; paleta br\u0105zowych cieni do powiek\" \/>\n<meta property=\"og:url\" content=\"https:\/\/selleetools.com\/product\/romnd-better-than-eyes-music-series-m02-dry-buckwheat-flower-7-g-paleta-brazowych-cieni-do-powiek\/\" \/>\n<meta property=\"og:site_name\" content=\"Selleetools.com\" \/>\n<meta property=\"article:modified_time\" content=\"2026-01-23T15:43:07+00:00\" \/>\n<meta property=\"og:image\" content=\"https:\/\/selleetools.com\/wp-content\/uploads\/2025\/10\/0ae028519c262249553490a7adbc82db.png\" \/>\n\t<meta property=\"og:image:width\" content=\"1080\" \/>\n\t<meta property=\"og:image:height\" content=\"1080\" \/>\n\t<meta property=\"og:image:type\" content=\"image\/png\" \/>\n<meta name=\"twitter:card\" content=\"summary_large_image\" \/>\n<meta name=\"twitter:label1\" content=\"Est. reading time\" \/>\n\t<meta name=\"twitter:data1\" content=\"1 minuta\" \/>\n<!-- \/ Yoast SEO plugin. -->","yoast_head_json":{"title":"rom&nd Better Than Eyes Music Series M02. Dry BuckWheat flower 7 g - paleta br\u0105zowych cieni do powiek - Selleetools.com","robots":{"index":"index","follow":"follow","max-snippet":"max-snippet:-1","max-image-preview":"max-image-preview:large","max-video-preview":"max-video-preview:-1"},"canonical":"https:\/\/selleetools.com\/product\/romnd-better-than-eyes-music-series-m02-dry-buckwheat-flower-7-g-paleta-brazowych-cieni-do-powiek\/","og_locale":"pl_PL","og_type":"article","og_title":"rom&nd Better Than Eyes Music Series M02. Dry BuckWheat flower 7 g - paleta br\u0105zowych cieni do powiek - Selleetools.com","og_description":"rom&#038;nd Better Than Eyes M02 Dry BuckWheat Flower to elegancka paleta cieni do powiek w czterech harmonijnych odcieniach br\u0105zu i szaro\u015bci o matowym i delikatnie po\u0142yskuj\u0105cym wyko\u0144czeniu. Inspirowana subtelno\u015bci\u0105 wysuszonych kwiat\u00f3w gryki, doskonale sprawdzi si\u0119 w codziennym makija\u017cu, podkre\u015blaj\u0105c spojrzenie w spos\u00f3b naturalny i stonowany. Korzy\u015bci ze stosowania: Zapewnia sp\u00f3jny, mi\u0119kki makija\u017c oka bez osypywania ... Read morerom&#038;nd Better Than Eyes Music Series M02. Dry BuckWheat flower 7 g &#8211; paleta br\u0105zowych cieni do powiek","og_url":"https:\/\/selleetools.com\/product\/romnd-better-than-eyes-music-series-m02-dry-buckwheat-flower-7-g-paleta-brazowych-cieni-do-powiek\/","og_site_name":"Selleetools.com","article_modified_time":"2026-01-23T15:43:07+00:00","og_image":[{"width":1080,"height":1080,"url":"https:\/\/selleetools.com\/wp-content\/uploads\/2025\/10\/0ae028519c262249553490a7adbc82db.png","type":"image\/png"}],"twitter_card":"summary_large_image","twitter_misc":{"Est. reading time":"1 minuta"},"schema":{"@context":"https:\/\/schema.org","@graph":[{"@type":"Organization","@id":"https:\/\/selleetools.com\/#organization","name":"Selleetools","url":"https:\/\/selleetools.com\/","sameAs":[],"logo":{"@type":"ImageObject","inLanguage":"pl-PL","@id":"https:\/\/selleetools.com\/#\/schema\/logo\/image\/","url":"https:\/\/selleetools.com\/wp-content\/uploads\/2021\/10\/logo-dark.png","contentUrl":"https:\/\/selleetools.com\/wp-content\/uploads\/2021\/10\/logo-dark.png","width":320,"height":76,"caption":"Selleetools"},"image":{"@id":"https:\/\/selleetools.com\/#\/schema\/logo\/image\/"}},{"@type":"WebSite","@id":"https:\/\/selleetools.com\/#website","url":"https:\/\/selleetools.com\/","name":"Selleetools.com","description":"","publisher":{"@id":"https:\/\/selleetools.com\/#organization"},"potentialAction":[{"@type":"SearchAction","target":{"@type":"EntryPoint","urlTemplate":"https:\/\/selleetools.com\/?s={search_term_string}"},"query-input":"required name=search_term_string"}],"inLanguage":"pl-PL"},{"@type":"WebPage","@id":"https:\/\/selleetools.com\/product\/romnd-better-than-eyes-music-series-m02-dry-buckwheat-flower-7-g-paleta-brazowych-cieni-do-powiek\/","url":"https:\/\/selleetools.com\/product\/romnd-better-than-eyes-music-series-m02-dry-buckwheat-flower-7-g-paleta-brazowych-cieni-do-powiek\/","name":"rom&nd Better Than Eyes Music Series M02. Dry BuckWheat flower 7 g - paleta br\u0105zowych cieni do powiek - Selleetools.com","isPartOf":{"@id":"https:\/\/selleetools.com\/#website"},"datePublished":"2025-10-24T12:08:31+00:00","dateModified":"2026-01-23T15:43:07+00:00","breadcrumb":{"@id":"https:\/\/selleetools.com\/product\/romnd-better-than-eyes-music-series-m02-dry-buckwheat-flower-7-g-paleta-brazowych-cieni-do-powiek\/#breadcrumb"},"inLanguage":"pl-PL","potentialAction":[{"@type":"ReadAction","target":["https:\/\/selleetools.com\/product\/romnd-better-than-eyes-music-series-m02-dry-buckwheat-flower-7-g-paleta-brazowych-cieni-do-powiek\/"]}]},{"@type":"BreadcrumbList","@id":"https:\/\/selleetools.com\/product\/romnd-better-than-eyes-music-series-m02-dry-buckwheat-flower-7-g-paleta-brazowych-cieni-do-powiek\/#breadcrumb","itemListElement":[{"@type":"ListItem","position":1,"name":"Home","item":"https:\/\/selleetools.com\/pl\/"},{"@type":"ListItem","position":2,"name":"Katalog","item":"https:\/\/selleetools.com\/pl\/katalog\/"},{"@type":"ListItem","position":3,"name":"rom&#038;nd Better Than Eyes Music Series M02. Dry BuckWheat flower 7 g &#8211; paleta br\u0105zowych cieni do powiek"}]}]}},"_links":{"self":[{"href":"https:\/\/admincentral.selleetools.com\/pl\/wp-json\/wp\/v2\/product\/607737"}],"collection":[{"href":"https:\/\/admincentral.selleetools.com\/pl\/wp-json\/wp\/v2\/product"}],"about":[{"href":"https:\/\/admincentral.selleetools.com\/pl\/wp-json\/wp\/v2\/types\/product"}],"replies":[{"embeddable":true,"href":"https:\/\/admincentral.selleetools.com\/pl\/wp-json\/wp\/v2\/comments?post=607737"}],"wp:featuredmedia":[{"embeddable":true,"href":"https:\/\/admincentral.selleetools.com\/pl\/wp-json\/wp\/v2\/media\/607735"}],"wp:attachment":[{"href":"https:\/\/admincentral.selleetools.com\/pl\/wp-json\/wp\/v2\/media?parent=607737"}],"curies":[{"name":"wp","href":"https:\/\/api.w.org\/{rel}","templated":true}]}}