{"id":607740,"date":"2025-10-24T14:08:34","date_gmt":"2025-10-24T12:08:34","guid":{"rendered":"https:\/\/selleetools.com\/?post_type=product&#038;p=607740"},"modified":"2025-11-04T21:15:37","modified_gmt":"2025-11-04T20:15:37","slug":"romnd-better-than-eyes-w01-dry-lavender-6-5-g-paleta-lawendowych-cieni-do-powiek","status":"publish","type":"product","link":"https:\/\/admincentral.selleetools.com\/pl\/product\/romnd-better-than-eyes-w01-dry-lavender-6-5-g-paleta-lawendowych-cieni-do-powiek\/","title":{"rendered":"rom&#038;nd Better Than Eyes W01. Dry Lavender 6.5 g \u2013 paleta lawendowych cieni do powiek"},"content":{"rendered":"<p>rom&#038;nd Better Than Eyes W01. Dry Lavender to czterokolorowa paleta cieni do powiek utrzymana w subtelnych, ch\u0142odnych tonacjach lawendy, fio\u0142ka i mlecznego fioletu, idealna do tworzenia delikatnych, romantycznych makija\u017cy oka. Po\u0142\u0105czenie matowych i po\u0142yskuj\u0105cych wyko\u0144cze\u0144 pozwala na \u0142atwe budowanie g\u0142\u0119bi i blasku, niezale\u017cnie od okazji.<\/p>\n<p>Korzy\u015bci ze stosowania:<br \/>\nPodkre\u015bla spojrzenie i dodaje mu \u015bwie\u017co\u015bci<br \/>\nZawiera \u0142agodne pigmenty odpowiednie dla wra\u017cliwej sk\u00f3ry powiek<br \/>\nLekka, jedwabista formu\u0142a u\u0142atwia blendowanie bez osypywania<br \/>\nZapewnia d\u0142ugotrwa\u0142y efekt bez rozmazywania<br \/>\nLawendowe odcienie pasuj\u0105 do ka\u017cdego typu urody i koloru oczu<\/p>\n<p>Spos\u00f3b u\u017cycia:<br \/>\nAplikuj jasny cie\u0144 na ca\u0142\u0105 powiek\u0119 jako baz\u0119. Ciemniejsze odcienie nak\u0142adaj w za\u0142amaniu i zewn\u0119trznym k\u0105ciku oka dla nadania g\u0142\u0119bi. Cie\u0144 z drobinkami u\u017cyj na \u015brodek powieki lub wewn\u0119trzny k\u0105cik, aby doda\u0107 b\u0142ysku. Mo\u017cesz stosowa\u0107 p\u0119dzel lub palec, w zale\u017cno\u015bci od po\u017c\u0105danego efektu.<\/p>\n","protected":false},"excerpt":{"rendered":"<p>rom&#038;nd Better Than Eyes W01. Dry Lavender to czterokolorowa paleta cieni do powiek utrzymana w subtelnych, ch\u0142odnych tonacjach lawendy, fio\u0142ka i mlecznego fioletu, idealna do tworzenia delikatnych, romantycznych makija\u017cy oka. Po\u0142\u0105czenie matowych i po\u0142yskuj\u0105cych wyko\u0144cze\u0144 pozwala na \u0142atwe budowanie g\u0142\u0119bi i blasku, niezale\u017cnie od okazji. Korzy\u015bci ze stosowania: Podkre\u015bla spojrzenie i dodaje mu \u015bwie\u017co\u015bci Zawiera &#8230; <a title=\"rom&#038;nd Better Than Eyes W01. Dry Lavender 6.5 g \u2013 paleta lawendowych cieni do powiek\" class=\"read-more\" href=\"https:\/\/admincentral.selleetools.com\/pl\/product\/romnd-better-than-eyes-w01-dry-lavender-6-5-g-paleta-lawendowych-cieni-do-powiek\/\">Read more<span class=\"screen-reader-text\">rom&#038;nd Better Than Eyes W01. Dry Lavender 6.5 g \u2013 paleta lawendowych cieni do powiek<\/span><\/a><\/p>\n","protected":false},"featured_media":607738,"comment_status":"open","ping_status":"closed","template":"","meta":{"_links_to":"","_links_to_target":""},"yoast_head":"<!-- This site is optimized with the Yoast SEO plugin v19.4 - https:\/\/yoast.com\/wordpress\/plugins\/seo\/ -->\n<title>rom&amp;nd Better Than Eyes W01. Dry Lavender 6.5 g \u2013 paleta lawendowych cieni do powiek - Selleetools.com<\/title>\n<meta name=\"robots\" content=\"index, follow, max-snippet:-1, max-image-preview:large, max-video-preview:-1\" \/>\n<link rel=\"canonical\" href=\"https:\/\/admincentral.selleetools.com\/pl\/product\/romnd-better-than-eyes-w01-dry-lavender-6-5-g-paleta-lawendowych-cieni-do-powiek\/\" \/>\n<meta property=\"og:locale\" content=\"pl_PL\" \/>\n<meta property=\"og:type\" content=\"article\" \/>\n<meta property=\"og:title\" content=\"rom&amp;nd Better Than Eyes W01. Dry Lavender 6.5 g \u2013 paleta lawendowych cieni do powiek - Selleetools.com\" \/>\n<meta property=\"og:description\" content=\"rom&#038;nd Better Than Eyes W01. Dry Lavender to czterokolorowa paleta cieni do powiek utrzymana w subtelnych, ch\u0142odnych tonacjach lawendy, fio\u0142ka i mlecznego fioletu, idealna do tworzenia delikatnych, romantycznych makija\u017cy oka. Po\u0142\u0105czenie matowych i po\u0142yskuj\u0105cych wyko\u0144cze\u0144 pozwala na \u0142atwe budowanie g\u0142\u0119bi i blasku, niezale\u017cnie od okazji. Korzy\u015bci ze stosowania: Podkre\u015bla spojrzenie i dodaje mu \u015bwie\u017co\u015bci Zawiera ... Read morerom&#038;nd Better Than Eyes W01. Dry Lavender 6.5 g \u2013 paleta lawendowych cieni do powiek\" \/>\n<meta property=\"og:url\" content=\"https:\/\/admincentral.selleetools.com\/pl\/product\/romnd-better-than-eyes-w01-dry-lavender-6-5-g-paleta-lawendowych-cieni-do-powiek\/\" \/>\n<meta property=\"og:site_name\" content=\"Selleetools.com\" \/>\n<meta property=\"article:modified_time\" content=\"2025-11-04T20:15:37+00:00\" \/>\n<meta property=\"og:image\" content=\"https:\/\/selleetools.com\/wp-content\/uploads\/2025\/10\/82fa1dd192644e41685a74da2f71c165.png\" \/>\n\t<meta property=\"og:image:width\" content=\"1080\" \/>\n\t<meta property=\"og:image:height\" content=\"1080\" \/>\n\t<meta property=\"og:image:type\" content=\"image\/png\" \/>\n<meta name=\"twitter:card\" content=\"summary_large_image\" \/>\n<meta name=\"twitter:label1\" content=\"Est. reading time\" \/>\n\t<meta name=\"twitter:data1\" content=\"1 minuta\" \/>\n<!-- \/ Yoast SEO plugin. -->","yoast_head_json":{"title":"rom&nd Better Than Eyes W01. Dry Lavender 6.5 g \u2013 paleta lawendowych cieni do powiek - Selleetools.com","robots":{"index":"index","follow":"follow","max-snippet":"max-snippet:-1","max-image-preview":"max-image-preview:large","max-video-preview":"max-video-preview:-1"},"canonical":"https:\/\/admincentral.selleetools.com\/pl\/product\/romnd-better-than-eyes-w01-dry-lavender-6-5-g-paleta-lawendowych-cieni-do-powiek\/","og_locale":"pl_PL","og_type":"article","og_title":"rom&nd Better Than Eyes W01. Dry Lavender 6.5 g \u2013 paleta lawendowych cieni do powiek - Selleetools.com","og_description":"rom&#038;nd Better Than Eyes W01. Dry Lavender to czterokolorowa paleta cieni do powiek utrzymana w subtelnych, ch\u0142odnych tonacjach lawendy, fio\u0142ka i mlecznego fioletu, idealna do tworzenia delikatnych, romantycznych makija\u017cy oka. Po\u0142\u0105czenie matowych i po\u0142yskuj\u0105cych wyko\u0144cze\u0144 pozwala na \u0142atwe budowanie g\u0142\u0119bi i blasku, niezale\u017cnie od okazji. Korzy\u015bci ze stosowania: Podkre\u015bla spojrzenie i dodaje mu \u015bwie\u017co\u015bci Zawiera ... Read morerom&#038;nd Better Than Eyes W01. Dry Lavender 6.5 g \u2013 paleta lawendowych cieni do powiek","og_url":"https:\/\/admincentral.selleetools.com\/pl\/product\/romnd-better-than-eyes-w01-dry-lavender-6-5-g-paleta-lawendowych-cieni-do-powiek\/","og_site_name":"Selleetools.com","article_modified_time":"2025-11-04T20:15:37+00:00","og_image":[{"width":1080,"height":1080,"url":"https:\/\/selleetools.com\/wp-content\/uploads\/2025\/10\/82fa1dd192644e41685a74da2f71c165.png","type":"image\/png"}],"twitter_card":"summary_large_image","twitter_misc":{"Est. reading time":"1 minuta"},"schema":{"@context":"https:\/\/schema.org","@graph":[{"@type":"Organization","@id":"https:\/\/selleetools.com\/#organization","name":"Selleetools","url":"https:\/\/selleetools.com\/","sameAs":[],"logo":{"@type":"ImageObject","inLanguage":"pl-PL","@id":"https:\/\/selleetools.com\/#\/schema\/logo\/image\/","url":"https:\/\/selleetools.com\/wp-content\/uploads\/2021\/10\/logo-dark.png","contentUrl":"https:\/\/selleetools.com\/wp-content\/uploads\/2021\/10\/logo-dark.png","width":320,"height":76,"caption":"Selleetools"},"image":{"@id":"https:\/\/selleetools.com\/#\/schema\/logo\/image\/"}},{"@type":"WebSite","@id":"https:\/\/selleetools.com\/#website","url":"https:\/\/selleetools.com\/","name":"Selleetools.com","description":"","publisher":{"@id":"https:\/\/selleetools.com\/#organization"},"potentialAction":[{"@type":"SearchAction","target":{"@type":"EntryPoint","urlTemplate":"https:\/\/selleetools.com\/?s={search_term_string}"},"query-input":"required name=search_term_string"}],"inLanguage":"pl-PL"},{"@type":"WebPage","@id":"https:\/\/admincentral.selleetools.com\/pl\/product\/romnd-better-than-eyes-w01-dry-lavender-6-5-g-paleta-lawendowych-cieni-do-powiek\/","url":"https:\/\/admincentral.selleetools.com\/pl\/product\/romnd-better-than-eyes-w01-dry-lavender-6-5-g-paleta-lawendowych-cieni-do-powiek\/","name":"rom&nd Better Than Eyes W01. Dry Lavender 6.5 g \u2013 paleta lawendowych cieni do powiek - Selleetools.com","isPartOf":{"@id":"https:\/\/selleetools.com\/#website"},"datePublished":"2025-10-24T12:08:34+00:00","dateModified":"2025-11-04T20:15:37+00:00","breadcrumb":{"@id":"https:\/\/admincentral.selleetools.com\/pl\/product\/romnd-better-than-eyes-w01-dry-lavender-6-5-g-paleta-lawendowych-cieni-do-powiek\/#breadcrumb"},"inLanguage":"pl-PL","potentialAction":[{"@type":"ReadAction","target":["https:\/\/admincentral.selleetools.com\/pl\/product\/romnd-better-than-eyes-w01-dry-lavender-6-5-g-paleta-lawendowych-cieni-do-powiek\/"]}]},{"@type":"BreadcrumbList","@id":"https:\/\/admincentral.selleetools.com\/pl\/product\/romnd-better-than-eyes-w01-dry-lavender-6-5-g-paleta-lawendowych-cieni-do-powiek\/#breadcrumb","itemListElement":[{"@type":"ListItem","position":1,"name":"Home","item":"https:\/\/selleetools.com\/pl\/"},{"@type":"ListItem","position":2,"name":"Katalog","item":"https:\/\/selleetools.com\/pl\/katalog\/"},{"@type":"ListItem","position":3,"name":"rom&#038;nd Better Than Eyes W01. Dry Lavender 6.5 g \u2013 paleta lawendowych cieni do powiek"}]}]}},"_links":{"self":[{"href":"https:\/\/admincentral.selleetools.com\/pl\/wp-json\/wp\/v2\/product\/607740"}],"collection":[{"href":"https:\/\/admincentral.selleetools.com\/pl\/wp-json\/wp\/v2\/product"}],"about":[{"href":"https:\/\/admincentral.selleetools.com\/pl\/wp-json\/wp\/v2\/types\/product"}],"replies":[{"embeddable":true,"href":"https:\/\/admincentral.selleetools.com\/pl\/wp-json\/wp\/v2\/comments?post=607740"}],"wp:featuredmedia":[{"embeddable":true,"href":"https:\/\/admincentral.selleetools.com\/pl\/wp-json\/wp\/v2\/media\/607738"}],"wp:attachment":[{"href":"https:\/\/admincentral.selleetools.com\/pl\/wp-json\/wp\/v2\/media?parent=607740"}],"curies":[{"name":"wp","href":"https:\/\/api.w.org\/{rel}","templated":true}]}}