{"id":607755,"date":"2025-10-24T14:08:47","date_gmt":"2025-10-24T12:08:47","guid":{"rendered":"https:\/\/selleetools.com\/?post_type=product&#038;p=607755"},"modified":"2025-11-04T21:16:22","modified_gmt":"2025-11-04T20:16:22","slug":"romnd-han-all-flat-brow-c3-modern-beige-0-17-g-kredka-do-brwi-chlodny-popielaty-bez","status":"publish","type":"product","link":"https:\/\/admincentral.selleetools.com\/pl\/product\/romnd-han-all-flat-brow-c3-modern-beige-0-17-g-kredka-do-brwi-chlodny-popielaty-bez\/","title":{"rendered":"rom&#038;nd Han All Flat Brow C3 Modern Beige 0.17 g &#8211; kredka do brwi, ch\u0142odny popielaty be\u017c"},"content":{"rendered":"<p>rom&#038;nd Han All Flat Brow C3 Modern Beige to precyzyjna kredka do brwi w odcieniu ch\u0142odnego popielatego be\u017cu, idealna dla os\u00f3b o jasnej karnacji i ch\u0142odnym typie urody. Dzi\u0119ki p\u0142askiej ko\u0144c\u00f3wce umo\u017cliwia zar\u00f3wno precyzyjne wyrysowanie kszta\u0142tu, jak i naturalne wype\u0142nienie brwi. Formu\u0142a zosta\u0142a wzbogacona o woski ro\u015blinne i witamin\u0119 E, kt\u00f3re piel\u0119gnuj\u0105 i chroni\u0105 delikatn\u0105 sk\u00f3r\u0119 okolic brwi.<\/p>\n<p>Korzy\u015bci ze stosowania:<br \/>\nUmo\u017cliwia dok\u0142adne modelowanie kszta\u0142tu brwi<br \/>\nTworzy naturalny efekt bez smug i grudek<br \/>\nD\u0142ugotrwa\u0142a, nie rozmazuje si\u0119 w ci\u0105gu dnia<br \/>\nPiel\u0119gnuje sk\u00f3r\u0119 dzi\u0119ki zawarto\u015bci emolient\u00f3w i witaminy E<\/p>\n<p>Spos\u00f3b u\u017cycia:<br \/>\nWyczesz brwi szczoteczk\u0105, nast\u0119pnie u\u017cyj kredki, by delikatnie podkre\u015bli\u0107 doln\u0105 i g\u00f3rn\u0105 lini\u0119 brwi. Wype\u0142nij \u015brodek kr\u00f3tkimi, lekkimi poci\u0105gni\u0119ciami. Na koniec ponownie wyczesz brwi, by zblendowa\u0107 kolor dla naturalnego efektu.<\/p>\n","protected":false},"excerpt":{"rendered":"<p>rom&#038;nd Han All Flat Brow C3 Modern Beige to precyzyjna kredka do brwi w odcieniu ch\u0142odnego popielatego be\u017cu, idealna dla os\u00f3b o jasnej karnacji i ch\u0142odnym typie urody. Dzi\u0119ki p\u0142askiej ko\u0144c\u00f3wce umo\u017cliwia zar\u00f3wno precyzyjne wyrysowanie kszta\u0142tu, jak i naturalne wype\u0142nienie brwi. Formu\u0142a zosta\u0142a wzbogacona o woski ro\u015blinne i witamin\u0119 E, kt\u00f3re piel\u0119gnuj\u0105 i chroni\u0105 delikatn\u0105 &#8230; <a title=\"rom&#038;nd Han All Flat Brow C3 Modern Beige 0.17 g &#8211; kredka do brwi, ch\u0142odny popielaty be\u017c\" class=\"read-more\" href=\"https:\/\/admincentral.selleetools.com\/pl\/product\/romnd-han-all-flat-brow-c3-modern-beige-0-17-g-kredka-do-brwi-chlodny-popielaty-bez\/\">Read more<span class=\"screen-reader-text\">rom&#038;nd Han All Flat Brow C3 Modern Beige 0.17 g &#8211; kredka do brwi, ch\u0142odny popielaty be\u017c<\/span><\/a><\/p>\n","protected":false},"featured_media":607753,"comment_status":"open","ping_status":"closed","template":"","meta":{"_links_to":"","_links_to_target":""},"yoast_head":"<!-- This site is optimized with the Yoast SEO plugin v19.4 - https:\/\/yoast.com\/wordpress\/plugins\/seo\/ -->\n<title>rom&amp;nd Han All Flat Brow C3 Modern Beige 0.17 g - kredka do brwi, ch\u0142odny popielaty be\u017c - Selleetools.com<\/title>\n<meta name=\"robots\" content=\"index, follow, max-snippet:-1, max-image-preview:large, max-video-preview:-1\" \/>\n<link rel=\"canonical\" href=\"https:\/\/admincentral.selleetools.com\/pl\/product\/romnd-han-all-flat-brow-c3-modern-beige-0-17-g-kredka-do-brwi-chlodny-popielaty-bez\/\" \/>\n<meta property=\"og:locale\" content=\"pl_PL\" \/>\n<meta property=\"og:type\" content=\"article\" \/>\n<meta property=\"og:title\" content=\"rom&amp;nd Han All Flat Brow C3 Modern Beige 0.17 g - kredka do brwi, ch\u0142odny popielaty be\u017c - Selleetools.com\" \/>\n<meta property=\"og:description\" content=\"rom&#038;nd Han All Flat Brow C3 Modern Beige to precyzyjna kredka do brwi w odcieniu ch\u0142odnego popielatego be\u017cu, idealna dla os\u00f3b o jasnej karnacji i ch\u0142odnym typie urody. Dzi\u0119ki p\u0142askiej ko\u0144c\u00f3wce umo\u017cliwia zar\u00f3wno precyzyjne wyrysowanie kszta\u0142tu, jak i naturalne wype\u0142nienie brwi. Formu\u0142a zosta\u0142a wzbogacona o woski ro\u015blinne i witamin\u0119 E, kt\u00f3re piel\u0119gnuj\u0105 i chroni\u0105 delikatn\u0105 ... Read morerom&#038;nd Han All Flat Brow C3 Modern Beige 0.17 g &#8211; kredka do brwi, ch\u0142odny popielaty be\u017c\" \/>\n<meta property=\"og:url\" content=\"https:\/\/admincentral.selleetools.com\/pl\/product\/romnd-han-all-flat-brow-c3-modern-beige-0-17-g-kredka-do-brwi-chlodny-popielaty-bez\/\" \/>\n<meta property=\"og:site_name\" content=\"Selleetools.com\" \/>\n<meta property=\"article:modified_time\" content=\"2025-11-04T20:16:22+00:00\" \/>\n<meta property=\"og:image\" content=\"https:\/\/selleetools.com\/wp-content\/uploads\/2025\/10\/97e7faa5efda908f990c0577dca4f775.png\" \/>\n\t<meta property=\"og:image:width\" content=\"1080\" \/>\n\t<meta property=\"og:image:height\" content=\"1080\" \/>\n\t<meta property=\"og:image:type\" content=\"image\/png\" \/>\n<meta name=\"twitter:card\" content=\"summary_large_image\" \/>\n<meta name=\"twitter:label1\" content=\"Est. reading time\" \/>\n\t<meta name=\"twitter:data1\" content=\"1 minuta\" \/>\n<!-- \/ Yoast SEO plugin. -->","yoast_head_json":{"title":"rom&nd Han All Flat Brow C3 Modern Beige 0.17 g - kredka do brwi, ch\u0142odny popielaty be\u017c - Selleetools.com","robots":{"index":"index","follow":"follow","max-snippet":"max-snippet:-1","max-image-preview":"max-image-preview:large","max-video-preview":"max-video-preview:-1"},"canonical":"https:\/\/admincentral.selleetools.com\/pl\/product\/romnd-han-all-flat-brow-c3-modern-beige-0-17-g-kredka-do-brwi-chlodny-popielaty-bez\/","og_locale":"pl_PL","og_type":"article","og_title":"rom&nd Han All Flat Brow C3 Modern Beige 0.17 g - kredka do brwi, ch\u0142odny popielaty be\u017c - Selleetools.com","og_description":"rom&#038;nd Han All Flat Brow C3 Modern Beige to precyzyjna kredka do brwi w odcieniu ch\u0142odnego popielatego be\u017cu, idealna dla os\u00f3b o jasnej karnacji i ch\u0142odnym typie urody. Dzi\u0119ki p\u0142askiej ko\u0144c\u00f3wce umo\u017cliwia zar\u00f3wno precyzyjne wyrysowanie kszta\u0142tu, jak i naturalne wype\u0142nienie brwi. Formu\u0142a zosta\u0142a wzbogacona o woski ro\u015blinne i witamin\u0119 E, kt\u00f3re piel\u0119gnuj\u0105 i chroni\u0105 delikatn\u0105 ... Read morerom&#038;nd Han All Flat Brow C3 Modern Beige 0.17 g &#8211; kredka do brwi, ch\u0142odny popielaty be\u017c","og_url":"https:\/\/admincentral.selleetools.com\/pl\/product\/romnd-han-all-flat-brow-c3-modern-beige-0-17-g-kredka-do-brwi-chlodny-popielaty-bez\/","og_site_name":"Selleetools.com","article_modified_time":"2025-11-04T20:16:22+00:00","og_image":[{"width":1080,"height":1080,"url":"https:\/\/selleetools.com\/wp-content\/uploads\/2025\/10\/97e7faa5efda908f990c0577dca4f775.png","type":"image\/png"}],"twitter_card":"summary_large_image","twitter_misc":{"Est. reading time":"1 minuta"},"schema":{"@context":"https:\/\/schema.org","@graph":[{"@type":"Organization","@id":"https:\/\/selleetools.com\/#organization","name":"Selleetools","url":"https:\/\/selleetools.com\/","sameAs":[],"logo":{"@type":"ImageObject","inLanguage":"pl-PL","@id":"https:\/\/selleetools.com\/#\/schema\/logo\/image\/","url":"https:\/\/selleetools.com\/wp-content\/uploads\/2021\/10\/logo-dark.png","contentUrl":"https:\/\/selleetools.com\/wp-content\/uploads\/2021\/10\/logo-dark.png","width":320,"height":76,"caption":"Selleetools"},"image":{"@id":"https:\/\/selleetools.com\/#\/schema\/logo\/image\/"}},{"@type":"WebSite","@id":"https:\/\/selleetools.com\/#website","url":"https:\/\/selleetools.com\/","name":"Selleetools.com","description":"","publisher":{"@id":"https:\/\/selleetools.com\/#organization"},"potentialAction":[{"@type":"SearchAction","target":{"@type":"EntryPoint","urlTemplate":"https:\/\/selleetools.com\/?s={search_term_string}"},"query-input":"required name=search_term_string"}],"inLanguage":"pl-PL"},{"@type":"WebPage","@id":"https:\/\/admincentral.selleetools.com\/pl\/product\/romnd-han-all-flat-brow-c3-modern-beige-0-17-g-kredka-do-brwi-chlodny-popielaty-bez\/","url":"https:\/\/admincentral.selleetools.com\/pl\/product\/romnd-han-all-flat-brow-c3-modern-beige-0-17-g-kredka-do-brwi-chlodny-popielaty-bez\/","name":"rom&nd Han All Flat Brow C3 Modern Beige 0.17 g - kredka do brwi, ch\u0142odny popielaty be\u017c - Selleetools.com","isPartOf":{"@id":"https:\/\/selleetools.com\/#website"},"datePublished":"2025-10-24T12:08:47+00:00","dateModified":"2025-11-04T20:16:22+00:00","breadcrumb":{"@id":"https:\/\/admincentral.selleetools.com\/pl\/product\/romnd-han-all-flat-brow-c3-modern-beige-0-17-g-kredka-do-brwi-chlodny-popielaty-bez\/#breadcrumb"},"inLanguage":"pl-PL","potentialAction":[{"@type":"ReadAction","target":["https:\/\/admincentral.selleetools.com\/pl\/product\/romnd-han-all-flat-brow-c3-modern-beige-0-17-g-kredka-do-brwi-chlodny-popielaty-bez\/"]}]},{"@type":"BreadcrumbList","@id":"https:\/\/admincentral.selleetools.com\/pl\/product\/romnd-han-all-flat-brow-c3-modern-beige-0-17-g-kredka-do-brwi-chlodny-popielaty-bez\/#breadcrumb","itemListElement":[{"@type":"ListItem","position":1,"name":"Home","item":"https:\/\/selleetools.com\/pl\/"},{"@type":"ListItem","position":2,"name":"Katalog","item":"https:\/\/selleetools.com\/pl\/katalog\/"},{"@type":"ListItem","position":3,"name":"rom&#038;nd Han All Flat Brow C3 Modern Beige 0.17 g &#8211; kredka do brwi, ch\u0142odny popielaty be\u017c"}]}]}},"_links":{"self":[{"href":"https:\/\/admincentral.selleetools.com\/pl\/wp-json\/wp\/v2\/product\/607755"}],"collection":[{"href":"https:\/\/admincentral.selleetools.com\/pl\/wp-json\/wp\/v2\/product"}],"about":[{"href":"https:\/\/admincentral.selleetools.com\/pl\/wp-json\/wp\/v2\/types\/product"}],"replies":[{"embeddable":true,"href":"https:\/\/admincentral.selleetools.com\/pl\/wp-json\/wp\/v2\/comments?post=607755"}],"wp:featuredmedia":[{"embeddable":true,"href":"https:\/\/admincentral.selleetools.com\/pl\/wp-json\/wp\/v2\/media\/607753"}],"wp:attachment":[{"href":"https:\/\/admincentral.selleetools.com\/pl\/wp-json\/wp\/v2\/media?parent=607755"}],"curies":[{"name":"wp","href":"https:\/\/api.w.org\/{rel}","templated":true}]}}