{"id":607758,"date":"2025-10-24T14:08:50","date_gmt":"2025-10-24T12:08:50","guid":{"rendered":"https:\/\/selleetools.com\/?post_type=product&#038;p=607758"},"modified":"2026-03-03T11:18:54","modified_gmt":"2026-03-03T10:18:54","slug":"romnd-han-all-flat-brow-w1-gentle-brown-0-17-g-kredka-do-brwi-cieply-ciemnobrazowy","status":"publish","type":"product","link":"https:\/\/admincentral.selleetools.com\/pl\/product\/romnd-han-all-flat-brow-w1-gentle-brown-0-17-g-kredka-do-brwi-cieply-ciemnobrazowy\/","title":{"rendered":"rom&#038;nd Han All Flat Brow W1 Gentle Brown 0.17 g &#8211; kredka do brwi, ciep\u0142y ciemnobr\u0105zowy"},"content":{"rendered":"<p>rom&#038;nd Han All Flat Brow to precyzyjna kredka do brwi o p\u0142askiej ko\u0144c\u00f3wce, kt\u00f3ra umo\u017cliwia zar\u00f3wno dok\u0142adne wype\u0142nienie ubytk\u00f3w, jak i naturalne wyrysowanie kszta\u0142tu brwi. Odcie\u0144 W1 Gentle Brown to ciep\u0142y, ciemnobr\u0105zowy kolor, idealny dla os\u00f3b o ciep\u0142ej karnacji i br\u0105zowych w\u0142osach.<\/p>\n<p>Korzy\u015bci ze stosowania:<br \/>\nZapewnia naturalny i d\u0142ugotrwa\u0142y efekt bez rozmazywania<br \/>\nP\u0142aska ko\u0144c\u00f3wka umo\u017cliwia r\u00f3\u017cnorodne techniki aplikacji \u2013 od cienkich kresek po cieniowanie<br \/>\nWzbogacona o woski ro\u015blinne i witamin\u0119 E, formu\u0142a \u0142atwo sunie po sk\u00f3rze, nie podra\u017cniaj\u0105c jej<br \/>\nWygodne, automatyczne opakowanie bez konieczno\u015bci temperowania<\/p>\n<p>Spos\u00f3b u\u017cycia:<br \/>\nDelikatnie zaznacz kszta\u0142t brwi, a nast\u0119pnie wype\u0142nij je kr\u00f3tkimi, poci\u0105g\u0142ymi ruchami, imituj\u0105c w\u0142oski. U\u017cyj szerokiej strony kredki do wype\u0142niania, a w\u0105skiej do precyzyjnych detali. Na koniec przeczesz brwi szczoteczk\u0105 dla naturalnego efektu.<\/p>\n","protected":false},"excerpt":{"rendered":"<p>rom&#038;nd Han All Flat Brow to precyzyjna kredka do brwi o p\u0142askiej ko\u0144c\u00f3wce, kt\u00f3ra umo\u017cliwia zar\u00f3wno dok\u0142adne wype\u0142nienie ubytk\u00f3w, jak i naturalne wyrysowanie kszta\u0142tu brwi. Odcie\u0144 W1 Gentle Brown to ciep\u0142y, ciemnobr\u0105zowy kolor, idealny dla os\u00f3b o ciep\u0142ej karnacji i br\u0105zowych w\u0142osach. Korzy\u015bci ze stosowania: Zapewnia naturalny i d\u0142ugotrwa\u0142y efekt bez rozmazywania P\u0142aska ko\u0144c\u00f3wka umo\u017cliwia &#8230; <a title=\"rom&#038;nd Han All Flat Brow W1 Gentle Brown 0.17 g &#8211; kredka do brwi, ciep\u0142y ciemnobr\u0105zowy\" class=\"read-more\" href=\"https:\/\/admincentral.selleetools.com\/pl\/product\/romnd-han-all-flat-brow-w1-gentle-brown-0-17-g-kredka-do-brwi-cieply-ciemnobrazowy\/\">Read more<span class=\"screen-reader-text\">rom&#038;nd Han All Flat Brow W1 Gentle Brown 0.17 g &#8211; kredka do brwi, ciep\u0142y ciemnobr\u0105zowy<\/span><\/a><\/p>\n","protected":false},"featured_media":607756,"comment_status":"open","ping_status":"closed","template":"","meta":{"_links_to":"","_links_to_target":""},"yoast_head":"<!-- This site is optimized with the Yoast SEO plugin v19.4 - https:\/\/yoast.com\/wordpress\/plugins\/seo\/ -->\n<title>rom&amp;nd Han All Flat Brow W1 Gentle Brown 0.17 g - kredka do brwi, ciep\u0142y ciemnobr\u0105zowy - Selleetools.com<\/title>\n<meta name=\"robots\" content=\"index, follow, max-snippet:-1, max-image-preview:large, max-video-preview:-1\" \/>\n<link rel=\"canonical\" href=\"https:\/\/admincentral.selleetools.com\/product\/romnd-han-all-flat-brow-w1-gentle-brown-0-17-g-kredka-do-brwi-cieply-ciemnobrazowy\/\" \/>\n<meta property=\"og:locale\" content=\"pl_PL\" \/>\n<meta property=\"og:type\" content=\"article\" \/>\n<meta property=\"og:title\" content=\"rom&amp;nd Han All Flat Brow W1 Gentle Brown 0.17 g - kredka do brwi, ciep\u0142y ciemnobr\u0105zowy - Selleetools.com\" \/>\n<meta property=\"og:description\" content=\"rom&#038;nd Han All Flat Brow to precyzyjna kredka do brwi o p\u0142askiej ko\u0144c\u00f3wce, kt\u00f3ra umo\u017cliwia zar\u00f3wno dok\u0142adne wype\u0142nienie ubytk\u00f3w, jak i naturalne wyrysowanie kszta\u0142tu brwi. Odcie\u0144 W1 Gentle Brown to ciep\u0142y, ciemnobr\u0105zowy kolor, idealny dla os\u00f3b o ciep\u0142ej karnacji i br\u0105zowych w\u0142osach. Korzy\u015bci ze stosowania: Zapewnia naturalny i d\u0142ugotrwa\u0142y efekt bez rozmazywania P\u0142aska ko\u0144c\u00f3wka umo\u017cliwia ... Read morerom&#038;nd Han All Flat Brow W1 Gentle Brown 0.17 g &#8211; kredka do brwi, ciep\u0142y ciemnobr\u0105zowy\" \/>\n<meta property=\"og:url\" content=\"https:\/\/admincentral.selleetools.com\/product\/romnd-han-all-flat-brow-w1-gentle-brown-0-17-g-kredka-do-brwi-cieply-ciemnobrazowy\/\" \/>\n<meta property=\"og:site_name\" content=\"Selleetools.com\" \/>\n<meta property=\"article:modified_time\" content=\"2026-03-03T10:18:54+00:00\" \/>\n<meta property=\"og:image\" content=\"https:\/\/selleetools.com\/wp-content\/uploads\/2025\/10\/dd59be61ae079d95a8e1539e5698026b.png\" \/>\n\t<meta property=\"og:image:width\" content=\"1080\" \/>\n\t<meta property=\"og:image:height\" content=\"1080\" \/>\n\t<meta property=\"og:image:type\" content=\"image\/png\" \/>\n<meta name=\"twitter:card\" content=\"summary_large_image\" \/>\n<meta name=\"twitter:label1\" content=\"Est. reading time\" \/>\n\t<meta name=\"twitter:data1\" content=\"1 minuta\" \/>\n<!-- \/ Yoast SEO plugin. -->","yoast_head_json":{"title":"rom&nd Han All Flat Brow W1 Gentle Brown 0.17 g - kredka do brwi, ciep\u0142y ciemnobr\u0105zowy - Selleetools.com","robots":{"index":"index","follow":"follow","max-snippet":"max-snippet:-1","max-image-preview":"max-image-preview:large","max-video-preview":"max-video-preview:-1"},"canonical":"https:\/\/admincentral.selleetools.com\/product\/romnd-han-all-flat-brow-w1-gentle-brown-0-17-g-kredka-do-brwi-cieply-ciemnobrazowy\/","og_locale":"pl_PL","og_type":"article","og_title":"rom&nd Han All Flat Brow W1 Gentle Brown 0.17 g - kredka do brwi, ciep\u0142y ciemnobr\u0105zowy - Selleetools.com","og_description":"rom&#038;nd Han All Flat Brow to precyzyjna kredka do brwi o p\u0142askiej ko\u0144c\u00f3wce, kt\u00f3ra umo\u017cliwia zar\u00f3wno dok\u0142adne wype\u0142nienie ubytk\u00f3w, jak i naturalne wyrysowanie kszta\u0142tu brwi. Odcie\u0144 W1 Gentle Brown to ciep\u0142y, ciemnobr\u0105zowy kolor, idealny dla os\u00f3b o ciep\u0142ej karnacji i br\u0105zowych w\u0142osach. Korzy\u015bci ze stosowania: Zapewnia naturalny i d\u0142ugotrwa\u0142y efekt bez rozmazywania P\u0142aska ko\u0144c\u00f3wka umo\u017cliwia ... Read morerom&#038;nd Han All Flat Brow W1 Gentle Brown 0.17 g &#8211; kredka do brwi, ciep\u0142y ciemnobr\u0105zowy","og_url":"https:\/\/admincentral.selleetools.com\/product\/romnd-han-all-flat-brow-w1-gentle-brown-0-17-g-kredka-do-brwi-cieply-ciemnobrazowy\/","og_site_name":"Selleetools.com","article_modified_time":"2026-03-03T10:18:54+00:00","og_image":[{"width":1080,"height":1080,"url":"https:\/\/selleetools.com\/wp-content\/uploads\/2025\/10\/dd59be61ae079d95a8e1539e5698026b.png","type":"image\/png"}],"twitter_card":"summary_large_image","twitter_misc":{"Est. reading time":"1 minuta"},"schema":{"@context":"https:\/\/schema.org","@graph":[{"@type":"Organization","@id":"https:\/\/selleetools.com\/#organization","name":"Selleetools","url":"https:\/\/selleetools.com\/","sameAs":[],"logo":{"@type":"ImageObject","inLanguage":"pl-PL","@id":"https:\/\/selleetools.com\/#\/schema\/logo\/image\/","url":"https:\/\/selleetools.com\/wp-content\/uploads\/2021\/10\/logo-dark.png","contentUrl":"https:\/\/selleetools.com\/wp-content\/uploads\/2021\/10\/logo-dark.png","width":320,"height":76,"caption":"Selleetools"},"image":{"@id":"https:\/\/selleetools.com\/#\/schema\/logo\/image\/"}},{"@type":"WebSite","@id":"https:\/\/selleetools.com\/#website","url":"https:\/\/selleetools.com\/","name":"Selleetools.com","description":"","publisher":{"@id":"https:\/\/selleetools.com\/#organization"},"potentialAction":[{"@type":"SearchAction","target":{"@type":"EntryPoint","urlTemplate":"https:\/\/selleetools.com\/?s={search_term_string}"},"query-input":"required name=search_term_string"}],"inLanguage":"pl-PL"},{"@type":"WebPage","@id":"https:\/\/admincentral.selleetools.com\/product\/romnd-han-all-flat-brow-w1-gentle-brown-0-17-g-kredka-do-brwi-cieply-ciemnobrazowy\/","url":"https:\/\/admincentral.selleetools.com\/product\/romnd-han-all-flat-brow-w1-gentle-brown-0-17-g-kredka-do-brwi-cieply-ciemnobrazowy\/","name":"rom&nd Han All Flat Brow W1 Gentle Brown 0.17 g - kredka do brwi, ciep\u0142y ciemnobr\u0105zowy - Selleetools.com","isPartOf":{"@id":"https:\/\/selleetools.com\/#website"},"datePublished":"2025-10-24T12:08:50+00:00","dateModified":"2026-03-03T10:18:54+00:00","breadcrumb":{"@id":"https:\/\/admincentral.selleetools.com\/product\/romnd-han-all-flat-brow-w1-gentle-brown-0-17-g-kredka-do-brwi-cieply-ciemnobrazowy\/#breadcrumb"},"inLanguage":"pl-PL","potentialAction":[{"@type":"ReadAction","target":["https:\/\/admincentral.selleetools.com\/product\/romnd-han-all-flat-brow-w1-gentle-brown-0-17-g-kredka-do-brwi-cieply-ciemnobrazowy\/"]}]},{"@type":"BreadcrumbList","@id":"https:\/\/admincentral.selleetools.com\/product\/romnd-han-all-flat-brow-w1-gentle-brown-0-17-g-kredka-do-brwi-cieply-ciemnobrazowy\/#breadcrumb","itemListElement":[{"@type":"ListItem","position":1,"name":"Home","item":"https:\/\/selleetools.com\/pl\/"},{"@type":"ListItem","position":2,"name":"Katalog","item":"https:\/\/selleetools.com\/pl\/katalog\/"},{"@type":"ListItem","position":3,"name":"rom&#038;nd Han All Flat Brow W1 Gentle Brown 0.17 g &#8211; kredka do brwi, ciep\u0142y ciemnobr\u0105zowy"}]}]}},"_links":{"self":[{"href":"https:\/\/admincentral.selleetools.com\/pl\/wp-json\/wp\/v2\/product\/607758"}],"collection":[{"href":"https:\/\/admincentral.selleetools.com\/pl\/wp-json\/wp\/v2\/product"}],"about":[{"href":"https:\/\/admincentral.selleetools.com\/pl\/wp-json\/wp\/v2\/types\/product"}],"replies":[{"embeddable":true,"href":"https:\/\/admincentral.selleetools.com\/pl\/wp-json\/wp\/v2\/comments?post=607758"}],"wp:featuredmedia":[{"embeddable":true,"href":"https:\/\/admincentral.selleetools.com\/pl\/wp-json\/wp\/v2\/media\/607756"}],"wp:attachment":[{"href":"https:\/\/admincentral.selleetools.com\/pl\/wp-json\/wp\/v2\/media?parent=607758"}],"curies":[{"name":"wp","href":"https:\/\/api.w.org\/{rel}","templated":true}]}}