{"id":607782,"date":"2025-10-24T14:09:10","date_gmt":"2025-10-24T12:09:10","guid":{"rendered":"https:\/\/selleetools.com\/?post_type=product&#038;p=607782"},"modified":"2025-11-04T21:17:05","modified_gmt":"2025-11-04T20:17:05","slug":"romnd-han-all-flat-brow-w3-merry-blond-0-17-g-kredka-do-brwi-cieply-blond","status":"publish","type":"product","link":"https:\/\/admincentral.selleetools.com\/pl\/product\/romnd-han-all-flat-brow-w3-merry-blond-0-17-g-kredka-do-brwi-cieply-blond\/","title":{"rendered":"rom&#038;nd Han All Flat Brow W3 Merry Blond 0.17 g &#8211; kredka do brwi, ciep\u0142y blond"},"content":{"rendered":"<p>rom&#038;nd Han All Flat Brow W3 Merry Blond to precyzyjna kredka do brwi w odcieniu ciep\u0142ego blondu, idealna dla os\u00f3b o jasnych w\u0142osach i ciep\u0142ej tonacji sk\u00f3ry. P\u0142aska ko\u0144c\u00f3wka umo\u017cliwia dok\u0142adne wype\u0142nienie ubytk\u00f3w oraz nadanie brwiom naturalnego kszta\u0142tu. Delikatna formu\u0142a z woskami ro\u015blinnymi zapewnia komfortow\u0105 aplikacj\u0119 i trwa\u0142o\u015b\u0107 przez ca\u0142y dzie\u0144.<\/p>\n<p>Korzy\u015bci ze stosowania:<br \/>\nNaturalny, ciep\u0142y odcie\u0144 blondu \u2013 idealny do jasnych brwi<br \/>\nP\u0142aska ko\u0144c\u00f3wka u\u0142atwia precyzyjne modelowanie i wype\u0142nianie<br \/>\nMi\u0119kka, ale trwa\u0142a formu\u0142a \u2013 nie rozmazuje si\u0119 i nie osypuje<br \/>\nZawiera wosk karnauba i witamin\u0119 E, kt\u00f3re piel\u0119gnuj\u0105 sk\u00f3r\u0119 i w\u0142oski<\/p>\n<p>Spos\u00f3b u\u017cycia:<br \/>\nDelikatnie zaznacz kszta\u0142t brwi kr\u00f3tkimi poci\u0105gni\u0119ciami, imituj\u0105cymi naturalne w\u0142oski. Wype\u0142nij ubytki, a nast\u0119pnie rozetrzyj produkt szczoteczk\u0105 (je\u015bli u\u017cywasz osobno) dla bardziej mi\u0119kkiego efektu.<\/p>\n","protected":false},"excerpt":{"rendered":"<p>rom&#038;nd Han All Flat Brow W3 Merry Blond to precyzyjna kredka do brwi w odcieniu ciep\u0142ego blondu, idealna dla os\u00f3b o jasnych w\u0142osach i ciep\u0142ej tonacji sk\u00f3ry. P\u0142aska ko\u0144c\u00f3wka umo\u017cliwia dok\u0142adne wype\u0142nienie ubytk\u00f3w oraz nadanie brwiom naturalnego kszta\u0142tu. Delikatna formu\u0142a z woskami ro\u015blinnymi zapewnia komfortow\u0105 aplikacj\u0119 i trwa\u0142o\u015b\u0107 przez ca\u0142y dzie\u0144. Korzy\u015bci ze stosowania: Naturalny, &#8230; <a title=\"rom&#038;nd Han All Flat Brow W3 Merry Blond 0.17 g &#8211; kredka do brwi, ciep\u0142y blond\" class=\"read-more\" href=\"https:\/\/admincentral.selleetools.com\/pl\/product\/romnd-han-all-flat-brow-w3-merry-blond-0-17-g-kredka-do-brwi-cieply-blond\/\">Read more<span class=\"screen-reader-text\">rom&#038;nd Han All Flat Brow W3 Merry Blond 0.17 g &#8211; kredka do brwi, ciep\u0142y blond<\/span><\/a><\/p>\n","protected":false},"featured_media":607780,"comment_status":"open","ping_status":"closed","template":"","meta":{"_links_to":"","_links_to_target":""},"yoast_head":"<!-- This site is optimized with the Yoast SEO plugin v19.4 - https:\/\/yoast.com\/wordpress\/plugins\/seo\/ -->\n<title>rom&amp;nd Han All Flat Brow W3 Merry Blond 0.17 g - kredka do brwi, ciep\u0142y blond - Selleetools.com<\/title>\n<meta name=\"robots\" content=\"index, follow, max-snippet:-1, max-image-preview:large, max-video-preview:-1\" \/>\n<link rel=\"canonical\" href=\"https:\/\/admincentral.selleetools.com\/pl\/product\/romnd-han-all-flat-brow-w3-merry-blond-0-17-g-kredka-do-brwi-cieply-blond\/\" \/>\n<meta property=\"og:locale\" content=\"pl_PL\" \/>\n<meta property=\"og:type\" content=\"article\" \/>\n<meta property=\"og:title\" content=\"rom&amp;nd Han All Flat Brow W3 Merry Blond 0.17 g - kredka do brwi, ciep\u0142y blond - Selleetools.com\" \/>\n<meta property=\"og:description\" content=\"rom&#038;nd Han All Flat Brow W3 Merry Blond to precyzyjna kredka do brwi w odcieniu ciep\u0142ego blondu, idealna dla os\u00f3b o jasnych w\u0142osach i ciep\u0142ej tonacji sk\u00f3ry. P\u0142aska ko\u0144c\u00f3wka umo\u017cliwia dok\u0142adne wype\u0142nienie ubytk\u00f3w oraz nadanie brwiom naturalnego kszta\u0142tu. Delikatna formu\u0142a z woskami ro\u015blinnymi zapewnia komfortow\u0105 aplikacj\u0119 i trwa\u0142o\u015b\u0107 przez ca\u0142y dzie\u0144. Korzy\u015bci ze stosowania: Naturalny, ... Read morerom&#038;nd Han All Flat Brow W3 Merry Blond 0.17 g &#8211; kredka do brwi, ciep\u0142y blond\" \/>\n<meta property=\"og:url\" content=\"https:\/\/admincentral.selleetools.com\/pl\/product\/romnd-han-all-flat-brow-w3-merry-blond-0-17-g-kredka-do-brwi-cieply-blond\/\" \/>\n<meta property=\"og:site_name\" content=\"Selleetools.com\" \/>\n<meta property=\"article:modified_time\" content=\"2025-11-04T20:17:05+00:00\" \/>\n<meta property=\"og:image\" content=\"https:\/\/selleetools.com\/wp-content\/uploads\/2025\/10\/5aba8be5e9c7f3cb54e8ef4f9421960c.png\" \/>\n\t<meta property=\"og:image:width\" content=\"1080\" \/>\n\t<meta property=\"og:image:height\" content=\"1080\" \/>\n\t<meta property=\"og:image:type\" content=\"image\/png\" \/>\n<meta name=\"twitter:card\" content=\"summary_large_image\" \/>\n<meta name=\"twitter:label1\" content=\"Est. reading time\" \/>\n\t<meta name=\"twitter:data1\" content=\"1 minuta\" \/>\n<!-- \/ Yoast SEO plugin. -->","yoast_head_json":{"title":"rom&nd Han All Flat Brow W3 Merry Blond 0.17 g - kredka do brwi, ciep\u0142y blond - Selleetools.com","robots":{"index":"index","follow":"follow","max-snippet":"max-snippet:-1","max-image-preview":"max-image-preview:large","max-video-preview":"max-video-preview:-1"},"canonical":"https:\/\/admincentral.selleetools.com\/pl\/product\/romnd-han-all-flat-brow-w3-merry-blond-0-17-g-kredka-do-brwi-cieply-blond\/","og_locale":"pl_PL","og_type":"article","og_title":"rom&nd Han All Flat Brow W3 Merry Blond 0.17 g - kredka do brwi, ciep\u0142y blond - Selleetools.com","og_description":"rom&#038;nd Han All Flat Brow W3 Merry Blond to precyzyjna kredka do brwi w odcieniu ciep\u0142ego blondu, idealna dla os\u00f3b o jasnych w\u0142osach i ciep\u0142ej tonacji sk\u00f3ry. P\u0142aska ko\u0144c\u00f3wka umo\u017cliwia dok\u0142adne wype\u0142nienie ubytk\u00f3w oraz nadanie brwiom naturalnego kszta\u0142tu. Delikatna formu\u0142a z woskami ro\u015blinnymi zapewnia komfortow\u0105 aplikacj\u0119 i trwa\u0142o\u015b\u0107 przez ca\u0142y dzie\u0144. Korzy\u015bci ze stosowania: Naturalny, ... Read morerom&#038;nd Han All Flat Brow W3 Merry Blond 0.17 g &#8211; kredka do brwi, ciep\u0142y blond","og_url":"https:\/\/admincentral.selleetools.com\/pl\/product\/romnd-han-all-flat-brow-w3-merry-blond-0-17-g-kredka-do-brwi-cieply-blond\/","og_site_name":"Selleetools.com","article_modified_time":"2025-11-04T20:17:05+00:00","og_image":[{"width":1080,"height":1080,"url":"https:\/\/selleetools.com\/wp-content\/uploads\/2025\/10\/5aba8be5e9c7f3cb54e8ef4f9421960c.png","type":"image\/png"}],"twitter_card":"summary_large_image","twitter_misc":{"Est. reading time":"1 minuta"},"schema":{"@context":"https:\/\/schema.org","@graph":[{"@type":"Organization","@id":"https:\/\/selleetools.com\/#organization","name":"Selleetools","url":"https:\/\/selleetools.com\/","sameAs":[],"logo":{"@type":"ImageObject","inLanguage":"pl-PL","@id":"https:\/\/selleetools.com\/#\/schema\/logo\/image\/","url":"https:\/\/selleetools.com\/wp-content\/uploads\/2021\/10\/logo-dark.png","contentUrl":"https:\/\/selleetools.com\/wp-content\/uploads\/2021\/10\/logo-dark.png","width":320,"height":76,"caption":"Selleetools"},"image":{"@id":"https:\/\/selleetools.com\/#\/schema\/logo\/image\/"}},{"@type":"WebSite","@id":"https:\/\/selleetools.com\/#website","url":"https:\/\/selleetools.com\/","name":"Selleetools.com","description":"","publisher":{"@id":"https:\/\/selleetools.com\/#organization"},"potentialAction":[{"@type":"SearchAction","target":{"@type":"EntryPoint","urlTemplate":"https:\/\/selleetools.com\/?s={search_term_string}"},"query-input":"required name=search_term_string"}],"inLanguage":"pl-PL"},{"@type":"WebPage","@id":"https:\/\/admincentral.selleetools.com\/pl\/product\/romnd-han-all-flat-brow-w3-merry-blond-0-17-g-kredka-do-brwi-cieply-blond\/","url":"https:\/\/admincentral.selleetools.com\/pl\/product\/romnd-han-all-flat-brow-w3-merry-blond-0-17-g-kredka-do-brwi-cieply-blond\/","name":"rom&nd Han All Flat Brow W3 Merry Blond 0.17 g - kredka do brwi, ciep\u0142y blond - Selleetools.com","isPartOf":{"@id":"https:\/\/selleetools.com\/#website"},"datePublished":"2025-10-24T12:09:10+00:00","dateModified":"2025-11-04T20:17:05+00:00","breadcrumb":{"@id":"https:\/\/admincentral.selleetools.com\/pl\/product\/romnd-han-all-flat-brow-w3-merry-blond-0-17-g-kredka-do-brwi-cieply-blond\/#breadcrumb"},"inLanguage":"pl-PL","potentialAction":[{"@type":"ReadAction","target":["https:\/\/admincentral.selleetools.com\/pl\/product\/romnd-han-all-flat-brow-w3-merry-blond-0-17-g-kredka-do-brwi-cieply-blond\/"]}]},{"@type":"BreadcrumbList","@id":"https:\/\/admincentral.selleetools.com\/pl\/product\/romnd-han-all-flat-brow-w3-merry-blond-0-17-g-kredka-do-brwi-cieply-blond\/#breadcrumb","itemListElement":[{"@type":"ListItem","position":1,"name":"Home","item":"https:\/\/selleetools.com\/pl\/"},{"@type":"ListItem","position":2,"name":"Katalog","item":"https:\/\/selleetools.com\/pl\/katalog\/"},{"@type":"ListItem","position":3,"name":"rom&#038;nd Han All Flat Brow W3 Merry Blond 0.17 g &#8211; kredka do brwi, ciep\u0142y blond"}]}]}},"_links":{"self":[{"href":"https:\/\/admincentral.selleetools.com\/pl\/wp-json\/wp\/v2\/product\/607782"}],"collection":[{"href":"https:\/\/admincentral.selleetools.com\/pl\/wp-json\/wp\/v2\/product"}],"about":[{"href":"https:\/\/admincentral.selleetools.com\/pl\/wp-json\/wp\/v2\/types\/product"}],"replies":[{"embeddable":true,"href":"https:\/\/admincentral.selleetools.com\/pl\/wp-json\/wp\/v2\/comments?post=607782"}],"wp:featuredmedia":[{"embeddable":true,"href":"https:\/\/admincentral.selleetools.com\/pl\/wp-json\/wp\/v2\/media\/607780"}],"wp:attachment":[{"href":"https:\/\/admincentral.selleetools.com\/pl\/wp-json\/wp\/v2\/media?parent=607782"}],"curies":[{"name":"wp","href":"https:\/\/api.w.org\/{rel}","templated":true}]}}