{"id":607854,"date":"2025-10-24T14:10:14","date_gmt":"2025-10-24T12:10:14","guid":{"rendered":"https:\/\/selleetools.com\/?post_type=product&#038;p=607854"},"modified":"2026-03-03T11:18:49","modified_gmt":"2026-03-03T10:18:49","slug":"anua-heartleaf-70-soothing-collagen-mask-4x38-g-kojaca-maska-w-plachcie","status":"publish","type":"product","link":"https:\/\/admincentral.selleetools.com\/pl\/product\/anua-heartleaf-70-soothing-collagen-mask-4x38-g-kojaca-maska-w-plachcie\/","title":{"rendered":"ANUA Heartleaf 70 Soothing Collagen Mask 4&#215;38 g &#8211; koj\u0105ca maska w p\u0142achcie"},"content":{"rendered":"<p>Koj\u0105co-nawil\u017caj\u0105ca maseczka w p\u0142achcie z kolagenem i ekstraktem z pstrolistki sercowatej (Heartleaf) ANUA \u2013 Heartleaf 70 Soothing Collagen Mask to intensywnie \u0142agodz\u0105ca maseczka w p\u0142achcie, kt\u00f3ra przynosi ukojenie i g\u0142\u0119bokie nawil\u017cenie nawet najbardziej wymagaj\u0105cej cerze. Jej formu\u0142a oparta jest a\u017c w 70% na wodzie z w\u0105kroty sercowatej (Houttuynia Cordata), znanej z silnych w\u0142a\u015bciwo\u015bci przeciwzapalnych i \u0142agodz\u0105cych. Dodatek kolagenu oraz kwasu hialuronowego w trzech formach poprawia elastyczno\u015b\u0107 i nawodnienie sk\u00f3ry, nadaj\u0105c jej j\u0119drno\u015b\u0107 i zdrowy wygl\u0105d. Maseczka wykonana jest z elastycznego materia\u0142u, kt\u00f3ry idealnie przylega do sk\u00f3ry, a dzi\u0119ki zawarto\u015bci mentolu i jego pochodnych delikatnie ch\u0142odzi i od\u015bwie\u017ca. To doskona\u0142a propozycja dla sk\u00f3ry podra\u017cnionej, reaktywnej lub potrzebuj\u0105cej regeneracji po ekspozycji na s\u0142o\u0144ce. G\u0142\u00f3wne sk\u0142adniki aktywne: Woda z pstrolistki sercowatej (Houttuynia Cordata 70%) \u2013 \u0142agodzi, koi i dzia\u0142a przeciwzapalni Ekstrakt z pstrolistki sercowatej \u2013 wzmacnia barier\u0119 sk\u00f3ry, reguluje sebu Rozpuszczalny kolagen \u2013 poprawia elastyczno\u015b\u0107 i nawil\u017ceni Kwas hialuronowy w trzech formach \u2013 intensywnie nawil\u017ca, uj\u0119drnia i chroni sk\u00f3r\u0119 Aloes \u2013 dzia\u0142a koj\u0105co i regeneruj\u0105co Ekstrakty ro\u015blinne: z li\u015bci kryptomerii, lotosu i ferment Saccharomyces \u2013 wspomagaj\u0105 odnow\u0119 kom\u00f3rkow\u0105, rewitalizuj\u0105 Alantoina \u2013 \u0142agodzi podra\u017cnienia i wspomaga regeneracj\u0119 Korzy\u015bci dla sk\u00f3ry: Natychmiastowe ukojenie i nawil\u017cenie Redukcja zaczerwienie\u0144 i stan\u00f3w zapalnych Wzmocnienie elastyczno\u015bci i poprawa j\u0119drno\u015bci Przyjemne uczucie ch\u0142odu i \u015bwie\u017co\u015bci Wyg\u0142adzenie i roz\u015bwietlenie cery Typ sk\u00f3ry: wra\u017cliwa, zaczerwieniona, mieszana, t\u0142usta, sucha, po opalaniu Przeznaczenie: wieczorne lub dzienne u\u017cycie Konsystencja: \u017celowa p\u0142achta nas\u0105czona bogatym serum Zapach: delikatny, mentolowo-ro\u015blinny Produkt: zawiera naturalne ekstrakty, bez alkoholu i silikon\u00f3w, cruelty-free Spos\u00f3b u\u017cycia: Na\u0142\u00f3\u017c maseczk\u0119 na oczyszczon\u0105 sk\u00f3r\u0119 twarzy, dopasowuj\u0105c j\u0105 do kszta\u0142tu twarzy. Pozostaw na 30 minut lub ca\u0142\u0105 noc. Po zdj\u0119ciu maseczki, delikatnie wklep pozosta\u0142e serum w sk\u00f3r\u0119 \u2013 nie sp\u0142ukuj. \u015arodki ostro\u017cno\u015bci: Unikaj kontaktu z oczami. Nie stosuj na sk\u00f3r\u0119 uszkodzon\u0105 lub z ranami. W przypadku wyst\u0105pienia podra\u017cnie\u0144 \u2013 zaprzesta\u0144 stosowania.<\/p>\n","protected":false},"excerpt":{"rendered":"<p>Koj\u0105co-nawil\u017caj\u0105ca maseczka w p\u0142achcie z kolagenem i ekstraktem z pstrolistki sercowatej (Heartleaf) ANUA \u2013 Heartleaf 70 Soothing Collagen Mask to intensywnie \u0142agodz\u0105ca maseczka w p\u0142achcie, kt\u00f3ra przynosi ukojenie i g\u0142\u0119bokie nawil\u017cenie nawet najbardziej wymagaj\u0105cej cerze. Jej formu\u0142a oparta jest a\u017c w 70% na wodzie z w\u0105kroty sercowatej (Houttuynia Cordata), znanej z silnych w\u0142a\u015bciwo\u015bci przeciwzapalnych i &#8230; <a title=\"ANUA Heartleaf 70 Soothing Collagen Mask 4&#215;38 g &#8211; koj\u0105ca maska w p\u0142achcie\" class=\"read-more\" href=\"https:\/\/admincentral.selleetools.com\/pl\/product\/anua-heartleaf-70-soothing-collagen-mask-4x38-g-kojaca-maska-w-plachcie\/\">Read more<span class=\"screen-reader-text\">ANUA Heartleaf 70 Soothing Collagen Mask 4&#215;38 g &#8211; koj\u0105ca maska w p\u0142achcie<\/span><\/a><\/p>\n","protected":false},"featured_media":607852,"comment_status":"closed","ping_status":"closed","template":"","meta":{"_links_to":"","_links_to_target":""},"yoast_head":"<!-- This site is optimized with the Yoast SEO plugin v19.4 - https:\/\/yoast.com\/wordpress\/plugins\/seo\/ -->\n<title>ANUA Heartleaf 70 Soothing Collagen Mask 4x38 g - koj\u0105ca maska w p\u0142achcie - Selleetools.com<\/title>\n<meta name=\"robots\" content=\"index, follow, max-snippet:-1, max-image-preview:large, max-video-preview:-1\" \/>\n<link rel=\"canonical\" href=\"https:\/\/admincentral.selleetools.com\/pl\/product\/anua-heartleaf-70-soothing-collagen-mask-4x38-g-kojaca-maska-w-plachcie\/\" \/>\n<meta property=\"og:locale\" content=\"pl_PL\" \/>\n<meta property=\"og:type\" content=\"article\" \/>\n<meta property=\"og:title\" content=\"ANUA Heartleaf 70 Soothing Collagen Mask 4x38 g - koj\u0105ca maska w p\u0142achcie - Selleetools.com\" \/>\n<meta property=\"og:description\" content=\"Koj\u0105co-nawil\u017caj\u0105ca maseczka w p\u0142achcie z kolagenem i ekstraktem z pstrolistki sercowatej (Heartleaf) ANUA \u2013 Heartleaf 70 Soothing Collagen Mask to intensywnie \u0142agodz\u0105ca maseczka w p\u0142achcie, kt\u00f3ra przynosi ukojenie i g\u0142\u0119bokie nawil\u017cenie nawet najbardziej wymagaj\u0105cej cerze. Jej formu\u0142a oparta jest a\u017c w 70% na wodzie z w\u0105kroty sercowatej (Houttuynia Cordata), znanej z silnych w\u0142a\u015bciwo\u015bci przeciwzapalnych i ... Read moreANUA Heartleaf 70 Soothing Collagen Mask 4&#215;38 g &#8211; koj\u0105ca maska w p\u0142achcie\" \/>\n<meta property=\"og:url\" content=\"https:\/\/admincentral.selleetools.com\/pl\/product\/anua-heartleaf-70-soothing-collagen-mask-4x38-g-kojaca-maska-w-plachcie\/\" \/>\n<meta property=\"og:site_name\" content=\"Selleetools.com\" \/>\n<meta property=\"article:modified_time\" content=\"2026-03-03T10:18:49+00:00\" \/>\n<meta property=\"og:image\" content=\"https:\/\/selleetools.com\/wp-content\/uploads\/2025\/10\/2.jpg\" \/>\n\t<meta property=\"og:image:width\" content=\"1000\" \/>\n\t<meta property=\"og:image:height\" content=\"1000\" \/>\n\t<meta property=\"og:image:type\" content=\"image\/jpeg\" \/>\n<meta name=\"twitter:card\" content=\"summary_large_image\" \/>\n<meta name=\"twitter:label1\" content=\"Est. reading time\" \/>\n\t<meta name=\"twitter:data1\" content=\"2 minuty\" \/>\n<!-- \/ Yoast SEO plugin. -->","yoast_head_json":{"title":"ANUA Heartleaf 70 Soothing Collagen Mask 4x38 g - koj\u0105ca maska w p\u0142achcie - Selleetools.com","robots":{"index":"index","follow":"follow","max-snippet":"max-snippet:-1","max-image-preview":"max-image-preview:large","max-video-preview":"max-video-preview:-1"},"canonical":"https:\/\/admincentral.selleetools.com\/pl\/product\/anua-heartleaf-70-soothing-collagen-mask-4x38-g-kojaca-maska-w-plachcie\/","og_locale":"pl_PL","og_type":"article","og_title":"ANUA Heartleaf 70 Soothing Collagen Mask 4x38 g - koj\u0105ca maska w p\u0142achcie - Selleetools.com","og_description":"Koj\u0105co-nawil\u017caj\u0105ca maseczka w p\u0142achcie z kolagenem i ekstraktem z pstrolistki sercowatej (Heartleaf) ANUA \u2013 Heartleaf 70 Soothing Collagen Mask to intensywnie \u0142agodz\u0105ca maseczka w p\u0142achcie, kt\u00f3ra przynosi ukojenie i g\u0142\u0119bokie nawil\u017cenie nawet najbardziej wymagaj\u0105cej cerze. Jej formu\u0142a oparta jest a\u017c w 70% na wodzie z w\u0105kroty sercowatej (Houttuynia Cordata), znanej z silnych w\u0142a\u015bciwo\u015bci przeciwzapalnych i ... Read moreANUA Heartleaf 70 Soothing Collagen Mask 4&#215;38 g &#8211; koj\u0105ca maska w p\u0142achcie","og_url":"https:\/\/admincentral.selleetools.com\/pl\/product\/anua-heartleaf-70-soothing-collagen-mask-4x38-g-kojaca-maska-w-plachcie\/","og_site_name":"Selleetools.com","article_modified_time":"2026-03-03T10:18:49+00:00","og_image":[{"width":1000,"height":1000,"url":"https:\/\/selleetools.com\/wp-content\/uploads\/2025\/10\/2.jpg","type":"image\/jpeg"}],"twitter_card":"summary_large_image","twitter_misc":{"Est. reading time":"2 minuty"},"schema":{"@context":"https:\/\/schema.org","@graph":[{"@type":"Organization","@id":"https:\/\/selleetools.com\/#organization","name":"Selleetools","url":"https:\/\/selleetools.com\/","sameAs":[],"logo":{"@type":"ImageObject","inLanguage":"pl-PL","@id":"https:\/\/selleetools.com\/#\/schema\/logo\/image\/","url":"https:\/\/selleetools.com\/wp-content\/uploads\/2021\/10\/logo-dark.png","contentUrl":"https:\/\/selleetools.com\/wp-content\/uploads\/2021\/10\/logo-dark.png","width":320,"height":76,"caption":"Selleetools"},"image":{"@id":"https:\/\/selleetools.com\/#\/schema\/logo\/image\/"}},{"@type":"WebSite","@id":"https:\/\/selleetools.com\/#website","url":"https:\/\/selleetools.com\/","name":"Selleetools.com","description":"","publisher":{"@id":"https:\/\/selleetools.com\/#organization"},"potentialAction":[{"@type":"SearchAction","target":{"@type":"EntryPoint","urlTemplate":"https:\/\/selleetools.com\/?s={search_term_string}"},"query-input":"required name=search_term_string"}],"inLanguage":"pl-PL"},{"@type":"WebPage","@id":"https:\/\/admincentral.selleetools.com\/pl\/product\/anua-heartleaf-70-soothing-collagen-mask-4x38-g-kojaca-maska-w-plachcie\/","url":"https:\/\/admincentral.selleetools.com\/pl\/product\/anua-heartleaf-70-soothing-collagen-mask-4x38-g-kojaca-maska-w-plachcie\/","name":"ANUA Heartleaf 70 Soothing Collagen Mask 4x38 g - koj\u0105ca maska w p\u0142achcie - Selleetools.com","isPartOf":{"@id":"https:\/\/selleetools.com\/#website"},"datePublished":"2025-10-24T12:10:14+00:00","dateModified":"2026-03-03T10:18:49+00:00","breadcrumb":{"@id":"https:\/\/admincentral.selleetools.com\/pl\/product\/anua-heartleaf-70-soothing-collagen-mask-4x38-g-kojaca-maska-w-plachcie\/#breadcrumb"},"inLanguage":"pl-PL","potentialAction":[{"@type":"ReadAction","target":["https:\/\/admincentral.selleetools.com\/pl\/product\/anua-heartleaf-70-soothing-collagen-mask-4x38-g-kojaca-maska-w-plachcie\/"]}]},{"@type":"BreadcrumbList","@id":"https:\/\/admincentral.selleetools.com\/pl\/product\/anua-heartleaf-70-soothing-collagen-mask-4x38-g-kojaca-maska-w-plachcie\/#breadcrumb","itemListElement":[{"@type":"ListItem","position":1,"name":"Home","item":"https:\/\/selleetools.com\/pl\/"},{"@type":"ListItem","position":2,"name":"Katalog","item":"https:\/\/selleetools.com\/pl\/katalog\/"},{"@type":"ListItem","position":3,"name":"ANUA Heartleaf 70 Soothing Collagen Mask 4&#215;38 g &#8211; koj\u0105ca maska w p\u0142achcie"}]}]}},"_links":{"self":[{"href":"https:\/\/admincentral.selleetools.com\/pl\/wp-json\/wp\/v2\/product\/607854"}],"collection":[{"href":"https:\/\/admincentral.selleetools.com\/pl\/wp-json\/wp\/v2\/product"}],"about":[{"href":"https:\/\/admincentral.selleetools.com\/pl\/wp-json\/wp\/v2\/types\/product"}],"replies":[{"embeddable":true,"href":"https:\/\/admincentral.selleetools.com\/pl\/wp-json\/wp\/v2\/comments?post=607854"}],"wp:featuredmedia":[{"embeddable":true,"href":"https:\/\/admincentral.selleetools.com\/pl\/wp-json\/wp\/v2\/media\/607852"}],"wp:attachment":[{"href":"https:\/\/admincentral.selleetools.com\/pl\/wp-json\/wp\/v2\/media?parent=607854"}],"curies":[{"name":"wp","href":"https:\/\/api.w.org\/{rel}","templated":true}]}}