{"id":607869,"date":"2025-10-24T14:10:27","date_gmt":"2025-10-24T12:10:27","guid":{"rendered":"https:\/\/selleetools.com\/?post_type=product&#038;p=607869"},"modified":"2026-04-14T20:56:57","modified_gmt":"2026-04-14T18:56:57","slug":"heimish-all-clean-balm-50-ml-hipoalergiczny-balsam-do-demakijazu","status":"publish","type":"product","link":"https:\/\/admincentral.selleetools.com\/pl\/product\/heimish-all-clean-balm-50-ml-hipoalergiczny-balsam-do-demakijazu\/","title":{"rendered":"HEIMISH All Clean Balm 50 ml &#8211; hipoalergiczny balsam do demakija\u017cu"},"content":{"rendered":"<p>HEIMISH All Clean Balm to delikatny, hipoalergiczny balsam do demakija\u017cu o kremowo-bia\u0142ej barwie, kt\u00f3ry pod wp\u0142ywem ciep\u0142a sk\u00f3ry zmienia si\u0119 w olejek, skutecznie rozpuszczaj\u0105c makija\u017c, nadmiar sebum i zanieczyszczenia. Idealny nawet dla najbardziej wra\u017cliwej cery \u2013 nie powoduje podra\u017cnie\u0144 ani uczucia \u015bci\u0105gni\u0119cia.<\/p>\n<p>Korzy\u015bci ze stosowania:<br \/>\nSkuteczne oczyszczanie \u2013 dok\u0142adnie usuwa makija\u017c, w tym produkty wodoodporne, bez konieczno\u015bci pocierania.<br \/>\n\u0141agodna formu\u0142a \u2013 odpowiednia dla sk\u00f3ry wra\u017cliwej i sk\u0142onnej do podra\u017cnie\u0144.<br \/>\nOd\u017cywcze dzia\u0142anie \u2013 zawarto\u015b\u0107 mas\u0142a shea i ekstraktu z kokosa wspiera regeneracj\u0119 i nawil\u017cenie sk\u00f3ry.<br \/>\nNaturalne olejki eteryczne \u2013 m.in. z lawendy, drzewa herbacianego i bergamotki \u2013 zapewniaj\u0105 dzia\u0142anie koj\u0105ce i antybakteryjne oraz przyjemny, \u015bwie\u017cy aromat.<br \/>\nBogactwo ekstrakt\u00f3w ro\u015blinnych \u2013 m.in. z r\u00f3\u017cy, irysa, ja\u015bminu, lilii i narcyza \u2013 piel\u0119gnuje i \u0142agodzi sk\u00f3r\u0119 podczas oczyszczania.<\/p>\n<p>Spos\u00f3b u\u017cycia:<br \/>\nNabierz niewielk\u0105 ilo\u015b\u0107 balsamu suchymi d\u0142o\u0144mi i na\u0142\u00f3\u017c na such\u0105 twarz.<br \/>\nMasuj delikatnie kolistymi ruchami, a\u017c balsam zamieni si\u0119 w olejek i rozpu\u015bci makija\u017c.<br \/>\nZwil\u017c d\u0142onie wod\u0105, kontynuuj masa\u017c \u2013 balsam zamieni si\u0119 w mleczn\u0105 emulsj\u0119.<br \/>\nSp\u0142ucz dok\u0142adnie ciep\u0142\u0105 wod\u0105 i kontynuuj dalsz\u0105 piel\u0119gnacj\u0119.<\/p>\n","protected":false},"excerpt":{"rendered":"<p>HEIMISH All Clean Balm to delikatny, hipoalergiczny balsam do demakija\u017cu o kremowo-bia\u0142ej barwie, kt\u00f3ry pod wp\u0142ywem ciep\u0142a sk\u00f3ry zmienia si\u0119 w olejek, skutecznie rozpuszczaj\u0105c makija\u017c, nadmiar sebum i zanieczyszczenia. Idealny nawet dla najbardziej wra\u017cliwej cery \u2013 nie powoduje podra\u017cnie\u0144 ani uczucia \u015bci\u0105gni\u0119cia. Korzy\u015bci ze stosowania: Skuteczne oczyszczanie \u2013 dok\u0142adnie usuwa makija\u017c, w tym produkty wodoodporne, &#8230; <a title=\"HEIMISH All Clean Balm 50 ml &#8211; hipoalergiczny balsam do demakija\u017cu\" class=\"read-more\" href=\"https:\/\/admincentral.selleetools.com\/pl\/product\/heimish-all-clean-balm-50-ml-hipoalergiczny-balsam-do-demakijazu\/\">Read more<span class=\"screen-reader-text\">HEIMISH All Clean Balm 50 ml &#8211; hipoalergiczny balsam do demakija\u017cu<\/span><\/a><\/p>\n","protected":false},"featured_media":607867,"comment_status":"open","ping_status":"closed","template":"","meta":{"_links_to":"","_links_to_target":""},"yoast_head":"<!-- This site is optimized with the Yoast SEO plugin v19.4 - https:\/\/yoast.com\/wordpress\/plugins\/seo\/ -->\n<title>HEIMISH All Clean Balm 50 ml - hipoalergiczny balsam do demakija\u017cu - Selleetools.com<\/title>\n<meta name=\"robots\" content=\"index, follow, max-snippet:-1, max-image-preview:large, max-video-preview:-1\" \/>\n<link rel=\"canonical\" href=\"https:\/\/admincentral.selleetools.com\/pl\/product\/heimish-all-clean-balm-50-ml-hipoalergiczny-balsam-do-demakijazu\/\" \/>\n<meta property=\"og:locale\" content=\"pl_PL\" \/>\n<meta property=\"og:type\" content=\"article\" \/>\n<meta property=\"og:title\" content=\"HEIMISH All Clean Balm 50 ml - hipoalergiczny balsam do demakija\u017cu - Selleetools.com\" \/>\n<meta property=\"og:description\" content=\"HEIMISH All Clean Balm to delikatny, hipoalergiczny balsam do demakija\u017cu o kremowo-bia\u0142ej barwie, kt\u00f3ry pod wp\u0142ywem ciep\u0142a sk\u00f3ry zmienia si\u0119 w olejek, skutecznie rozpuszczaj\u0105c makija\u017c, nadmiar sebum i zanieczyszczenia. Idealny nawet dla najbardziej wra\u017cliwej cery \u2013 nie powoduje podra\u017cnie\u0144 ani uczucia \u015bci\u0105gni\u0119cia. Korzy\u015bci ze stosowania: Skuteczne oczyszczanie \u2013 dok\u0142adnie usuwa makija\u017c, w tym produkty wodoodporne, ... Read moreHEIMISH All Clean Balm 50 ml &#8211; hipoalergiczny balsam do demakija\u017cu\" \/>\n<meta property=\"og:url\" content=\"https:\/\/admincentral.selleetools.com\/pl\/product\/heimish-all-clean-balm-50-ml-hipoalergiczny-balsam-do-demakijazu\/\" \/>\n<meta property=\"og:site_name\" content=\"Selleetools.com\" \/>\n<meta property=\"article:modified_time\" content=\"2026-04-14T18:56:57+00:00\" \/>\n<meta property=\"og:image\" content=\"https:\/\/selleetools.com\/wp-content\/uploads\/2025\/10\/f9690025699d597c86fc569849757d00.jpg\" \/>\n\t<meta property=\"og:image:width\" content=\"511\" \/>\n\t<meta property=\"og:image:height\" content=\"342\" \/>\n\t<meta property=\"og:image:type\" content=\"image\/jpeg\" \/>\n<meta name=\"twitter:card\" content=\"summary_large_image\" \/>\n<meta name=\"twitter:label1\" content=\"Est. reading time\" \/>\n\t<meta name=\"twitter:data1\" content=\"1 minuta\" \/>\n<!-- \/ Yoast SEO plugin. -->","yoast_head_json":{"title":"HEIMISH All Clean Balm 50 ml - hipoalergiczny balsam do demakija\u017cu - Selleetools.com","robots":{"index":"index","follow":"follow","max-snippet":"max-snippet:-1","max-image-preview":"max-image-preview:large","max-video-preview":"max-video-preview:-1"},"canonical":"https:\/\/admincentral.selleetools.com\/pl\/product\/heimish-all-clean-balm-50-ml-hipoalergiczny-balsam-do-demakijazu\/","og_locale":"pl_PL","og_type":"article","og_title":"HEIMISH All Clean Balm 50 ml - hipoalergiczny balsam do demakija\u017cu - Selleetools.com","og_description":"HEIMISH All Clean Balm to delikatny, hipoalergiczny balsam do demakija\u017cu o kremowo-bia\u0142ej barwie, kt\u00f3ry pod wp\u0142ywem ciep\u0142a sk\u00f3ry zmienia si\u0119 w olejek, skutecznie rozpuszczaj\u0105c makija\u017c, nadmiar sebum i zanieczyszczenia. Idealny nawet dla najbardziej wra\u017cliwej cery \u2013 nie powoduje podra\u017cnie\u0144 ani uczucia \u015bci\u0105gni\u0119cia. Korzy\u015bci ze stosowania: Skuteczne oczyszczanie \u2013 dok\u0142adnie usuwa makija\u017c, w tym produkty wodoodporne, ... Read moreHEIMISH All Clean Balm 50 ml &#8211; hipoalergiczny balsam do demakija\u017cu","og_url":"https:\/\/admincentral.selleetools.com\/pl\/product\/heimish-all-clean-balm-50-ml-hipoalergiczny-balsam-do-demakijazu\/","og_site_name":"Selleetools.com","article_modified_time":"2026-04-14T18:56:57+00:00","og_image":[{"width":511,"height":342,"url":"https:\/\/selleetools.com\/wp-content\/uploads\/2025\/10\/f9690025699d597c86fc569849757d00.jpg","type":"image\/jpeg"}],"twitter_card":"summary_large_image","twitter_misc":{"Est. reading time":"1 minuta"},"schema":{"@context":"https:\/\/schema.org","@graph":[{"@type":"Organization","@id":"https:\/\/selleetools.com\/#organization","name":"Selleetools","url":"https:\/\/selleetools.com\/","sameAs":[],"logo":{"@type":"ImageObject","inLanguage":"pl-PL","@id":"https:\/\/selleetools.com\/#\/schema\/logo\/image\/","url":"https:\/\/selleetools.com\/wp-content\/uploads\/2021\/10\/logo-dark.png","contentUrl":"https:\/\/selleetools.com\/wp-content\/uploads\/2021\/10\/logo-dark.png","width":320,"height":76,"caption":"Selleetools"},"image":{"@id":"https:\/\/selleetools.com\/#\/schema\/logo\/image\/"}},{"@type":"WebSite","@id":"https:\/\/selleetools.com\/#website","url":"https:\/\/selleetools.com\/","name":"Selleetools.com","description":"","publisher":{"@id":"https:\/\/selleetools.com\/#organization"},"potentialAction":[{"@type":"SearchAction","target":{"@type":"EntryPoint","urlTemplate":"https:\/\/selleetools.com\/?s={search_term_string}"},"query-input":"required name=search_term_string"}],"inLanguage":"pl-PL"},{"@type":"WebPage","@id":"https:\/\/admincentral.selleetools.com\/pl\/product\/heimish-all-clean-balm-50-ml-hipoalergiczny-balsam-do-demakijazu\/","url":"https:\/\/admincentral.selleetools.com\/pl\/product\/heimish-all-clean-balm-50-ml-hipoalergiczny-balsam-do-demakijazu\/","name":"HEIMISH All Clean Balm 50 ml - hipoalergiczny balsam do demakija\u017cu - Selleetools.com","isPartOf":{"@id":"https:\/\/selleetools.com\/#website"},"datePublished":"2025-10-24T12:10:27+00:00","dateModified":"2026-04-14T18:56:57+00:00","breadcrumb":{"@id":"https:\/\/admincentral.selleetools.com\/pl\/product\/heimish-all-clean-balm-50-ml-hipoalergiczny-balsam-do-demakijazu\/#breadcrumb"},"inLanguage":"pl-PL","potentialAction":[{"@type":"ReadAction","target":["https:\/\/admincentral.selleetools.com\/pl\/product\/heimish-all-clean-balm-50-ml-hipoalergiczny-balsam-do-demakijazu\/"]}]},{"@type":"BreadcrumbList","@id":"https:\/\/admincentral.selleetools.com\/pl\/product\/heimish-all-clean-balm-50-ml-hipoalergiczny-balsam-do-demakijazu\/#breadcrumb","itemListElement":[{"@type":"ListItem","position":1,"name":"Home","item":"https:\/\/selleetools.com\/pl\/"},{"@type":"ListItem","position":2,"name":"Katalog","item":"https:\/\/selleetools.com\/pl\/katalog\/"},{"@type":"ListItem","position":3,"name":"HEIMISH All Clean Balm 50 ml &#8211; hipoalergiczny balsam do demakija\u017cu"}]}]}},"_links":{"self":[{"href":"https:\/\/admincentral.selleetools.com\/pl\/wp-json\/wp\/v2\/product\/607869"}],"collection":[{"href":"https:\/\/admincentral.selleetools.com\/pl\/wp-json\/wp\/v2\/product"}],"about":[{"href":"https:\/\/admincentral.selleetools.com\/pl\/wp-json\/wp\/v2\/types\/product"}],"replies":[{"embeddable":true,"href":"https:\/\/admincentral.selleetools.com\/pl\/wp-json\/wp\/v2\/comments?post=607869"}],"wp:featuredmedia":[{"embeddable":true,"href":"https:\/\/admincentral.selleetools.com\/pl\/wp-json\/wp\/v2\/media\/607867"}],"wp:attachment":[{"href":"https:\/\/admincentral.selleetools.com\/pl\/wp-json\/wp\/v2\/media?parent=607869"}],"curies":[{"name":"wp","href":"https:\/\/api.w.org\/{rel}","templated":true}]}}