{"id":607881,"date":"2025-10-24T14:10:39","date_gmt":"2025-10-24T12:10:39","guid":{"rendered":"https:\/\/selleetools.com\/?post_type=product&#038;p=607881"},"modified":"2025-11-12T19:52:07","modified_gmt":"2025-11-12T18:52:07","slug":"dasique-blending-mood-cheek-05-violet-knit-11-4-g-paleta-rozowych-i-fioletowych-rozy-do-policzkow","status":"publish","type":"product","link":"https:\/\/admincentral.selleetools.com\/pl\/product\/dasique-blending-mood-cheek-05-violet-knit-11-4-g-paleta-rozowych-i-fioletowych-rozy-do-policzkow\/","title":{"rendered":"Dasique Blending Mood Cheek #05 Violet Knit 11.4 g &#8211; paleta r\u00f3\u017cowych i fioletowych r\u00f3\u017cy do policzk\u00f3w"},"content":{"rendered":"<p>Dasique Blending Mood Cheek #05 Violet Knit to elegancka paleta sze\u015bciu harmonijnie skomponowanych odcieni w tonacjach ch\u0142odnego r\u00f3\u017cu, lawendy i \u015bliwki, inspirowana mi\u0119kko\u015bci\u0105 dzianiny i pastelow\u0105 \u015bwie\u017co\u015bci\u0105. Delikatne, jedwabiste formu\u0142y pozwalaj\u0105 budowa\u0107 intensywno\u015b\u0107 koloru, tworz\u0105c naturalny rumieniec lub wieczorowy efekt glow. Idealna dla ka\u017cdego typu urody, szczeg\u00f3lnie przy jasnych i neutralnych karnacjach.<\/p>\n<p>Korzy\u015bci ze stosowania:<br \/>\nPodkre\u015bla naturalny rumieniec i nadaje twarzy zdrowy, \u015bwie\u017cy wygl\u0105d<br \/>\nPozwala miesza\u0107 kolory, dopasowuj\u0105c efekt do nastroju i okazji<br \/>\nWzbogacona o sk\u0142adniki od\u017cywcze, kt\u00f3re wspomagaj\u0105 piel\u0119gnacj\u0119 sk\u00f3ry<br \/>\nDrobno zmielona formu\u0142a \u0142atwo si\u0119 blenduje i nie osypuje<br \/>\nEfekt satynowego matu lub delikatnego roz\u015bwietlenia bez ci\u0119\u017cko\u015bci<\/p>\n<p>Spos\u00f3b u\u017cycia:<br \/>\nZa pomoc\u0105 p\u0119dzla nanie\u015b wybrany odcie\u0144 (lub ich mieszank\u0119) na policzki i delikatnie rozetrzyj w kierunku skroni. Dla bardziej naturalnego efektu stosuj ja\u015bniejsze kolory, a ciemniejsze do konturowania lub wieczorowego looku.<\/p>\n","protected":false},"excerpt":{"rendered":"<p>Dasique Blending Mood Cheek #05 Violet Knit to elegancka paleta sze\u015bciu harmonijnie skomponowanych odcieni w tonacjach ch\u0142odnego r\u00f3\u017cu, lawendy i \u015bliwki, inspirowana mi\u0119kko\u015bci\u0105 dzianiny i pastelow\u0105 \u015bwie\u017co\u015bci\u0105. Delikatne, jedwabiste formu\u0142y pozwalaj\u0105 budowa\u0107 intensywno\u015b\u0107 koloru, tworz\u0105c naturalny rumieniec lub wieczorowy efekt glow. Idealna dla ka\u017cdego typu urody, szczeg\u00f3lnie przy jasnych i neutralnych karnacjach. Korzy\u015bci ze stosowania: &#8230; <a title=\"Dasique Blending Mood Cheek #05 Violet Knit 11.4 g &#8211; paleta r\u00f3\u017cowych i fioletowych r\u00f3\u017cy do policzk\u00f3w\" class=\"read-more\" href=\"https:\/\/admincentral.selleetools.com\/pl\/product\/dasique-blending-mood-cheek-05-violet-knit-11-4-g-paleta-rozowych-i-fioletowych-rozy-do-policzkow\/\">Read more<span class=\"screen-reader-text\">Dasique Blending Mood Cheek #05 Violet Knit 11.4 g &#8211; paleta r\u00f3\u017cowych i fioletowych r\u00f3\u017cy do policzk\u00f3w<\/span><\/a><\/p>\n","protected":false},"featured_media":607879,"comment_status":"open","ping_status":"closed","template":"","meta":{"_links_to":"","_links_to_target":""},"yoast_head":"<!-- This site is optimized with the Yoast SEO plugin v19.4 - https:\/\/yoast.com\/wordpress\/plugins\/seo\/ -->\n<title>Dasique Blending Mood Cheek #05 Violet Knit 11.4 g - paleta r\u00f3\u017cowych i fioletowych r\u00f3\u017cy do policzk\u00f3w - Selleetools.com<\/title>\n<meta name=\"robots\" content=\"index, follow, max-snippet:-1, max-image-preview:large, max-video-preview:-1\" \/>\n<link rel=\"canonical\" href=\"https:\/\/selleetools.com\/pl\/product\/dasique-blending-mood-cheek-05-violet-knit-11-4-g-paleta-rozowych-i-fioletowych-rozy-do-policzkow\/\" \/>\n<meta property=\"og:locale\" content=\"pl_PL\" \/>\n<meta property=\"og:type\" content=\"article\" \/>\n<meta property=\"og:title\" content=\"Dasique Blending Mood Cheek #05 Violet Knit 11.4 g - paleta r\u00f3\u017cowych i fioletowych r\u00f3\u017cy do policzk\u00f3w - Selleetools.com\" \/>\n<meta property=\"og:description\" content=\"Dasique Blending Mood Cheek #05 Violet Knit to elegancka paleta sze\u015bciu harmonijnie skomponowanych odcieni w tonacjach ch\u0142odnego r\u00f3\u017cu, lawendy i \u015bliwki, inspirowana mi\u0119kko\u015bci\u0105 dzianiny i pastelow\u0105 \u015bwie\u017co\u015bci\u0105. Delikatne, jedwabiste formu\u0142y pozwalaj\u0105 budowa\u0107 intensywno\u015b\u0107 koloru, tworz\u0105c naturalny rumieniec lub wieczorowy efekt glow. Idealna dla ka\u017cdego typu urody, szczeg\u00f3lnie przy jasnych i neutralnych karnacjach. Korzy\u015bci ze stosowania: ... Read moreDasique Blending Mood Cheek #05 Violet Knit 11.4 g &#8211; paleta r\u00f3\u017cowych i fioletowych r\u00f3\u017cy do policzk\u00f3w\" \/>\n<meta property=\"og:url\" content=\"https:\/\/selleetools.com\/pl\/product\/dasique-blending-mood-cheek-05-violet-knit-11-4-g-paleta-rozowych-i-fioletowych-rozy-do-policzkow\/\" \/>\n<meta property=\"og:site_name\" content=\"Selleetools.com\" \/>\n<meta property=\"article:modified_time\" content=\"2025-11-12T18:52:07+00:00\" \/>\n<meta property=\"og:image\" content=\"https:\/\/selleetools.com\/wp-content\/uploads\/2025\/10\/7be16343fe29c4f2f9fc51537ed8f9a3.png\" \/>\n\t<meta property=\"og:image:width\" content=\"1080\" \/>\n\t<meta property=\"og:image:height\" content=\"1080\" \/>\n\t<meta property=\"og:image:type\" content=\"image\/png\" \/>\n<meta name=\"twitter:card\" content=\"summary_large_image\" \/>\n<meta name=\"twitter:label1\" content=\"Est. reading time\" \/>\n\t<meta name=\"twitter:data1\" content=\"1 minuta\" \/>\n<!-- \/ Yoast SEO plugin. -->","yoast_head_json":{"title":"Dasique Blending Mood Cheek #05 Violet Knit 11.4 g - paleta r\u00f3\u017cowych i fioletowych r\u00f3\u017cy do policzk\u00f3w - Selleetools.com","robots":{"index":"index","follow":"follow","max-snippet":"max-snippet:-1","max-image-preview":"max-image-preview:large","max-video-preview":"max-video-preview:-1"},"canonical":"https:\/\/selleetools.com\/pl\/product\/dasique-blending-mood-cheek-05-violet-knit-11-4-g-paleta-rozowych-i-fioletowych-rozy-do-policzkow\/","og_locale":"pl_PL","og_type":"article","og_title":"Dasique Blending Mood Cheek #05 Violet Knit 11.4 g - paleta r\u00f3\u017cowych i fioletowych r\u00f3\u017cy do policzk\u00f3w - Selleetools.com","og_description":"Dasique Blending Mood Cheek #05 Violet Knit to elegancka paleta sze\u015bciu harmonijnie skomponowanych odcieni w tonacjach ch\u0142odnego r\u00f3\u017cu, lawendy i \u015bliwki, inspirowana mi\u0119kko\u015bci\u0105 dzianiny i pastelow\u0105 \u015bwie\u017co\u015bci\u0105. Delikatne, jedwabiste formu\u0142y pozwalaj\u0105 budowa\u0107 intensywno\u015b\u0107 koloru, tworz\u0105c naturalny rumieniec lub wieczorowy efekt glow. Idealna dla ka\u017cdego typu urody, szczeg\u00f3lnie przy jasnych i neutralnych karnacjach. Korzy\u015bci ze stosowania: ... Read moreDasique Blending Mood Cheek #05 Violet Knit 11.4 g &#8211; paleta r\u00f3\u017cowych i fioletowych r\u00f3\u017cy do policzk\u00f3w","og_url":"https:\/\/selleetools.com\/pl\/product\/dasique-blending-mood-cheek-05-violet-knit-11-4-g-paleta-rozowych-i-fioletowych-rozy-do-policzkow\/","og_site_name":"Selleetools.com","article_modified_time":"2025-11-12T18:52:07+00:00","og_image":[{"width":1080,"height":1080,"url":"https:\/\/selleetools.com\/wp-content\/uploads\/2025\/10\/7be16343fe29c4f2f9fc51537ed8f9a3.png","type":"image\/png"}],"twitter_card":"summary_large_image","twitter_misc":{"Est. reading time":"1 minuta"},"schema":{"@context":"https:\/\/schema.org","@graph":[{"@type":"Organization","@id":"https:\/\/selleetools.com\/#organization","name":"Selleetools","url":"https:\/\/selleetools.com\/","sameAs":[],"logo":{"@type":"ImageObject","inLanguage":"pl-PL","@id":"https:\/\/selleetools.com\/#\/schema\/logo\/image\/","url":"https:\/\/selleetools.com\/wp-content\/uploads\/2021\/10\/logo-dark.png","contentUrl":"https:\/\/selleetools.com\/wp-content\/uploads\/2021\/10\/logo-dark.png","width":320,"height":76,"caption":"Selleetools"},"image":{"@id":"https:\/\/selleetools.com\/#\/schema\/logo\/image\/"}},{"@type":"WebSite","@id":"https:\/\/selleetools.com\/#website","url":"https:\/\/selleetools.com\/","name":"Selleetools.com","description":"","publisher":{"@id":"https:\/\/selleetools.com\/#organization"},"potentialAction":[{"@type":"SearchAction","target":{"@type":"EntryPoint","urlTemplate":"https:\/\/selleetools.com\/?s={search_term_string}"},"query-input":"required name=search_term_string"}],"inLanguage":"pl-PL"},{"@type":"WebPage","@id":"https:\/\/selleetools.com\/pl\/product\/dasique-blending-mood-cheek-05-violet-knit-11-4-g-paleta-rozowych-i-fioletowych-rozy-do-policzkow\/","url":"https:\/\/selleetools.com\/pl\/product\/dasique-blending-mood-cheek-05-violet-knit-11-4-g-paleta-rozowych-i-fioletowych-rozy-do-policzkow\/","name":"Dasique Blending Mood Cheek #05 Violet Knit 11.4 g - paleta r\u00f3\u017cowych i fioletowych r\u00f3\u017cy do policzk\u00f3w - Selleetools.com","isPartOf":{"@id":"https:\/\/selleetools.com\/#website"},"datePublished":"2025-10-24T12:10:39+00:00","dateModified":"2025-11-12T18:52:07+00:00","breadcrumb":{"@id":"https:\/\/selleetools.com\/pl\/product\/dasique-blending-mood-cheek-05-violet-knit-11-4-g-paleta-rozowych-i-fioletowych-rozy-do-policzkow\/#breadcrumb"},"inLanguage":"pl-PL","potentialAction":[{"@type":"ReadAction","target":["https:\/\/selleetools.com\/pl\/product\/dasique-blending-mood-cheek-05-violet-knit-11-4-g-paleta-rozowych-i-fioletowych-rozy-do-policzkow\/"]}]},{"@type":"BreadcrumbList","@id":"https:\/\/selleetools.com\/pl\/product\/dasique-blending-mood-cheek-05-violet-knit-11-4-g-paleta-rozowych-i-fioletowych-rozy-do-policzkow\/#breadcrumb","itemListElement":[{"@type":"ListItem","position":1,"name":"Home","item":"https:\/\/selleetools.com\/pl\/"},{"@type":"ListItem","position":2,"name":"Katalog","item":"https:\/\/selleetools.com\/pl\/katalog\/"},{"@type":"ListItem","position":3,"name":"Dasique Blending Mood Cheek #05 Violet Knit 11.4 g &#8211; paleta r\u00f3\u017cowych i fioletowych r\u00f3\u017cy do policzk\u00f3w"}]}]}},"_links":{"self":[{"href":"https:\/\/admincentral.selleetools.com\/pl\/wp-json\/wp\/v2\/product\/607881"}],"collection":[{"href":"https:\/\/admincentral.selleetools.com\/pl\/wp-json\/wp\/v2\/product"}],"about":[{"href":"https:\/\/admincentral.selleetools.com\/pl\/wp-json\/wp\/v2\/types\/product"}],"replies":[{"embeddable":true,"href":"https:\/\/admincentral.selleetools.com\/pl\/wp-json\/wp\/v2\/comments?post=607881"}],"wp:featuredmedia":[{"embeddable":true,"href":"https:\/\/admincentral.selleetools.com\/pl\/wp-json\/wp\/v2\/media\/607879"}],"wp:attachment":[{"href":"https:\/\/admincentral.selleetools.com\/pl\/wp-json\/wp\/v2\/media?parent=607881"}],"curies":[{"name":"wp","href":"https:\/\/api.w.org\/{rel}","templated":true}]}}