{"id":607890,"date":"2025-10-24T14:10:48","date_gmt":"2025-10-24T12:10:48","guid":{"rendered":"https:\/\/selleetools.com\/?post_type=product&#038;p=607890"},"modified":"2026-04-04T10:13:09","modified_gmt":"2026-04-04T08:13:09","slug":"dasique-juicy-dewy-tint-02-melon-sherbet-3-5-g-koralowy-tint-to-ust","status":"publish","type":"product","link":"https:\/\/admincentral.selleetools.com\/pl\/product\/dasique-juicy-dewy-tint-02-melon-sherbet-3-5-g-koralowy-tint-to-ust\/","title":{"rendered":"Dasique Juicy Dewy Tint #02 Melon Sherbet 3.5 g &#8211; koralowy tint to ust"},"content":{"rendered":"<p>Dasique Juicy Dewy Tint #02 Melon Sherbet to lekki, b\u0142yszcz\u0105cy tint do ust o apetycznym odcieniu koralowego melona. Zapewnia naturalne, \u015bwie\u017ce wyko\u0144czenie oraz wygodne noszenie przez ca\u0142y dzie\u0144, bez uczucia lepko\u015bci.<\/p>\n<p>Korzy\u015bci ze stosowania:<br \/>\nNadaje ustom soczysty kolor z efektem &#8220;mokrego wyko\u0144czenia&#8221;<br \/>\nNawil\u017ca i wyg\u0142adza usta, zapobiegaj\u0105c ich przesuszaniu<br \/>\nFormu\u0142a wzbogacona o olejki i sk\u0142adniki piel\u0119gnacyjne zapewnia komfort nawet wra\u017cliwej sk\u00f3rze<br \/>\nLekka konsystencja, kt\u00f3ra \u0142atwo si\u0119 rozprowadza i nie pozostawia smug<\/p>\n<p>Spos\u00f3b u\u017cycia:<br \/>\nAplikuj bezpo\u015brednio na usta za pomoc\u0105 aplikatora. Dla subtelnego efektu wklep opuszkami palc\u00f3w, a dla intensywniejszego koloru do\u0142\u00f3\u017c kolejn\u0105 warstw\u0119.<\/p>\n","protected":false},"excerpt":{"rendered":"<p>Dasique Juicy Dewy Tint #02 Melon Sherbet to lekki, b\u0142yszcz\u0105cy tint do ust o apetycznym odcieniu koralowego melona. Zapewnia naturalne, \u015bwie\u017ce wyko\u0144czenie oraz wygodne noszenie przez ca\u0142y dzie\u0144, bez uczucia lepko\u015bci. Korzy\u015bci ze stosowania: Nadaje ustom soczysty kolor z efektem &#8220;mokrego wyko\u0144czenia&#8221; Nawil\u017ca i wyg\u0142adza usta, zapobiegaj\u0105c ich przesuszaniu Formu\u0142a wzbogacona o olejki i sk\u0142adniki &#8230; <a title=\"Dasique Juicy Dewy Tint #02 Melon Sherbet 3.5 g &#8211; koralowy tint to ust\" class=\"read-more\" href=\"https:\/\/admincentral.selleetools.com\/pl\/product\/dasique-juicy-dewy-tint-02-melon-sherbet-3-5-g-koralowy-tint-to-ust\/\">Read more<span class=\"screen-reader-text\">Dasique Juicy Dewy Tint #02 Melon Sherbet 3.5 g &#8211; koralowy tint to ust<\/span><\/a><\/p>\n","protected":false},"featured_media":607888,"comment_status":"open","ping_status":"closed","template":"","meta":{"_links_to":"","_links_to_target":""},"yoast_head":"<!-- This site is optimized with the Yoast SEO plugin v19.4 - https:\/\/yoast.com\/wordpress\/plugins\/seo\/ -->\n<title>Dasique Juicy Dewy Tint #02 Melon Sherbet 3.5 g - koralowy tint to ust - Selleetools.com<\/title>\n<meta name=\"robots\" content=\"index, follow, max-snippet:-1, max-image-preview:large, max-video-preview:-1\" \/>\n<link rel=\"canonical\" href=\"https:\/\/admincentral.selleetools.com\/pl\/product\/dasique-juicy-dewy-tint-02-melon-sherbet-3-5-g-koralowy-tint-to-ust\/\" \/>\n<meta property=\"og:locale\" content=\"pl_PL\" \/>\n<meta property=\"og:type\" content=\"article\" \/>\n<meta property=\"og:title\" content=\"Dasique Juicy Dewy Tint #02 Melon Sherbet 3.5 g - koralowy tint to ust - Selleetools.com\" \/>\n<meta property=\"og:description\" content=\"Dasique Juicy Dewy Tint #02 Melon Sherbet to lekki, b\u0142yszcz\u0105cy tint do ust o apetycznym odcieniu koralowego melona. Zapewnia naturalne, \u015bwie\u017ce wyko\u0144czenie oraz wygodne noszenie przez ca\u0142y dzie\u0144, bez uczucia lepko\u015bci. Korzy\u015bci ze stosowania: Nadaje ustom soczysty kolor z efektem &#8220;mokrego wyko\u0144czenia&#8221; Nawil\u017ca i wyg\u0142adza usta, zapobiegaj\u0105c ich przesuszaniu Formu\u0142a wzbogacona o olejki i sk\u0142adniki ... Read moreDasique Juicy Dewy Tint #02 Melon Sherbet 3.5 g &#8211; koralowy tint to ust\" \/>\n<meta property=\"og:url\" content=\"https:\/\/admincentral.selleetools.com\/pl\/product\/dasique-juicy-dewy-tint-02-melon-sherbet-3-5-g-koralowy-tint-to-ust\/\" \/>\n<meta property=\"og:site_name\" content=\"Selleetools.com\" \/>\n<meta property=\"article:modified_time\" content=\"2026-04-04T08:13:09+00:00\" \/>\n<meta property=\"og:image\" content=\"https:\/\/selleetools.com\/wp-content\/uploads\/2025\/10\/435fe471d2ccda8a56c53bba4b590383.png\" \/>\n\t<meta property=\"og:image:width\" content=\"1080\" \/>\n\t<meta property=\"og:image:height\" content=\"1080\" \/>\n\t<meta property=\"og:image:type\" content=\"image\/png\" \/>\n<meta name=\"twitter:card\" content=\"summary_large_image\" \/>\n<meta name=\"twitter:label1\" content=\"Est. reading time\" \/>\n\t<meta name=\"twitter:data1\" content=\"1 minuta\" \/>\n<!-- \/ Yoast SEO plugin. -->","yoast_head_json":{"title":"Dasique Juicy Dewy Tint #02 Melon Sherbet 3.5 g - koralowy tint to ust - Selleetools.com","robots":{"index":"index","follow":"follow","max-snippet":"max-snippet:-1","max-image-preview":"max-image-preview:large","max-video-preview":"max-video-preview:-1"},"canonical":"https:\/\/admincentral.selleetools.com\/pl\/product\/dasique-juicy-dewy-tint-02-melon-sherbet-3-5-g-koralowy-tint-to-ust\/","og_locale":"pl_PL","og_type":"article","og_title":"Dasique Juicy Dewy Tint #02 Melon Sherbet 3.5 g - koralowy tint to ust - Selleetools.com","og_description":"Dasique Juicy Dewy Tint #02 Melon Sherbet to lekki, b\u0142yszcz\u0105cy tint do ust o apetycznym odcieniu koralowego melona. Zapewnia naturalne, \u015bwie\u017ce wyko\u0144czenie oraz wygodne noszenie przez ca\u0142y dzie\u0144, bez uczucia lepko\u015bci. Korzy\u015bci ze stosowania: Nadaje ustom soczysty kolor z efektem &#8220;mokrego wyko\u0144czenia&#8221; Nawil\u017ca i wyg\u0142adza usta, zapobiegaj\u0105c ich przesuszaniu Formu\u0142a wzbogacona o olejki i sk\u0142adniki ... Read moreDasique Juicy Dewy Tint #02 Melon Sherbet 3.5 g &#8211; koralowy tint to ust","og_url":"https:\/\/admincentral.selleetools.com\/pl\/product\/dasique-juicy-dewy-tint-02-melon-sherbet-3-5-g-koralowy-tint-to-ust\/","og_site_name":"Selleetools.com","article_modified_time":"2026-04-04T08:13:09+00:00","og_image":[{"width":1080,"height":1080,"url":"https:\/\/selleetools.com\/wp-content\/uploads\/2025\/10\/435fe471d2ccda8a56c53bba4b590383.png","type":"image\/png"}],"twitter_card":"summary_large_image","twitter_misc":{"Est. reading time":"1 minuta"},"schema":{"@context":"https:\/\/schema.org","@graph":[{"@type":"Organization","@id":"https:\/\/selleetools.com\/#organization","name":"Selleetools","url":"https:\/\/selleetools.com\/","sameAs":[],"logo":{"@type":"ImageObject","inLanguage":"pl-PL","@id":"https:\/\/selleetools.com\/#\/schema\/logo\/image\/","url":"https:\/\/selleetools.com\/wp-content\/uploads\/2021\/10\/logo-dark.png","contentUrl":"https:\/\/selleetools.com\/wp-content\/uploads\/2021\/10\/logo-dark.png","width":320,"height":76,"caption":"Selleetools"},"image":{"@id":"https:\/\/selleetools.com\/#\/schema\/logo\/image\/"}},{"@type":"WebSite","@id":"https:\/\/selleetools.com\/#website","url":"https:\/\/selleetools.com\/","name":"Selleetools.com","description":"","publisher":{"@id":"https:\/\/selleetools.com\/#organization"},"potentialAction":[{"@type":"SearchAction","target":{"@type":"EntryPoint","urlTemplate":"https:\/\/selleetools.com\/?s={search_term_string}"},"query-input":"required name=search_term_string"}],"inLanguage":"pl-PL"},{"@type":"WebPage","@id":"https:\/\/admincentral.selleetools.com\/pl\/product\/dasique-juicy-dewy-tint-02-melon-sherbet-3-5-g-koralowy-tint-to-ust\/","url":"https:\/\/admincentral.selleetools.com\/pl\/product\/dasique-juicy-dewy-tint-02-melon-sherbet-3-5-g-koralowy-tint-to-ust\/","name":"Dasique Juicy Dewy Tint #02 Melon Sherbet 3.5 g - koralowy tint to ust - Selleetools.com","isPartOf":{"@id":"https:\/\/selleetools.com\/#website"},"datePublished":"2025-10-24T12:10:48+00:00","dateModified":"2026-04-04T08:13:09+00:00","breadcrumb":{"@id":"https:\/\/admincentral.selleetools.com\/pl\/product\/dasique-juicy-dewy-tint-02-melon-sherbet-3-5-g-koralowy-tint-to-ust\/#breadcrumb"},"inLanguage":"pl-PL","potentialAction":[{"@type":"ReadAction","target":["https:\/\/admincentral.selleetools.com\/pl\/product\/dasique-juicy-dewy-tint-02-melon-sherbet-3-5-g-koralowy-tint-to-ust\/"]}]},{"@type":"BreadcrumbList","@id":"https:\/\/admincentral.selleetools.com\/pl\/product\/dasique-juicy-dewy-tint-02-melon-sherbet-3-5-g-koralowy-tint-to-ust\/#breadcrumb","itemListElement":[{"@type":"ListItem","position":1,"name":"Home","item":"https:\/\/selleetools.com\/pl\/"},{"@type":"ListItem","position":2,"name":"Katalog","item":"https:\/\/selleetools.com\/pl\/katalog\/"},{"@type":"ListItem","position":3,"name":"Dasique Juicy Dewy Tint #02 Melon Sherbet 3.5 g &#8211; koralowy tint to ust"}]}]}},"_links":{"self":[{"href":"https:\/\/admincentral.selleetools.com\/pl\/wp-json\/wp\/v2\/product\/607890"}],"collection":[{"href":"https:\/\/admincentral.selleetools.com\/pl\/wp-json\/wp\/v2\/product"}],"about":[{"href":"https:\/\/admincentral.selleetools.com\/pl\/wp-json\/wp\/v2\/types\/product"}],"replies":[{"embeddable":true,"href":"https:\/\/admincentral.selleetools.com\/pl\/wp-json\/wp\/v2\/comments?post=607890"}],"wp:featuredmedia":[{"embeddable":true,"href":"https:\/\/admincentral.selleetools.com\/pl\/wp-json\/wp\/v2\/media\/607888"}],"wp:attachment":[{"href":"https:\/\/admincentral.selleetools.com\/pl\/wp-json\/wp\/v2\/media?parent=607890"}],"curies":[{"name":"wp","href":"https:\/\/api.w.org\/{rel}","templated":true}]}}