{"id":607896,"date":"2025-10-24T14:10:54","date_gmt":"2025-10-24T12:10:54","guid":{"rendered":"https:\/\/selleetools.com\/?post_type=product&#038;p=607896"},"modified":"2025-11-04T21:37:27","modified_gmt":"2025-11-04T20:37:27","slug":"dasique-shadow-palette-02-rose-petal-7-g-paleta-rozowo-brazowych-cieni-do-powiek","status":"publish","type":"product","link":"https:\/\/admincentral.selleetools.com\/pl\/product\/dasique-shadow-palette-02-rose-petal-7-g-paleta-rozowo-brazowych-cieni-do-powiek\/","title":{"rendered":"Dasique Shadow Palette #02 Rose Petal 7 g &#8211; paleta r\u00f3\u017cowo-br\u0105zowych cieni do powiek"},"content":{"rendered":"<p>Dasique Shadow Palette #02 Rose Petal to subtelna kompozycja dziewi\u0119ciu odcieni w harmonijnych tonacjach r\u00f3\u017cu, be\u017cu i br\u0105zu, idealna do codziennego i romantycznego makija\u017cu oczu. Cienie maj\u0105 aksamitn\u0105, \u0142atw\u0105 do blendowania formu\u0142\u0119, kt\u00f3ra pozwala tworzy\u0107 zar\u00f3wno delikatne, jak i bardziej wyraziste stylizacje. Paleta \u0142\u0105czy matowe, satynowe i po\u0142yskuj\u0105ce wyko\u0144czenia, oferuj\u0105c pe\u0142n\u0105 swobod\u0119 w kreowaniu look\u00f3w.<\/p>\n<p>Korzy\u015bci ze stosowania:<br \/>\nUmo\u017cliwia tworzenie wielu wariant\u00f3w makija\u017cu \u2013 od dziennych po wieczorowe<br \/>\nPodkre\u015bla naturalne pi\u0119kno oczu dzi\u0119ki ciep\u0142ym, kobiecym odcieniom<br \/>\nFormu\u0142a zawiera sk\u0142adniki o w\u0142a\u015bciwo\u015bciach nawil\u017caj\u0105cych i zmi\u0119kczaj\u0105cych, takich jak olej makadamia i lecytyna, kt\u00f3re wspieraj\u0105 komfort noszenia<br \/>\nWysoka przyczepno\u015b\u0107 pigment\u00f3w zapewnia trwa\u0142o\u015b\u0107 bez osypywania<\/p>\n<p>Spos\u00f3b u\u017cycia:<br \/>\nAplikuj cienie za pomoc\u0105 p\u0119dzelka lub palca. Jasne odcienie nak\u0142adaj na ca\u0142\u0105 powiek\u0119 jako baz\u0119, \u015brednie w za\u0142amaniu powieki, a ciemne kolory w zewn\u0119trznym k\u0105ciku oka lub jako kresk\u0119. Wyko\u0144czenie po\u0142yskuj\u0105ce stosuj na \u015brodek powieki lub k\u0105cik oka dla roz\u015bwietlenia.<\/p>\n","protected":false},"excerpt":{"rendered":"<p>Dasique Shadow Palette #02 Rose Petal to subtelna kompozycja dziewi\u0119ciu odcieni w harmonijnych tonacjach r\u00f3\u017cu, be\u017cu i br\u0105zu, idealna do codziennego i romantycznego makija\u017cu oczu. Cienie maj\u0105 aksamitn\u0105, \u0142atw\u0105 do blendowania formu\u0142\u0119, kt\u00f3ra pozwala tworzy\u0107 zar\u00f3wno delikatne, jak i bardziej wyraziste stylizacje. Paleta \u0142\u0105czy matowe, satynowe i po\u0142yskuj\u0105ce wyko\u0144czenia, oferuj\u0105c pe\u0142n\u0105 swobod\u0119 w kreowaniu look\u00f3w. &#8230; <a title=\"Dasique Shadow Palette #02 Rose Petal 7 g &#8211; paleta r\u00f3\u017cowo-br\u0105zowych cieni do powiek\" class=\"read-more\" href=\"https:\/\/admincentral.selleetools.com\/pl\/product\/dasique-shadow-palette-02-rose-petal-7-g-paleta-rozowo-brazowych-cieni-do-powiek\/\">Read more<span class=\"screen-reader-text\">Dasique Shadow Palette #02 Rose Petal 7 g &#8211; paleta r\u00f3\u017cowo-br\u0105zowych cieni do powiek<\/span><\/a><\/p>\n","protected":false},"featured_media":607894,"comment_status":"open","ping_status":"closed","template":"","meta":{"_links_to":"","_links_to_target":""},"yoast_head":"<!-- This site is optimized with the Yoast SEO plugin v19.4 - https:\/\/yoast.com\/wordpress\/plugins\/seo\/ -->\n<title>Dasique Shadow Palette #02 Rose Petal 7 g - paleta r\u00f3\u017cowo-br\u0105zowych cieni do powiek - Selleetools.com<\/title>\n<meta name=\"robots\" content=\"index, follow, max-snippet:-1, max-image-preview:large, max-video-preview:-1\" \/>\n<link rel=\"canonical\" href=\"https:\/\/admincentral.selleetools.com\/pl\/product\/dasique-shadow-palette-02-rose-petal-7-g-paleta-rozowo-brazowych-cieni-do-powiek\/\" \/>\n<meta property=\"og:locale\" content=\"pl_PL\" \/>\n<meta property=\"og:type\" content=\"article\" \/>\n<meta property=\"og:title\" content=\"Dasique Shadow Palette #02 Rose Petal 7 g - paleta r\u00f3\u017cowo-br\u0105zowych cieni do powiek - Selleetools.com\" \/>\n<meta property=\"og:description\" content=\"Dasique Shadow Palette #02 Rose Petal to subtelna kompozycja dziewi\u0119ciu odcieni w harmonijnych tonacjach r\u00f3\u017cu, be\u017cu i br\u0105zu, idealna do codziennego i romantycznego makija\u017cu oczu. Cienie maj\u0105 aksamitn\u0105, \u0142atw\u0105 do blendowania formu\u0142\u0119, kt\u00f3ra pozwala tworzy\u0107 zar\u00f3wno delikatne, jak i bardziej wyraziste stylizacje. Paleta \u0142\u0105czy matowe, satynowe i po\u0142yskuj\u0105ce wyko\u0144czenia, oferuj\u0105c pe\u0142n\u0105 swobod\u0119 w kreowaniu look\u00f3w. ... Read moreDasique Shadow Palette #02 Rose Petal 7 g &#8211; paleta r\u00f3\u017cowo-br\u0105zowych cieni do powiek\" \/>\n<meta property=\"og:url\" content=\"https:\/\/admincentral.selleetools.com\/pl\/product\/dasique-shadow-palette-02-rose-petal-7-g-paleta-rozowo-brazowych-cieni-do-powiek\/\" \/>\n<meta property=\"og:site_name\" content=\"Selleetools.com\" \/>\n<meta property=\"article:modified_time\" content=\"2025-11-04T20:37:27+00:00\" \/>\n<meta property=\"og:image\" content=\"https:\/\/selleetools.com\/wp-content\/uploads\/2025\/10\/b902127ea1392afcc46c3377978c9471.png\" \/>\n\t<meta property=\"og:image:width\" content=\"1080\" \/>\n\t<meta property=\"og:image:height\" content=\"1080\" \/>\n\t<meta property=\"og:image:type\" content=\"image\/png\" \/>\n<meta name=\"twitter:card\" content=\"summary_large_image\" \/>\n<meta name=\"twitter:label1\" content=\"Est. reading time\" \/>\n\t<meta name=\"twitter:data1\" content=\"1 minuta\" \/>\n<!-- \/ Yoast SEO plugin. -->","yoast_head_json":{"title":"Dasique Shadow Palette #02 Rose Petal 7 g - paleta r\u00f3\u017cowo-br\u0105zowych cieni do powiek - Selleetools.com","robots":{"index":"index","follow":"follow","max-snippet":"max-snippet:-1","max-image-preview":"max-image-preview:large","max-video-preview":"max-video-preview:-1"},"canonical":"https:\/\/admincentral.selleetools.com\/pl\/product\/dasique-shadow-palette-02-rose-petal-7-g-paleta-rozowo-brazowych-cieni-do-powiek\/","og_locale":"pl_PL","og_type":"article","og_title":"Dasique Shadow Palette #02 Rose Petal 7 g - paleta r\u00f3\u017cowo-br\u0105zowych cieni do powiek - Selleetools.com","og_description":"Dasique Shadow Palette #02 Rose Petal to subtelna kompozycja dziewi\u0119ciu odcieni w harmonijnych tonacjach r\u00f3\u017cu, be\u017cu i br\u0105zu, idealna do codziennego i romantycznego makija\u017cu oczu. Cienie maj\u0105 aksamitn\u0105, \u0142atw\u0105 do blendowania formu\u0142\u0119, kt\u00f3ra pozwala tworzy\u0107 zar\u00f3wno delikatne, jak i bardziej wyraziste stylizacje. Paleta \u0142\u0105czy matowe, satynowe i po\u0142yskuj\u0105ce wyko\u0144czenia, oferuj\u0105c pe\u0142n\u0105 swobod\u0119 w kreowaniu look\u00f3w. ... Read moreDasique Shadow Palette #02 Rose Petal 7 g &#8211; paleta r\u00f3\u017cowo-br\u0105zowych cieni do powiek","og_url":"https:\/\/admincentral.selleetools.com\/pl\/product\/dasique-shadow-palette-02-rose-petal-7-g-paleta-rozowo-brazowych-cieni-do-powiek\/","og_site_name":"Selleetools.com","article_modified_time":"2025-11-04T20:37:27+00:00","og_image":[{"width":1080,"height":1080,"url":"https:\/\/selleetools.com\/wp-content\/uploads\/2025\/10\/b902127ea1392afcc46c3377978c9471.png","type":"image\/png"}],"twitter_card":"summary_large_image","twitter_misc":{"Est. reading time":"1 minuta"},"schema":{"@context":"https:\/\/schema.org","@graph":[{"@type":"Organization","@id":"https:\/\/selleetools.com\/#organization","name":"Selleetools","url":"https:\/\/selleetools.com\/","sameAs":[],"logo":{"@type":"ImageObject","inLanguage":"pl-PL","@id":"https:\/\/selleetools.com\/#\/schema\/logo\/image\/","url":"https:\/\/selleetools.com\/wp-content\/uploads\/2021\/10\/logo-dark.png","contentUrl":"https:\/\/selleetools.com\/wp-content\/uploads\/2021\/10\/logo-dark.png","width":320,"height":76,"caption":"Selleetools"},"image":{"@id":"https:\/\/selleetools.com\/#\/schema\/logo\/image\/"}},{"@type":"WebSite","@id":"https:\/\/selleetools.com\/#website","url":"https:\/\/selleetools.com\/","name":"Selleetools.com","description":"","publisher":{"@id":"https:\/\/selleetools.com\/#organization"},"potentialAction":[{"@type":"SearchAction","target":{"@type":"EntryPoint","urlTemplate":"https:\/\/selleetools.com\/?s={search_term_string}"},"query-input":"required name=search_term_string"}],"inLanguage":"pl-PL"},{"@type":"WebPage","@id":"https:\/\/admincentral.selleetools.com\/pl\/product\/dasique-shadow-palette-02-rose-petal-7-g-paleta-rozowo-brazowych-cieni-do-powiek\/","url":"https:\/\/admincentral.selleetools.com\/pl\/product\/dasique-shadow-palette-02-rose-petal-7-g-paleta-rozowo-brazowych-cieni-do-powiek\/","name":"Dasique Shadow Palette #02 Rose Petal 7 g - paleta r\u00f3\u017cowo-br\u0105zowych cieni do powiek - Selleetools.com","isPartOf":{"@id":"https:\/\/selleetools.com\/#website"},"datePublished":"2025-10-24T12:10:54+00:00","dateModified":"2025-11-04T20:37:27+00:00","breadcrumb":{"@id":"https:\/\/admincentral.selleetools.com\/pl\/product\/dasique-shadow-palette-02-rose-petal-7-g-paleta-rozowo-brazowych-cieni-do-powiek\/#breadcrumb"},"inLanguage":"pl-PL","potentialAction":[{"@type":"ReadAction","target":["https:\/\/admincentral.selleetools.com\/pl\/product\/dasique-shadow-palette-02-rose-petal-7-g-paleta-rozowo-brazowych-cieni-do-powiek\/"]}]},{"@type":"BreadcrumbList","@id":"https:\/\/admincentral.selleetools.com\/pl\/product\/dasique-shadow-palette-02-rose-petal-7-g-paleta-rozowo-brazowych-cieni-do-powiek\/#breadcrumb","itemListElement":[{"@type":"ListItem","position":1,"name":"Home","item":"https:\/\/selleetools.com\/pl\/"},{"@type":"ListItem","position":2,"name":"Katalog","item":"https:\/\/selleetools.com\/pl\/katalog\/"},{"@type":"ListItem","position":3,"name":"Dasique Shadow Palette #02 Rose Petal 7 g &#8211; paleta r\u00f3\u017cowo-br\u0105zowych cieni do powiek"}]}]}},"_links":{"self":[{"href":"https:\/\/admincentral.selleetools.com\/pl\/wp-json\/wp\/v2\/product\/607896"}],"collection":[{"href":"https:\/\/admincentral.selleetools.com\/pl\/wp-json\/wp\/v2\/product"}],"about":[{"href":"https:\/\/admincentral.selleetools.com\/pl\/wp-json\/wp\/v2\/types\/product"}],"replies":[{"embeddable":true,"href":"https:\/\/admincentral.selleetools.com\/pl\/wp-json\/wp\/v2\/comments?post=607896"}],"wp:featuredmedia":[{"embeddable":true,"href":"https:\/\/admincentral.selleetools.com\/pl\/wp-json\/wp\/v2\/media\/607894"}],"wp:attachment":[{"href":"https:\/\/admincentral.selleetools.com\/pl\/wp-json\/wp\/v2\/media?parent=607896"}],"curies":[{"name":"wp","href":"https:\/\/api.w.org\/{rel}","templated":true}]}}