{"id":607899,"date":"2025-10-24T14:10:57","date_gmt":"2025-10-24T12:10:57","guid":{"rendered":"https:\/\/selleetools.com\/?post_type=product&#038;p=607899"},"modified":"2025-11-16T18:37:24","modified_gmt":"2025-11-16T17:37:24","slug":"dasique-shadow-palette-07-milk-latte-8-g-paleta-mleczno-kawowych-cieni-do-powiek","status":"publish","type":"product","link":"https:\/\/admincentral.selleetools.com\/pl\/product\/dasique-shadow-palette-07-milk-latte-8-g-paleta-mleczno-kawowych-cieni-do-powiek\/","title":{"rendered":"Dasique Shadow Palette #07 Milk Latte 8 g &#8211; paleta mleczno-kawowych cieni do powiek"},"content":{"rendered":"<p>Dasique Shadow Palette #07 Milk Latte to elegancka paleta 9 cieni do powiek inspirowana ciep\u0142ymi tonami mlecznej kawy. Zestaw zawiera matowe, satynowe i po\u0142yskuj\u0105ce formu\u0142y, kt\u00f3re umo\u017cliwiaj\u0105 stworzenie zar\u00f3wno dziennego, jak i wieczorowego makija\u017cu. Cienie \u0142atwo si\u0119 blenduj\u0105, tworz\u0105c naturalny, mi\u0119kki efekt bez osypywania.<\/p>\n<p>Korzy\u015bci ze stosowania:<br \/>\nUmo\u017cliwia stworzenie wielu stylizacji \u2013 od delikatnych po g\u0142\u0119boko zmys\u0142owe<br \/>\nWzbogacona o olej z orzech\u00f3w makadamia i mas\u0142o Shorea Robusta, dzi\u0119ki czemu nie przesusza powiek<br \/>\nAksamitna konsystencja u\u0142atwia precyzyjn\u0105 aplikacj\u0119<br \/>\nCienie utrzymuj\u0105 si\u0119 na sk\u00f3rze przez wiele godzin bez zbierania si\u0119 w za\u0142amaniach<br \/>\nPrzyjazna dla wra\u017cliwej sk\u00f3ry powiek formu\u0142a<\/p>\n<p>Spos\u00f3b u\u017cycia:<br \/>\nNa\u0142\u00f3\u017c ja\u015bniejszy odcie\u0144 na ca\u0142\u0105 powiek\u0119 jako baz\u0119. Ciemniejsze kolory rozprowad\u017a w za\u0142amaniu i zewn\u0119trznym k\u0105ciku oka, aby nada\u0107 g\u0142\u0119bi. Dodaj po\u0142yskuj\u0105cy cie\u0144 na \u015brodek powieki lub wewn\u0119trzny k\u0105cik oka, by roz\u015bwietli\u0107 spojrzenie. Stosuj p\u0119dzlem lub palcem \u2013 zale\u017cnie od po\u017c\u0105danego efektu.<\/p>\n","protected":false},"excerpt":{"rendered":"<p>Dasique Shadow Palette #07 Milk Latte to elegancka paleta 9 cieni do powiek inspirowana ciep\u0142ymi tonami mlecznej kawy. Zestaw zawiera matowe, satynowe i po\u0142yskuj\u0105ce formu\u0142y, kt\u00f3re umo\u017cliwiaj\u0105 stworzenie zar\u00f3wno dziennego, jak i wieczorowego makija\u017cu. Cienie \u0142atwo si\u0119 blenduj\u0105, tworz\u0105c naturalny, mi\u0119kki efekt bez osypywania. Korzy\u015bci ze stosowania: Umo\u017cliwia stworzenie wielu stylizacji \u2013 od delikatnych po &#8230; <a title=\"Dasique Shadow Palette #07 Milk Latte 8 g &#8211; paleta mleczno-kawowych cieni do powiek\" class=\"read-more\" href=\"https:\/\/admincentral.selleetools.com\/pl\/product\/dasique-shadow-palette-07-milk-latte-8-g-paleta-mleczno-kawowych-cieni-do-powiek\/\">Read more<span class=\"screen-reader-text\">Dasique Shadow Palette #07 Milk Latte 8 g &#8211; paleta mleczno-kawowych cieni do powiek<\/span><\/a><\/p>\n","protected":false},"featured_media":607897,"comment_status":"open","ping_status":"closed","template":"","meta":{"_links_to":"","_links_to_target":""},"yoast_head":"<!-- This site is optimized with the Yoast SEO plugin v19.4 - https:\/\/yoast.com\/wordpress\/plugins\/seo\/ -->\n<title>Dasique Shadow Palette #07 Milk Latte 8 g - paleta mleczno-kawowych cieni do powiek - Selleetools.com<\/title>\n<meta name=\"robots\" content=\"index, follow, max-snippet:-1, max-image-preview:large, max-video-preview:-1\" \/>\n<link rel=\"canonical\" href=\"https:\/\/admincentral.selleetools.com\/product\/dasique-shadow-palette-07-milk-latte-8-g-paleta-mleczno-kawowych-cieni-do-powiek\/\" \/>\n<meta property=\"og:locale\" content=\"pl_PL\" \/>\n<meta property=\"og:type\" content=\"article\" \/>\n<meta property=\"og:title\" content=\"Dasique Shadow Palette #07 Milk Latte 8 g - paleta mleczno-kawowych cieni do powiek - Selleetools.com\" \/>\n<meta property=\"og:description\" content=\"Dasique Shadow Palette #07 Milk Latte to elegancka paleta 9 cieni do powiek inspirowana ciep\u0142ymi tonami mlecznej kawy. Zestaw zawiera matowe, satynowe i po\u0142yskuj\u0105ce formu\u0142y, kt\u00f3re umo\u017cliwiaj\u0105 stworzenie zar\u00f3wno dziennego, jak i wieczorowego makija\u017cu. Cienie \u0142atwo si\u0119 blenduj\u0105, tworz\u0105c naturalny, mi\u0119kki efekt bez osypywania. Korzy\u015bci ze stosowania: Umo\u017cliwia stworzenie wielu stylizacji \u2013 od delikatnych po ... Read moreDasique Shadow Palette #07 Milk Latte 8 g &#8211; paleta mleczno-kawowych cieni do powiek\" \/>\n<meta property=\"og:url\" content=\"https:\/\/admincentral.selleetools.com\/product\/dasique-shadow-palette-07-milk-latte-8-g-paleta-mleczno-kawowych-cieni-do-powiek\/\" \/>\n<meta property=\"og:site_name\" content=\"Selleetools.com\" \/>\n<meta property=\"article:modified_time\" content=\"2025-11-16T17:37:24+00:00\" \/>\n<meta property=\"og:image\" content=\"https:\/\/selleetools.com\/wp-content\/uploads\/2025\/10\/da1a90b27d82b2218af3347d3bbd2500.png\" \/>\n\t<meta property=\"og:image:width\" content=\"1080\" \/>\n\t<meta property=\"og:image:height\" content=\"1080\" \/>\n\t<meta property=\"og:image:type\" content=\"image\/png\" \/>\n<meta name=\"twitter:card\" content=\"summary_large_image\" \/>\n<meta name=\"twitter:label1\" content=\"Est. reading time\" \/>\n\t<meta name=\"twitter:data1\" content=\"1 minuta\" \/>\n<!-- \/ Yoast SEO plugin. -->","yoast_head_json":{"title":"Dasique Shadow Palette #07 Milk Latte 8 g - paleta mleczno-kawowych cieni do powiek - Selleetools.com","robots":{"index":"index","follow":"follow","max-snippet":"max-snippet:-1","max-image-preview":"max-image-preview:large","max-video-preview":"max-video-preview:-1"},"canonical":"https:\/\/admincentral.selleetools.com\/product\/dasique-shadow-palette-07-milk-latte-8-g-paleta-mleczno-kawowych-cieni-do-powiek\/","og_locale":"pl_PL","og_type":"article","og_title":"Dasique Shadow Palette #07 Milk Latte 8 g - paleta mleczno-kawowych cieni do powiek - Selleetools.com","og_description":"Dasique Shadow Palette #07 Milk Latte to elegancka paleta 9 cieni do powiek inspirowana ciep\u0142ymi tonami mlecznej kawy. Zestaw zawiera matowe, satynowe i po\u0142yskuj\u0105ce formu\u0142y, kt\u00f3re umo\u017cliwiaj\u0105 stworzenie zar\u00f3wno dziennego, jak i wieczorowego makija\u017cu. Cienie \u0142atwo si\u0119 blenduj\u0105, tworz\u0105c naturalny, mi\u0119kki efekt bez osypywania. Korzy\u015bci ze stosowania: Umo\u017cliwia stworzenie wielu stylizacji \u2013 od delikatnych po ... Read moreDasique Shadow Palette #07 Milk Latte 8 g &#8211; paleta mleczno-kawowych cieni do powiek","og_url":"https:\/\/admincentral.selleetools.com\/product\/dasique-shadow-palette-07-milk-latte-8-g-paleta-mleczno-kawowych-cieni-do-powiek\/","og_site_name":"Selleetools.com","article_modified_time":"2025-11-16T17:37:24+00:00","og_image":[{"width":1080,"height":1080,"url":"https:\/\/selleetools.com\/wp-content\/uploads\/2025\/10\/da1a90b27d82b2218af3347d3bbd2500.png","type":"image\/png"}],"twitter_card":"summary_large_image","twitter_misc":{"Est. reading time":"1 minuta"},"schema":{"@context":"https:\/\/schema.org","@graph":[{"@type":"Organization","@id":"https:\/\/selleetools.com\/#organization","name":"Selleetools","url":"https:\/\/selleetools.com\/","sameAs":[],"logo":{"@type":"ImageObject","inLanguage":"pl-PL","@id":"https:\/\/selleetools.com\/#\/schema\/logo\/image\/","url":"https:\/\/selleetools.com\/wp-content\/uploads\/2021\/10\/logo-dark.png","contentUrl":"https:\/\/selleetools.com\/wp-content\/uploads\/2021\/10\/logo-dark.png","width":320,"height":76,"caption":"Selleetools"},"image":{"@id":"https:\/\/selleetools.com\/#\/schema\/logo\/image\/"}},{"@type":"WebSite","@id":"https:\/\/selleetools.com\/#website","url":"https:\/\/selleetools.com\/","name":"Selleetools.com","description":"","publisher":{"@id":"https:\/\/selleetools.com\/#organization"},"potentialAction":[{"@type":"SearchAction","target":{"@type":"EntryPoint","urlTemplate":"https:\/\/selleetools.com\/?s={search_term_string}"},"query-input":"required name=search_term_string"}],"inLanguage":"pl-PL"},{"@type":"WebPage","@id":"https:\/\/admincentral.selleetools.com\/product\/dasique-shadow-palette-07-milk-latte-8-g-paleta-mleczno-kawowych-cieni-do-powiek\/","url":"https:\/\/admincentral.selleetools.com\/product\/dasique-shadow-palette-07-milk-latte-8-g-paleta-mleczno-kawowych-cieni-do-powiek\/","name":"Dasique Shadow Palette #07 Milk Latte 8 g - paleta mleczno-kawowych cieni do powiek - Selleetools.com","isPartOf":{"@id":"https:\/\/selleetools.com\/#website"},"datePublished":"2025-10-24T12:10:57+00:00","dateModified":"2025-11-16T17:37:24+00:00","breadcrumb":{"@id":"https:\/\/admincentral.selleetools.com\/product\/dasique-shadow-palette-07-milk-latte-8-g-paleta-mleczno-kawowych-cieni-do-powiek\/#breadcrumb"},"inLanguage":"pl-PL","potentialAction":[{"@type":"ReadAction","target":["https:\/\/admincentral.selleetools.com\/product\/dasique-shadow-palette-07-milk-latte-8-g-paleta-mleczno-kawowych-cieni-do-powiek\/"]}]},{"@type":"BreadcrumbList","@id":"https:\/\/admincentral.selleetools.com\/product\/dasique-shadow-palette-07-milk-latte-8-g-paleta-mleczno-kawowych-cieni-do-powiek\/#breadcrumb","itemListElement":[{"@type":"ListItem","position":1,"name":"Home","item":"https:\/\/selleetools.com\/pl\/"},{"@type":"ListItem","position":2,"name":"Katalog","item":"https:\/\/selleetools.com\/pl\/katalog\/"},{"@type":"ListItem","position":3,"name":"Dasique Shadow Palette #07 Milk Latte 8 g &#8211; paleta mleczno-kawowych cieni do powiek"}]}]}},"_links":{"self":[{"href":"https:\/\/admincentral.selleetools.com\/pl\/wp-json\/wp\/v2\/product\/607899"}],"collection":[{"href":"https:\/\/admincentral.selleetools.com\/pl\/wp-json\/wp\/v2\/product"}],"about":[{"href":"https:\/\/admincentral.selleetools.com\/pl\/wp-json\/wp\/v2\/types\/product"}],"replies":[{"embeddable":true,"href":"https:\/\/admincentral.selleetools.com\/pl\/wp-json\/wp\/v2\/comments?post=607899"}],"wp:featuredmedia":[{"embeddable":true,"href":"https:\/\/admincentral.selleetools.com\/pl\/wp-json\/wp\/v2\/media\/607897"}],"wp:attachment":[{"href":"https:\/\/admincentral.selleetools.com\/pl\/wp-json\/wp\/v2\/media?parent=607899"}],"curies":[{"name":"wp","href":"https:\/\/api.w.org\/{rel}","templated":true}]}}