{"id":607908,"date":"2025-10-24T14:11:06","date_gmt":"2025-10-24T12:11:06","guid":{"rendered":"https:\/\/selleetools.com\/?post_type=product&#038;p=607908"},"modified":"2026-01-20T12:58:37","modified_gmt":"2026-01-20T11:58:37","slug":"dasique-shadow-palette-16-violet-knit-8-7-g-paleta-fioletowo-brazowych-cieni-do-powiek","status":"publish","type":"product","link":"https:\/\/admincentral.selleetools.com\/pl\/product\/dasique-shadow-palette-16-violet-knit-8-7-g-paleta-fioletowo-brazowych-cieni-do-powiek\/","title":{"rendered":"Dasique Shadow Palette #16 Violet Knit 8.7 g &#8211; paleta fioletowo-br\u0105zowych cieni do powiek"},"content":{"rendered":"<p>Dasique Shadow Palette #16 Violet Knit to elegancka paleta cieni inspirowana przytulnym swetrem w odcieniach fioletu, \u015bliwki i br\u0105zu. Zawiera 8 harmonijnie dobranych cieni w wyko\u0144czeniu matowym, satynowym i b\u0142yszcz\u0105cym, idealnych do tworzenia zar\u00f3wno codziennych, jak i wieczorowych makija\u017cy oczu.<\/p>\n<p>Korzy\u015bci ze stosowania:<br \/>\nWielowymiarowy efekt dzi\u0119ki po\u0142\u0105czeniu mat\u00f3w i b\u0142ysk\u00f3w<br \/>\nAksamitna, lekka formu\u0142a, kt\u00f3ra \u0142atwo si\u0119 blenduje<br \/>\nD\u0142ugotrwa\u0142y efekt bez osypywania si\u0119<br \/>\nWzbogacona o sk\u0142adniki piel\u0119gnuj\u0105ce delikatn\u0105 sk\u00f3r\u0119 powiek<br \/>\nIdealna do tworzenia subtelnych i odwa\u017cnych stylizacji<\/p>\n<p>Spos\u00f3b u\u017cycia:<br \/>\nAplikuj cienie na powiek\u0119 za pomoc\u0105 p\u0119dzelka lub palca. Jasne odcienie nak\u0142adaj jako baz\u0119 lub roz\u015bwietlenie, \u015brednie na ca\u0142\u0105 powiek\u0119, a ciemne w zewn\u0119trzny k\u0105cik dla nadania g\u0142\u0119bi. Dla dodatkowego blasku, u\u017cyj per\u0142owego odcienia na \u015brodek powieki lub doln\u0105 lini\u0119 rz\u0119s.<\/p>\n","protected":false},"excerpt":{"rendered":"<p>Dasique Shadow Palette #16 Violet Knit to elegancka paleta cieni inspirowana przytulnym swetrem w odcieniach fioletu, \u015bliwki i br\u0105zu. Zawiera 8 harmonijnie dobranych cieni w wyko\u0144czeniu matowym, satynowym i b\u0142yszcz\u0105cym, idealnych do tworzenia zar\u00f3wno codziennych, jak i wieczorowych makija\u017cy oczu. Korzy\u015bci ze stosowania: Wielowymiarowy efekt dzi\u0119ki po\u0142\u0105czeniu mat\u00f3w i b\u0142ysk\u00f3w Aksamitna, lekka formu\u0142a, kt\u00f3ra \u0142atwo &#8230; <a title=\"Dasique Shadow Palette #16 Violet Knit 8.7 g &#8211; paleta fioletowo-br\u0105zowych cieni do powiek\" class=\"read-more\" href=\"https:\/\/admincentral.selleetools.com\/pl\/product\/dasique-shadow-palette-16-violet-knit-8-7-g-paleta-fioletowo-brazowych-cieni-do-powiek\/\">Read more<span class=\"screen-reader-text\">Dasique Shadow Palette #16 Violet Knit 8.7 g &#8211; paleta fioletowo-br\u0105zowych cieni do powiek<\/span><\/a><\/p>\n","protected":false},"featured_media":607906,"comment_status":"open","ping_status":"closed","template":"","meta":{"_links_to":"","_links_to_target":""},"yoast_head":"<!-- This site is optimized with the Yoast SEO plugin v19.4 - https:\/\/yoast.com\/wordpress\/plugins\/seo\/ -->\n<title>Dasique Shadow Palette #16 Violet Knit 8.7 g - paleta fioletowo-br\u0105zowych cieni do powiek - Selleetools.com<\/title>\n<meta name=\"robots\" content=\"index, follow, max-snippet:-1, max-image-preview:large, max-video-preview:-1\" \/>\n<link rel=\"canonical\" href=\"https:\/\/admincentral.selleetools.com\/pl\/product\/dasique-shadow-palette-16-violet-knit-8-7-g-paleta-fioletowo-brazowych-cieni-do-powiek\/\" \/>\n<meta property=\"og:locale\" content=\"pl_PL\" \/>\n<meta property=\"og:type\" content=\"article\" \/>\n<meta property=\"og:title\" content=\"Dasique Shadow Palette #16 Violet Knit 8.7 g - paleta fioletowo-br\u0105zowych cieni do powiek - Selleetools.com\" \/>\n<meta property=\"og:description\" content=\"Dasique Shadow Palette #16 Violet Knit to elegancka paleta cieni inspirowana przytulnym swetrem w odcieniach fioletu, \u015bliwki i br\u0105zu. Zawiera 8 harmonijnie dobranych cieni w wyko\u0144czeniu matowym, satynowym i b\u0142yszcz\u0105cym, idealnych do tworzenia zar\u00f3wno codziennych, jak i wieczorowych makija\u017cy oczu. Korzy\u015bci ze stosowania: Wielowymiarowy efekt dzi\u0119ki po\u0142\u0105czeniu mat\u00f3w i b\u0142ysk\u00f3w Aksamitna, lekka formu\u0142a, kt\u00f3ra \u0142atwo ... Read moreDasique Shadow Palette #16 Violet Knit 8.7 g &#8211; paleta fioletowo-br\u0105zowych cieni do powiek\" \/>\n<meta property=\"og:url\" content=\"https:\/\/admincentral.selleetools.com\/pl\/product\/dasique-shadow-palette-16-violet-knit-8-7-g-paleta-fioletowo-brazowych-cieni-do-powiek\/\" \/>\n<meta property=\"og:site_name\" content=\"Selleetools.com\" \/>\n<meta property=\"article:modified_time\" content=\"2026-01-20T11:58:37+00:00\" \/>\n<meta property=\"og:image\" content=\"https:\/\/selleetools.com\/wp-content\/uploads\/2025\/10\/741843a9bb0a6852477d93d6f48d56ff.png\" \/>\n\t<meta property=\"og:image:width\" content=\"1080\" \/>\n\t<meta property=\"og:image:height\" content=\"1080\" \/>\n\t<meta property=\"og:image:type\" content=\"image\/png\" \/>\n<meta name=\"twitter:card\" content=\"summary_large_image\" \/>\n<meta name=\"twitter:label1\" content=\"Est. reading time\" \/>\n\t<meta name=\"twitter:data1\" content=\"1 minuta\" \/>\n<!-- \/ Yoast SEO plugin. -->","yoast_head_json":{"title":"Dasique Shadow Palette #16 Violet Knit 8.7 g - paleta fioletowo-br\u0105zowych cieni do powiek - Selleetools.com","robots":{"index":"index","follow":"follow","max-snippet":"max-snippet:-1","max-image-preview":"max-image-preview:large","max-video-preview":"max-video-preview:-1"},"canonical":"https:\/\/admincentral.selleetools.com\/pl\/product\/dasique-shadow-palette-16-violet-knit-8-7-g-paleta-fioletowo-brazowych-cieni-do-powiek\/","og_locale":"pl_PL","og_type":"article","og_title":"Dasique Shadow Palette #16 Violet Knit 8.7 g - paleta fioletowo-br\u0105zowych cieni do powiek - Selleetools.com","og_description":"Dasique Shadow Palette #16 Violet Knit to elegancka paleta cieni inspirowana przytulnym swetrem w odcieniach fioletu, \u015bliwki i br\u0105zu. Zawiera 8 harmonijnie dobranych cieni w wyko\u0144czeniu matowym, satynowym i b\u0142yszcz\u0105cym, idealnych do tworzenia zar\u00f3wno codziennych, jak i wieczorowych makija\u017cy oczu. Korzy\u015bci ze stosowania: Wielowymiarowy efekt dzi\u0119ki po\u0142\u0105czeniu mat\u00f3w i b\u0142ysk\u00f3w Aksamitna, lekka formu\u0142a, kt\u00f3ra \u0142atwo ... Read moreDasique Shadow Palette #16 Violet Knit 8.7 g &#8211; paleta fioletowo-br\u0105zowych cieni do powiek","og_url":"https:\/\/admincentral.selleetools.com\/pl\/product\/dasique-shadow-palette-16-violet-knit-8-7-g-paleta-fioletowo-brazowych-cieni-do-powiek\/","og_site_name":"Selleetools.com","article_modified_time":"2026-01-20T11:58:37+00:00","og_image":[{"width":1080,"height":1080,"url":"https:\/\/selleetools.com\/wp-content\/uploads\/2025\/10\/741843a9bb0a6852477d93d6f48d56ff.png","type":"image\/png"}],"twitter_card":"summary_large_image","twitter_misc":{"Est. reading time":"1 minuta"},"schema":{"@context":"https:\/\/schema.org","@graph":[{"@type":"Organization","@id":"https:\/\/selleetools.com\/#organization","name":"Selleetools","url":"https:\/\/selleetools.com\/","sameAs":[],"logo":{"@type":"ImageObject","inLanguage":"pl-PL","@id":"https:\/\/selleetools.com\/#\/schema\/logo\/image\/","url":"https:\/\/selleetools.com\/wp-content\/uploads\/2021\/10\/logo-dark.png","contentUrl":"https:\/\/selleetools.com\/wp-content\/uploads\/2021\/10\/logo-dark.png","width":320,"height":76,"caption":"Selleetools"},"image":{"@id":"https:\/\/selleetools.com\/#\/schema\/logo\/image\/"}},{"@type":"WebSite","@id":"https:\/\/selleetools.com\/#website","url":"https:\/\/selleetools.com\/","name":"Selleetools.com","description":"","publisher":{"@id":"https:\/\/selleetools.com\/#organization"},"potentialAction":[{"@type":"SearchAction","target":{"@type":"EntryPoint","urlTemplate":"https:\/\/selleetools.com\/?s={search_term_string}"},"query-input":"required name=search_term_string"}],"inLanguage":"pl-PL"},{"@type":"WebPage","@id":"https:\/\/admincentral.selleetools.com\/pl\/product\/dasique-shadow-palette-16-violet-knit-8-7-g-paleta-fioletowo-brazowych-cieni-do-powiek\/","url":"https:\/\/admincentral.selleetools.com\/pl\/product\/dasique-shadow-palette-16-violet-knit-8-7-g-paleta-fioletowo-brazowych-cieni-do-powiek\/","name":"Dasique Shadow Palette #16 Violet Knit 8.7 g - paleta fioletowo-br\u0105zowych cieni do powiek - Selleetools.com","isPartOf":{"@id":"https:\/\/selleetools.com\/#website"},"datePublished":"2025-10-24T12:11:06+00:00","dateModified":"2026-01-20T11:58:37+00:00","breadcrumb":{"@id":"https:\/\/admincentral.selleetools.com\/pl\/product\/dasique-shadow-palette-16-violet-knit-8-7-g-paleta-fioletowo-brazowych-cieni-do-powiek\/#breadcrumb"},"inLanguage":"pl-PL","potentialAction":[{"@type":"ReadAction","target":["https:\/\/admincentral.selleetools.com\/pl\/product\/dasique-shadow-palette-16-violet-knit-8-7-g-paleta-fioletowo-brazowych-cieni-do-powiek\/"]}]},{"@type":"BreadcrumbList","@id":"https:\/\/admincentral.selleetools.com\/pl\/product\/dasique-shadow-palette-16-violet-knit-8-7-g-paleta-fioletowo-brazowych-cieni-do-powiek\/#breadcrumb","itemListElement":[{"@type":"ListItem","position":1,"name":"Home","item":"https:\/\/selleetools.com\/pl\/"},{"@type":"ListItem","position":2,"name":"Katalog","item":"https:\/\/selleetools.com\/pl\/katalog\/"},{"@type":"ListItem","position":3,"name":"Dasique Shadow Palette #16 Violet Knit 8.7 g &#8211; paleta fioletowo-br\u0105zowych cieni do powiek"}]}]}},"_links":{"self":[{"href":"https:\/\/admincentral.selleetools.com\/pl\/wp-json\/wp\/v2\/product\/607908"}],"collection":[{"href":"https:\/\/admincentral.selleetools.com\/pl\/wp-json\/wp\/v2\/product"}],"about":[{"href":"https:\/\/admincentral.selleetools.com\/pl\/wp-json\/wp\/v2\/types\/product"}],"replies":[{"embeddable":true,"href":"https:\/\/admincentral.selleetools.com\/pl\/wp-json\/wp\/v2\/comments?post=607908"}],"wp:featuredmedia":[{"embeddable":true,"href":"https:\/\/admincentral.selleetools.com\/pl\/wp-json\/wp\/v2\/media\/607906"}],"wp:attachment":[{"href":"https:\/\/admincentral.selleetools.com\/pl\/wp-json\/wp\/v2\/media?parent=607908"}],"curies":[{"name":"wp","href":"https:\/\/api.w.org\/{rel}","templated":true}]}}