{"id":607917,"date":"2025-10-24T14:11:15","date_gmt":"2025-10-24T12:11:15","guid":{"rendered":"https:\/\/selleetools.com\/?post_type=product&#038;p=607917"},"modified":"2025-11-04T21:38:37","modified_gmt":"2025-11-04T20:38:37","slug":"dasique-juicy-dewy-tint-09-peach-pudding-3-5-g-rozowo-koralowy-tint-do-ust","status":"publish","type":"product","link":"https:\/\/admincentral.selleetools.com\/pl\/product\/dasique-juicy-dewy-tint-09-peach-pudding-3-5-g-rozowo-koralowy-tint-do-ust\/","title":{"rendered":"Dasique Juicy Dewy Tint #09 Peach Pudding 3.5 g &#8211; r\u00f3\u017cowo-koralowy tint do ust"},"content":{"rendered":"<p>Dasique Juicy Dewy Tint #09 Peach Pudding to lekki tint o soczystym wyko\u0144czeniu, kt\u00f3ry \u0142\u0105czy w sobie intensywny kolor i piel\u0119gnacj\u0119 ust. Jego r\u00f3\u017cowo-koralowy odcie\u0144 nadaje ustom naturaln\u0105 \u015bwie\u017co\u015b\u0107 i subtelny po\u0142ysk, a komfortowa formu\u0142a wtapia si\u0119 w sk\u00f3r\u0119, nie klej\u0105c si\u0119 i nie wysuszaj\u0105c.<\/p>\n<p>Korzy\u015bci ze stosowania:<br \/>\nNadaje ustom promienny kolor i efekt mokrego blasku<br \/>\nNawil\u017ca, wyg\u0142adza i chroni usta przed wysuszeniem<br \/>\nLekka, przyjemna formu\u0142a komfortowa w noszeniu<br \/>\nTrwa\u0142y kolor bez potrzeby ci\u0105g\u0142ego poprawiania<\/p>\n<p>Spos\u00f3b u\u017cycia:<br \/>\nAplikuj bezpo\u015brednio na usta, zaczynaj\u0105c od \u015brodka i delikatnie rozprowadzaj\u0105c ku kraw\u0119dziom. Mo\u017cesz nak\u0142ada\u0107 warstwami dla bardziej intensywnego efektu.<\/p>\n","protected":false},"excerpt":{"rendered":"<p>Dasique Juicy Dewy Tint #09 Peach Pudding to lekki tint o soczystym wyko\u0144czeniu, kt\u00f3ry \u0142\u0105czy w sobie intensywny kolor i piel\u0119gnacj\u0119 ust. Jego r\u00f3\u017cowo-koralowy odcie\u0144 nadaje ustom naturaln\u0105 \u015bwie\u017co\u015b\u0107 i subtelny po\u0142ysk, a komfortowa formu\u0142a wtapia si\u0119 w sk\u00f3r\u0119, nie klej\u0105c si\u0119 i nie wysuszaj\u0105c. Korzy\u015bci ze stosowania: Nadaje ustom promienny kolor i efekt mokrego &#8230; <a title=\"Dasique Juicy Dewy Tint #09 Peach Pudding 3.5 g &#8211; r\u00f3\u017cowo-koralowy tint do ust\" class=\"read-more\" href=\"https:\/\/admincentral.selleetools.com\/pl\/product\/dasique-juicy-dewy-tint-09-peach-pudding-3-5-g-rozowo-koralowy-tint-do-ust\/\">Read more<span class=\"screen-reader-text\">Dasique Juicy Dewy Tint #09 Peach Pudding 3.5 g &#8211; r\u00f3\u017cowo-koralowy tint do ust<\/span><\/a><\/p>\n","protected":false},"featured_media":607915,"comment_status":"open","ping_status":"closed","template":"","meta":{"_links_to":"","_links_to_target":""},"yoast_head":"<!-- This site is optimized with the Yoast SEO plugin v19.4 - https:\/\/yoast.com\/wordpress\/plugins\/seo\/ -->\n<title>Dasique Juicy Dewy Tint #09 Peach Pudding 3.5 g - r\u00f3\u017cowo-koralowy tint do ust - Selleetools.com<\/title>\n<meta name=\"robots\" content=\"index, follow, max-snippet:-1, max-image-preview:large, max-video-preview:-1\" \/>\n<link rel=\"canonical\" href=\"https:\/\/admincentral.selleetools.com\/pl\/product\/dasique-juicy-dewy-tint-09-peach-pudding-3-5-g-rozowo-koralowy-tint-do-ust\/\" \/>\n<meta property=\"og:locale\" content=\"pl_PL\" \/>\n<meta property=\"og:type\" content=\"article\" \/>\n<meta property=\"og:title\" content=\"Dasique Juicy Dewy Tint #09 Peach Pudding 3.5 g - r\u00f3\u017cowo-koralowy tint do ust - Selleetools.com\" \/>\n<meta property=\"og:description\" content=\"Dasique Juicy Dewy Tint #09 Peach Pudding to lekki tint o soczystym wyko\u0144czeniu, kt\u00f3ry \u0142\u0105czy w sobie intensywny kolor i piel\u0119gnacj\u0119 ust. Jego r\u00f3\u017cowo-koralowy odcie\u0144 nadaje ustom naturaln\u0105 \u015bwie\u017co\u015b\u0107 i subtelny po\u0142ysk, a komfortowa formu\u0142a wtapia si\u0119 w sk\u00f3r\u0119, nie klej\u0105c si\u0119 i nie wysuszaj\u0105c. Korzy\u015bci ze stosowania: Nadaje ustom promienny kolor i efekt mokrego ... Read moreDasique Juicy Dewy Tint #09 Peach Pudding 3.5 g &#8211; r\u00f3\u017cowo-koralowy tint do ust\" \/>\n<meta property=\"og:url\" content=\"https:\/\/admincentral.selleetools.com\/pl\/product\/dasique-juicy-dewy-tint-09-peach-pudding-3-5-g-rozowo-koralowy-tint-do-ust\/\" \/>\n<meta property=\"og:site_name\" content=\"Selleetools.com\" \/>\n<meta property=\"article:modified_time\" content=\"2025-11-04T20:38:37+00:00\" \/>\n<meta property=\"og:image\" content=\"https:\/\/selleetools.com\/wp-content\/uploads\/2025\/10\/3eb42ad91ad984d31369b8d6d1d195c8.png\" \/>\n\t<meta property=\"og:image:width\" content=\"1080\" \/>\n\t<meta property=\"og:image:height\" content=\"1080\" \/>\n\t<meta property=\"og:image:type\" content=\"image\/png\" \/>\n<meta name=\"twitter:card\" content=\"summary_large_image\" \/>\n<meta name=\"twitter:label1\" content=\"Est. reading time\" \/>\n\t<meta name=\"twitter:data1\" content=\"1 minuta\" \/>\n<!-- \/ Yoast SEO plugin. -->","yoast_head_json":{"title":"Dasique Juicy Dewy Tint #09 Peach Pudding 3.5 g - r\u00f3\u017cowo-koralowy tint do ust - Selleetools.com","robots":{"index":"index","follow":"follow","max-snippet":"max-snippet:-1","max-image-preview":"max-image-preview:large","max-video-preview":"max-video-preview:-1"},"canonical":"https:\/\/admincentral.selleetools.com\/pl\/product\/dasique-juicy-dewy-tint-09-peach-pudding-3-5-g-rozowo-koralowy-tint-do-ust\/","og_locale":"pl_PL","og_type":"article","og_title":"Dasique Juicy Dewy Tint #09 Peach Pudding 3.5 g - r\u00f3\u017cowo-koralowy tint do ust - Selleetools.com","og_description":"Dasique Juicy Dewy Tint #09 Peach Pudding to lekki tint o soczystym wyko\u0144czeniu, kt\u00f3ry \u0142\u0105czy w sobie intensywny kolor i piel\u0119gnacj\u0119 ust. Jego r\u00f3\u017cowo-koralowy odcie\u0144 nadaje ustom naturaln\u0105 \u015bwie\u017co\u015b\u0107 i subtelny po\u0142ysk, a komfortowa formu\u0142a wtapia si\u0119 w sk\u00f3r\u0119, nie klej\u0105c si\u0119 i nie wysuszaj\u0105c. Korzy\u015bci ze stosowania: Nadaje ustom promienny kolor i efekt mokrego ... Read moreDasique Juicy Dewy Tint #09 Peach Pudding 3.5 g &#8211; r\u00f3\u017cowo-koralowy tint do ust","og_url":"https:\/\/admincentral.selleetools.com\/pl\/product\/dasique-juicy-dewy-tint-09-peach-pudding-3-5-g-rozowo-koralowy-tint-do-ust\/","og_site_name":"Selleetools.com","article_modified_time":"2025-11-04T20:38:37+00:00","og_image":[{"width":1080,"height":1080,"url":"https:\/\/selleetools.com\/wp-content\/uploads\/2025\/10\/3eb42ad91ad984d31369b8d6d1d195c8.png","type":"image\/png"}],"twitter_card":"summary_large_image","twitter_misc":{"Est. reading time":"1 minuta"},"schema":{"@context":"https:\/\/schema.org","@graph":[{"@type":"Organization","@id":"https:\/\/selleetools.com\/#organization","name":"Selleetools","url":"https:\/\/selleetools.com\/","sameAs":[],"logo":{"@type":"ImageObject","inLanguage":"pl-PL","@id":"https:\/\/selleetools.com\/#\/schema\/logo\/image\/","url":"https:\/\/selleetools.com\/wp-content\/uploads\/2021\/10\/logo-dark.png","contentUrl":"https:\/\/selleetools.com\/wp-content\/uploads\/2021\/10\/logo-dark.png","width":320,"height":76,"caption":"Selleetools"},"image":{"@id":"https:\/\/selleetools.com\/#\/schema\/logo\/image\/"}},{"@type":"WebSite","@id":"https:\/\/selleetools.com\/#website","url":"https:\/\/selleetools.com\/","name":"Selleetools.com","description":"","publisher":{"@id":"https:\/\/selleetools.com\/#organization"},"potentialAction":[{"@type":"SearchAction","target":{"@type":"EntryPoint","urlTemplate":"https:\/\/selleetools.com\/?s={search_term_string}"},"query-input":"required name=search_term_string"}],"inLanguage":"pl-PL"},{"@type":"WebPage","@id":"https:\/\/admincentral.selleetools.com\/pl\/product\/dasique-juicy-dewy-tint-09-peach-pudding-3-5-g-rozowo-koralowy-tint-do-ust\/","url":"https:\/\/admincentral.selleetools.com\/pl\/product\/dasique-juicy-dewy-tint-09-peach-pudding-3-5-g-rozowo-koralowy-tint-do-ust\/","name":"Dasique Juicy Dewy Tint #09 Peach Pudding 3.5 g - r\u00f3\u017cowo-koralowy tint do ust - Selleetools.com","isPartOf":{"@id":"https:\/\/selleetools.com\/#website"},"datePublished":"2025-10-24T12:11:15+00:00","dateModified":"2025-11-04T20:38:37+00:00","breadcrumb":{"@id":"https:\/\/admincentral.selleetools.com\/pl\/product\/dasique-juicy-dewy-tint-09-peach-pudding-3-5-g-rozowo-koralowy-tint-do-ust\/#breadcrumb"},"inLanguage":"pl-PL","potentialAction":[{"@type":"ReadAction","target":["https:\/\/admincentral.selleetools.com\/pl\/product\/dasique-juicy-dewy-tint-09-peach-pudding-3-5-g-rozowo-koralowy-tint-do-ust\/"]}]},{"@type":"BreadcrumbList","@id":"https:\/\/admincentral.selleetools.com\/pl\/product\/dasique-juicy-dewy-tint-09-peach-pudding-3-5-g-rozowo-koralowy-tint-do-ust\/#breadcrumb","itemListElement":[{"@type":"ListItem","position":1,"name":"Home","item":"https:\/\/selleetools.com\/pl\/"},{"@type":"ListItem","position":2,"name":"Katalog","item":"https:\/\/selleetools.com\/pl\/katalog\/"},{"@type":"ListItem","position":3,"name":"Dasique Juicy Dewy Tint #09 Peach Pudding 3.5 g &#8211; r\u00f3\u017cowo-koralowy tint do ust"}]}]}},"_links":{"self":[{"href":"https:\/\/admincentral.selleetools.com\/pl\/wp-json\/wp\/v2\/product\/607917"}],"collection":[{"href":"https:\/\/admincentral.selleetools.com\/pl\/wp-json\/wp\/v2\/product"}],"about":[{"href":"https:\/\/admincentral.selleetools.com\/pl\/wp-json\/wp\/v2\/types\/product"}],"replies":[{"embeddable":true,"href":"https:\/\/admincentral.selleetools.com\/pl\/wp-json\/wp\/v2\/comments?post=607917"}],"wp:featuredmedia":[{"embeddable":true,"href":"https:\/\/admincentral.selleetools.com\/pl\/wp-json\/wp\/v2\/media\/607915"}],"wp:attachment":[{"href":"https:\/\/admincentral.selleetools.com\/pl\/wp-json\/wp\/v2\/media?parent=607917"}],"curies":[{"name":"wp","href":"https:\/\/api.w.org\/{rel}","templated":true}]}}