{"id":607920,"date":"2025-10-24T14:11:18","date_gmt":"2025-10-24T12:11:18","guid":{"rendered":"https:\/\/selleetools.com\/?post_type=product&#038;p=607920"},"modified":"2025-11-04T21:38:47","modified_gmt":"2025-11-04T20:38:47","slug":"dasique-juicy-dewy-tint-10-berry-choux-3-5-g-rozowo-fioletowy-tint-do-ust","status":"publish","type":"product","link":"https:\/\/admincentral.selleetools.com\/pl\/product\/dasique-juicy-dewy-tint-10-berry-choux-3-5-g-rozowo-fioletowy-tint-do-ust\/","title":{"rendered":"Dasique Juicy Dewy Tint #10 Berry Choux 3.5 g &#8211; r\u00f3\u017cowo-fioletowy tint do ust"},"content":{"rendered":"<p>Dasique Juicy Dewy Tint #10 Berry Choux to soczysty tint do ust w odcieniu ch\u0142odnej jagody, kt\u00f3ry nadaje ustom naturalny kolor i intensywny po\u0142ysk. Jego kremowo-\u017celowa formu\u0142a \u0142\u0105czy trwa\u0142o\u015b\u0107 klasycznego tintu z komfortem noszenia b\u0142yszczyka, pozostawiaj\u0105c efekt pe\u0142nych, nawil\u017conych ust bez lepko\u015bci.<\/p>\n<p>Korzy\u015bci ze stosowania:<br \/>\nNadaje ustom intensywny kolor z efektem mokrego po\u0142ysku<br \/>\nNawil\u017ca i wyg\u0142adza usta ju\u017c od pierwszej aplikacji<br \/>\nLekka, niewyczuwalna formu\u0142a idealna do codziennego makija\u017cu<br \/>\nChroni przed wysuszeniem i wzmacnia barier\u0119 ochronn\u0105 ust<\/p>\n<p>Spos\u00f3b u\u017cycia:<br \/>\nAplikuj bezpo\u015brednio na czyste usta. Dla delikatniejszego efektu \u2013 wklep opuszkami palc\u00f3w. Mo\u017cna stosowa\u0107 warstwowo, aby wzmocni\u0107 intensywno\u015b\u0107 koloru i po\u0142ysk.<\/p>\n","protected":false},"excerpt":{"rendered":"<p>Dasique Juicy Dewy Tint #10 Berry Choux to soczysty tint do ust w odcieniu ch\u0142odnej jagody, kt\u00f3ry nadaje ustom naturalny kolor i intensywny po\u0142ysk. Jego kremowo-\u017celowa formu\u0142a \u0142\u0105czy trwa\u0142o\u015b\u0107 klasycznego tintu z komfortem noszenia b\u0142yszczyka, pozostawiaj\u0105c efekt pe\u0142nych, nawil\u017conych ust bez lepko\u015bci. Korzy\u015bci ze stosowania: Nadaje ustom intensywny kolor z efektem mokrego po\u0142ysku Nawil\u017ca i &#8230; <a title=\"Dasique Juicy Dewy Tint #10 Berry Choux 3.5 g &#8211; r\u00f3\u017cowo-fioletowy tint do ust\" class=\"read-more\" href=\"https:\/\/admincentral.selleetools.com\/pl\/product\/dasique-juicy-dewy-tint-10-berry-choux-3-5-g-rozowo-fioletowy-tint-do-ust\/\">Read more<span class=\"screen-reader-text\">Dasique Juicy Dewy Tint #10 Berry Choux 3.5 g &#8211; r\u00f3\u017cowo-fioletowy tint do ust<\/span><\/a><\/p>\n","protected":false},"featured_media":607918,"comment_status":"open","ping_status":"closed","template":"","meta":{"_links_to":"","_links_to_target":""},"yoast_head":"<!-- This site is optimized with the Yoast SEO plugin v19.4 - https:\/\/yoast.com\/wordpress\/plugins\/seo\/ -->\n<title>Dasique Juicy Dewy Tint #10 Berry Choux 3.5 g - r\u00f3\u017cowo-fioletowy tint do ust - Selleetools.com<\/title>\n<meta name=\"robots\" content=\"index, follow, max-snippet:-1, max-image-preview:large, max-video-preview:-1\" \/>\n<link rel=\"canonical\" href=\"https:\/\/selleetools.com\/pl\/product\/dasique-juicy-dewy-tint-10-berry-choux-3-5-g-rozowo-fioletowy-tint-do-ust\/\" \/>\n<meta property=\"og:locale\" content=\"pl_PL\" \/>\n<meta property=\"og:type\" content=\"article\" \/>\n<meta property=\"og:title\" content=\"Dasique Juicy Dewy Tint #10 Berry Choux 3.5 g - r\u00f3\u017cowo-fioletowy tint do ust - Selleetools.com\" \/>\n<meta property=\"og:description\" content=\"Dasique Juicy Dewy Tint #10 Berry Choux to soczysty tint do ust w odcieniu ch\u0142odnej jagody, kt\u00f3ry nadaje ustom naturalny kolor i intensywny po\u0142ysk. Jego kremowo-\u017celowa formu\u0142a \u0142\u0105czy trwa\u0142o\u015b\u0107 klasycznego tintu z komfortem noszenia b\u0142yszczyka, pozostawiaj\u0105c efekt pe\u0142nych, nawil\u017conych ust bez lepko\u015bci. Korzy\u015bci ze stosowania: Nadaje ustom intensywny kolor z efektem mokrego po\u0142ysku Nawil\u017ca i ... Read moreDasique Juicy Dewy Tint #10 Berry Choux 3.5 g &#8211; r\u00f3\u017cowo-fioletowy tint do ust\" \/>\n<meta property=\"og:url\" content=\"https:\/\/selleetools.com\/pl\/product\/dasique-juicy-dewy-tint-10-berry-choux-3-5-g-rozowo-fioletowy-tint-do-ust\/\" \/>\n<meta property=\"og:site_name\" content=\"Selleetools.com\" \/>\n<meta property=\"article:modified_time\" content=\"2025-11-04T20:38:47+00:00\" \/>\n<meta property=\"og:image\" content=\"https:\/\/selleetools.com\/wp-content\/uploads\/2025\/10\/7b778085f3165cfc47cfd597d29b571e.png\" \/>\n\t<meta property=\"og:image:width\" content=\"1080\" \/>\n\t<meta property=\"og:image:height\" content=\"1080\" \/>\n\t<meta property=\"og:image:type\" content=\"image\/png\" \/>\n<meta name=\"twitter:card\" content=\"summary_large_image\" \/>\n<meta name=\"twitter:label1\" content=\"Est. reading time\" \/>\n\t<meta name=\"twitter:data1\" content=\"1 minuta\" \/>\n<!-- \/ Yoast SEO plugin. -->","yoast_head_json":{"title":"Dasique Juicy Dewy Tint #10 Berry Choux 3.5 g - r\u00f3\u017cowo-fioletowy tint do ust - Selleetools.com","robots":{"index":"index","follow":"follow","max-snippet":"max-snippet:-1","max-image-preview":"max-image-preview:large","max-video-preview":"max-video-preview:-1"},"canonical":"https:\/\/selleetools.com\/pl\/product\/dasique-juicy-dewy-tint-10-berry-choux-3-5-g-rozowo-fioletowy-tint-do-ust\/","og_locale":"pl_PL","og_type":"article","og_title":"Dasique Juicy Dewy Tint #10 Berry Choux 3.5 g - r\u00f3\u017cowo-fioletowy tint do ust - Selleetools.com","og_description":"Dasique Juicy Dewy Tint #10 Berry Choux to soczysty tint do ust w odcieniu ch\u0142odnej jagody, kt\u00f3ry nadaje ustom naturalny kolor i intensywny po\u0142ysk. Jego kremowo-\u017celowa formu\u0142a \u0142\u0105czy trwa\u0142o\u015b\u0107 klasycznego tintu z komfortem noszenia b\u0142yszczyka, pozostawiaj\u0105c efekt pe\u0142nych, nawil\u017conych ust bez lepko\u015bci. Korzy\u015bci ze stosowania: Nadaje ustom intensywny kolor z efektem mokrego po\u0142ysku Nawil\u017ca i ... Read moreDasique Juicy Dewy Tint #10 Berry Choux 3.5 g &#8211; r\u00f3\u017cowo-fioletowy tint do ust","og_url":"https:\/\/selleetools.com\/pl\/product\/dasique-juicy-dewy-tint-10-berry-choux-3-5-g-rozowo-fioletowy-tint-do-ust\/","og_site_name":"Selleetools.com","article_modified_time":"2025-11-04T20:38:47+00:00","og_image":[{"width":1080,"height":1080,"url":"https:\/\/selleetools.com\/wp-content\/uploads\/2025\/10\/7b778085f3165cfc47cfd597d29b571e.png","type":"image\/png"}],"twitter_card":"summary_large_image","twitter_misc":{"Est. reading time":"1 minuta"},"schema":{"@context":"https:\/\/schema.org","@graph":[{"@type":"Organization","@id":"https:\/\/selleetools.com\/#organization","name":"Selleetools","url":"https:\/\/selleetools.com\/","sameAs":[],"logo":{"@type":"ImageObject","inLanguage":"pl-PL","@id":"https:\/\/selleetools.com\/#\/schema\/logo\/image\/","url":"https:\/\/selleetools.com\/wp-content\/uploads\/2021\/10\/logo-dark.png","contentUrl":"https:\/\/selleetools.com\/wp-content\/uploads\/2021\/10\/logo-dark.png","width":320,"height":76,"caption":"Selleetools"},"image":{"@id":"https:\/\/selleetools.com\/#\/schema\/logo\/image\/"}},{"@type":"WebSite","@id":"https:\/\/selleetools.com\/#website","url":"https:\/\/selleetools.com\/","name":"Selleetools.com","description":"","publisher":{"@id":"https:\/\/selleetools.com\/#organization"},"potentialAction":[{"@type":"SearchAction","target":{"@type":"EntryPoint","urlTemplate":"https:\/\/selleetools.com\/?s={search_term_string}"},"query-input":"required name=search_term_string"}],"inLanguage":"pl-PL"},{"@type":"WebPage","@id":"https:\/\/selleetools.com\/pl\/product\/dasique-juicy-dewy-tint-10-berry-choux-3-5-g-rozowo-fioletowy-tint-do-ust\/","url":"https:\/\/selleetools.com\/pl\/product\/dasique-juicy-dewy-tint-10-berry-choux-3-5-g-rozowo-fioletowy-tint-do-ust\/","name":"Dasique Juicy Dewy Tint #10 Berry Choux 3.5 g - r\u00f3\u017cowo-fioletowy tint do ust - Selleetools.com","isPartOf":{"@id":"https:\/\/selleetools.com\/#website"},"datePublished":"2025-10-24T12:11:18+00:00","dateModified":"2025-11-04T20:38:47+00:00","breadcrumb":{"@id":"https:\/\/selleetools.com\/pl\/product\/dasique-juicy-dewy-tint-10-berry-choux-3-5-g-rozowo-fioletowy-tint-do-ust\/#breadcrumb"},"inLanguage":"pl-PL","potentialAction":[{"@type":"ReadAction","target":["https:\/\/selleetools.com\/pl\/product\/dasique-juicy-dewy-tint-10-berry-choux-3-5-g-rozowo-fioletowy-tint-do-ust\/"]}]},{"@type":"BreadcrumbList","@id":"https:\/\/selleetools.com\/pl\/product\/dasique-juicy-dewy-tint-10-berry-choux-3-5-g-rozowo-fioletowy-tint-do-ust\/#breadcrumb","itemListElement":[{"@type":"ListItem","position":1,"name":"Home","item":"https:\/\/selleetools.com\/pl\/"},{"@type":"ListItem","position":2,"name":"Katalog","item":"https:\/\/selleetools.com\/pl\/katalog\/"},{"@type":"ListItem","position":3,"name":"Dasique Juicy Dewy Tint #10 Berry Choux 3.5 g &#8211; r\u00f3\u017cowo-fioletowy tint do ust"}]}]}},"_links":{"self":[{"href":"https:\/\/admincentral.selleetools.com\/pl\/wp-json\/wp\/v2\/product\/607920"}],"collection":[{"href":"https:\/\/admincentral.selleetools.com\/pl\/wp-json\/wp\/v2\/product"}],"about":[{"href":"https:\/\/admincentral.selleetools.com\/pl\/wp-json\/wp\/v2\/types\/product"}],"replies":[{"embeddable":true,"href":"https:\/\/admincentral.selleetools.com\/pl\/wp-json\/wp\/v2\/comments?post=607920"}],"wp:featuredmedia":[{"embeddable":true,"href":"https:\/\/admincentral.selleetools.com\/pl\/wp-json\/wp\/v2\/media\/607918"}],"wp:attachment":[{"href":"https:\/\/admincentral.selleetools.com\/pl\/wp-json\/wp\/v2\/media?parent=607920"}],"curies":[{"name":"wp","href":"https:\/\/api.w.org\/{rel}","templated":true}]}}