{"id":607923,"date":"2025-10-24T14:11:21","date_gmt":"2025-10-24T12:11:21","guid":{"rendered":"https:\/\/selleetools.com\/?post_type=product&#038;p=607923"},"modified":"2025-11-04T21:38:57","modified_gmt":"2025-11-04T20:38:57","slug":"dasique-juicy-dewy-tint-11-fig-plum-3-5-g-fioletowy-tint-do-ust","status":"publish","type":"product","link":"https:\/\/admincentral.selleetools.com\/pl\/product\/dasique-juicy-dewy-tint-11-fig-plum-3-5-g-fioletowy-tint-do-ust\/","title":{"rendered":"Dasique Juicy Dewy Tint #11 Fig Plum 3.5 g &#8211; fioletowy tint do ust"},"content":{"rendered":"<p>Dasique Juicy Dewy Tint #11 Fig Plum to b\u0142yszcz\u0105cy tint do ust w g\u0142\u0119bokim, figowo-\u015bliwkowym odcieniu, kt\u00f3ry \u0142\u0105czy intensywny kolor z piel\u0119gnuj\u0105c\u0105 formu\u0142\u0105. Zapewnia efekt pe\u0142nych, nawil\u017conych ust oraz komfort przez wiele godzin \u2013 bez uczucia lepko\u015bci.<\/p>\n<p>Korzy\u015bci ze stosowania:<br \/>\nUsta staj\u0105 si\u0119 mi\u0119kkie i optycznie pe\u0142niejsze<br \/>\nD\u0142ugotrwa\u0142y kolor o l\u015bni\u0105cym wyko\u0144czeniu<br \/>\nFormu\u0142a na bazie sk\u0142adnik\u00f3w od\u017cywczych i nawil\u017caj\u0105cych<br \/>\nWyg\u0142adza i chroni usta przed wysuszeniem<br \/>\nLekka konsystencja nie obci\u0105\u017ca ust i nie zbiera si\u0119 w za\u0142amaniach<\/p>\n<p>Spos\u00f3b u\u017cycia:<br \/>\nAplikuj bezpo\u015brednio na usta za pomoc\u0105 aplikatora. W celu wzmocnienia efektu mo\u017cna na\u0142o\u017cy\u0107 kolejn\u0105 warstw\u0119. Stosuj samodzielnie lub jako wyko\u0144czenie na pomadk\u0119.<\/p>\n","protected":false},"excerpt":{"rendered":"<p>Dasique Juicy Dewy Tint #11 Fig Plum to b\u0142yszcz\u0105cy tint do ust w g\u0142\u0119bokim, figowo-\u015bliwkowym odcieniu, kt\u00f3ry \u0142\u0105czy intensywny kolor z piel\u0119gnuj\u0105c\u0105 formu\u0142\u0105. Zapewnia efekt pe\u0142nych, nawil\u017conych ust oraz komfort przez wiele godzin \u2013 bez uczucia lepko\u015bci. Korzy\u015bci ze stosowania: Usta staj\u0105 si\u0119 mi\u0119kkie i optycznie pe\u0142niejsze D\u0142ugotrwa\u0142y kolor o l\u015bni\u0105cym wyko\u0144czeniu Formu\u0142a na bazie &#8230; <a title=\"Dasique Juicy Dewy Tint #11 Fig Plum 3.5 g &#8211; fioletowy tint do ust\" class=\"read-more\" href=\"https:\/\/admincentral.selleetools.com\/pl\/product\/dasique-juicy-dewy-tint-11-fig-plum-3-5-g-fioletowy-tint-do-ust\/\">Read more<span class=\"screen-reader-text\">Dasique Juicy Dewy Tint #11 Fig Plum 3.5 g &#8211; fioletowy tint do ust<\/span><\/a><\/p>\n","protected":false},"featured_media":607921,"comment_status":"open","ping_status":"closed","template":"","meta":{"_links_to":"","_links_to_target":""},"yoast_head":"<!-- This site is optimized with the Yoast SEO plugin v19.4 - https:\/\/yoast.com\/wordpress\/plugins\/seo\/ -->\n<title>Dasique Juicy Dewy Tint #11 Fig Plum 3.5 g - fioletowy tint do ust - Selleetools.com<\/title>\n<meta name=\"robots\" content=\"index, follow, max-snippet:-1, max-image-preview:large, max-video-preview:-1\" \/>\n<link rel=\"canonical\" href=\"https:\/\/admincentral.selleetools.com\/pl\/product\/dasique-juicy-dewy-tint-11-fig-plum-3-5-g-fioletowy-tint-do-ust\/\" \/>\n<meta property=\"og:locale\" content=\"pl_PL\" \/>\n<meta property=\"og:type\" content=\"article\" \/>\n<meta property=\"og:title\" content=\"Dasique Juicy Dewy Tint #11 Fig Plum 3.5 g - fioletowy tint do ust - Selleetools.com\" \/>\n<meta property=\"og:description\" content=\"Dasique Juicy Dewy Tint #11 Fig Plum to b\u0142yszcz\u0105cy tint do ust w g\u0142\u0119bokim, figowo-\u015bliwkowym odcieniu, kt\u00f3ry \u0142\u0105czy intensywny kolor z piel\u0119gnuj\u0105c\u0105 formu\u0142\u0105. Zapewnia efekt pe\u0142nych, nawil\u017conych ust oraz komfort przez wiele godzin \u2013 bez uczucia lepko\u015bci. Korzy\u015bci ze stosowania: Usta staj\u0105 si\u0119 mi\u0119kkie i optycznie pe\u0142niejsze D\u0142ugotrwa\u0142y kolor o l\u015bni\u0105cym wyko\u0144czeniu Formu\u0142a na bazie ... Read moreDasique Juicy Dewy Tint #11 Fig Plum 3.5 g &#8211; fioletowy tint do ust\" \/>\n<meta property=\"og:url\" content=\"https:\/\/admincentral.selleetools.com\/pl\/product\/dasique-juicy-dewy-tint-11-fig-plum-3-5-g-fioletowy-tint-do-ust\/\" \/>\n<meta property=\"og:site_name\" content=\"Selleetools.com\" \/>\n<meta property=\"article:modified_time\" content=\"2025-11-04T20:38:57+00:00\" \/>\n<meta property=\"og:image\" content=\"https:\/\/selleetools.com\/wp-content\/uploads\/2025\/10\/2852aea95122a98c3b12528391b0ed25.png\" \/>\n\t<meta property=\"og:image:width\" content=\"1080\" \/>\n\t<meta property=\"og:image:height\" content=\"1080\" \/>\n\t<meta property=\"og:image:type\" content=\"image\/png\" \/>\n<meta name=\"twitter:card\" content=\"summary_large_image\" \/>\n<meta name=\"twitter:label1\" content=\"Est. reading time\" \/>\n\t<meta name=\"twitter:data1\" content=\"1 minuta\" \/>\n<!-- \/ Yoast SEO plugin. -->","yoast_head_json":{"title":"Dasique Juicy Dewy Tint #11 Fig Plum 3.5 g - fioletowy tint do ust - Selleetools.com","robots":{"index":"index","follow":"follow","max-snippet":"max-snippet:-1","max-image-preview":"max-image-preview:large","max-video-preview":"max-video-preview:-1"},"canonical":"https:\/\/admincentral.selleetools.com\/pl\/product\/dasique-juicy-dewy-tint-11-fig-plum-3-5-g-fioletowy-tint-do-ust\/","og_locale":"pl_PL","og_type":"article","og_title":"Dasique Juicy Dewy Tint #11 Fig Plum 3.5 g - fioletowy tint do ust - Selleetools.com","og_description":"Dasique Juicy Dewy Tint #11 Fig Plum to b\u0142yszcz\u0105cy tint do ust w g\u0142\u0119bokim, figowo-\u015bliwkowym odcieniu, kt\u00f3ry \u0142\u0105czy intensywny kolor z piel\u0119gnuj\u0105c\u0105 formu\u0142\u0105. Zapewnia efekt pe\u0142nych, nawil\u017conych ust oraz komfort przez wiele godzin \u2013 bez uczucia lepko\u015bci. Korzy\u015bci ze stosowania: Usta staj\u0105 si\u0119 mi\u0119kkie i optycznie pe\u0142niejsze D\u0142ugotrwa\u0142y kolor o l\u015bni\u0105cym wyko\u0144czeniu Formu\u0142a na bazie ... Read moreDasique Juicy Dewy Tint #11 Fig Plum 3.5 g &#8211; fioletowy tint do ust","og_url":"https:\/\/admincentral.selleetools.com\/pl\/product\/dasique-juicy-dewy-tint-11-fig-plum-3-5-g-fioletowy-tint-do-ust\/","og_site_name":"Selleetools.com","article_modified_time":"2025-11-04T20:38:57+00:00","og_image":[{"width":1080,"height":1080,"url":"https:\/\/selleetools.com\/wp-content\/uploads\/2025\/10\/2852aea95122a98c3b12528391b0ed25.png","type":"image\/png"}],"twitter_card":"summary_large_image","twitter_misc":{"Est. reading time":"1 minuta"},"schema":{"@context":"https:\/\/schema.org","@graph":[{"@type":"Organization","@id":"https:\/\/selleetools.com\/#organization","name":"Selleetools","url":"https:\/\/selleetools.com\/","sameAs":[],"logo":{"@type":"ImageObject","inLanguage":"pl-PL","@id":"https:\/\/selleetools.com\/#\/schema\/logo\/image\/","url":"https:\/\/selleetools.com\/wp-content\/uploads\/2021\/10\/logo-dark.png","contentUrl":"https:\/\/selleetools.com\/wp-content\/uploads\/2021\/10\/logo-dark.png","width":320,"height":76,"caption":"Selleetools"},"image":{"@id":"https:\/\/selleetools.com\/#\/schema\/logo\/image\/"}},{"@type":"WebSite","@id":"https:\/\/selleetools.com\/#website","url":"https:\/\/selleetools.com\/","name":"Selleetools.com","description":"","publisher":{"@id":"https:\/\/selleetools.com\/#organization"},"potentialAction":[{"@type":"SearchAction","target":{"@type":"EntryPoint","urlTemplate":"https:\/\/selleetools.com\/?s={search_term_string}"},"query-input":"required name=search_term_string"}],"inLanguage":"pl-PL"},{"@type":"WebPage","@id":"https:\/\/admincentral.selleetools.com\/pl\/product\/dasique-juicy-dewy-tint-11-fig-plum-3-5-g-fioletowy-tint-do-ust\/","url":"https:\/\/admincentral.selleetools.com\/pl\/product\/dasique-juicy-dewy-tint-11-fig-plum-3-5-g-fioletowy-tint-do-ust\/","name":"Dasique Juicy Dewy Tint #11 Fig Plum 3.5 g - fioletowy tint do ust - Selleetools.com","isPartOf":{"@id":"https:\/\/selleetools.com\/#website"},"datePublished":"2025-10-24T12:11:21+00:00","dateModified":"2025-11-04T20:38:57+00:00","breadcrumb":{"@id":"https:\/\/admincentral.selleetools.com\/pl\/product\/dasique-juicy-dewy-tint-11-fig-plum-3-5-g-fioletowy-tint-do-ust\/#breadcrumb"},"inLanguage":"pl-PL","potentialAction":[{"@type":"ReadAction","target":["https:\/\/admincentral.selleetools.com\/pl\/product\/dasique-juicy-dewy-tint-11-fig-plum-3-5-g-fioletowy-tint-do-ust\/"]}]},{"@type":"BreadcrumbList","@id":"https:\/\/admincentral.selleetools.com\/pl\/product\/dasique-juicy-dewy-tint-11-fig-plum-3-5-g-fioletowy-tint-do-ust\/#breadcrumb","itemListElement":[{"@type":"ListItem","position":1,"name":"Home","item":"https:\/\/selleetools.com\/pl\/"},{"@type":"ListItem","position":2,"name":"Katalog","item":"https:\/\/selleetools.com\/pl\/katalog\/"},{"@type":"ListItem","position":3,"name":"Dasique Juicy Dewy Tint #11 Fig Plum 3.5 g &#8211; fioletowy tint do ust"}]}]}},"_links":{"self":[{"href":"https:\/\/admincentral.selleetools.com\/pl\/wp-json\/wp\/v2\/product\/607923"}],"collection":[{"href":"https:\/\/admincentral.selleetools.com\/pl\/wp-json\/wp\/v2\/product"}],"about":[{"href":"https:\/\/admincentral.selleetools.com\/pl\/wp-json\/wp\/v2\/types\/product"}],"replies":[{"embeddable":true,"href":"https:\/\/admincentral.selleetools.com\/pl\/wp-json\/wp\/v2\/comments?post=607923"}],"wp:featuredmedia":[{"embeddable":true,"href":"https:\/\/admincentral.selleetools.com\/pl\/wp-json\/wp\/v2\/media\/607921"}],"wp:attachment":[{"href":"https:\/\/admincentral.selleetools.com\/pl\/wp-json\/wp\/v2\/media?parent=607923"}],"curies":[{"name":"wp","href":"https:\/\/api.w.org\/{rel}","templated":true}]}}