{"id":607941,"date":"2025-10-24T14:11:38","date_gmt":"2025-10-24T12:11:38","guid":{"rendered":"https:\/\/selleetools.com\/?post_type=product&#038;p=607941"},"modified":"2026-02-25T19:12:10","modified_gmt":"2026-02-25T18:12:10","slug":"dasique-melting-candy-balm-10-cranberry-whip-1-5-g-zurawinowo-rozowy-balsam-do-ust","status":"publish","type":"product","link":"https:\/\/admincentral.selleetools.com\/pl\/product\/dasique-melting-candy-balm-10-cranberry-whip-1-5-g-zurawinowo-rozowy-balsam-do-ust\/","title":{"rendered":"Dasique Melting Candy Balm #10 Cranberry Whip 1.5 g &#8211; \u017curawinowo r\u00f3\u017cowy balsam do ust"},"content":{"rendered":"<p>Dasique Melting Candy Balm #10 Cranberry Whip to nawil\u017caj\u0105cy balsam do ust o soczystym, \u017curawinowo-r\u00f3\u017cowym odcieniu, kt\u00f3ry nadaje ustom subtelny kolor i efekt mokrego blasku. Dzi\u0119ki kremowej, topniej\u0105cej konsystencji, balsam g\u0142adko rozprowadza si\u0119 na wargach, zapewniaj\u0105c komfort przez ca\u0142y dzie\u0144.<\/p>\n<p>Korzy\u015bci ze stosowania:<br \/>\nNawil\u017ca i chroni usta przed przesuszeniem<br \/>\nNadaje naturalny kolor i b\u0142yszcz\u0105ce wyko\u0144czenie<br \/>\nWyg\u0142adza i zmi\u0119kcza spierzchni\u0119t\u0105 sk\u00f3r\u0119 ust<br \/>\nZawiera kompleks owocowych ekstrakt\u00f3w (m.in. \u017curawina, jagody, malina, bor\u00f3wka), kt\u00f3re wspomagaj\u0105 piel\u0119gnacj\u0119 i od\u017cywienie ust<br \/>\nWzbogacony o olej arganowy i jojoba dla g\u0142\u0119bokiego od\u017cywienia<\/p>\n<p>Spos\u00f3b u\u017cycia:<br \/>\nNak\u0142adaj bezpo\u015brednio na usta jako codzienny balsam koloryzuj\u0105cy lub jako ostatni krok makija\u017cu ust. Mo\u017cesz reaplikowa\u0107 w ci\u0105gu dnia w zale\u017cno\u015bci od potrzeb.<\/p>\n","protected":false},"excerpt":{"rendered":"<p>Dasique Melting Candy Balm #10 Cranberry Whip to nawil\u017caj\u0105cy balsam do ust o soczystym, \u017curawinowo-r\u00f3\u017cowym odcieniu, kt\u00f3ry nadaje ustom subtelny kolor i efekt mokrego blasku. Dzi\u0119ki kremowej, topniej\u0105cej konsystencji, balsam g\u0142adko rozprowadza si\u0119 na wargach, zapewniaj\u0105c komfort przez ca\u0142y dzie\u0144. Korzy\u015bci ze stosowania: Nawil\u017ca i chroni usta przed przesuszeniem Nadaje naturalny kolor i b\u0142yszcz\u0105ce wyko\u0144czenie &#8230; <a title=\"Dasique Melting Candy Balm #10 Cranberry Whip 1.5 g &#8211; \u017curawinowo r\u00f3\u017cowy balsam do ust\" class=\"read-more\" href=\"https:\/\/admincentral.selleetools.com\/pl\/product\/dasique-melting-candy-balm-10-cranberry-whip-1-5-g-zurawinowo-rozowy-balsam-do-ust\/\">Read more<span class=\"screen-reader-text\">Dasique Melting Candy Balm #10 Cranberry Whip 1.5 g &#8211; \u017curawinowo r\u00f3\u017cowy balsam do ust<\/span><\/a><\/p>\n","protected":false},"featured_media":607939,"comment_status":"open","ping_status":"closed","template":"","meta":{"_links_to":"","_links_to_target":""},"yoast_head":"<!-- This site is optimized with the Yoast SEO plugin v19.4 - https:\/\/yoast.com\/wordpress\/plugins\/seo\/ -->\n<title>Dasique Melting Candy Balm #10 Cranberry Whip 1.5 g - \u017curawinowo r\u00f3\u017cowy balsam do ust - Selleetools.com<\/title>\n<meta name=\"robots\" content=\"index, follow, max-snippet:-1, max-image-preview:large, max-video-preview:-1\" \/>\n<link rel=\"canonical\" href=\"https:\/\/selleetools.com\/product\/dasique-melting-candy-balm-10-cranberry-whip-1-5-g-zurawinowo-rozowy-balsam-do-ust\/\" \/>\n<meta property=\"og:locale\" content=\"pl_PL\" \/>\n<meta property=\"og:type\" content=\"article\" \/>\n<meta property=\"og:title\" content=\"Dasique Melting Candy Balm #10 Cranberry Whip 1.5 g - \u017curawinowo r\u00f3\u017cowy balsam do ust - Selleetools.com\" \/>\n<meta property=\"og:description\" content=\"Dasique Melting Candy Balm #10 Cranberry Whip to nawil\u017caj\u0105cy balsam do ust o soczystym, \u017curawinowo-r\u00f3\u017cowym odcieniu, kt\u00f3ry nadaje ustom subtelny kolor i efekt mokrego blasku. Dzi\u0119ki kremowej, topniej\u0105cej konsystencji, balsam g\u0142adko rozprowadza si\u0119 na wargach, zapewniaj\u0105c komfort przez ca\u0142y dzie\u0144. Korzy\u015bci ze stosowania: Nawil\u017ca i chroni usta przed przesuszeniem Nadaje naturalny kolor i b\u0142yszcz\u0105ce wyko\u0144czenie ... Read moreDasique Melting Candy Balm #10 Cranberry Whip 1.5 g &#8211; \u017curawinowo r\u00f3\u017cowy balsam do ust\" \/>\n<meta property=\"og:url\" content=\"https:\/\/selleetools.com\/product\/dasique-melting-candy-balm-10-cranberry-whip-1-5-g-zurawinowo-rozowy-balsam-do-ust\/\" \/>\n<meta property=\"og:site_name\" content=\"Selleetools.com\" \/>\n<meta property=\"article:modified_time\" content=\"2026-02-25T18:12:10+00:00\" \/>\n<meta property=\"og:image\" content=\"https:\/\/selleetools.com\/wp-content\/uploads\/2025\/10\/6f97675bba7cc1a21bad91bf5ec74fe2.png\" \/>\n\t<meta property=\"og:image:width\" content=\"1080\" \/>\n\t<meta property=\"og:image:height\" content=\"1080\" \/>\n\t<meta property=\"og:image:type\" content=\"image\/png\" \/>\n<meta name=\"twitter:card\" content=\"summary_large_image\" \/>\n<meta name=\"twitter:label1\" content=\"Est. reading time\" \/>\n\t<meta name=\"twitter:data1\" content=\"1 minuta\" \/>\n<!-- \/ Yoast SEO plugin. -->","yoast_head_json":{"title":"Dasique Melting Candy Balm #10 Cranberry Whip 1.5 g - \u017curawinowo r\u00f3\u017cowy balsam do ust - Selleetools.com","robots":{"index":"index","follow":"follow","max-snippet":"max-snippet:-1","max-image-preview":"max-image-preview:large","max-video-preview":"max-video-preview:-1"},"canonical":"https:\/\/selleetools.com\/product\/dasique-melting-candy-balm-10-cranberry-whip-1-5-g-zurawinowo-rozowy-balsam-do-ust\/","og_locale":"pl_PL","og_type":"article","og_title":"Dasique Melting Candy Balm #10 Cranberry Whip 1.5 g - \u017curawinowo r\u00f3\u017cowy balsam do ust - Selleetools.com","og_description":"Dasique Melting Candy Balm #10 Cranberry Whip to nawil\u017caj\u0105cy balsam do ust o soczystym, \u017curawinowo-r\u00f3\u017cowym odcieniu, kt\u00f3ry nadaje ustom subtelny kolor i efekt mokrego blasku. Dzi\u0119ki kremowej, topniej\u0105cej konsystencji, balsam g\u0142adko rozprowadza si\u0119 na wargach, zapewniaj\u0105c komfort przez ca\u0142y dzie\u0144. Korzy\u015bci ze stosowania: Nawil\u017ca i chroni usta przed przesuszeniem Nadaje naturalny kolor i b\u0142yszcz\u0105ce wyko\u0144czenie ... Read moreDasique Melting Candy Balm #10 Cranberry Whip 1.5 g &#8211; \u017curawinowo r\u00f3\u017cowy balsam do ust","og_url":"https:\/\/selleetools.com\/product\/dasique-melting-candy-balm-10-cranberry-whip-1-5-g-zurawinowo-rozowy-balsam-do-ust\/","og_site_name":"Selleetools.com","article_modified_time":"2026-02-25T18:12:10+00:00","og_image":[{"width":1080,"height":1080,"url":"https:\/\/selleetools.com\/wp-content\/uploads\/2025\/10\/6f97675bba7cc1a21bad91bf5ec74fe2.png","type":"image\/png"}],"twitter_card":"summary_large_image","twitter_misc":{"Est. reading time":"1 minuta"},"schema":{"@context":"https:\/\/schema.org","@graph":[{"@type":"Organization","@id":"https:\/\/selleetools.com\/#organization","name":"Selleetools","url":"https:\/\/selleetools.com\/","sameAs":[],"logo":{"@type":"ImageObject","inLanguage":"pl-PL","@id":"https:\/\/selleetools.com\/#\/schema\/logo\/image\/","url":"https:\/\/selleetools.com\/wp-content\/uploads\/2021\/10\/logo-dark.png","contentUrl":"https:\/\/selleetools.com\/wp-content\/uploads\/2021\/10\/logo-dark.png","width":320,"height":76,"caption":"Selleetools"},"image":{"@id":"https:\/\/selleetools.com\/#\/schema\/logo\/image\/"}},{"@type":"WebSite","@id":"https:\/\/selleetools.com\/#website","url":"https:\/\/selleetools.com\/","name":"Selleetools.com","description":"","publisher":{"@id":"https:\/\/selleetools.com\/#organization"},"potentialAction":[{"@type":"SearchAction","target":{"@type":"EntryPoint","urlTemplate":"https:\/\/selleetools.com\/?s={search_term_string}"},"query-input":"required name=search_term_string"}],"inLanguage":"pl-PL"},{"@type":"WebPage","@id":"https:\/\/selleetools.com\/product\/dasique-melting-candy-balm-10-cranberry-whip-1-5-g-zurawinowo-rozowy-balsam-do-ust\/","url":"https:\/\/selleetools.com\/product\/dasique-melting-candy-balm-10-cranberry-whip-1-5-g-zurawinowo-rozowy-balsam-do-ust\/","name":"Dasique Melting Candy Balm #10 Cranberry Whip 1.5 g - \u017curawinowo r\u00f3\u017cowy balsam do ust - Selleetools.com","isPartOf":{"@id":"https:\/\/selleetools.com\/#website"},"datePublished":"2025-10-24T12:11:38+00:00","dateModified":"2026-02-25T18:12:10+00:00","breadcrumb":{"@id":"https:\/\/selleetools.com\/product\/dasique-melting-candy-balm-10-cranberry-whip-1-5-g-zurawinowo-rozowy-balsam-do-ust\/#breadcrumb"},"inLanguage":"pl-PL","potentialAction":[{"@type":"ReadAction","target":["https:\/\/selleetools.com\/product\/dasique-melting-candy-balm-10-cranberry-whip-1-5-g-zurawinowo-rozowy-balsam-do-ust\/"]}]},{"@type":"BreadcrumbList","@id":"https:\/\/selleetools.com\/product\/dasique-melting-candy-balm-10-cranberry-whip-1-5-g-zurawinowo-rozowy-balsam-do-ust\/#breadcrumb","itemListElement":[{"@type":"ListItem","position":1,"name":"Home","item":"https:\/\/selleetools.com\/pl\/"},{"@type":"ListItem","position":2,"name":"Katalog","item":"https:\/\/selleetools.com\/pl\/katalog\/"},{"@type":"ListItem","position":3,"name":"Dasique Melting Candy Balm #10 Cranberry Whip 1.5 g &#8211; \u017curawinowo r\u00f3\u017cowy balsam do ust"}]}]}},"_links":{"self":[{"href":"https:\/\/admincentral.selleetools.com\/pl\/wp-json\/wp\/v2\/product\/607941"}],"collection":[{"href":"https:\/\/admincentral.selleetools.com\/pl\/wp-json\/wp\/v2\/product"}],"about":[{"href":"https:\/\/admincentral.selleetools.com\/pl\/wp-json\/wp\/v2\/types\/product"}],"replies":[{"embeddable":true,"href":"https:\/\/admincentral.selleetools.com\/pl\/wp-json\/wp\/v2\/comments?post=607941"}],"wp:featuredmedia":[{"embeddable":true,"href":"https:\/\/admincentral.selleetools.com\/pl\/wp-json\/wp\/v2\/media\/607939"}],"wp:attachment":[{"href":"https:\/\/admincentral.selleetools.com\/pl\/wp-json\/wp\/v2\/media?parent=607941"}],"curies":[{"name":"wp","href":"https:\/\/api.w.org\/{rel}","templated":true}]}}