{"id":607947,"date":"2025-10-24T14:11:43","date_gmt":"2025-10-24T12:11:43","guid":{"rendered":"https:\/\/selleetools.com\/?post_type=product&#038;p=607947"},"modified":"2025-11-04T21:21:09","modified_gmt":"2025-11-04T20:21:09","slug":"cosnori-long-active-eyelash-serum-9-g-wzmacniajace-serum-do-rzes","status":"publish","type":"product","link":"https:\/\/admincentral.selleetools.com\/pl\/product\/cosnori-long-active-eyelash-serum-9-g-wzmacniajace-serum-do-rzes\/","title":{"rendered":"Cosnori Long Active Eyelash Serum 9 g &#8211; wzmacniaj\u0105ce serum do rz\u0119s"},"content":{"rendered":"<p>Cosnori Long Active Eyelash Serum to intensywnie wzmacniaj\u0105ce serum do rz\u0119s, kt\u00f3re piel\u0119gnuje i od\u017cywia w\u0142oski u nasady, wspomagaj\u0105c ich wzrost, pogrubienie i elastyczno\u015b\u0107. Dzi\u0119ki lekkiej, nieklej\u0105cej formule, serum doskonale sprawdza si\u0119 w codziennej piel\u0119gnacji, tak\u017ce przy wra\u017cliwych oczach.<\/p>\n<p>Korzy\u015bci ze stosowania:<br \/>\nWzmacnia i zag\u0119szcza rz\u0119sy u nasady<br \/>\nNawil\u017ca i zapobiega \u0142amaniu si\u0119 w\u0142osk\u00f3w<br \/>\nWspiera naturalny wzrost rz\u0119s<br \/>\nOgranicza ich wypadanie i poprawia og\u00f3ln\u0105 kondycj\u0119<\/p>\n<p>Spos\u00f3b u\u017cycia:<br \/>\nNa\u0142\u00f3\u017c serum za pomoc\u0105 aplikatora na czyste, suche rz\u0119sy \u2013 u nasady i na d\u0142ugo\u015bci. Stosuj codziennie rano i wieczorem. Pozostaw do wch\u0142oni\u0119cia, nie sp\u0142ukuj.<\/p>\n","protected":false},"excerpt":{"rendered":"<p>Cosnori Long Active Eyelash Serum to intensywnie wzmacniaj\u0105ce serum do rz\u0119s, kt\u00f3re piel\u0119gnuje i od\u017cywia w\u0142oski u nasady, wspomagaj\u0105c ich wzrost, pogrubienie i elastyczno\u015b\u0107. Dzi\u0119ki lekkiej, nieklej\u0105cej formule, serum doskonale sprawdza si\u0119 w codziennej piel\u0119gnacji, tak\u017ce przy wra\u017cliwych oczach. Korzy\u015bci ze stosowania: Wzmacnia i zag\u0119szcza rz\u0119sy u nasady Nawil\u017ca i zapobiega \u0142amaniu si\u0119 w\u0142osk\u00f3w Wspiera &#8230; <a title=\"Cosnori Long Active Eyelash Serum 9 g &#8211; wzmacniaj\u0105ce serum do rz\u0119s\" class=\"read-more\" href=\"https:\/\/admincentral.selleetools.com\/pl\/product\/cosnori-long-active-eyelash-serum-9-g-wzmacniajace-serum-do-rzes\/\">Read more<span class=\"screen-reader-text\">Cosnori Long Active Eyelash Serum 9 g &#8211; wzmacniaj\u0105ce serum do rz\u0119s<\/span><\/a><\/p>\n","protected":false},"featured_media":607945,"comment_status":"open","ping_status":"closed","template":"","meta":{"_links_to":"","_links_to_target":""},"yoast_head":"<!-- This site is optimized with the Yoast SEO plugin v19.4 - https:\/\/yoast.com\/wordpress\/plugins\/seo\/ -->\n<title>Cosnori Long Active Eyelash Serum 9 g - wzmacniaj\u0105ce serum do rz\u0119s - Selleetools.com<\/title>\n<meta name=\"robots\" content=\"index, follow, max-snippet:-1, max-image-preview:large, max-video-preview:-1\" \/>\n<link rel=\"canonical\" href=\"https:\/\/admincentral.selleetools.com\/pl\/product\/cosnori-long-active-eyelash-serum-9-g-wzmacniajace-serum-do-rzes\/\" \/>\n<meta property=\"og:locale\" content=\"pl_PL\" \/>\n<meta property=\"og:type\" content=\"article\" \/>\n<meta property=\"og:title\" content=\"Cosnori Long Active Eyelash Serum 9 g - wzmacniaj\u0105ce serum do rz\u0119s - Selleetools.com\" \/>\n<meta property=\"og:description\" content=\"Cosnori Long Active Eyelash Serum to intensywnie wzmacniaj\u0105ce serum do rz\u0119s, kt\u00f3re piel\u0119gnuje i od\u017cywia w\u0142oski u nasady, wspomagaj\u0105c ich wzrost, pogrubienie i elastyczno\u015b\u0107. Dzi\u0119ki lekkiej, nieklej\u0105cej formule, serum doskonale sprawdza si\u0119 w codziennej piel\u0119gnacji, tak\u017ce przy wra\u017cliwych oczach. Korzy\u015bci ze stosowania: Wzmacnia i zag\u0119szcza rz\u0119sy u nasady Nawil\u017ca i zapobiega \u0142amaniu si\u0119 w\u0142osk\u00f3w Wspiera ... Read moreCosnori Long Active Eyelash Serum 9 g &#8211; wzmacniaj\u0105ce serum do rz\u0119s\" \/>\n<meta property=\"og:url\" content=\"https:\/\/admincentral.selleetools.com\/pl\/product\/cosnori-long-active-eyelash-serum-9-g-wzmacniajace-serum-do-rzes\/\" \/>\n<meta property=\"og:site_name\" content=\"Selleetools.com\" \/>\n<meta property=\"article:modified_time\" content=\"2025-11-04T20:21:09+00:00\" \/>\n<meta property=\"og:image\" content=\"https:\/\/selleetools.com\/wp-content\/uploads\/2025\/10\/7003df613b18c56f712ca6413fe44495.png\" \/>\n\t<meta property=\"og:image:width\" content=\"1080\" \/>\n\t<meta property=\"og:image:height\" content=\"1080\" \/>\n\t<meta property=\"og:image:type\" content=\"image\/png\" \/>\n<meta name=\"twitter:card\" content=\"summary_large_image\" \/>\n<meta name=\"twitter:label1\" content=\"Est. reading time\" \/>\n\t<meta name=\"twitter:data1\" content=\"1 minuta\" \/>\n<!-- \/ Yoast SEO plugin. -->","yoast_head_json":{"title":"Cosnori Long Active Eyelash Serum 9 g - wzmacniaj\u0105ce serum do rz\u0119s - Selleetools.com","robots":{"index":"index","follow":"follow","max-snippet":"max-snippet:-1","max-image-preview":"max-image-preview:large","max-video-preview":"max-video-preview:-1"},"canonical":"https:\/\/admincentral.selleetools.com\/pl\/product\/cosnori-long-active-eyelash-serum-9-g-wzmacniajace-serum-do-rzes\/","og_locale":"pl_PL","og_type":"article","og_title":"Cosnori Long Active Eyelash Serum 9 g - wzmacniaj\u0105ce serum do rz\u0119s - Selleetools.com","og_description":"Cosnori Long Active Eyelash Serum to intensywnie wzmacniaj\u0105ce serum do rz\u0119s, kt\u00f3re piel\u0119gnuje i od\u017cywia w\u0142oski u nasady, wspomagaj\u0105c ich wzrost, pogrubienie i elastyczno\u015b\u0107. Dzi\u0119ki lekkiej, nieklej\u0105cej formule, serum doskonale sprawdza si\u0119 w codziennej piel\u0119gnacji, tak\u017ce przy wra\u017cliwych oczach. Korzy\u015bci ze stosowania: Wzmacnia i zag\u0119szcza rz\u0119sy u nasady Nawil\u017ca i zapobiega \u0142amaniu si\u0119 w\u0142osk\u00f3w Wspiera ... Read moreCosnori Long Active Eyelash Serum 9 g &#8211; wzmacniaj\u0105ce serum do rz\u0119s","og_url":"https:\/\/admincentral.selleetools.com\/pl\/product\/cosnori-long-active-eyelash-serum-9-g-wzmacniajace-serum-do-rzes\/","og_site_name":"Selleetools.com","article_modified_time":"2025-11-04T20:21:09+00:00","og_image":[{"width":1080,"height":1080,"url":"https:\/\/selleetools.com\/wp-content\/uploads\/2025\/10\/7003df613b18c56f712ca6413fe44495.png","type":"image\/png"}],"twitter_card":"summary_large_image","twitter_misc":{"Est. reading time":"1 minuta"},"schema":{"@context":"https:\/\/schema.org","@graph":[{"@type":"Organization","@id":"https:\/\/selleetools.com\/#organization","name":"Selleetools","url":"https:\/\/selleetools.com\/","sameAs":[],"logo":{"@type":"ImageObject","inLanguage":"pl-PL","@id":"https:\/\/selleetools.com\/#\/schema\/logo\/image\/","url":"https:\/\/selleetools.com\/wp-content\/uploads\/2021\/10\/logo-dark.png","contentUrl":"https:\/\/selleetools.com\/wp-content\/uploads\/2021\/10\/logo-dark.png","width":320,"height":76,"caption":"Selleetools"},"image":{"@id":"https:\/\/selleetools.com\/#\/schema\/logo\/image\/"}},{"@type":"WebSite","@id":"https:\/\/selleetools.com\/#website","url":"https:\/\/selleetools.com\/","name":"Selleetools.com","description":"","publisher":{"@id":"https:\/\/selleetools.com\/#organization"},"potentialAction":[{"@type":"SearchAction","target":{"@type":"EntryPoint","urlTemplate":"https:\/\/selleetools.com\/?s={search_term_string}"},"query-input":"required name=search_term_string"}],"inLanguage":"pl-PL"},{"@type":"WebPage","@id":"https:\/\/admincentral.selleetools.com\/pl\/product\/cosnori-long-active-eyelash-serum-9-g-wzmacniajace-serum-do-rzes\/","url":"https:\/\/admincentral.selleetools.com\/pl\/product\/cosnori-long-active-eyelash-serum-9-g-wzmacniajace-serum-do-rzes\/","name":"Cosnori Long Active Eyelash Serum 9 g - wzmacniaj\u0105ce serum do rz\u0119s - Selleetools.com","isPartOf":{"@id":"https:\/\/selleetools.com\/#website"},"datePublished":"2025-10-24T12:11:43+00:00","dateModified":"2025-11-04T20:21:09+00:00","breadcrumb":{"@id":"https:\/\/admincentral.selleetools.com\/pl\/product\/cosnori-long-active-eyelash-serum-9-g-wzmacniajace-serum-do-rzes\/#breadcrumb"},"inLanguage":"pl-PL","potentialAction":[{"@type":"ReadAction","target":["https:\/\/admincentral.selleetools.com\/pl\/product\/cosnori-long-active-eyelash-serum-9-g-wzmacniajace-serum-do-rzes\/"]}]},{"@type":"BreadcrumbList","@id":"https:\/\/admincentral.selleetools.com\/pl\/product\/cosnori-long-active-eyelash-serum-9-g-wzmacniajace-serum-do-rzes\/#breadcrumb","itemListElement":[{"@type":"ListItem","position":1,"name":"Home","item":"https:\/\/selleetools.com\/pl\/"},{"@type":"ListItem","position":2,"name":"Katalog","item":"https:\/\/selleetools.com\/pl\/katalog\/"},{"@type":"ListItem","position":3,"name":"Cosnori Long Active Eyelash Serum 9 g &#8211; wzmacniaj\u0105ce serum do rz\u0119s"}]}]}},"_links":{"self":[{"href":"https:\/\/admincentral.selleetools.com\/pl\/wp-json\/wp\/v2\/product\/607947"}],"collection":[{"href":"https:\/\/admincentral.selleetools.com\/pl\/wp-json\/wp\/v2\/product"}],"about":[{"href":"https:\/\/admincentral.selleetools.com\/pl\/wp-json\/wp\/v2\/types\/product"}],"replies":[{"embeddable":true,"href":"https:\/\/admincentral.selleetools.com\/pl\/wp-json\/wp\/v2\/comments?post=607947"}],"wp:featuredmedia":[{"embeddable":true,"href":"https:\/\/admincentral.selleetools.com\/pl\/wp-json\/wp\/v2\/media\/607945"}],"wp:attachment":[{"href":"https:\/\/admincentral.selleetools.com\/pl\/wp-json\/wp\/v2\/media?parent=607947"}],"curies":[{"name":"wp","href":"https:\/\/api.w.org\/{rel}","templated":true}]}}