{"id":607962,"date":"2025-10-24T14:11:57","date_gmt":"2025-10-24T12:11:57","guid":{"rendered":"https:\/\/selleetools.com\/?post_type=product&#038;p=607962"},"modified":"2025-11-04T21:40:42","modified_gmt":"2025-11-04T20:40:42","slug":"dasique-souffle-color-pot-09-haze-rosy-6-5-g-balsam-do-ust-i-policzkow-rozowy","status":"publish","type":"product","link":"https:\/\/admincentral.selleetools.com\/pl\/product\/dasique-souffle-color-pot-09-haze-rosy-6-5-g-balsam-do-ust-i-policzkow-rozowy\/","title":{"rendered":"Dasique Souffle Color Pot #09 Haze Rosy 6.5 g &#8211; balsam do ust i policzk\u00f3w r\u00f3\u017cowy"},"content":{"rendered":"<p>Dasique Souffle Color Pot #09 Haze Rosy to wielofunkcyjny balsam o puszystej, kremowej konsystencji, kt\u00f3ry delikatnie podkre\u015bla usta i policzki naturalnym r\u00f3\u017cowym kolorem. Dzi\u0119ki mi\u0119kkiej formule \u0142atwo si\u0119 rozprowadza, wtapiaj\u0105c si\u0119 w sk\u00f3r\u0119 bez smug i nieestetycznych przej\u015b\u0107.<\/p>\n<p>Korzy\u015bci ze stosowania:<br \/>\nPodkre\u015bla usta i policzki jednym produktem<br \/>\nZapewnia aksamitne, matowo-satynowe wyko\u0144czenie<br \/>\nWyg\u0142adza i zmi\u0119kcza sk\u00f3r\u0119 dzi\u0119ki obecno\u015bci sk\u0142adnik\u00f3w piel\u0119gnuj\u0105cych<br \/>\nLekka formu\u0142a nie zatyka por\u00f3w i nie obci\u0105\u017ca sk\u00f3ry<br \/>\nIdealny do szybkiego, \u015bwie\u017cego makija\u017cu bez p\u0119dzli<\/p>\n<p>Spos\u00f3b u\u017cycia:<br \/>\nNabierz niewielk\u0105 ilo\u015b\u0107 produktu palcem lub g\u0105beczk\u0105 i wklep delikatnie w usta lub policzki. Rozblenduj do uzyskania po\u017c\u0105danego efektu. Mo\u017cesz nak\u0142ada\u0107 warstwowo dla intensywniejszego koloru.<\/p>\n","protected":false},"excerpt":{"rendered":"<p>Dasique Souffle Color Pot #09 Haze Rosy to wielofunkcyjny balsam o puszystej, kremowej konsystencji, kt\u00f3ry delikatnie podkre\u015bla usta i policzki naturalnym r\u00f3\u017cowym kolorem. Dzi\u0119ki mi\u0119kkiej formule \u0142atwo si\u0119 rozprowadza, wtapiaj\u0105c si\u0119 w sk\u00f3r\u0119 bez smug i nieestetycznych przej\u015b\u0107. Korzy\u015bci ze stosowania: Podkre\u015bla usta i policzki jednym produktem Zapewnia aksamitne, matowo-satynowe wyko\u0144czenie Wyg\u0142adza i zmi\u0119kcza sk\u00f3r\u0119 &#8230; <a title=\"Dasique Souffle Color Pot #09 Haze Rosy 6.5 g &#8211; balsam do ust i policzk\u00f3w r\u00f3\u017cowy\" class=\"read-more\" href=\"https:\/\/admincentral.selleetools.com\/pl\/product\/dasique-souffle-color-pot-09-haze-rosy-6-5-g-balsam-do-ust-i-policzkow-rozowy\/\">Read more<span class=\"screen-reader-text\">Dasique Souffle Color Pot #09 Haze Rosy 6.5 g &#8211; balsam do ust i policzk\u00f3w r\u00f3\u017cowy<\/span><\/a><\/p>\n","protected":false},"featured_media":607960,"comment_status":"open","ping_status":"closed","template":"","meta":{"_links_to":"","_links_to_target":""},"yoast_head":"<!-- This site is optimized with the Yoast SEO plugin v19.4 - https:\/\/yoast.com\/wordpress\/plugins\/seo\/ -->\n<title>Dasique Souffle Color Pot #09 Haze Rosy 6.5 g - balsam do ust i policzk\u00f3w r\u00f3\u017cowy - Selleetools.com<\/title>\n<meta name=\"robots\" content=\"index, follow, max-snippet:-1, max-image-preview:large, max-video-preview:-1\" \/>\n<link rel=\"canonical\" href=\"https:\/\/selleetools.com\/product\/dasique-souffle-color-pot-09-haze-rosy-6-5-g-balsam-do-ust-i-policzkow-rozowy\/\" \/>\n<meta property=\"og:locale\" content=\"pl_PL\" \/>\n<meta property=\"og:type\" content=\"article\" \/>\n<meta property=\"og:title\" content=\"Dasique Souffle Color Pot #09 Haze Rosy 6.5 g - balsam do ust i policzk\u00f3w r\u00f3\u017cowy - Selleetools.com\" \/>\n<meta property=\"og:description\" content=\"Dasique Souffle Color Pot #09 Haze Rosy to wielofunkcyjny balsam o puszystej, kremowej konsystencji, kt\u00f3ry delikatnie podkre\u015bla usta i policzki naturalnym r\u00f3\u017cowym kolorem. Dzi\u0119ki mi\u0119kkiej formule \u0142atwo si\u0119 rozprowadza, wtapiaj\u0105c si\u0119 w sk\u00f3r\u0119 bez smug i nieestetycznych przej\u015b\u0107. Korzy\u015bci ze stosowania: Podkre\u015bla usta i policzki jednym produktem Zapewnia aksamitne, matowo-satynowe wyko\u0144czenie Wyg\u0142adza i zmi\u0119kcza sk\u00f3r\u0119 ... Read moreDasique Souffle Color Pot #09 Haze Rosy 6.5 g &#8211; balsam do ust i policzk\u00f3w r\u00f3\u017cowy\" \/>\n<meta property=\"og:url\" content=\"https:\/\/selleetools.com\/product\/dasique-souffle-color-pot-09-haze-rosy-6-5-g-balsam-do-ust-i-policzkow-rozowy\/\" \/>\n<meta property=\"og:site_name\" content=\"Selleetools.com\" \/>\n<meta property=\"article:modified_time\" content=\"2025-11-04T20:40:42+00:00\" \/>\n<meta property=\"og:image\" content=\"https:\/\/selleetools.com\/wp-content\/uploads\/2025\/10\/ec5b0f1af07411da78d7d72cd4586f3e.png\" \/>\n\t<meta property=\"og:image:width\" content=\"1080\" \/>\n\t<meta property=\"og:image:height\" content=\"1080\" \/>\n\t<meta property=\"og:image:type\" content=\"image\/png\" \/>\n<meta name=\"twitter:card\" content=\"summary_large_image\" \/>\n<meta name=\"twitter:label1\" content=\"Est. reading time\" \/>\n\t<meta name=\"twitter:data1\" content=\"1 minuta\" \/>\n<!-- \/ Yoast SEO plugin. -->","yoast_head_json":{"title":"Dasique Souffle Color Pot #09 Haze Rosy 6.5 g - balsam do ust i policzk\u00f3w r\u00f3\u017cowy - Selleetools.com","robots":{"index":"index","follow":"follow","max-snippet":"max-snippet:-1","max-image-preview":"max-image-preview:large","max-video-preview":"max-video-preview:-1"},"canonical":"https:\/\/selleetools.com\/product\/dasique-souffle-color-pot-09-haze-rosy-6-5-g-balsam-do-ust-i-policzkow-rozowy\/","og_locale":"pl_PL","og_type":"article","og_title":"Dasique Souffle Color Pot #09 Haze Rosy 6.5 g - balsam do ust i policzk\u00f3w r\u00f3\u017cowy - Selleetools.com","og_description":"Dasique Souffle Color Pot #09 Haze Rosy to wielofunkcyjny balsam o puszystej, kremowej konsystencji, kt\u00f3ry delikatnie podkre\u015bla usta i policzki naturalnym r\u00f3\u017cowym kolorem. Dzi\u0119ki mi\u0119kkiej formule \u0142atwo si\u0119 rozprowadza, wtapiaj\u0105c si\u0119 w sk\u00f3r\u0119 bez smug i nieestetycznych przej\u015b\u0107. Korzy\u015bci ze stosowania: Podkre\u015bla usta i policzki jednym produktem Zapewnia aksamitne, matowo-satynowe wyko\u0144czenie Wyg\u0142adza i zmi\u0119kcza sk\u00f3r\u0119 ... Read moreDasique Souffle Color Pot #09 Haze Rosy 6.5 g &#8211; balsam do ust i policzk\u00f3w r\u00f3\u017cowy","og_url":"https:\/\/selleetools.com\/product\/dasique-souffle-color-pot-09-haze-rosy-6-5-g-balsam-do-ust-i-policzkow-rozowy\/","og_site_name":"Selleetools.com","article_modified_time":"2025-11-04T20:40:42+00:00","og_image":[{"width":1080,"height":1080,"url":"https:\/\/selleetools.com\/wp-content\/uploads\/2025\/10\/ec5b0f1af07411da78d7d72cd4586f3e.png","type":"image\/png"}],"twitter_card":"summary_large_image","twitter_misc":{"Est. reading time":"1 minuta"},"schema":{"@context":"https:\/\/schema.org","@graph":[{"@type":"Organization","@id":"https:\/\/selleetools.com\/#organization","name":"Selleetools","url":"https:\/\/selleetools.com\/","sameAs":[],"logo":{"@type":"ImageObject","inLanguage":"pl-PL","@id":"https:\/\/selleetools.com\/#\/schema\/logo\/image\/","url":"https:\/\/selleetools.com\/wp-content\/uploads\/2021\/10\/logo-dark.png","contentUrl":"https:\/\/selleetools.com\/wp-content\/uploads\/2021\/10\/logo-dark.png","width":320,"height":76,"caption":"Selleetools"},"image":{"@id":"https:\/\/selleetools.com\/#\/schema\/logo\/image\/"}},{"@type":"WebSite","@id":"https:\/\/selleetools.com\/#website","url":"https:\/\/selleetools.com\/","name":"Selleetools.com","description":"","publisher":{"@id":"https:\/\/selleetools.com\/#organization"},"potentialAction":[{"@type":"SearchAction","target":{"@type":"EntryPoint","urlTemplate":"https:\/\/selleetools.com\/?s={search_term_string}"},"query-input":"required name=search_term_string"}],"inLanguage":"pl-PL"},{"@type":"WebPage","@id":"https:\/\/selleetools.com\/product\/dasique-souffle-color-pot-09-haze-rosy-6-5-g-balsam-do-ust-i-policzkow-rozowy\/","url":"https:\/\/selleetools.com\/product\/dasique-souffle-color-pot-09-haze-rosy-6-5-g-balsam-do-ust-i-policzkow-rozowy\/","name":"Dasique Souffle Color Pot #09 Haze Rosy 6.5 g - balsam do ust i policzk\u00f3w r\u00f3\u017cowy - Selleetools.com","isPartOf":{"@id":"https:\/\/selleetools.com\/#website"},"datePublished":"2025-10-24T12:11:57+00:00","dateModified":"2025-11-04T20:40:42+00:00","breadcrumb":{"@id":"https:\/\/selleetools.com\/product\/dasique-souffle-color-pot-09-haze-rosy-6-5-g-balsam-do-ust-i-policzkow-rozowy\/#breadcrumb"},"inLanguage":"pl-PL","potentialAction":[{"@type":"ReadAction","target":["https:\/\/selleetools.com\/product\/dasique-souffle-color-pot-09-haze-rosy-6-5-g-balsam-do-ust-i-policzkow-rozowy\/"]}]},{"@type":"BreadcrumbList","@id":"https:\/\/selleetools.com\/product\/dasique-souffle-color-pot-09-haze-rosy-6-5-g-balsam-do-ust-i-policzkow-rozowy\/#breadcrumb","itemListElement":[{"@type":"ListItem","position":1,"name":"Home","item":"https:\/\/selleetools.com\/pl\/"},{"@type":"ListItem","position":2,"name":"Katalog","item":"https:\/\/selleetools.com\/pl\/katalog\/"},{"@type":"ListItem","position":3,"name":"Dasique Souffle Color Pot #09 Haze Rosy 6.5 g &#8211; balsam do ust i policzk\u00f3w r\u00f3\u017cowy"}]}]}},"_links":{"self":[{"href":"https:\/\/admincentral.selleetools.com\/pl\/wp-json\/wp\/v2\/product\/607962"}],"collection":[{"href":"https:\/\/admincentral.selleetools.com\/pl\/wp-json\/wp\/v2\/product"}],"about":[{"href":"https:\/\/admincentral.selleetools.com\/pl\/wp-json\/wp\/v2\/types\/product"}],"replies":[{"embeddable":true,"href":"https:\/\/admincentral.selleetools.com\/pl\/wp-json\/wp\/v2\/comments?post=607962"}],"wp:featuredmedia":[{"embeddable":true,"href":"https:\/\/admincentral.selleetools.com\/pl\/wp-json\/wp\/v2\/media\/607960"}],"wp:attachment":[{"href":"https:\/\/admincentral.selleetools.com\/pl\/wp-json\/wp\/v2\/media?parent=607962"}],"curies":[{"name":"wp","href":"https:\/\/api.w.org\/{rel}","templated":true}]}}